{"id":166972,"date":"2025-10-30T17:46:22","date_gmt":"2025-10-30T16:46:22","guid":{"rendered":"https:\/\/fabyreilly.com\/product\/modele-detui-a-lunettes-gnome-de-thanksgiving\/"},"modified":"2026-01-09T12:50:32","modified_gmt":"2026-01-09T11:50:32","slug":"modele-detui-a-lunettes-gnome-de-thanksgiving","status":"publish","type":"product","link":"https:\/\/fabyreilly.com\/fr\/produit\/modele-detui-a-lunettes-gnome-de-thanksgiving\/","title":{"rendered":"Mod\u00e8le \u00e9tui \u00e0 lunettes Gnome Thanksgiving"},"content":{"rendered":"<p><strong>MOD\u00c8LE DE BRODERIE PDF POUR \u00c9TUI \u00c0 LUNETTES GNOME THANKSGIVING<\/strong><\/p>\n<p>Livret de broderie t\u00e9l\u00e9chargeable issu de la collection \u00ab <strong>QUICK CHALLENGE<\/strong> \u00bb de Faby, pour apprendre \u00e0 r\u00e9aliser le <span style=\"color: #b1917c;\"><strong>point d&#8217;\u00e9pine<\/strong><\/span>.<\/p>\n<p>Ce mod\u00e8le repr\u00e9sente un adorable gnome automnal, joliment rehauss\u00e9 de points sp\u00e9ciaux, de fils dor\u00e9s et de perles.<\/p>\n<p>Une fois assembl\u00e9, cet \u00e9tui mesure environ 9 cm de large et 20 cm de haut.<\/p>\n<p><strong>FOURNITURES<\/strong>:<\/p>\n<ul>\n<li>Lin Zweigart 28ct (11,2 fils)<\/li>\n<li>Fils moulin\u00e9s DMC<\/li>\n<li>Rainbow Gallery Petite Treasure Braid<\/li>\n<li>Perles Mill Hill<\/li>\n<\/ul>\n<p><strong>CONTENU<\/strong>:<\/p>\n<ul>\n<li>la liste d\u00e9taill\u00e9e des <span style=\"color: #b1917c;\"><strong>fournitures n\u00e9cessaires<\/strong><\/span><\/li>\n<li>la <span style=\"color: #b1917c;\"><strong>l\u00e9gende<\/strong><\/span> pour les symboles utilis\u00e9s<\/li>\n<li>un <span style=\"color: #b1917c;\"><strong>tutoriel masterclass<\/strong><\/span> pour le point d&#8217;\u00e9pine<\/li>\n<li>un <span style=\"color: #b1917c;\"><strong>tri-fils imprimable<\/strong><\/span> pour ce mod\u00e8le<\/li>\n<li>des diagrammes en <span style=\"color: #b1917c;\"><strong>couleur <\/strong><\/span>(vue d\u2019ensemble \/ point de croix seul \/ tous les points)<\/li>\n<li>un diagramme <span style=\"color: #b1917c;\"><strong>hybride<\/strong><\/span> (point de croix noir et blanc avec point arri\u00e8re et points sp\u00e9ciaux en couleur)<\/li>\n<li>un <span style=\"color: #b1917c;\">tutoriel des finitions<\/span> pour assembler ce mod\u00e8le sous forme d&#8217;\u00e9tui \u00e0 lunettes<\/li>\n<\/ul>\n<p>Pour <span style=\"color: #b1918c;\"><strong>davantage de photos<\/strong><\/span> ou pour voir <span style=\"color: #b1918c;\"><strong>les r\u00e9alisations d\u2019autres brodeurs\/brodeuses<\/strong><\/span>, voir la <a href=\"https:\/\/www.pinterest.co.uk\/fabyreilly\/quick-challenge-gallery\/\" target=\"_blank\" rel=\"noopener\"><strong>Galerie Quick Challenge<\/strong><\/a>.<\/p>\n<p>Vous avez une question ? N&#8217;h\u00e9sitez pas \u00e0 <strong><a href=\"https:\/\/fabyreilly.com\/fr\/info\/contact\/\">me contacter<\/a><\/strong>!<\/p>\n","protected":false},"excerpt":{"rendered":"<p><strong>TYPE<\/strong> : mod\u00e8le PDF t\u00e9l\u00e9chargeable de broderie au point de croix<\/p>\n<p><strong>LANGUES<\/strong>: Fran\u00e7ais \/ Anglais (UK) \/ Anglais (US)<\/p>\n<p><strong>NIVEAU<\/strong><strong>: <\/strong><span style=\"color: #b1918c;\"><strong>Avanc\u00e9<\/strong><\/span><\/p>\n<p><strong>TAILLE<\/strong>: 40 x 90 points <span style=\"color: #999999;\">(largeur x<\/span> <span style=\"color: #999999;\">longueur)<\/span><\/p>\n<p><strong>DIMENSION DE LA SURFACE BRODEE<\/strong> <span style=\"color: #999999;\">(sur la toile recommand\u00e9e)<\/span>: 16,5 x 7,5 cm <span style=\"color: #999999;\">(6,5\u2033 x 3\u2033)<\/span><\/p>\n<p>Pour plus de d\u00e9tails, voir l&#8217;onglet <strong>Description <\/strong>ci-dessous.<\/p>\n","protected":false},"featured_media":166981,"comment_status":"open","ping_status":"closed","template":"","meta":{"_coblocks_attr":"","_coblocks_dimensions":"","_coblocks_responsive_height":"","_coblocks_accordion_ie_support":"","_crdt_document":"","jetpack_post_was_ever_published":false,"jetpack_publicize_message":"","jetpack_publicize_feature_enabled":true,"jetpack_social_post_already_shared":true,"jetpack_social_options":{"image_generator_settings":{"template":"highway","default_image_id":0,"font":"","enabled":false},"version":2},"_wpas_customize_per_network":false},"product_brand":[],"product_cat":[650086186,650086190],"product_tag":[650086185],"class_list":{"0":"post-166972","1":"product","2":"type-product","3":"status-publish","4":"has-post-thumbnail","6":"product_cat-modeles-automne-hiver","7":"product_cat-quick-challenge-fr","8":"product_tag-avance","9":"pa_collection-quick-challenge-fr","10":"pa_colour-dore","11":"pa_colour-jaune","12":"pa_colour-marron","13":"pa_colour-orange-fr","14":"pa_colour-vert","15":"pa_embellishments-fils-metalliques","16":"pa_embellishments-perles","17":"pa_shape-etuis-a-lunettes","18":"pa_skill-level-avance","19":"pa_special-stitches-perles","20":"pa_special-stitches-point-depine","21":"pa_special-stitches-point-de-noeud-point-colonial","22":"pa_tags-feuilles","23":"pa_tags-fruits","24":"pa_tags-gnomes","25":"pa_tags-petits-modeles","26":"pa_tags-tri-fils","27":"pa_techniques-noeuds","28":"pa_techniques-point-arriere","29":"pa_techniques-points-speciaux","30":"pa_theme-automne","32":"first","33":"instock","34":"downloadable","35":"virtual","36":"sold-individually","37":"purchasable","38":"product-type-simple"},"yoast_head":"<!-- This site is optimized with the Yoast SEO plugin v27.3 - https:\/\/yoast.com\/product\/yoast-seo-wordpress\/ -->\n<title>Mod\u00e8le de broderie \u00e9tui \u00e0 lunettes Gnome de Thanksgiving - Faby Reilly Designs<\/title>\n<meta name=\"description\" content=\"Vous cherchez un projet pour ranger vos lunettes ? Brodez le joli mod\u00e8le d&#039;\u00e9tui \u00e0 lunettes Gnome de Thanksgiving pour r\u00e9aliser une jolie pochette et apprendre le point d&#039;\u00e9pine.\" \/>\n<meta name=\"robots\" content=\"index, follow, max-snippet:-1, max-image-preview:large, max-video-preview:-1\" \/>\n<link rel=\"canonical\" href=\"https:\/\/fabyreilly.com\/fr\/produit\/modele-detui-a-lunettes-gnome-de-thanksgiving\/\" \/>\n<meta property=\"og:locale\" content=\"fr_FR\" \/>\n<meta property=\"og:type\" content=\"article\" \/>\n<meta property=\"og:title\" content=\"Mod\u00e8le de broderie \u00e9tui \u00e0 lunettes Gnome de Thanksgiving - Faby Reilly Designs\" \/>\n<meta property=\"og:description\" content=\"Vous cherchez un projet pour ranger vos lunettes ? Brodez le joli mod\u00e8le d&#039;\u00e9tui \u00e0 lunettes Gnome de Thanksgiving pour r\u00e9aliser une jolie pochette et apprendre le point d&#039;\u00e9pine.\" \/>\n<meta property=\"og:url\" content=\"https:\/\/fabyreilly.com\/fr\/produit\/modele-detui-a-lunettes-gnome-de-thanksgiving\/\" \/>\n<meta property=\"og:site_name\" content=\"Faby Reilly Designs\" \/>\n<meta property=\"article:publisher\" content=\"https:\/\/www.facebook.com\/FabyReillyDesigns\/\" \/>\n<meta property=\"article:modified_time\" content=\"2026-01-09T11:50:32+00:00\" \/>\n<meta property=\"og:image\" content=\"https:\/\/i0.wp.com\/fabyreilly.com\/wp-content\/uploads\/2025\/10\/Thanksgiving-Gnome-01-Faby-Reilly-Designs.jpg?fit=2000%2C2000&ssl=1\" \/>\n\t<meta property=\"og:image:width\" content=\"2000\" \/>\n\t<meta property=\"og:image:height\" content=\"2000\" \/>\n\t<meta property=\"og:image:type\" content=\"image\/jpeg\" \/>\n<meta name=\"twitter:card\" content=\"summary_large_image\" \/>\n<meta name=\"twitter:site\" content=\"@FabyReilly\" \/>\n<meta name=\"twitter:label1\" content=\"Dur\u00e9e de lecture estim\u00e9e\" \/>\n\t<meta name=\"twitter:data1\" content=\"1 minute\" \/>\n<script type=\"application\/ld+json\" class=\"yoast-schema-graph\">{\"@context\":\"https:\\\/\\\/schema.org\",\"@graph\":[{\"@type\":\"WebPage\",\"@id\":\"https:\\\/\\\/fabyreilly.com\\\/fr\\\/produit\\\/modele-detui-a-lunettes-gnome-de-thanksgiving\\\/\",\"url\":\"https:\\\/\\\/fabyreilly.com\\\/fr\\\/produit\\\/modele-detui-a-lunettes-gnome-de-thanksgiving\\\/\",\"name\":\"Mod\u00e8le de broderie \u00e9tui \u00e0 lunettes Gnome de Thanksgiving - Faby Reilly Designs\",\"isPartOf\":{\"@id\":\"https:\\\/\\\/fabyreilly.com\\\/fr\\\/#website\"},\"primaryImageOfPage\":{\"@id\":\"https:\\\/\\\/fabyreilly.com\\\/fr\\\/produit\\\/modele-detui-a-lunettes-gnome-de-thanksgiving\\\/#primaryimage\"},\"image\":{\"@id\":\"https:\\\/\\\/fabyreilly.com\\\/fr\\\/produit\\\/modele-detui-a-lunettes-gnome-de-thanksgiving\\\/#primaryimage\"},\"thumbnailUrl\":\"https:\\\/\\\/i0.wp.com\\\/fabyreilly.com\\\/wp-content\\\/uploads\\\/2025\\\/10\\\/Thanksgiving-Gnome-01-Faby-Reilly-Designs.jpg?fit=2000%2C2000&ssl=1\",\"datePublished\":\"2025-10-30T16:46:22+00:00\",\"dateModified\":\"2026-01-09T11:50:32+00:00\",\"description\":\"Vous cherchez un projet pour ranger vos lunettes ? Brodez le joli mod\u00e8le d'\u00e9tui \u00e0 lunettes Gnome de Thanksgiving pour r\u00e9aliser une jolie pochette et apprendre le point d'\u00e9pine.\",\"breadcrumb\":{\"@id\":\"https:\\\/\\\/fabyreilly.com\\\/fr\\\/produit\\\/modele-detui-a-lunettes-gnome-de-thanksgiving\\\/#breadcrumb\"},\"inLanguage\":\"fr-FR\",\"potentialAction\":[{\"@type\":\"ReadAction\",\"target\":[\"https:\\\/\\\/fabyreilly.com\\\/fr\\\/produit\\\/modele-detui-a-lunettes-gnome-de-thanksgiving\\\/\"]}]},{\"@type\":\"ImageObject\",\"inLanguage\":\"fr-FR\",\"@id\":\"https:\\\/\\\/fabyreilly.com\\\/fr\\\/produit\\\/modele-detui-a-lunettes-gnome-de-thanksgiving\\\/#primaryimage\",\"url\":\"https:\\\/\\\/i0.wp.com\\\/fabyreilly.com\\\/wp-content\\\/uploads\\\/2025\\\/10\\\/Thanksgiving-Gnome-01-Faby-Reilly-Designs.jpg?fit=2000%2C2000&ssl=1\",\"contentUrl\":\"https:\\\/\\\/i0.wp.com\\\/fabyreilly.com\\\/wp-content\\\/uploads\\\/2025\\\/10\\\/Thanksgiving-Gnome-01-Faby-Reilly-Designs.jpg?fit=2000%2C2000&ssl=1\",\"width\":2000,\"height\":2000,\"caption\":\"Mod\u00e8le brod\u00e9 de l'\u00e9tui \u00e0 lunettes gnome de Thanksgiving par Faby Reilly Designs\"},{\"@type\":\"BreadcrumbList\",\"@id\":\"https:\\\/\\\/fabyreilly.com\\\/fr\\\/produit\\\/modele-detui-a-lunettes-gnome-de-thanksgiving\\\/#breadcrumb\",\"itemListElement\":[{\"@type\":\"ListItem\",\"position\":1,\"name\":\"Accueil\",\"item\":\"https:\\\/\\\/fabyreilly.com\\\/fr\\\/\"},{\"@type\":\"ListItem\",\"position\":2,\"name\":\"Boutique\",\"item\":\"https:\\\/\\\/fabyreilly.com\\\/fr\\\/boutique\\\/\"},{\"@type\":\"ListItem\",\"position\":3,\"name\":\"Mod\u00e8le \u00e9tui \u00e0 lunettes Gnome Thanksgiving\"}]},{\"@type\":\"WebSite\",\"@id\":\"https:\\\/\\\/fabyreilly.com\\\/fr\\\/#website\",\"url\":\"https:\\\/\\\/fabyreilly.com\\\/fr\\\/\",\"name\":\"Faby Reilly Designs\",\"description\":\"Brodez avec style et \u00e9l\u00e9gance\",\"publisher\":{\"@id\":\"https:\\\/\\\/fabyreilly.com\\\/fr\\\/#organization\"},\"alternateName\":\"FRD\",\"potentialAction\":[{\"@type\":\"SearchAction\",\"target\":{\"@type\":\"EntryPoint\",\"urlTemplate\":\"https:\\\/\\\/fabyreilly.com\\\/fr\\\/?s={search_term_string}\"},\"query-input\":{\"@type\":\"PropertyValueSpecification\",\"valueRequired\":true,\"valueName\":\"search_term_string\"}}],\"inLanguage\":\"fr-FR\"},{\"@type\":\"Organization\",\"@id\":\"https:\\\/\\\/fabyreilly.com\\\/fr\\\/#organization\",\"name\":\"Faby Reilly Designs\",\"alternateName\":\"FRD\",\"url\":\"https:\\\/\\\/fabyreilly.com\\\/fr\\\/\",\"logo\":{\"@type\":\"ImageObject\",\"inLanguage\":\"fr-FR\",\"@id\":\"https:\\\/\\\/fabyreilly.com\\\/fr\\\/#\\\/schema\\\/logo\\\/image\\\/\",\"url\":\"https:\\\/\\\/i0.wp.com\\\/fabyreilly.com\\\/wp-content\\\/uploads\\\/2026\\\/04\\\/FRD-Tag-Logo.png?fit=600%2C250&ssl=1\",\"contentUrl\":\"https:\\\/\\\/i0.wp.com\\\/fabyreilly.com\\\/wp-content\\\/uploads\\\/2026\\\/04\\\/FRD-Tag-Logo.png?fit=600%2C250&ssl=1\",\"width\":600,\"height\":250,\"caption\":\"Faby Reilly Designs\"},\"image\":{\"@id\":\"https:\\\/\\\/fabyreilly.com\\\/fr\\\/#\\\/schema\\\/logo\\\/image\\\/\"},\"sameAs\":[\"https:\\\/\\\/www.facebook.com\\\/FabyReillyDesigns\\\/\",\"https:\\\/\\\/x.com\\\/FabyReilly\",\"https:\\\/\\\/www.instagram.com\\\/fabyreillydesigns\\\/\",\"https:\\\/\\\/www.pinterest.fr\\\/fabyreilly\\\/\"]}]}<\/script>\n<!-- \/ Yoast SEO plugin. -->","yoast_head_json":{"title":"Mod\u00e8le de broderie \u00e9tui \u00e0 lunettes Gnome de Thanksgiving - Faby Reilly Designs","description":"Vous cherchez un projet pour ranger vos lunettes ? Brodez le joli mod\u00e8le d'\u00e9tui \u00e0 lunettes Gnome de Thanksgiving pour r\u00e9aliser une jolie pochette et apprendre le point d'\u00e9pine.","robots":{"index":"index","follow":"follow","max-snippet":"max-snippet:-1","max-image-preview":"max-image-preview:large","max-video-preview":"max-video-preview:-1"},"canonical":"https:\/\/fabyreilly.com\/fr\/produit\/modele-detui-a-lunettes-gnome-de-thanksgiving\/","og_locale":"fr_FR","og_type":"article","og_title":"Mod\u00e8le de broderie \u00e9tui \u00e0 lunettes Gnome de Thanksgiving - Faby Reilly Designs","og_description":"Vous cherchez un projet pour ranger vos lunettes ? Brodez le joli mod\u00e8le d'\u00e9tui \u00e0 lunettes Gnome de Thanksgiving pour r\u00e9aliser une jolie pochette et apprendre le point d'\u00e9pine.","og_url":"https:\/\/fabyreilly.com\/fr\/produit\/modele-detui-a-lunettes-gnome-de-thanksgiving\/","og_site_name":"Faby Reilly Designs","article_publisher":"https:\/\/www.facebook.com\/FabyReillyDesigns\/","article_modified_time":"2026-01-09T11:50:32+00:00","og_image":[{"width":2000,"height":2000,"url":"https:\/\/i0.wp.com\/fabyreilly.com\/wp-content\/uploads\/2025\/10\/Thanksgiving-Gnome-01-Faby-Reilly-Designs.jpg?fit=2000%2C2000&ssl=1","type":"image\/jpeg"}],"twitter_card":"summary_large_image","twitter_site":"@FabyReilly","twitter_misc":{"Dur\u00e9e de lecture estim\u00e9e":"1 minute"},"schema":{"@context":"https:\/\/schema.org","@graph":[{"@type":"WebPage","@id":"https:\/\/fabyreilly.com\/fr\/produit\/modele-detui-a-lunettes-gnome-de-thanksgiving\/","url":"https:\/\/fabyreilly.com\/fr\/produit\/modele-detui-a-lunettes-gnome-de-thanksgiving\/","name":"Mod\u00e8le de broderie \u00e9tui \u00e0 lunettes Gnome de Thanksgiving - Faby Reilly Designs","isPartOf":{"@id":"https:\/\/fabyreilly.com\/fr\/#website"},"primaryImageOfPage":{"@id":"https:\/\/fabyreilly.com\/fr\/produit\/modele-detui-a-lunettes-gnome-de-thanksgiving\/#primaryimage"},"image":{"@id":"https:\/\/fabyreilly.com\/fr\/produit\/modele-detui-a-lunettes-gnome-de-thanksgiving\/#primaryimage"},"thumbnailUrl":"https:\/\/i0.wp.com\/fabyreilly.com\/wp-content\/uploads\/2025\/10\/Thanksgiving-Gnome-01-Faby-Reilly-Designs.jpg?fit=2000%2C2000&ssl=1","datePublished":"2025-10-30T16:46:22+00:00","dateModified":"2026-01-09T11:50:32+00:00","description":"Vous cherchez un projet pour ranger vos lunettes ? Brodez le joli mod\u00e8le d'\u00e9tui \u00e0 lunettes Gnome de Thanksgiving pour r\u00e9aliser une jolie pochette et apprendre le point d'\u00e9pine.","breadcrumb":{"@id":"https:\/\/fabyreilly.com\/fr\/produit\/modele-detui-a-lunettes-gnome-de-thanksgiving\/#breadcrumb"},"inLanguage":"fr-FR","potentialAction":[{"@type":"ReadAction","target":["https:\/\/fabyreilly.com\/fr\/produit\/modele-detui-a-lunettes-gnome-de-thanksgiving\/"]}]},{"@type":"ImageObject","inLanguage":"fr-FR","@id":"https:\/\/fabyreilly.com\/fr\/produit\/modele-detui-a-lunettes-gnome-de-thanksgiving\/#primaryimage","url":"https:\/\/i0.wp.com\/fabyreilly.com\/wp-content\/uploads\/2025\/10\/Thanksgiving-Gnome-01-Faby-Reilly-Designs.jpg?fit=2000%2C2000&ssl=1","contentUrl":"https:\/\/i0.wp.com\/fabyreilly.com\/wp-content\/uploads\/2025\/10\/Thanksgiving-Gnome-01-Faby-Reilly-Designs.jpg?fit=2000%2C2000&ssl=1","width":2000,"height":2000,"caption":"Mod\u00e8le brod\u00e9 de l'\u00e9tui \u00e0 lunettes gnome de Thanksgiving par Faby Reilly Designs"},{"@type":"BreadcrumbList","@id":"https:\/\/fabyreilly.com\/fr\/produit\/modele-detui-a-lunettes-gnome-de-thanksgiving\/#breadcrumb","itemListElement":[{"@type":"ListItem","position":1,"name":"Accueil","item":"https:\/\/fabyreilly.com\/fr\/"},{"@type":"ListItem","position":2,"name":"Boutique","item":"https:\/\/fabyreilly.com\/fr\/boutique\/"},{"@type":"ListItem","position":3,"name":"Mod\u00e8le \u00e9tui \u00e0 lunettes Gnome Thanksgiving"}]},{"@type":"WebSite","@id":"https:\/\/fabyreilly.com\/fr\/#website","url":"https:\/\/fabyreilly.com\/fr\/","name":"Faby Reilly Designs","description":"Brodez avec style et \u00e9l\u00e9gance","publisher":{"@id":"https:\/\/fabyreilly.com\/fr\/#organization"},"alternateName":"FRD","potentialAction":[{"@type":"SearchAction","target":{"@type":"EntryPoint","urlTemplate":"https:\/\/fabyreilly.com\/fr\/?s={search_term_string}"},"query-input":{"@type":"PropertyValueSpecification","valueRequired":true,"valueName":"search_term_string"}}],"inLanguage":"fr-FR"},{"@type":"Organization","@id":"https:\/\/fabyreilly.com\/fr\/#organization","name":"Faby Reilly Designs","alternateName":"FRD","url":"https:\/\/fabyreilly.com\/fr\/","logo":{"@type":"ImageObject","inLanguage":"fr-FR","@id":"https:\/\/fabyreilly.com\/fr\/#\/schema\/logo\/image\/","url":"https:\/\/i0.wp.com\/fabyreilly.com\/wp-content\/uploads\/2026\/04\/FRD-Tag-Logo.png?fit=600%2C250&ssl=1","contentUrl":"https:\/\/i0.wp.com\/fabyreilly.com\/wp-content\/uploads\/2026\/04\/FRD-Tag-Logo.png?fit=600%2C250&ssl=1","width":600,"height":250,"caption":"Faby Reilly Designs"},"image":{"@id":"https:\/\/fabyreilly.com\/fr\/#\/schema\/logo\/image\/"},"sameAs":["https:\/\/www.facebook.com\/FabyReillyDesigns\/","https:\/\/x.com\/FabyReilly","https:\/\/www.instagram.com\/fabyreillydesigns\/","https:\/\/www.pinterest.fr\/fabyreilly\/"]}]}},"jetpack_publicize_connections":[],"jetpack_likes_enabled":true,"jetpack_sharing_enabled":true,"_links":{"self":[{"href":"https:\/\/fabyreilly.com\/fr\/wp-json\/wp\/v2\/product\/166972","targetHints":{"allow":["GET"]}}],"collection":[{"href":"https:\/\/fabyreilly.com\/fr\/wp-json\/wp\/v2\/product"}],"about":[{"href":"https:\/\/fabyreilly.com\/fr\/wp-json\/wp\/v2\/types\/product"}],"replies":[{"embeddable":true,"href":"https:\/\/fabyreilly.com\/fr\/wp-json\/wp\/v2\/comments?post=166972"}],"wp:featuredmedia":[{"embeddable":true,"href":"https:\/\/fabyreilly.com\/fr\/wp-json\/wp\/v2\/media\/166981"}],"wp:attachment":[{"href":"https:\/\/fabyreilly.com\/fr\/wp-json\/wp\/v2\/media?parent=166972"}],"wp:term":[{"taxonomy":"product_brand","embeddable":true,"href":"https:\/\/fabyreilly.com\/fr\/wp-json\/wp\/v2\/product_brand?post=166972"},{"taxonomy":"product_cat","embeddable":true,"href":"https:\/\/fabyreilly.com\/fr\/wp-json\/wp\/v2\/product_cat?post=166972"},{"taxonomy":"product_tag","embeddable":true,"href":"https:\/\/fabyreilly.com\/fr\/wp-json\/wp\/v2\/product_tag?post=166972"}],"curies":[{"name":"wp","href":"https:\/\/api.w.org\/{rel}","templated":true}]}}