{"id":166735,"date":"2025-09-07T15:42:50","date_gmt":"2025-09-07T13:42:50","guid":{"rendered":"https:\/\/fabyreilly.com\/product\/modele-biscornu-olivier\/"},"modified":"2026-03-31T11:28:13","modified_gmt":"2026-03-31T09:28:13","slug":"modele-biscornu-olivier","status":"publish","type":"product","link":"https:\/\/fabyreilly.com\/fr\/produit\/modele-biscornu-olivier\/","title":{"rendered":"Mod\u00e8le Biscornu Olivier"},"content":{"rendered":"<p><strong>FICHE BRODERIE PDF BISCORNU OLIVIER<\/strong><\/p>\n<p>Fiche de broderie t\u00e9l\u00e9chargeable pour r\u00e9aliser un biscornu riche de d\u00e9tails.<\/p>\n<p>Ce mod\u00e8le repr\u00e9sente des branches d&#8217;olivier couvertes de fleurs, d&#8217;olives vertes et d&#8217;olives noires, abritant deux adorables m\u00e9sanges bleues. Il est d\u00e9licatement rehauss\u00e9 de points sp\u00e9ciaux et de fil argent\u00e9. Il est \u00e9galement accompagn\u00e9 d&#8217;instructions pour r\u00e9aliser la fleur centrale \u00e0 l&#8217;aide de feutrine et de perles.  <\/p>\n<p>Une fois assembl\u00e9, il mesure environ 12 cm de large et 5 cm de haut.<\/p>\n<p><strong>FOURNITURES<\/strong>:<\/p>\n<ul>\n<li>Lin Zweigart 28ct (11,2 fils)<\/li>\n<li>Fils moulin\u00e9s DMC<\/li>\n<li>Rainbow Gallery Petite Treasure Braid<\/li>\n<\/ul>\n<p><strong>CONTENU<\/strong>:<\/p>\n<ul>\n<li>la liste d\u00e9taill\u00e9e des <span style=\"color: #b1917c;\"><strong>fournitures n\u00e9cessaires<\/strong><\/span><\/li>\n<li>la <span style=\"color: #b1917c;\"><strong>l\u00e9gende<\/strong><\/span> pour les symboles utilis\u00e9s<\/li>\n<li>un <span style=\"color: #b1917c;\"><strong>tutoriel des points sp\u00e9ciaux<\/strong><\/span> <span style=\"color: #999999;\">(n\u0153uds, point de riz, point de paillette, point arri\u00e8re surjet\u00e9)<\/span><\/li>\n<li>un <span style=\"color: #b1917c;\"><strong>tri-fils imprimable<\/strong><\/span> pour ce mod\u00e8le<\/li>\n<li>des diagrammes <strong><span style=\"color: #b1917c;\">en couleur<\/span><\/strong> <span style=\"color: #999999;\">(point de croix seul \/ tous les points)<\/span><\/li>\n<li>un diagramme <strong><span style=\"color: #b1917c;\">hybride<\/span><\/strong> <span style=\"color: #999999;\">(point de croix noir et blanc avec point arri\u00e8re et points sp\u00e9ciaux en couleur)<\/span><\/li>\n<li>un <span style=\"color: #b1917c;\"><strong>tutoriel des finitions<\/strong><\/span> pour assembler ce projet et r\u00e9aliser le bouton central<\/li>\n<\/ul>\n<p>&nbsp;<\/p>\n<p>Pour voir <span style=\"color: #b1918c;\"><strong>davantage de photos<\/strong><\/span> ou d\u00e9couvrir <span style=\"color: #b1918c;\"><strong>les r\u00e9alisations des autres<\/strong><\/span>, RDV sur la <a href=\"https:\/\/fr.pinterest.com\/fabyreilly\/oilve-tree-gallery\/\" target=\"_blank\" rel=\"noopener\"><strong>Galerie Olivier<\/strong><\/a>.<\/p>\n<p>Vous avez une question ? N&#8217;h\u00e9sitez pas \u00e0 <strong><a href=\"https:\/\/fabyreilly.com\/fr\/info\/contact\/\">me contacter<\/a><\/strong>!<\/p>\n","protected":false},"excerpt":{"rendered":"<p><strong>TYPE<\/strong> : mod\u00e8le PDF t\u00e9l\u00e9chargeable de broderie au point de croix<\/p>\n<p><strong>LANGUES<\/strong>: Fran\u00e7ais \/ Anglais (UK) \/ Anglais (US)<\/p>\n<p><strong>NIVEAU<\/strong>:<span style=\"color: #b1918c;\"><strong> Interm\u00e9diaire<\/strong> <strong> <\/strong><\/span> <\/p>\n<p><strong>TAILLE<\/strong>: 70 x 70 points <span style=\"color: #999999;\">(pour chaque face du biscornu)<\/span><\/p>\n<p><strong>TAILLE DE LA BRODERIE<\/strong> <span style=\"color: #999999;\">(sur une toile 11,2 fils)<\/span> : 13 x 13 cm <span style=\"color: #999999;\">(pour chaque c\u00f4t\u00e9 du biscornu)<\/span><\/p>\n<p>Pour plus de d\u00e9tails, voir l&#8217;onglet <strong>Description<\/strong> ci-dessous.<\/p>\n","protected":false},"featured_media":166724,"comment_status":"open","ping_status":"closed","template":"","meta":{"_coblocks_attr":"","_coblocks_dimensions":"","_coblocks_responsive_height":"","_coblocks_accordion_ie_support":"","_crdt_document":"","jetpack_publicize_message":"","jetpack_publicize_feature_enabled":true,"jetpack_social_post_already_shared":true,"jetpack_social_options":{"image_generator_settings":{"template":"highway","default_image_id":0,"font":"","enabled":false},"version":2},"_wpas_customize_per_network":false},"product_brand":[],"product_cat":[650086186,650086449,650086177],"product_tag":[650086178],"class_list":{"0":"post-166735","1":"product","2":"type-product","3":"status-publish","4":"has-post-thumbnail","6":"product_cat-modeles-automne-hiver","7":"product_cat-modeles-avec-animaux","8":"product_cat-modeles-printemps-ete","9":"product_tag-intermediaire","10":"pa_collection-collection-olivier","11":"pa_colour-bleu","12":"pa_colour-jaune","13":"pa_colour-vert","14":"pa_embellishments-feutrine","15":"pa_embellishments-fils-metalliques","16":"pa_embellishments-paillettes-sequins","17":"pa_shape-biscornus-fr","18":"pa_skill-level-intermediaire","19":"pa_special-stitches-point-arriere-surjete","20":"pa_special-stitches-point-de-noeud-point-colonial","21":"pa_special-stitches-point-de-paillette","22":"pa_special-stitches-point-de-riz","23":"pa_tags-animaux","24":"pa_tags-arbres","25":"pa_tags-feuilles","26":"pa_tags-fleurs","27":"pa_tags-fruits","28":"pa_tags-oiseaux","29":"pa_tags-petits-modeles","30":"pa_tags-scintillant","31":"pa_tags-tri-fils","32":"pa_techniques-noeuds","33":"pa_techniques-point-arriere","34":"pa_techniques-points-speciaux","35":"pa_theme-automne","36":"pa_theme-insectes-creatures-animaux","37":"pa_theme-printemps","39":"first","40":"instock","41":"featured","42":"downloadable","43":"virtual","44":"sold-individually","45":"purchasable","46":"product-type-simple"},"yoast_head":"<!-- This site is optimized with the Yoast SEO plugin v27.5 - https:\/\/yoast.com\/product\/yoast-seo-wordpress\/ -->\n<title>Mod\u00e8le de broderie point de croix Biscornu Olivier - Faby Reilly Designs<\/title>\n<meta name=\"description\" content=\"Vous recherchez un projet aux d\u00e9tails d\u00e9licats ? Brodez le ravissant mod\u00e8le Biscornu Olivier pour r\u00e9aliser un coussin \u00e0 \u00e9pingles orn\u00e9 d&#039;adorables m\u00e9sanges bleues.\" \/>\n<meta name=\"robots\" content=\"index, follow, max-snippet:-1, max-image-preview:large, max-video-preview:-1\" \/>\n<link rel=\"canonical\" href=\"https:\/\/fabyreilly.com\/fr\/produit\/modele-biscornu-olivier\/\" \/>\n<meta property=\"og:locale\" content=\"fr_FR\" \/>\n<meta property=\"og:type\" content=\"article\" \/>\n<meta property=\"og:title\" content=\"Mod\u00e8le de broderie point de croix Biscornu Olivier - Faby Reilly Designs\" \/>\n<meta property=\"og:description\" content=\"Vous recherchez un projet aux d\u00e9tails d\u00e9licats ? Brodez le ravissant mod\u00e8le Biscornu Olivier pour r\u00e9aliser un coussin \u00e0 \u00e9pingles orn\u00e9 d&#039;adorables m\u00e9sanges bleues.\" \/>\n<meta property=\"og:url\" content=\"https:\/\/fabyreilly.com\/fr\/produit\/modele-biscornu-olivier\/\" \/>\n<meta property=\"og:site_name\" content=\"Faby Reilly Designs\" \/>\n<meta property=\"article:publisher\" content=\"https:\/\/www.facebook.com\/FabyReillyDesigns\/\" \/>\n<meta property=\"article:modified_time\" content=\"2026-03-31T09:28:13+00:00\" \/>\n<meta property=\"og:image\" content=\"https:\/\/i0.wp.com\/fabyreilly.com\/wp-content\/uploads\/2025\/09\/Olive-Tree-Biscornu-01A-Faby-Reilly-Designs.jpg?fit=2000%2C2000&ssl=1\" \/>\n\t<meta property=\"og:image:width\" content=\"2000\" \/>\n\t<meta property=\"og:image:height\" content=\"2000\" \/>\n\t<meta property=\"og:image:type\" content=\"image\/jpeg\" \/>\n<meta name=\"twitter:card\" content=\"summary_large_image\" \/>\n<meta name=\"twitter:site\" content=\"@FabyReilly\" \/>\n<meta name=\"twitter:label1\" content=\"Dur\u00e9e de lecture estim\u00e9e\" \/>\n\t<meta name=\"twitter:data1\" content=\"1 minute\" \/>\n<script type=\"application\/ld+json\" class=\"yoast-schema-graph\">{\"@context\":\"https:\\\/\\\/schema.org\",\"@graph\":[{\"@type\":\"WebPage\",\"@id\":\"https:\\\/\\\/fabyreilly.com\\\/fr\\\/produit\\\/modele-biscornu-olivier\\\/\",\"url\":\"https:\\\/\\\/fabyreilly.com\\\/fr\\\/produit\\\/modele-biscornu-olivier\\\/\",\"name\":\"Mod\u00e8le de broderie point de croix Biscornu Olivier - Faby Reilly Designs\",\"isPartOf\":{\"@id\":\"https:\\\/\\\/fabyreilly.com\\\/fr\\\/#website\"},\"primaryImageOfPage\":{\"@id\":\"https:\\\/\\\/fabyreilly.com\\\/fr\\\/produit\\\/modele-biscornu-olivier\\\/#primaryimage\"},\"image\":{\"@id\":\"https:\\\/\\\/fabyreilly.com\\\/fr\\\/produit\\\/modele-biscornu-olivier\\\/#primaryimage\"},\"thumbnailUrl\":\"https:\\\/\\\/i0.wp.com\\\/fabyreilly.com\\\/wp-content\\\/uploads\\\/2025\\\/09\\\/Olive-Tree-Biscornu-01A-Faby-Reilly-Designs.jpg?fit=2000%2C2000&ssl=1\",\"datePublished\":\"2025-09-07T13:42:50+00:00\",\"dateModified\":\"2026-03-31T09:28:13+00:00\",\"description\":\"Vous recherchez un projet aux d\u00e9tails d\u00e9licats ? Brodez le ravissant mod\u00e8le Biscornu Olivier pour r\u00e9aliser un coussin \u00e0 \u00e9pingles orn\u00e9 d'adorables m\u00e9sanges bleues.\",\"breadcrumb\":{\"@id\":\"https:\\\/\\\/fabyreilly.com\\\/fr\\\/produit\\\/modele-biscornu-olivier\\\/#breadcrumb\"},\"inLanguage\":\"fr-FR\",\"potentialAction\":[{\"@type\":\"ReadAction\",\"target\":[\"https:\\\/\\\/fabyreilly.com\\\/fr\\\/produit\\\/modele-biscornu-olivier\\\/\"]}]},{\"@type\":\"ImageObject\",\"inLanguage\":\"fr-FR\",\"@id\":\"https:\\\/\\\/fabyreilly.com\\\/fr\\\/produit\\\/modele-biscornu-olivier\\\/#primaryimage\",\"url\":\"https:\\\/\\\/i0.wp.com\\\/fabyreilly.com\\\/wp-content\\\/uploads\\\/2025\\\/09\\\/Olive-Tree-Biscornu-01A-Faby-Reilly-Designs.jpg?fit=2000%2C2000&ssl=1\",\"contentUrl\":\"https:\\\/\\\/i0.wp.com\\\/fabyreilly.com\\\/wp-content\\\/uploads\\\/2025\\\/09\\\/Olive-Tree-Biscornu-01A-Faby-Reilly-Designs.jpg?fit=2000%2C2000&ssl=1\",\"width\":2000,\"height\":2000,\"caption\":\"Stitched model for the Olive Tree Biscornu pattern by Faby Reilly Designs\"},{\"@type\":\"BreadcrumbList\",\"@id\":\"https:\\\/\\\/fabyreilly.com\\\/fr\\\/produit\\\/modele-biscornu-olivier\\\/#breadcrumb\",\"itemListElement\":[{\"@type\":\"ListItem\",\"position\":1,\"name\":\"Accueil\",\"item\":\"https:\\\/\\\/fabyreilly.com\\\/fr\\\/\"},{\"@type\":\"ListItem\",\"position\":2,\"name\":\"Boutique\",\"item\":\"https:\\\/\\\/fabyreilly.com\\\/fr\\\/boutique\\\/\"},{\"@type\":\"ListItem\",\"position\":3,\"name\":\"Mod\u00e8le Biscornu Olivier\"}]},{\"@type\":\"WebSite\",\"@id\":\"https:\\\/\\\/fabyreilly.com\\\/fr\\\/#website\",\"url\":\"https:\\\/\\\/fabyreilly.com\\\/fr\\\/\",\"name\":\"Faby Reilly Designs\",\"description\":\"Brodez avec style et \u00e9l\u00e9gance\",\"publisher\":{\"@id\":\"https:\\\/\\\/fabyreilly.com\\\/fr\\\/#organization\"},\"alternateName\":\"FRD\",\"potentialAction\":[{\"@type\":\"SearchAction\",\"target\":{\"@type\":\"EntryPoint\",\"urlTemplate\":\"https:\\\/\\\/fabyreilly.com\\\/fr\\\/?s={search_term_string}\"},\"query-input\":{\"@type\":\"PropertyValueSpecification\",\"valueRequired\":true,\"valueName\":\"search_term_string\"}}],\"inLanguage\":\"fr-FR\"},{\"@type\":\"Organization\",\"@id\":\"https:\\\/\\\/fabyreilly.com\\\/fr\\\/#organization\",\"name\":\"Faby Reilly Designs\",\"alternateName\":\"FRD\",\"url\":\"https:\\\/\\\/fabyreilly.com\\\/fr\\\/\",\"logo\":{\"@type\":\"ImageObject\",\"inLanguage\":\"fr-FR\",\"@id\":\"https:\\\/\\\/fabyreilly.com\\\/fr\\\/#\\\/schema\\\/logo\\\/image\\\/\",\"url\":\"https:\\\/\\\/i0.wp.com\\\/fabyreilly.com\\\/wp-content\\\/uploads\\\/2026\\\/04\\\/FRD-Tag-Logo.png?fit=600%2C250&ssl=1\",\"contentUrl\":\"https:\\\/\\\/i0.wp.com\\\/fabyreilly.com\\\/wp-content\\\/uploads\\\/2026\\\/04\\\/FRD-Tag-Logo.png?fit=600%2C250&ssl=1\",\"width\":600,\"height\":250,\"caption\":\"Faby Reilly Designs\"},\"image\":{\"@id\":\"https:\\\/\\\/fabyreilly.com\\\/fr\\\/#\\\/schema\\\/logo\\\/image\\\/\"},\"sameAs\":[\"https:\\\/\\\/www.facebook.com\\\/FabyReillyDesigns\\\/\",\"https:\\\/\\\/x.com\\\/FabyReilly\",\"https:\\\/\\\/www.instagram.com\\\/fabyreillydesigns\\\/\",\"https:\\\/\\\/www.pinterest.fr\\\/fabyreilly\\\/\"]}]}<\/script>\n<!-- \/ Yoast SEO plugin. -->","yoast_head_json":{"title":"Mod\u00e8le de broderie point de croix Biscornu Olivier - Faby Reilly Designs","description":"Vous recherchez un projet aux d\u00e9tails d\u00e9licats ? Brodez le ravissant mod\u00e8le Biscornu Olivier pour r\u00e9aliser un coussin \u00e0 \u00e9pingles orn\u00e9 d'adorables m\u00e9sanges bleues.","robots":{"index":"index","follow":"follow","max-snippet":"max-snippet:-1","max-image-preview":"max-image-preview:large","max-video-preview":"max-video-preview:-1"},"canonical":"https:\/\/fabyreilly.com\/fr\/produit\/modele-biscornu-olivier\/","og_locale":"fr_FR","og_type":"article","og_title":"Mod\u00e8le de broderie point de croix Biscornu Olivier - Faby Reilly Designs","og_description":"Vous recherchez un projet aux d\u00e9tails d\u00e9licats ? Brodez le ravissant mod\u00e8le Biscornu Olivier pour r\u00e9aliser un coussin \u00e0 \u00e9pingles orn\u00e9 d'adorables m\u00e9sanges bleues.","og_url":"https:\/\/fabyreilly.com\/fr\/produit\/modele-biscornu-olivier\/","og_site_name":"Faby Reilly Designs","article_publisher":"https:\/\/www.facebook.com\/FabyReillyDesigns\/","article_modified_time":"2026-03-31T09:28:13+00:00","og_image":[{"width":2000,"height":2000,"url":"https:\/\/i0.wp.com\/fabyreilly.com\/wp-content\/uploads\/2025\/09\/Olive-Tree-Biscornu-01A-Faby-Reilly-Designs.jpg?fit=2000%2C2000&ssl=1","type":"image\/jpeg"}],"twitter_card":"summary_large_image","twitter_site":"@FabyReilly","twitter_misc":{"Dur\u00e9e de lecture estim\u00e9e":"1 minute"},"schema":{"@context":"https:\/\/schema.org","@graph":[{"@type":"WebPage","@id":"https:\/\/fabyreilly.com\/fr\/produit\/modele-biscornu-olivier\/","url":"https:\/\/fabyreilly.com\/fr\/produit\/modele-biscornu-olivier\/","name":"Mod\u00e8le de broderie point de croix Biscornu Olivier - Faby Reilly Designs","isPartOf":{"@id":"https:\/\/fabyreilly.com\/fr\/#website"},"primaryImageOfPage":{"@id":"https:\/\/fabyreilly.com\/fr\/produit\/modele-biscornu-olivier\/#primaryimage"},"image":{"@id":"https:\/\/fabyreilly.com\/fr\/produit\/modele-biscornu-olivier\/#primaryimage"},"thumbnailUrl":"https:\/\/i0.wp.com\/fabyreilly.com\/wp-content\/uploads\/2025\/09\/Olive-Tree-Biscornu-01A-Faby-Reilly-Designs.jpg?fit=2000%2C2000&ssl=1","datePublished":"2025-09-07T13:42:50+00:00","dateModified":"2026-03-31T09:28:13+00:00","description":"Vous recherchez un projet aux d\u00e9tails d\u00e9licats ? Brodez le ravissant mod\u00e8le Biscornu Olivier pour r\u00e9aliser un coussin \u00e0 \u00e9pingles orn\u00e9 d'adorables m\u00e9sanges bleues.","breadcrumb":{"@id":"https:\/\/fabyreilly.com\/fr\/produit\/modele-biscornu-olivier\/#breadcrumb"},"inLanguage":"fr-FR","potentialAction":[{"@type":"ReadAction","target":["https:\/\/fabyreilly.com\/fr\/produit\/modele-biscornu-olivier\/"]}]},{"@type":"ImageObject","inLanguage":"fr-FR","@id":"https:\/\/fabyreilly.com\/fr\/produit\/modele-biscornu-olivier\/#primaryimage","url":"https:\/\/i0.wp.com\/fabyreilly.com\/wp-content\/uploads\/2025\/09\/Olive-Tree-Biscornu-01A-Faby-Reilly-Designs.jpg?fit=2000%2C2000&ssl=1","contentUrl":"https:\/\/i0.wp.com\/fabyreilly.com\/wp-content\/uploads\/2025\/09\/Olive-Tree-Biscornu-01A-Faby-Reilly-Designs.jpg?fit=2000%2C2000&ssl=1","width":2000,"height":2000,"caption":"Stitched model for the Olive Tree Biscornu pattern by Faby Reilly Designs"},{"@type":"BreadcrumbList","@id":"https:\/\/fabyreilly.com\/fr\/produit\/modele-biscornu-olivier\/#breadcrumb","itemListElement":[{"@type":"ListItem","position":1,"name":"Accueil","item":"https:\/\/fabyreilly.com\/fr\/"},{"@type":"ListItem","position":2,"name":"Boutique","item":"https:\/\/fabyreilly.com\/fr\/boutique\/"},{"@type":"ListItem","position":3,"name":"Mod\u00e8le Biscornu Olivier"}]},{"@type":"WebSite","@id":"https:\/\/fabyreilly.com\/fr\/#website","url":"https:\/\/fabyreilly.com\/fr\/","name":"Faby Reilly Designs","description":"Brodez avec style et \u00e9l\u00e9gance","publisher":{"@id":"https:\/\/fabyreilly.com\/fr\/#organization"},"alternateName":"FRD","potentialAction":[{"@type":"SearchAction","target":{"@type":"EntryPoint","urlTemplate":"https:\/\/fabyreilly.com\/fr\/?s={search_term_string}"},"query-input":{"@type":"PropertyValueSpecification","valueRequired":true,"valueName":"search_term_string"}}],"inLanguage":"fr-FR"},{"@type":"Organization","@id":"https:\/\/fabyreilly.com\/fr\/#organization","name":"Faby Reilly Designs","alternateName":"FRD","url":"https:\/\/fabyreilly.com\/fr\/","logo":{"@type":"ImageObject","inLanguage":"fr-FR","@id":"https:\/\/fabyreilly.com\/fr\/#\/schema\/logo\/image\/","url":"https:\/\/i0.wp.com\/fabyreilly.com\/wp-content\/uploads\/2026\/04\/FRD-Tag-Logo.png?fit=600%2C250&ssl=1","contentUrl":"https:\/\/i0.wp.com\/fabyreilly.com\/wp-content\/uploads\/2026\/04\/FRD-Tag-Logo.png?fit=600%2C250&ssl=1","width":600,"height":250,"caption":"Faby Reilly Designs"},"image":{"@id":"https:\/\/fabyreilly.com\/fr\/#\/schema\/logo\/image\/"},"sameAs":["https:\/\/www.facebook.com\/FabyReillyDesigns\/","https:\/\/x.com\/FabyReilly","https:\/\/www.instagram.com\/fabyreillydesigns\/","https:\/\/www.pinterest.fr\/fabyreilly\/"]}]}},"jetpack_publicize_connections":[],"jetpack_likes_enabled":true,"jetpack_sharing_enabled":true,"_links":{"self":[{"href":"https:\/\/fabyreilly.com\/fr\/wp-json\/wp\/v2\/product\/166735","targetHints":{"allow":["GET"]}}],"collection":[{"href":"https:\/\/fabyreilly.com\/fr\/wp-json\/wp\/v2\/product"}],"about":[{"href":"https:\/\/fabyreilly.com\/fr\/wp-json\/wp\/v2\/types\/product"}],"replies":[{"embeddable":true,"href":"https:\/\/fabyreilly.com\/fr\/wp-json\/wp\/v2\/comments?post=166735"}],"wp:featuredmedia":[{"embeddable":true,"href":"https:\/\/fabyreilly.com\/fr\/wp-json\/wp\/v2\/media\/166724"}],"wp:attachment":[{"href":"https:\/\/fabyreilly.com\/fr\/wp-json\/wp\/v2\/media?parent=166735"}],"wp:term":[{"taxonomy":"product_brand","embeddable":true,"href":"https:\/\/fabyreilly.com\/fr\/wp-json\/wp\/v2\/product_brand?post=166735"},{"taxonomy":"product_cat","embeddable":true,"href":"https:\/\/fabyreilly.com\/fr\/wp-json\/wp\/v2\/product_cat?post=166735"},{"taxonomy":"product_tag","embeddable":true,"href":"https:\/\/fabyreilly.com\/fr\/wp-json\/wp\/v2\/product_tag?post=166735"}],"curies":[{"name":"wp","href":"https:\/\/api.w.org\/{rel}","templated":true}]}}