{"id":166333,"date":"2025-06-29T17:47:32","date_gmt":"2025-06-29T15:47:32","guid":{"rendered":"https:\/\/fabyreilly.com\/?post_type=product&#038;p=166333"},"modified":"2026-02-06T15:02:20","modified_gmt":"2026-02-06T14:02:20","slug":"modele-valisette-bon-voyage","status":"publish","type":"product","link":"https:\/\/fabyreilly.com\/fr\/produit\/modele-valisette-bon-voyage\/","title":{"rendered":"Mod\u00e8le Valisette Bon Voyage"},"content":{"rendered":"<p><strong>MOD\u00c8LE DE BRODERIE POINT DE CROIX VALISETTE BON VOYAGE<\/strong><\/p>\n<p>Mod\u00e8le de broderie t\u00e9l\u00e9chargeable pour broder et assembler ce petit \u00e9tui \u00e0 broder d&#8217;un bon niveau de difficult\u00e9, mais super astucieux.<\/p>\n<p>Ce mod\u00e8le est tout \u00e0 la fois un livret \u00e0 aiguilles, un \u00e9tui \u00e0 coupe-fil et un range fils. Il permet de voyager avec tous ses essentiels de couture &#8211; m\u00eame en avion &#8211; gr\u00e2ce au coupe-fil ! Et si vous souhaitez l&#8217;utiliser avec une paire de ciseaux, c&#8217;est \u00e9galement possible : le syst\u00e8me magn\u00e9tique retient tout ce qui est m\u00e9tallique. Et ce n&#8217;est pas tout &#8211; les fermoirs sont aussi magn\u00e9tiques, donc plus besoin de nouer des rubans et de s&#8217;embarrasser de velcro &#8211; la valise se ferme d&#8217;elle-m\u00eame ! C&#8217;est l&#8217;utltime du pratique ! Vous pouvez m\u00eame personnaliser l&#8217;\u00e9tiquette de la valise avec vos propres initiales.<\/p>\n<p>Une fois assembl\u00e9e, la valisette mesure 13 cm x 7,5 cm x 2,5 cm lorsqu&#8217;elle est ferm\u00e9e, et 23 cm x 13 cm lorsqu&#8217;elle est ouverte.<\/p>\n<p><strong>FOURNITURES<\/strong>:<\/p>\n<ul>\n<li>Lin Zweigart 28ct (11,2 fils)<\/li>\n<li>Fils moulin\u00e9s DMC<\/li>\n<\/ul>\n<p><strong>CONTENU<\/strong>:<\/p>\n<ul>\n<li>la liste d\u00e9taill\u00e9e des <span style=\"color: #b1917c;\"><strong>fournitures n\u00e9cessaires<\/strong><\/span><\/li>\n<li>la <span style=\"color: #b1917c;\"><strong>l\u00e9gende<\/strong><\/span> pour les symboles utilis\u00e9s<\/li>\n<li>un <span style=\"color: #b1917c;\"><strong> tutoriel de points sp\u00e9ciaux<\/strong><\/span> <span style=\"color: #999999;\">(point de n\u0153ud, point de Palestrina, point arri\u00e8re surjet\u00e9)<\/span><\/li>\n<li>un <span style=\"color: #b1917c;\"><strong>tri-fils imprimable<\/strong><\/span> pour ce mod\u00e8le<\/li>\n<li>un <span style=\"color: #b1917c;\"><strong>ABC complet<\/strong><\/span> pour personnaliser ce mod\u00e8le<\/li>\n<li>des <strong><span style=\"color: #b1917c;\">diagrammes en couleur<\/span><\/strong> <span style=\"color: #999999;\">(vue d\u2019ensemble \/ point de croix seul \/ tous les points)<\/span><\/li>\n<li>un diagramme <strong><span style=\"color: #b1917c;\">hybride<\/span><\/strong> <span style=\"color: #999999;\">(point de croix noir et blanc avec point arri\u00e8re et points sp\u00e9ciaux en couleur)<\/span><\/li>\n<li>un <span style=\"color: #b1917c;\"><strong>tutoriel des finitions<\/strong><\/span> pour assembler ce projet<\/li>\n<\/ul>\n<p>Pour <span style=\"color: #b1918c;\"><strong>plus de photos<\/strong><\/span> ou pour voir <span style=\"color: #b1918c;\"><strong>ce que d&#8217;autres ont cousu<\/strong><\/span>visitez la <a href=\"https:\/\/fr.pinterest.com\/fabyreilly\/bon-voyage\/\" target=\"_blank\" rel=\"noopener\"><strong>Galerie Bon Voyage<\/strong><\/a>.<\/p>\n<p>Vous avez une question ? N&#8217;h\u00e9sitez pas \u00e0 <strong><a href=\"https:\/\/fabyreilly.com\/fr\/info\/contact\/\">me contacter<\/a><\/strong>!<\/p>\n","protected":false},"excerpt":{"rendered":"<p><strong>TYPE<\/strong> : mod\u00e8le PDF t\u00e9l\u00e9chargeable de broderie au point de croix<\/p>\n<p><strong>LANGUES<\/strong>: Fran\u00e7ais \/ Anglais (UK) \/ Anglais (US)<\/p>\n<p><strong>NIVEAU<\/strong>: <span style=\"color: #b1918c;\"><strong>Expert<\/strong> <\/span><\/p>\n<p><strong>TAILLE<\/strong>: 72 x 132 points <span style=\"color: #999999;\">(pour chaque face de la valisette) + <span style=\"color: #000000;\">30 x 20 points<\/span> (pour chaque pochette)<\/span><\/p>\n<p><strong>TAILLE DE LA SURFACE BROD\u00c9E <\/strong><span style=\"color: #999999;\">(sur la toile recommand\u00e9e)<\/span>: 13 x 24 cm <span style=\"color: #999999;\">(5&#8243; x 9&#8243;) <span style=\"color: #000000;\">2 fois + 5.5 x 3.5 cm <span style=\"color: #999999;\">(2&#8243; x 1&#8243;) <span style=\"color: #000000;\">2 fois<\/span><\/span><\/span><\/span><\/p>\n<p>Pour plus de d\u00e9tails, voir l&#8217;onglet <strong>Description<\/strong> ci-dessous.<\/p>\n","protected":false},"featured_media":166406,"comment_status":"open","ping_status":"closed","template":"","meta":{"_coblocks_attr":"","_coblocks_dimensions":"","_coblocks_responsive_height":"","_coblocks_accordion_ie_support":"","_crdt_document":"","jetpack_post_was_ever_published":false,"jetpack_publicize_message":"","jetpack_publicize_feature_enabled":true,"jetpack_social_post_already_shared":true,"jetpack_social_options":{"image_generator_settings":{"template":"highway","default_image_id":0,"font":"","enabled":false},"version":2},"_wpas_customize_per_network":false},"product_brand":[],"product_cat":[650086449,650086176],"product_tag":[650086195],"class_list":{"0":"post-166333","1":"product","2":"type-product","3":"status-publish","4":"has-post-thumbnail","6":"product_cat-modeles-avec-animaux","7":"product_cat-modeles-personnalisables","8":"product_tag-expert-fr","9":"pa_colour-blanc","10":"pa_colour-bleu","11":"pa_colour-jaune","12":"pa_colour-marron","13":"pa_colour-noir","14":"pa_colour-orange-fr","15":"pa_colour-rouge","16":"pa_colour-vert","17":"pa_embellishments-feutrine","18":"pa_embellishments-paillettes-sequins","19":"pa_shape-accessoires-de-broderie","20":"pa_shape-etuis-a-ciseaux","21":"pa_shape-livrets-a-aiguilles","22":"pa_skill-level-expert-fr","23":"pa_special-stitches-point-arriere-surjete","24":"pa_special-stitches-point-de-noeud-point-colonial","25":"pa_special-stitches-point-de-palestrina","26":"pa_special-stitches-points-fractionnels","27":"pa_tags-animaux","28":"pa_tags-couture","29":"pa_tags-fleurs","30":"pa_tags-grands-modeles","31":"pa_tags-oiseaux","32":"pa_tags-poissons","33":"pa_tags-tri-fils","34":"pa_techniques-noeuds","35":"pa_techniques-point-arriere","36":"pa_techniques-points-speciaux","37":"pa_theme-ete","38":"pa_theme-insectes-creatures-animaux","39":"pa_theme-voyages","41":"first","42":"instock","43":"featured","44":"downloadable","45":"virtual","46":"sold-individually","47":"purchasable","48":"product-type-simple"},"yoast_head":"<!-- This site is optimized with the Yoast SEO plugin v27.3 - https:\/\/yoast.com\/product\/yoast-seo-wordpress\/ -->\n<title>Mod\u00e8le Valisette Bon Voyage - Faby Reilly Designs<\/title>\n<meta name=\"description\" content=\"Vous cherchez un d\u00e9fi broderie ? R\u00e9alisez le mod\u00e8le super astucieux de la mini valise Bon Voyage pour emporter tous vos essentiels de couture partout o\u00f9 vous allez !\" \/>\n<meta name=\"robots\" content=\"index, follow, max-snippet:-1, max-image-preview:large, max-video-preview:-1\" \/>\n<link rel=\"canonical\" href=\"https:\/\/fabyreilly.com\/fr\/produit\/modele-valisette-bon-voyage\/\" \/>\n<meta property=\"og:locale\" content=\"fr_FR\" \/>\n<meta property=\"og:type\" content=\"article\" \/>\n<meta property=\"og:title\" content=\"Mod\u00e8le Valisette Bon Voyage - Faby Reilly Designs\" \/>\n<meta property=\"og:description\" content=\"Vous cherchez un d\u00e9fi broderie ? R\u00e9alisez le mod\u00e8le super astucieux de la mini valise Bon Voyage pour emporter tous vos essentiels de couture partout o\u00f9 vous allez !\" \/>\n<meta property=\"og:url\" content=\"https:\/\/fabyreilly.com\/fr\/produit\/modele-valisette-bon-voyage\/\" \/>\n<meta property=\"og:site_name\" content=\"Faby Reilly Designs\" \/>\n<meta property=\"article:publisher\" content=\"https:\/\/www.facebook.com\/FabyReillyDesigns\/\" \/>\n<meta property=\"article:modified_time\" content=\"2026-02-06T14:02:20+00:00\" \/>\n<meta property=\"og:image\" content=\"https:\/\/fabyreilly.com\/wp-content\/uploads\/2025\/06\/Bon-Voyage-Mini-Suitcase-01-V2-Faby-Reilly-Designs.jpg\" \/>\n\t<meta property=\"og:image:width\" content=\"2000\" \/>\n\t<meta property=\"og:image:height\" content=\"2000\" \/>\n\t<meta property=\"og:image:type\" content=\"image\/jpeg\" \/>\n<meta name=\"twitter:card\" content=\"summary_large_image\" \/>\n<meta name=\"twitter:site\" content=\"@FabyReilly\" \/>\n<meta name=\"twitter:label1\" content=\"Dur\u00e9e de lecture estim\u00e9e\" \/>\n\t<meta name=\"twitter:data1\" content=\"2 minutes\" \/>\n<script type=\"application\/ld+json\" class=\"yoast-schema-graph\">{\"@context\":\"https:\\\/\\\/schema.org\",\"@graph\":[{\"@type\":\"WebPage\",\"@id\":\"https:\\\/\\\/fabyreilly.com\\\/fr\\\/produit\\\/modele-valisette-bon-voyage\\\/\",\"url\":\"https:\\\/\\\/fabyreilly.com\\\/fr\\\/produit\\\/modele-valisette-bon-voyage\\\/\",\"name\":\"Mod\u00e8le Valisette Bon Voyage - Faby Reilly Designs\",\"isPartOf\":{\"@id\":\"https:\\\/\\\/fabyreilly.com\\\/fr\\\/#website\"},\"primaryImageOfPage\":{\"@id\":\"https:\\\/\\\/fabyreilly.com\\\/fr\\\/produit\\\/modele-valisette-bon-voyage\\\/#primaryimage\"},\"image\":{\"@id\":\"https:\\\/\\\/fabyreilly.com\\\/fr\\\/produit\\\/modele-valisette-bon-voyage\\\/#primaryimage\"},\"thumbnailUrl\":\"https:\\\/\\\/i0.wp.com\\\/fabyreilly.com\\\/wp-content\\\/uploads\\\/2025\\\/06\\\/Bon-Voyage-Mini-Suitcase-01-V2-Faby-Reilly-Designs.jpg?fit=2000%2C2000&ssl=1\",\"datePublished\":\"2025-06-29T15:47:32+00:00\",\"dateModified\":\"2026-02-06T14:02:20+00:00\",\"description\":\"Vous cherchez un d\u00e9fi broderie ? R\u00e9alisez le mod\u00e8le super astucieux de la mini valise Bon Voyage pour emporter tous vos essentiels de couture partout o\u00f9 vous allez !\",\"breadcrumb\":{\"@id\":\"https:\\\/\\\/fabyreilly.com\\\/fr\\\/produit\\\/modele-valisette-bon-voyage\\\/#breadcrumb\"},\"inLanguage\":\"fr-FR\",\"potentialAction\":[{\"@type\":\"ReadAction\",\"target\":[\"https:\\\/\\\/fabyreilly.com\\\/fr\\\/produit\\\/modele-valisette-bon-voyage\\\/\"]}]},{\"@type\":\"ImageObject\",\"inLanguage\":\"fr-FR\",\"@id\":\"https:\\\/\\\/fabyreilly.com\\\/fr\\\/produit\\\/modele-valisette-bon-voyage\\\/#primaryimage\",\"url\":\"https:\\\/\\\/i0.wp.com\\\/fabyreilly.com\\\/wp-content\\\/uploads\\\/2025\\\/06\\\/Bon-Voyage-Mini-Suitcase-01-V2-Faby-Reilly-Designs.jpg?fit=2000%2C2000&ssl=1\",\"contentUrl\":\"https:\\\/\\\/i0.wp.com\\\/fabyreilly.com\\\/wp-content\\\/uploads\\\/2025\\\/06\\\/Bon-Voyage-Mini-Suitcase-01-V2-Faby-Reilly-Designs.jpg?fit=2000%2C2000&ssl=1\",\"width\":2000,\"height\":2000,\"caption\":\"Stitched model for the Bon Voyage Mini Suitcase pattern by Faby Reilly Designs\"},{\"@type\":\"BreadcrumbList\",\"@id\":\"https:\\\/\\\/fabyreilly.com\\\/fr\\\/produit\\\/modele-valisette-bon-voyage\\\/#breadcrumb\",\"itemListElement\":[{\"@type\":\"ListItem\",\"position\":1,\"name\":\"Accueil\",\"item\":\"https:\\\/\\\/fabyreilly.com\\\/fr\\\/\"},{\"@type\":\"ListItem\",\"position\":2,\"name\":\"Boutique\",\"item\":\"https:\\\/\\\/fabyreilly.com\\\/fr\\\/boutique\\\/\"},{\"@type\":\"ListItem\",\"position\":3,\"name\":\"Mod\u00e8le Valisette Bon Voyage\"}]},{\"@type\":\"WebSite\",\"@id\":\"https:\\\/\\\/fabyreilly.com\\\/fr\\\/#website\",\"url\":\"https:\\\/\\\/fabyreilly.com\\\/fr\\\/\",\"name\":\"Faby Reilly Designs\",\"description\":\"Brodez avec style et \u00e9l\u00e9gance\",\"publisher\":{\"@id\":\"https:\\\/\\\/fabyreilly.com\\\/fr\\\/#organization\"},\"alternateName\":\"FRD\",\"potentialAction\":[{\"@type\":\"SearchAction\",\"target\":{\"@type\":\"EntryPoint\",\"urlTemplate\":\"https:\\\/\\\/fabyreilly.com\\\/fr\\\/?s={search_term_string}\"},\"query-input\":{\"@type\":\"PropertyValueSpecification\",\"valueRequired\":true,\"valueName\":\"search_term_string\"}}],\"inLanguage\":\"fr-FR\"},{\"@type\":\"Organization\",\"@id\":\"https:\\\/\\\/fabyreilly.com\\\/fr\\\/#organization\",\"name\":\"Faby Reilly Designs\",\"alternateName\":\"FRD\",\"url\":\"https:\\\/\\\/fabyreilly.com\\\/fr\\\/\",\"logo\":{\"@type\":\"ImageObject\",\"inLanguage\":\"fr-FR\",\"@id\":\"https:\\\/\\\/fabyreilly.com\\\/fr\\\/#\\\/schema\\\/logo\\\/image\\\/\",\"url\":\"https:\\\/\\\/i0.wp.com\\\/fabyreilly.com\\\/wp-content\\\/uploads\\\/2026\\\/04\\\/FRD-Tag-Logo.png?fit=600%2C250&ssl=1\",\"contentUrl\":\"https:\\\/\\\/i0.wp.com\\\/fabyreilly.com\\\/wp-content\\\/uploads\\\/2026\\\/04\\\/FRD-Tag-Logo.png?fit=600%2C250&ssl=1\",\"width\":600,\"height\":250,\"caption\":\"Faby Reilly Designs\"},\"image\":{\"@id\":\"https:\\\/\\\/fabyreilly.com\\\/fr\\\/#\\\/schema\\\/logo\\\/image\\\/\"},\"sameAs\":[\"https:\\\/\\\/www.facebook.com\\\/FabyReillyDesigns\\\/\",\"https:\\\/\\\/x.com\\\/FabyReilly\",\"https:\\\/\\\/www.instagram.com\\\/fabyreillydesigns\\\/\",\"https:\\\/\\\/www.pinterest.fr\\\/fabyreilly\\\/\"]}]}<\/script>\n<!-- \/ Yoast SEO plugin. -->","yoast_head_json":{"title":"Mod\u00e8le Valisette Bon Voyage - Faby Reilly Designs","description":"Vous cherchez un d\u00e9fi broderie ? R\u00e9alisez le mod\u00e8le super astucieux de la mini valise Bon Voyage pour emporter tous vos essentiels de couture partout o\u00f9 vous allez !","robots":{"index":"index","follow":"follow","max-snippet":"max-snippet:-1","max-image-preview":"max-image-preview:large","max-video-preview":"max-video-preview:-1"},"canonical":"https:\/\/fabyreilly.com\/fr\/produit\/modele-valisette-bon-voyage\/","og_locale":"fr_FR","og_type":"article","og_title":"Mod\u00e8le Valisette Bon Voyage - Faby Reilly Designs","og_description":"Vous cherchez un d\u00e9fi broderie ? R\u00e9alisez le mod\u00e8le super astucieux de la mini valise Bon Voyage pour emporter tous vos essentiels de couture partout o\u00f9 vous allez !","og_url":"https:\/\/fabyreilly.com\/fr\/produit\/modele-valisette-bon-voyage\/","og_site_name":"Faby Reilly Designs","article_publisher":"https:\/\/www.facebook.com\/FabyReillyDesigns\/","article_modified_time":"2026-02-06T14:02:20+00:00","og_image":[{"width":2000,"height":2000,"url":"https:\/\/fabyreilly.com\/wp-content\/uploads\/2025\/06\/Bon-Voyage-Mini-Suitcase-01-V2-Faby-Reilly-Designs.jpg","type":"image\/jpeg"}],"twitter_card":"summary_large_image","twitter_site":"@FabyReilly","twitter_misc":{"Dur\u00e9e de lecture estim\u00e9e":"2 minutes"},"schema":{"@context":"https:\/\/schema.org","@graph":[{"@type":"WebPage","@id":"https:\/\/fabyreilly.com\/fr\/produit\/modele-valisette-bon-voyage\/","url":"https:\/\/fabyreilly.com\/fr\/produit\/modele-valisette-bon-voyage\/","name":"Mod\u00e8le Valisette Bon Voyage - Faby Reilly Designs","isPartOf":{"@id":"https:\/\/fabyreilly.com\/fr\/#website"},"primaryImageOfPage":{"@id":"https:\/\/fabyreilly.com\/fr\/produit\/modele-valisette-bon-voyage\/#primaryimage"},"image":{"@id":"https:\/\/fabyreilly.com\/fr\/produit\/modele-valisette-bon-voyage\/#primaryimage"},"thumbnailUrl":"https:\/\/i0.wp.com\/fabyreilly.com\/wp-content\/uploads\/2025\/06\/Bon-Voyage-Mini-Suitcase-01-V2-Faby-Reilly-Designs.jpg?fit=2000%2C2000&ssl=1","datePublished":"2025-06-29T15:47:32+00:00","dateModified":"2026-02-06T14:02:20+00:00","description":"Vous cherchez un d\u00e9fi broderie ? R\u00e9alisez le mod\u00e8le super astucieux de la mini valise Bon Voyage pour emporter tous vos essentiels de couture partout o\u00f9 vous allez !","breadcrumb":{"@id":"https:\/\/fabyreilly.com\/fr\/produit\/modele-valisette-bon-voyage\/#breadcrumb"},"inLanguage":"fr-FR","potentialAction":[{"@type":"ReadAction","target":["https:\/\/fabyreilly.com\/fr\/produit\/modele-valisette-bon-voyage\/"]}]},{"@type":"ImageObject","inLanguage":"fr-FR","@id":"https:\/\/fabyreilly.com\/fr\/produit\/modele-valisette-bon-voyage\/#primaryimage","url":"https:\/\/i0.wp.com\/fabyreilly.com\/wp-content\/uploads\/2025\/06\/Bon-Voyage-Mini-Suitcase-01-V2-Faby-Reilly-Designs.jpg?fit=2000%2C2000&ssl=1","contentUrl":"https:\/\/i0.wp.com\/fabyreilly.com\/wp-content\/uploads\/2025\/06\/Bon-Voyage-Mini-Suitcase-01-V2-Faby-Reilly-Designs.jpg?fit=2000%2C2000&ssl=1","width":2000,"height":2000,"caption":"Stitched model for the Bon Voyage Mini Suitcase pattern by Faby Reilly Designs"},{"@type":"BreadcrumbList","@id":"https:\/\/fabyreilly.com\/fr\/produit\/modele-valisette-bon-voyage\/#breadcrumb","itemListElement":[{"@type":"ListItem","position":1,"name":"Accueil","item":"https:\/\/fabyreilly.com\/fr\/"},{"@type":"ListItem","position":2,"name":"Boutique","item":"https:\/\/fabyreilly.com\/fr\/boutique\/"},{"@type":"ListItem","position":3,"name":"Mod\u00e8le Valisette Bon Voyage"}]},{"@type":"WebSite","@id":"https:\/\/fabyreilly.com\/fr\/#website","url":"https:\/\/fabyreilly.com\/fr\/","name":"Faby Reilly Designs","description":"Brodez avec style et \u00e9l\u00e9gance","publisher":{"@id":"https:\/\/fabyreilly.com\/fr\/#organization"},"alternateName":"FRD","potentialAction":[{"@type":"SearchAction","target":{"@type":"EntryPoint","urlTemplate":"https:\/\/fabyreilly.com\/fr\/?s={search_term_string}"},"query-input":{"@type":"PropertyValueSpecification","valueRequired":true,"valueName":"search_term_string"}}],"inLanguage":"fr-FR"},{"@type":"Organization","@id":"https:\/\/fabyreilly.com\/fr\/#organization","name":"Faby Reilly Designs","alternateName":"FRD","url":"https:\/\/fabyreilly.com\/fr\/","logo":{"@type":"ImageObject","inLanguage":"fr-FR","@id":"https:\/\/fabyreilly.com\/fr\/#\/schema\/logo\/image\/","url":"https:\/\/i0.wp.com\/fabyreilly.com\/wp-content\/uploads\/2026\/04\/FRD-Tag-Logo.png?fit=600%2C250&ssl=1","contentUrl":"https:\/\/i0.wp.com\/fabyreilly.com\/wp-content\/uploads\/2026\/04\/FRD-Tag-Logo.png?fit=600%2C250&ssl=1","width":600,"height":250,"caption":"Faby Reilly Designs"},"image":{"@id":"https:\/\/fabyreilly.com\/fr\/#\/schema\/logo\/image\/"},"sameAs":["https:\/\/www.facebook.com\/FabyReillyDesigns\/","https:\/\/x.com\/FabyReilly","https:\/\/www.instagram.com\/fabyreillydesigns\/","https:\/\/www.pinterest.fr\/fabyreilly\/"]}]}},"jetpack_publicize_connections":[],"jetpack_likes_enabled":true,"jetpack_sharing_enabled":true,"_links":{"self":[{"href":"https:\/\/fabyreilly.com\/fr\/wp-json\/wp\/v2\/product\/166333","targetHints":{"allow":["GET"]}}],"collection":[{"href":"https:\/\/fabyreilly.com\/fr\/wp-json\/wp\/v2\/product"}],"about":[{"href":"https:\/\/fabyreilly.com\/fr\/wp-json\/wp\/v2\/types\/product"}],"replies":[{"embeddable":true,"href":"https:\/\/fabyreilly.com\/fr\/wp-json\/wp\/v2\/comments?post=166333"}],"wp:featuredmedia":[{"embeddable":true,"href":"https:\/\/fabyreilly.com\/fr\/wp-json\/wp\/v2\/media\/166406"}],"wp:attachment":[{"href":"https:\/\/fabyreilly.com\/fr\/wp-json\/wp\/v2\/media?parent=166333"}],"wp:term":[{"taxonomy":"product_brand","embeddable":true,"href":"https:\/\/fabyreilly.com\/fr\/wp-json\/wp\/v2\/product_brand?post=166333"},{"taxonomy":"product_cat","embeddable":true,"href":"https:\/\/fabyreilly.com\/fr\/wp-json\/wp\/v2\/product_cat?post=166333"},{"taxonomy":"product_tag","embeddable":true,"href":"https:\/\/fabyreilly.com\/fr\/wp-json\/wp\/v2\/product_tag?post=166333"}],"curies":[{"name":"wp","href":"https:\/\/api.w.org\/{rel}","templated":true}]}}