{"id":165582,"date":"2025-01-09T13:37:45","date_gmt":"2025-01-09T12:37:45","guid":{"rendered":"https:\/\/fabyreilly.com\/product\/modele-broderie-mandala-st-valentin\/"},"modified":"2025-01-09T14:52:25","modified_gmt":"2025-01-09T13:52:25","slug":"modele-broderie-mandala-st-valentin","status":"publish","type":"product","link":"https:\/\/fabyreilly.com\/fr\/produit\/modele-broderie-mandala-st-valentin\/","title":{"rendered":"Mod\u00e8le broderie Mandala St-Valentin"},"content":{"rendered":"<p><strong>MOD\u00c8LE BRODERIE POINT DE CROIX MANDALA ST VALENTIN<\/strong><\/p>\n<p>Fiche de broderie t\u00e9l\u00e9chargeable pour broder un mod\u00e8le de mandala rond, repr\u00e9sentant un couple de colombes toutes blotties en forme de c\u0153ur, entour\u00e9es de c\u0153urs et de fleurs. Ce mod\u00e8le est d\u00e9licatement rehauss\u00e9 de perles et de paillettes.<br \/>\nIl s&#8217;adapte parfaitement \u00e0 un tambour \u00e0 broder de 18 cm de diam\u00e8tre.<\/p>\n<p><strong>FOURNITURES<\/strong>:<\/p>\n<ul>\n<li>Lin Zweigart 28ct (11,2 fils)<\/li>\n<li>Fils Tom &amp; Lily Creations comme pr\u00e9sent\u00e9s sur le mod\u00e8le brod\u00e9. Le PDF comprend \u00e9galement une l\u00e9gende alternative pour utiliser les fils DMC.<\/li>\n<li>Perles Mill Hill<\/li>\n<\/ul>\n<p><strong>CONTENU<\/strong>:<\/p>\n<ul>\n<li>la liste d\u00e9taill\u00e9e des <span style=\"color: #b1917c;\"><strong>fournitures n\u00e9cessaires<\/strong><\/span><\/li>\n<li>la <span style=\"color: #b1917c;\"><strong>l\u00e9gende<\/strong><\/span> pour les symboles utilis\u00e9s<\/li>\n<li>un <strong><span style=\"color: #b1917c;\">tutoriel des points sp\u00e9ciaux<\/span><\/strong> <span style=\"color: #999999;\">(perles, point de n\u0153ud, point d\u2019\u0153illet rond avec paillette)<\/span><\/li>\n<li>un <span style=\"color: #b1917c;\"><strong>tri-fils imprimable<\/strong><\/span> pour ce mod\u00e8le<\/li>\n<li>des <strong><span style=\"color: #b1917c;\">diagrammes en couleur<\/span><\/strong> <span style=\"color: #999999;\">(vue d\u2019ensemble \/ point de croix seul \/ tous les points)<\/span><\/li>\n<li>un diagramme <strong><span style=\"color: #b1917c;\">hybride<\/span><\/strong> <span style=\"color: #999999;\">(point de croix noir et blanc avec point arri\u00e8re et points sp\u00e9ciaux en couleur)<\/span><\/li>\n<li>un <strong><span style=\"color: #b1917c;\">tutoriel des finitions<\/span><\/strong> pour encadrer ce mod\u00e8le \u00e0 l&#8217;aide d&#8217;un tambour de brodeuse<\/li>\n<\/ul>\n<p>Pour <strong><span style=\"color: #b1918c;\">davantage de photos<\/span><\/strong> ou pour voir les <strong><span style=\"color: #b1918c;\">r\u00e9alisations d&#8217;autres brodeurs\u2022euses<\/span><\/strong>, rendez-vous sur la <a href=\"https:\/\/fr.pinterest.com\/fabyreilly\/mandala-gallery\/\" target=\"_blank\" rel=\"noopener\"><strong>Galerie Mandala<\/strong><\/a>.<\/p>\n<p>Vous avez une question ? N&#8217;h\u00e9sitez pas \u00e0 <strong><a href=\"https:\/\/fabyreilly.com\/info\/contact\/\">me contacter<\/a><\/strong>!<\/p>\n","protected":false},"excerpt":{"rendered":"<p><strong>TYPE<\/strong> : mod\u00e8le PDF t\u00e9l\u00e9chargeable de broderie au point de croix<\/p>\n<p><strong>LANGUES<\/strong>: Fran\u00e7ais \/ Anglais (UK) \/ Anglais (US)<\/p>\n<p><strong>NIVEAU<\/strong>:<span style=\"color: #b1918c;\"><strong> Interm\u00e9diaire<\/strong> <\/span><\/p>\n<p><strong>TAILLE<\/strong>: 95 x 95 points<\/p>\n<p><strong>DIMENSIONS DE LA SURFACE BROD\u00c9E<\/strong> <span style=\"color: #999999;\">(sur la toile recommand\u00e9e)<\/span>: 14,5 x 14,5 cm <span style=\"color: #999999;\">(5 3\/4&#8243; x 5 3\/4&#8243;)<\/span><\/p>\n<p>Pour plus de d\u00e9tails, voir l&#8217;onglet <strong>Description<\/strong> ci-dessous.<\/p>\n","protected":false},"featured_media":165569,"comment_status":"open","ping_status":"closed","template":"","meta":{"_coblocks_attr":"","_coblocks_dimensions":"","_coblocks_responsive_height":"","_coblocks_accordion_ie_support":"","_crdt_document":"","jetpack_post_was_ever_published":false,"jetpack_publicize_message":"","jetpack_publicize_feature_enabled":true,"jetpack_social_post_already_shared":true,"jetpack_social_options":{"image_generator_settings":{"template":"highway","default_image_id":0,"font":"","enabled":false},"version":2},"_wpas_customize_per_network":false},"product_brand":[],"product_cat":[650086192],"product_tag":[650086178],"class_list":{"0":"post-165582","1":"product","2":"type-product","3":"status-publish","4":"has-post-thumbnail","6":"product_cat-modeles-de-mariage","7":"product_tag-intermediaire","8":"pa_collection-collection-mandala","9":"pa_colour-bordeaux","10":"pa_colour-gris","11":"pa_colour-rose","12":"pa_colour-rouge","13":"pa_embellishments-paillettes-sequins","14":"pa_embellishments-perles","15":"pa_shape-a-encadrer","16":"pa_shape-coeurs","17":"pa_shape-tambours","18":"pa_skill-level-intermediaire","19":"pa_special-stitches-point-doeillet-rond","20":"pa_special-stitches-point-de-noeud-point-colonial","21":"pa_tags-coeurs","22":"pa_tags-fleurs","23":"pa_tags-geometrique","24":"pa_tags-oiseaux","25":"pa_tags-petits-modeles","26":"pa_tags-tri-fils","27":"pa_techniques-noeuds","28":"pa_techniques-point-arriere","29":"pa_techniques-points-speciaux","30":"pa_theme-amour","31":"pa_theme-mariages","32":"pa_theme-st-valentin","34":"first","35":"instock","36":"downloadable","37":"virtual","38":"sold-individually","39":"purchasable","40":"product-type-simple"},"yoast_head":"<!-- This site is optimized with the Yoast SEO plugin v27.3 - https:\/\/yoast.com\/product\/yoast-seo-wordpress\/ -->\n<title>Mod\u00e8le de broderie Mandala St Valentin - Faby Reilly Designs<\/title>\n<meta name=\"description\" content=\"Vous cherchez un mod\u00e8le tout mignon pour la Saint-Valentin ? Brodez cet adorable mod\u00e8le Mandala St-Valentin et r\u00e9alisez un arrangement g\u00e9om\u00e9trique tout scintillant pour c\u00e9l\u00e9brer l&#039;amour.\" \/>\n<meta name=\"robots\" content=\"index, follow, max-snippet:-1, max-image-preview:large, max-video-preview:-1\" \/>\n<link rel=\"canonical\" href=\"https:\/\/fabyreilly.com\/fr\/produit\/modele-broderie-mandala-st-valentin\/\" \/>\n<meta property=\"og:locale\" content=\"fr_FR\" \/>\n<meta property=\"og:type\" content=\"article\" \/>\n<meta property=\"og:title\" content=\"Mod\u00e8le de broderie Mandala St Valentin - Faby Reilly Designs\" \/>\n<meta property=\"og:description\" content=\"Vous cherchez un mod\u00e8le tout mignon pour la Saint-Valentin ? Brodez cet adorable mod\u00e8le Mandala St-Valentin et r\u00e9alisez un arrangement g\u00e9om\u00e9trique tout scintillant pour c\u00e9l\u00e9brer l&#039;amour.\" \/>\n<meta property=\"og:url\" content=\"https:\/\/fabyreilly.com\/fr\/produit\/modele-broderie-mandala-st-valentin\/\" \/>\n<meta property=\"og:site_name\" content=\"Faby Reilly Designs\" \/>\n<meta property=\"article:publisher\" content=\"https:\/\/www.facebook.com\/FabyReillyDesigns\/\" \/>\n<meta property=\"article:modified_time\" content=\"2025-01-09T13:52:25+00:00\" \/>\n<meta property=\"og:image\" content=\"https:\/\/fabyreilly.com\/wp-content\/uploads\/2025\/01\/Valentine-Mandala-01-Faby-Reilly-Designs.jpg\" \/>\n\t<meta property=\"og:image:width\" content=\"2000\" \/>\n\t<meta property=\"og:image:height\" content=\"2000\" \/>\n\t<meta property=\"og:image:type\" content=\"image\/jpeg\" \/>\n<meta name=\"twitter:card\" content=\"summary_large_image\" \/>\n<meta name=\"twitter:site\" content=\"@FabyReilly\" \/>\n<meta name=\"twitter:label1\" content=\"Dur\u00e9e de lecture estim\u00e9e\" \/>\n\t<meta name=\"twitter:data1\" content=\"2 minutes\" \/>\n<script type=\"application\/ld+json\" class=\"yoast-schema-graph\">{\"@context\":\"https:\\\/\\\/schema.org\",\"@graph\":[{\"@type\":\"WebPage\",\"@id\":\"https:\\\/\\\/fabyreilly.com\\\/fr\\\/produit\\\/modele-broderie-mandala-st-valentin\\\/\",\"url\":\"https:\\\/\\\/fabyreilly.com\\\/fr\\\/produit\\\/modele-broderie-mandala-st-valentin\\\/\",\"name\":\"Mod\u00e8le de broderie Mandala St Valentin - Faby Reilly Designs\",\"isPartOf\":{\"@id\":\"https:\\\/\\\/fabyreilly.com\\\/fr\\\/#website\"},\"primaryImageOfPage\":{\"@id\":\"https:\\\/\\\/fabyreilly.com\\\/fr\\\/produit\\\/modele-broderie-mandala-st-valentin\\\/#primaryimage\"},\"image\":{\"@id\":\"https:\\\/\\\/fabyreilly.com\\\/fr\\\/produit\\\/modele-broderie-mandala-st-valentin\\\/#primaryimage\"},\"thumbnailUrl\":\"https:\\\/\\\/i0.wp.com\\\/fabyreilly.com\\\/wp-content\\\/uploads\\\/2025\\\/01\\\/Valentine-Mandala-01-Faby-Reilly-Designs.jpg?fit=2000%2C2000&ssl=1\",\"datePublished\":\"2025-01-09T12:37:45+00:00\",\"dateModified\":\"2025-01-09T13:52:25+00:00\",\"description\":\"Vous cherchez un mod\u00e8le tout mignon pour la Saint-Valentin ? Brodez cet adorable mod\u00e8le Mandala St-Valentin et r\u00e9alisez un arrangement g\u00e9om\u00e9trique tout scintillant pour c\u00e9l\u00e9brer l'amour.\",\"breadcrumb\":{\"@id\":\"https:\\\/\\\/fabyreilly.com\\\/fr\\\/produit\\\/modele-broderie-mandala-st-valentin\\\/#breadcrumb\"},\"inLanguage\":\"fr-FR\",\"potentialAction\":[{\"@type\":\"ReadAction\",\"target\":[\"https:\\\/\\\/fabyreilly.com\\\/fr\\\/produit\\\/modele-broderie-mandala-st-valentin\\\/\"]}]},{\"@type\":\"ImageObject\",\"inLanguage\":\"fr-FR\",\"@id\":\"https:\\\/\\\/fabyreilly.com\\\/fr\\\/produit\\\/modele-broderie-mandala-st-valentin\\\/#primaryimage\",\"url\":\"https:\\\/\\\/i0.wp.com\\\/fabyreilly.com\\\/wp-content\\\/uploads\\\/2025\\\/01\\\/Valentine-Mandala-01-Faby-Reilly-Designs.jpg?fit=2000%2C2000&ssl=1\",\"contentUrl\":\"https:\\\/\\\/i0.wp.com\\\/fabyreilly.com\\\/wp-content\\\/uploads\\\/2025\\\/01\\\/Valentine-Mandala-01-Faby-Reilly-Designs.jpg?fit=2000%2C2000&ssl=1\",\"width\":2000,\"height\":2000,\"caption\":\"Framed stitched model for the \\\"Winter Encounter\\\" cross-stitch pattern by Faby Reilly Designs.\"},{\"@type\":\"BreadcrumbList\",\"@id\":\"https:\\\/\\\/fabyreilly.com\\\/fr\\\/produit\\\/modele-broderie-mandala-st-valentin\\\/#breadcrumb\",\"itemListElement\":[{\"@type\":\"ListItem\",\"position\":1,\"name\":\"Accueil\",\"item\":\"https:\\\/\\\/fabyreilly.com\\\/fr\\\/\"},{\"@type\":\"ListItem\",\"position\":2,\"name\":\"Boutique\",\"item\":\"https:\\\/\\\/fabyreilly.com\\\/fr\\\/boutique\\\/\"},{\"@type\":\"ListItem\",\"position\":3,\"name\":\"Mod\u00e8le broderie Mandala St-Valentin\"}]},{\"@type\":\"WebSite\",\"@id\":\"https:\\\/\\\/fabyreilly.com\\\/fr\\\/#website\",\"url\":\"https:\\\/\\\/fabyreilly.com\\\/fr\\\/\",\"name\":\"Faby Reilly Designs\",\"description\":\"Brodez avec style et \u00e9l\u00e9gance\",\"publisher\":{\"@id\":\"https:\\\/\\\/fabyreilly.com\\\/fr\\\/#organization\"},\"alternateName\":\"FRD\",\"potentialAction\":[{\"@type\":\"SearchAction\",\"target\":{\"@type\":\"EntryPoint\",\"urlTemplate\":\"https:\\\/\\\/fabyreilly.com\\\/fr\\\/?s={search_term_string}\"},\"query-input\":{\"@type\":\"PropertyValueSpecification\",\"valueRequired\":true,\"valueName\":\"search_term_string\"}}],\"inLanguage\":\"fr-FR\"},{\"@type\":\"Organization\",\"@id\":\"https:\\\/\\\/fabyreilly.com\\\/fr\\\/#organization\",\"name\":\"Faby Reilly Designs\",\"alternateName\":\"FRD\",\"url\":\"https:\\\/\\\/fabyreilly.com\\\/fr\\\/\",\"logo\":{\"@type\":\"ImageObject\",\"inLanguage\":\"fr-FR\",\"@id\":\"https:\\\/\\\/fabyreilly.com\\\/fr\\\/#\\\/schema\\\/logo\\\/image\\\/\",\"url\":\"https:\\\/\\\/i0.wp.com\\\/fabyreilly.com\\\/wp-content\\\/uploads\\\/2026\\\/04\\\/FRD-Tag-Logo.png?fit=600%2C250&ssl=1\",\"contentUrl\":\"https:\\\/\\\/i0.wp.com\\\/fabyreilly.com\\\/wp-content\\\/uploads\\\/2026\\\/04\\\/FRD-Tag-Logo.png?fit=600%2C250&ssl=1\",\"width\":600,\"height\":250,\"caption\":\"Faby Reilly Designs\"},\"image\":{\"@id\":\"https:\\\/\\\/fabyreilly.com\\\/fr\\\/#\\\/schema\\\/logo\\\/image\\\/\"},\"sameAs\":[\"https:\\\/\\\/www.facebook.com\\\/FabyReillyDesigns\\\/\",\"https:\\\/\\\/x.com\\\/FabyReilly\",\"https:\\\/\\\/www.instagram.com\\\/fabyreillydesigns\\\/\",\"https:\\\/\\\/www.pinterest.fr\\\/fabyreilly\\\/\"]}]}<\/script>\n<!-- \/ Yoast SEO plugin. -->","yoast_head_json":{"title":"Mod\u00e8le de broderie Mandala St Valentin - Faby Reilly Designs","description":"Vous cherchez un mod\u00e8le tout mignon pour la Saint-Valentin ? Brodez cet adorable mod\u00e8le Mandala St-Valentin et r\u00e9alisez un arrangement g\u00e9om\u00e9trique tout scintillant pour c\u00e9l\u00e9brer l'amour.","robots":{"index":"index","follow":"follow","max-snippet":"max-snippet:-1","max-image-preview":"max-image-preview:large","max-video-preview":"max-video-preview:-1"},"canonical":"https:\/\/fabyreilly.com\/fr\/produit\/modele-broderie-mandala-st-valentin\/","og_locale":"fr_FR","og_type":"article","og_title":"Mod\u00e8le de broderie Mandala St Valentin - Faby Reilly Designs","og_description":"Vous cherchez un mod\u00e8le tout mignon pour la Saint-Valentin ? Brodez cet adorable mod\u00e8le Mandala St-Valentin et r\u00e9alisez un arrangement g\u00e9om\u00e9trique tout scintillant pour c\u00e9l\u00e9brer l'amour.","og_url":"https:\/\/fabyreilly.com\/fr\/produit\/modele-broderie-mandala-st-valentin\/","og_site_name":"Faby Reilly Designs","article_publisher":"https:\/\/www.facebook.com\/FabyReillyDesigns\/","article_modified_time":"2025-01-09T13:52:25+00:00","og_image":[{"width":2000,"height":2000,"url":"https:\/\/fabyreilly.com\/wp-content\/uploads\/2025\/01\/Valentine-Mandala-01-Faby-Reilly-Designs.jpg","type":"image\/jpeg"}],"twitter_card":"summary_large_image","twitter_site":"@FabyReilly","twitter_misc":{"Dur\u00e9e de lecture estim\u00e9e":"2 minutes"},"schema":{"@context":"https:\/\/schema.org","@graph":[{"@type":"WebPage","@id":"https:\/\/fabyreilly.com\/fr\/produit\/modele-broderie-mandala-st-valentin\/","url":"https:\/\/fabyreilly.com\/fr\/produit\/modele-broderie-mandala-st-valentin\/","name":"Mod\u00e8le de broderie Mandala St Valentin - Faby Reilly Designs","isPartOf":{"@id":"https:\/\/fabyreilly.com\/fr\/#website"},"primaryImageOfPage":{"@id":"https:\/\/fabyreilly.com\/fr\/produit\/modele-broderie-mandala-st-valentin\/#primaryimage"},"image":{"@id":"https:\/\/fabyreilly.com\/fr\/produit\/modele-broderie-mandala-st-valentin\/#primaryimage"},"thumbnailUrl":"https:\/\/i0.wp.com\/fabyreilly.com\/wp-content\/uploads\/2025\/01\/Valentine-Mandala-01-Faby-Reilly-Designs.jpg?fit=2000%2C2000&ssl=1","datePublished":"2025-01-09T12:37:45+00:00","dateModified":"2025-01-09T13:52:25+00:00","description":"Vous cherchez un mod\u00e8le tout mignon pour la Saint-Valentin ? Brodez cet adorable mod\u00e8le Mandala St-Valentin et r\u00e9alisez un arrangement g\u00e9om\u00e9trique tout scintillant pour c\u00e9l\u00e9brer l'amour.","breadcrumb":{"@id":"https:\/\/fabyreilly.com\/fr\/produit\/modele-broderie-mandala-st-valentin\/#breadcrumb"},"inLanguage":"fr-FR","potentialAction":[{"@type":"ReadAction","target":["https:\/\/fabyreilly.com\/fr\/produit\/modele-broderie-mandala-st-valentin\/"]}]},{"@type":"ImageObject","inLanguage":"fr-FR","@id":"https:\/\/fabyreilly.com\/fr\/produit\/modele-broderie-mandala-st-valentin\/#primaryimage","url":"https:\/\/i0.wp.com\/fabyreilly.com\/wp-content\/uploads\/2025\/01\/Valentine-Mandala-01-Faby-Reilly-Designs.jpg?fit=2000%2C2000&ssl=1","contentUrl":"https:\/\/i0.wp.com\/fabyreilly.com\/wp-content\/uploads\/2025\/01\/Valentine-Mandala-01-Faby-Reilly-Designs.jpg?fit=2000%2C2000&ssl=1","width":2000,"height":2000,"caption":"Framed stitched model for the \"Winter Encounter\" cross-stitch pattern by Faby Reilly Designs."},{"@type":"BreadcrumbList","@id":"https:\/\/fabyreilly.com\/fr\/produit\/modele-broderie-mandala-st-valentin\/#breadcrumb","itemListElement":[{"@type":"ListItem","position":1,"name":"Accueil","item":"https:\/\/fabyreilly.com\/fr\/"},{"@type":"ListItem","position":2,"name":"Boutique","item":"https:\/\/fabyreilly.com\/fr\/boutique\/"},{"@type":"ListItem","position":3,"name":"Mod\u00e8le broderie Mandala St-Valentin"}]},{"@type":"WebSite","@id":"https:\/\/fabyreilly.com\/fr\/#website","url":"https:\/\/fabyreilly.com\/fr\/","name":"Faby Reilly Designs","description":"Brodez avec style et \u00e9l\u00e9gance","publisher":{"@id":"https:\/\/fabyreilly.com\/fr\/#organization"},"alternateName":"FRD","potentialAction":[{"@type":"SearchAction","target":{"@type":"EntryPoint","urlTemplate":"https:\/\/fabyreilly.com\/fr\/?s={search_term_string}"},"query-input":{"@type":"PropertyValueSpecification","valueRequired":true,"valueName":"search_term_string"}}],"inLanguage":"fr-FR"},{"@type":"Organization","@id":"https:\/\/fabyreilly.com\/fr\/#organization","name":"Faby Reilly Designs","alternateName":"FRD","url":"https:\/\/fabyreilly.com\/fr\/","logo":{"@type":"ImageObject","inLanguage":"fr-FR","@id":"https:\/\/fabyreilly.com\/fr\/#\/schema\/logo\/image\/","url":"https:\/\/i0.wp.com\/fabyreilly.com\/wp-content\/uploads\/2026\/04\/FRD-Tag-Logo.png?fit=600%2C250&ssl=1","contentUrl":"https:\/\/i0.wp.com\/fabyreilly.com\/wp-content\/uploads\/2026\/04\/FRD-Tag-Logo.png?fit=600%2C250&ssl=1","width":600,"height":250,"caption":"Faby Reilly Designs"},"image":{"@id":"https:\/\/fabyreilly.com\/fr\/#\/schema\/logo\/image\/"},"sameAs":["https:\/\/www.facebook.com\/FabyReillyDesigns\/","https:\/\/x.com\/FabyReilly","https:\/\/www.instagram.com\/fabyreillydesigns\/","https:\/\/www.pinterest.fr\/fabyreilly\/"]}]}},"jetpack_publicize_connections":[],"jetpack_likes_enabled":true,"jetpack_sharing_enabled":true,"_links":{"self":[{"href":"https:\/\/fabyreilly.com\/fr\/wp-json\/wp\/v2\/product\/165582","targetHints":{"allow":["GET"]}}],"collection":[{"href":"https:\/\/fabyreilly.com\/fr\/wp-json\/wp\/v2\/product"}],"about":[{"href":"https:\/\/fabyreilly.com\/fr\/wp-json\/wp\/v2\/types\/product"}],"replies":[{"embeddable":true,"href":"https:\/\/fabyreilly.com\/fr\/wp-json\/wp\/v2\/comments?post=165582"}],"wp:featuredmedia":[{"embeddable":true,"href":"https:\/\/fabyreilly.com\/fr\/wp-json\/wp\/v2\/media\/165569"}],"wp:attachment":[{"href":"https:\/\/fabyreilly.com\/fr\/wp-json\/wp\/v2\/media?parent=165582"}],"wp:term":[{"taxonomy":"product_brand","embeddable":true,"href":"https:\/\/fabyreilly.com\/fr\/wp-json\/wp\/v2\/product_brand?post=165582"},{"taxonomy":"product_cat","embeddable":true,"href":"https:\/\/fabyreilly.com\/fr\/wp-json\/wp\/v2\/product_cat?post=165582"},{"taxonomy":"product_tag","embeddable":true,"href":"https:\/\/fabyreilly.com\/fr\/wp-json\/wp\/v2\/product_tag?post=165582"}],"curies":[{"name":"wp","href":"https:\/\/api.w.org\/{rel}","templated":true}]}}