{"id":164468,"date":"2024-06-13T14:11:14","date_gmt":"2024-06-13T12:11:14","guid":{"rendered":"https:\/\/fabyreilly.com\/product\/modele-broderie-coussin-pique-epingles-poids-de-couture-turquoise-rose\/"},"modified":"2026-03-09T10:34:02","modified_gmt":"2026-03-09T09:34:02","slug":"modele-broderie-coussin-pique-epingles-poids-de-couture-turquoise-rose","status":"publish","type":"product","link":"https:\/\/fabyreilly.com\/fr\/produit\/modele-broderie-coussin-pique-epingles-poids-de-couture-turquoise-rose\/","title":{"rendered":"Mod\u00e8le pique-\u00e9pingles et poids Turquoise &amp; Rose"},"content":{"rendered":"<p><strong>MOD\u00c8LE PDF DE BRODERIE POINT DE CROIX BRACELET PIQUE-\u00c9PINGLES ET POIDS DE COUTURE TURQUOISE &amp; ROSE<\/strong><\/p>\n<p>Mod\u00e8le de broderie t\u00e9l\u00e9chargeable pour r\u00e9aliser un petit bracelet pique-\u00e9pingles super cool et ses 3 poids de couture assortis.<\/p>\n<p>Ce mod\u00e8le repr\u00e9sente des accessoires de couture sur le coussin pique-\u00e9pingles et divers motifs assortis sur les poids de couture (celtiques, g\u00e9om\u00e9triques et floraux avec petits oiseaux et papillons) Ces mini-biscornus sont joliment rehauss\u00e9s de points sp\u00e9ciaux et de perles.<\/p>\n<p>Une fois assembl\u00e9, chaque mini-biscornu mesure environ 6 cm de large et 4 cm de haut.<\/p>\n<p><strong>FOURNITURES<\/strong>:<\/p>\n<ul>\n<li>Lin Zweigart 28ct (11,2 fils)<\/li>\n<li>Fils moulin\u00e9s DMC<\/li>\n<li>Perles Mill Hill<\/li>\n<\/ul>\n<p><strong>CONTENU<\/strong>:<\/p>\n<ul>\n<li>la liste d\u00e9taill\u00e9e des <span style=\"color: #b1917c;\"><strong>fournitures n\u00e9cessaires<\/strong><\/span><\/li>\n<li>la <span style=\"color: #b1917c;\"><strong>l\u00e9gende<\/strong><\/span> pour les symboles utilis\u00e9s<\/li>\n<li>un <span style=\"color: #b1917c;\"><strong>tutoriel des points sp\u00e9ciaux<\/strong><\/span> (perles, point de n\u0153uds, papillon de Rhodes, point d&#8217;araign\u00e9e)<\/li>\n<li>un <span style=\"color: #b1917c;\"><strong>tri-fils<\/strong><\/span> imprimable pour ce projet<\/li>\n<li>les diagrammes en <span style=\"color: #b1917c;\"><strong>couleur<\/strong><\/span><\/li>\n<li>un <span style=\"color: #b1917c;\"><strong>tutoriel des finitions<\/strong><\/span> pour assembler le bracelet pique-\u00e9pingles de poignet ainsi que les poids de couture<\/li>\n<li>+ GRATUIT AVEC CE MOD\u00c8LE : des <span style=\"color: #b1917c;\"><strong>pages exclusives BONUS IMPRESSION<\/strong><\/span> avec un tri-fils imprimable en <span style=\"color: #b1917c;\"><strong style=\"color: #b1917c;\">noir &amp; blanc<\/strong><\/span> et des diagrammes <span style=\"color: #b1917c;\"><strong>hybrides<\/strong><\/span> (point de croix noir &amp; blanc avec point arri\u00e8re et points sp\u00e9ciaux en couleur).<\/li>\n<\/ul>\n<p>&nbsp;<\/p>\n<p>Pour <span style=\"color: #b1918c;\"><strong>davantage de photos<\/strong><\/span> ou pour voir <span style=\"color: #b1918c;\"><strong>les r\u00e9alisations d\u2019autres brodeurs\/brodeuses<\/strong><\/span>, voir la <a href=\"https:\/\/www.pinterest.fr\/fabyreilly\/teal-pink-gallery\/\" target=\"_blank\" rel=\"noopener\"><strong>Galerie Turquoise &amp; Rose<\/strong><\/a>.<\/p>\n<p>Vous avez une question ? N&#8217;h\u00e9sitez pas \u00e0 <strong><a href=\"https:\/\/fabyreilly.com\/fr\/info\/contact\/\">me contacter<\/a><\/strong>!<\/p>\n","protected":false},"excerpt":{"rendered":"<p><strong>TYPE<\/strong> : mod\u00e8le PDF t\u00e9l\u00e9chargeable de broderie au point de croix<\/p>\n<p><strong>LANGUES<\/strong>: Fran\u00e7ais \/ Anglais (UK) \/ Anglais (US)<\/p>\n<p><strong>NIVEAU<\/strong>:<span style=\"color: #b1918c;\"><strong> <\/strong> <strong>Avanc\u00e9<\/strong><\/span> <\/p>\n<p><strong>TAILLE<\/strong>: 40 x 40 points (pour chacune des faces de chaque mini-biscornu)<\/p>\n<p><strong>DIMENSIONS DE LA SURFACE BROD\u00c9E<\/strong> <span style=\"color: #999999;\">(sur la toile recommand\u00e9e)<\/span>: 7,5 x 7,5 cm <span style=\"color: #999999;\">(3&#8243; x 3&#8243;) <\/span><\/p>\n<p>Pour plus de d\u00e9tails, voir l&#8217;onglet <strong>Description<\/strong> ci-dessous.<\/p>\n","protected":false},"featured_media":164459,"comment_status":"open","ping_status":"closed","template":"","meta":{"_coblocks_attr":"","_coblocks_dimensions":"","_coblocks_responsive_height":"","_coblocks_accordion_ie_support":"","_crdt_document":"","jetpack_post_was_ever_published":false,"jetpack_publicize_message":"","jetpack_publicize_feature_enabled":true,"jetpack_social_post_already_shared":true,"jetpack_social_options":{"image_generator_settings":{"template":"highway","default_image_id":0,"font":"","enabled":false},"version":2},"_wpas_customize_per_network":false},"product_brand":[],"product_cat":[650086177],"product_tag":[650086185],"class_list":{"0":"post-164468","1":"product","2":"type-product","3":"status-publish","4":"has-post-thumbnail","6":"product_cat-modeles-printemps-ete","7":"product_tag-avance","8":"pa_collection-collection-turquoise-rose","9":"pa_colour-bleu-canard","10":"pa_colour-rose","11":"pa_embellishments-perles","12":"pa_shape-accessoires-de-broderie","13":"pa_shape-biscornus-fr","14":"pa_shape-coussins-pique-aiguilles","15":"pa_skill-level-avance","16":"pa_special-stitches-papillon-de-rhodes","17":"pa_special-stitches-perles","18":"pa_special-stitches-point-daraignee","19":"pa_special-stitches-point-de-noeud-point-colonial","20":"pa_tags-couture","21":"pa_tags-fleurs","22":"pa_tags-geometrique","23":"pa_tags-oiseaux","24":"pa_tags-papillons","25":"pa_tags-petits-modeles","26":"pa_tags-tri-fils","27":"pa_techniques-noeuds","28":"pa_techniques-point-arriere","29":"pa_techniques-points-speciaux","30":"pa_theme-couture","31":"pa_theme-insectes-creatures-animaux","33":"first","34":"instock","35":"downloadable","36":"virtual","37":"purchasable","38":"product-type-simple"},"yoast_head":"<!-- This site is optimized with the Yoast SEO plugin v27.3 - https:\/\/yoast.com\/product\/yoast-seo-wordpress\/ -->\n<title>Mod\u00e8le broderie point de croix bracelet pique-\u00e9pingle et poids de couture Turquoise &amp; Rose - Faby Reilly Designs<\/title>\n<meta name=\"description\" content=\"Vous cherchez un mod\u00e8le broderie de coussin pique-aiguilles ? Brodez le joli bracelet pique-\u00e9pingles Turquoise &amp; Rose et ses poids de couture pour un set amusant et utile !\" \/>\n<meta name=\"robots\" content=\"index, follow, max-snippet:-1, max-image-preview:large, max-video-preview:-1\" \/>\n<link rel=\"canonical\" href=\"https:\/\/fabyreilly.com\/fr\/produit\/modele-broderie-coussin-pique-epingles-poids-de-couture-turquoise-rose\/\" \/>\n<meta property=\"og:locale\" content=\"fr_FR\" \/>\n<meta property=\"og:type\" content=\"article\" \/>\n<meta property=\"og:title\" content=\"Mod\u00e8le broderie point de croix bracelet pique-\u00e9pingle et poids de couture Turquoise &amp; Rose - Faby Reilly Designs\" \/>\n<meta property=\"og:description\" content=\"Vous cherchez un mod\u00e8le broderie de coussin pique-aiguilles ? Brodez le joli bracelet pique-\u00e9pingles Turquoise &amp; Rose et ses poids de couture pour un set amusant et utile !\" \/>\n<meta property=\"og:url\" content=\"https:\/\/fabyreilly.com\/fr\/produit\/modele-broderie-coussin-pique-epingles-poids-de-couture-turquoise-rose\/\" \/>\n<meta property=\"og:site_name\" content=\"Faby Reilly Designs\" \/>\n<meta property=\"article:publisher\" content=\"https:\/\/www.facebook.com\/FabyReillyDesigns\/\" \/>\n<meta property=\"article:modified_time\" content=\"2026-03-09T09:34:02+00:00\" \/>\n<meta property=\"og:image\" content=\"https:\/\/i0.wp.com\/fabyreilly.com\/wp-content\/uploads\/2024\/06\/Teal-Pink-Wrist-Pincushion-01-Faby-Reilly-Designs.jpg?fit=2000%2C2000&ssl=1\" \/>\n\t<meta property=\"og:image:width\" content=\"2000\" \/>\n\t<meta property=\"og:image:height\" content=\"2000\" \/>\n\t<meta property=\"og:image:type\" content=\"image\/jpeg\" \/>\n<meta name=\"twitter:card\" content=\"summary_large_image\" \/>\n<meta name=\"twitter:site\" content=\"@FabyReilly\" \/>\n<meta name=\"twitter:label1\" content=\"Dur\u00e9e de lecture estim\u00e9e\" \/>\n\t<meta name=\"twitter:data1\" content=\"2 minutes\" \/>\n<script type=\"application\/ld+json\" class=\"yoast-schema-graph\">{\"@context\":\"https:\\\/\\\/schema.org\",\"@graph\":[{\"@type\":\"WebPage\",\"@id\":\"https:\\\/\\\/fabyreilly.com\\\/fr\\\/produit\\\/modele-broderie-coussin-pique-epingles-poids-de-couture-turquoise-rose\\\/\",\"url\":\"https:\\\/\\\/fabyreilly.com\\\/fr\\\/produit\\\/modele-broderie-coussin-pique-epingles-poids-de-couture-turquoise-rose\\\/\",\"name\":\"Mod\u00e8le broderie point de croix bracelet pique-\u00e9pingle et poids de couture Turquoise & Rose - Faby Reilly Designs\",\"isPartOf\":{\"@id\":\"https:\\\/\\\/fabyreilly.com\\\/fr\\\/#website\"},\"primaryImageOfPage\":{\"@id\":\"https:\\\/\\\/fabyreilly.com\\\/fr\\\/produit\\\/modele-broderie-coussin-pique-epingles-poids-de-couture-turquoise-rose\\\/#primaryimage\"},\"image\":{\"@id\":\"https:\\\/\\\/fabyreilly.com\\\/fr\\\/produit\\\/modele-broderie-coussin-pique-epingles-poids-de-couture-turquoise-rose\\\/#primaryimage\"},\"thumbnailUrl\":\"https:\\\/\\\/i0.wp.com\\\/fabyreilly.com\\\/wp-content\\\/uploads\\\/2024\\\/06\\\/Teal-Pink-Wrist-Pincushion-01-Faby-Reilly-Designs.jpg?fit=2000%2C2000&ssl=1\",\"datePublished\":\"2024-06-13T12:11:14+00:00\",\"dateModified\":\"2026-03-09T09:34:02+00:00\",\"description\":\"Vous cherchez un mod\u00e8le broderie de coussin pique-aiguilles ? Brodez le joli bracelet pique-\u00e9pingles Turquoise & Rose et ses poids de couture pour un set amusant et utile !\",\"breadcrumb\":{\"@id\":\"https:\\\/\\\/fabyreilly.com\\\/fr\\\/produit\\\/modele-broderie-coussin-pique-epingles-poids-de-couture-turquoise-rose\\\/#breadcrumb\"},\"inLanguage\":\"fr-FR\",\"potentialAction\":[{\"@type\":\"ReadAction\",\"target\":[\"https:\\\/\\\/fabyreilly.com\\\/fr\\\/produit\\\/modele-broderie-coussin-pique-epingles-poids-de-couture-turquoise-rose\\\/\"]}]},{\"@type\":\"ImageObject\",\"inLanguage\":\"fr-FR\",\"@id\":\"https:\\\/\\\/fabyreilly.com\\\/fr\\\/produit\\\/modele-broderie-coussin-pique-epingles-poids-de-couture-turquoise-rose\\\/#primaryimage\",\"url\":\"https:\\\/\\\/i0.wp.com\\\/fabyreilly.com\\\/wp-content\\\/uploads\\\/2024\\\/06\\\/Teal-Pink-Wrist-Pincushion-01-Faby-Reilly-Designs.jpg?fit=2000%2C2000&ssl=1\",\"contentUrl\":\"https:\\\/\\\/i0.wp.com\\\/fabyreilly.com\\\/wp-content\\\/uploads\\\/2024\\\/06\\\/Teal-Pink-Wrist-Pincushion-01-Faby-Reilly-Designs.jpg?fit=2000%2C2000&ssl=1\",\"width\":2000,\"height\":2000,\"caption\":\"Mod\u00e8les brod\u00e9s du patron Pique-\u00e9pingles et poids Turquoise et Rose\"},{\"@type\":\"BreadcrumbList\",\"@id\":\"https:\\\/\\\/fabyreilly.com\\\/fr\\\/produit\\\/modele-broderie-coussin-pique-epingles-poids-de-couture-turquoise-rose\\\/#breadcrumb\",\"itemListElement\":[{\"@type\":\"ListItem\",\"position\":1,\"name\":\"Accueil\",\"item\":\"https:\\\/\\\/fabyreilly.com\\\/fr\\\/\"},{\"@type\":\"ListItem\",\"position\":2,\"name\":\"Boutique\",\"item\":\"https:\\\/\\\/fabyreilly.com\\\/fr\\\/boutique\\\/\"},{\"@type\":\"ListItem\",\"position\":3,\"name\":\"Mod\u00e8le pique-\u00e9pingles et poids Turquoise &amp; Rose\"}]},{\"@type\":\"WebSite\",\"@id\":\"https:\\\/\\\/fabyreilly.com\\\/fr\\\/#website\",\"url\":\"https:\\\/\\\/fabyreilly.com\\\/fr\\\/\",\"name\":\"Faby Reilly Designs\",\"description\":\"Brodez avec style et \u00e9l\u00e9gance\",\"publisher\":{\"@id\":\"https:\\\/\\\/fabyreilly.com\\\/fr\\\/#organization\"},\"alternateName\":\"FRD\",\"potentialAction\":[{\"@type\":\"SearchAction\",\"target\":{\"@type\":\"EntryPoint\",\"urlTemplate\":\"https:\\\/\\\/fabyreilly.com\\\/fr\\\/?s={search_term_string}\"},\"query-input\":{\"@type\":\"PropertyValueSpecification\",\"valueRequired\":true,\"valueName\":\"search_term_string\"}}],\"inLanguage\":\"fr-FR\"},{\"@type\":\"Organization\",\"@id\":\"https:\\\/\\\/fabyreilly.com\\\/fr\\\/#organization\",\"name\":\"Faby Reilly Designs\",\"alternateName\":\"FRD\",\"url\":\"https:\\\/\\\/fabyreilly.com\\\/fr\\\/\",\"logo\":{\"@type\":\"ImageObject\",\"inLanguage\":\"fr-FR\",\"@id\":\"https:\\\/\\\/fabyreilly.com\\\/fr\\\/#\\\/schema\\\/logo\\\/image\\\/\",\"url\":\"https:\\\/\\\/i0.wp.com\\\/fabyreilly.com\\\/wp-content\\\/uploads\\\/2026\\\/04\\\/FRD-Tag-Logo.png?fit=600%2C250&ssl=1\",\"contentUrl\":\"https:\\\/\\\/i0.wp.com\\\/fabyreilly.com\\\/wp-content\\\/uploads\\\/2026\\\/04\\\/FRD-Tag-Logo.png?fit=600%2C250&ssl=1\",\"width\":600,\"height\":250,\"caption\":\"Faby Reilly Designs\"},\"image\":{\"@id\":\"https:\\\/\\\/fabyreilly.com\\\/fr\\\/#\\\/schema\\\/logo\\\/image\\\/\"},\"sameAs\":[\"https:\\\/\\\/www.facebook.com\\\/FabyReillyDesigns\\\/\",\"https:\\\/\\\/x.com\\\/FabyReilly\",\"https:\\\/\\\/www.instagram.com\\\/fabyreillydesigns\\\/\",\"https:\\\/\\\/www.pinterest.fr\\\/fabyreilly\\\/\"]}]}<\/script>\n<!-- \/ Yoast SEO plugin. -->","yoast_head_json":{"title":"Mod\u00e8le broderie point de croix bracelet pique-\u00e9pingle et poids de couture Turquoise & Rose - Faby Reilly Designs","description":"Vous cherchez un mod\u00e8le broderie de coussin pique-aiguilles ? Brodez le joli bracelet pique-\u00e9pingles Turquoise & Rose et ses poids de couture pour un set amusant et utile !","robots":{"index":"index","follow":"follow","max-snippet":"max-snippet:-1","max-image-preview":"max-image-preview:large","max-video-preview":"max-video-preview:-1"},"canonical":"https:\/\/fabyreilly.com\/fr\/produit\/modele-broderie-coussin-pique-epingles-poids-de-couture-turquoise-rose\/","og_locale":"fr_FR","og_type":"article","og_title":"Mod\u00e8le broderie point de croix bracelet pique-\u00e9pingle et poids de couture Turquoise & Rose - Faby Reilly Designs","og_description":"Vous cherchez un mod\u00e8le broderie de coussin pique-aiguilles ? Brodez le joli bracelet pique-\u00e9pingles Turquoise & Rose et ses poids de couture pour un set amusant et utile !","og_url":"https:\/\/fabyreilly.com\/fr\/produit\/modele-broderie-coussin-pique-epingles-poids-de-couture-turquoise-rose\/","og_site_name":"Faby Reilly Designs","article_publisher":"https:\/\/www.facebook.com\/FabyReillyDesigns\/","article_modified_time":"2026-03-09T09:34:02+00:00","og_image":[{"width":2000,"height":2000,"url":"https:\/\/i0.wp.com\/fabyreilly.com\/wp-content\/uploads\/2024\/06\/Teal-Pink-Wrist-Pincushion-01-Faby-Reilly-Designs.jpg?fit=2000%2C2000&ssl=1","type":"image\/jpeg"}],"twitter_card":"summary_large_image","twitter_site":"@FabyReilly","twitter_misc":{"Dur\u00e9e de lecture estim\u00e9e":"2 minutes"},"schema":{"@context":"https:\/\/schema.org","@graph":[{"@type":"WebPage","@id":"https:\/\/fabyreilly.com\/fr\/produit\/modele-broderie-coussin-pique-epingles-poids-de-couture-turquoise-rose\/","url":"https:\/\/fabyreilly.com\/fr\/produit\/modele-broderie-coussin-pique-epingles-poids-de-couture-turquoise-rose\/","name":"Mod\u00e8le broderie point de croix bracelet pique-\u00e9pingle et poids de couture Turquoise & Rose - Faby Reilly Designs","isPartOf":{"@id":"https:\/\/fabyreilly.com\/fr\/#website"},"primaryImageOfPage":{"@id":"https:\/\/fabyreilly.com\/fr\/produit\/modele-broderie-coussin-pique-epingles-poids-de-couture-turquoise-rose\/#primaryimage"},"image":{"@id":"https:\/\/fabyreilly.com\/fr\/produit\/modele-broderie-coussin-pique-epingles-poids-de-couture-turquoise-rose\/#primaryimage"},"thumbnailUrl":"https:\/\/i0.wp.com\/fabyreilly.com\/wp-content\/uploads\/2024\/06\/Teal-Pink-Wrist-Pincushion-01-Faby-Reilly-Designs.jpg?fit=2000%2C2000&ssl=1","datePublished":"2024-06-13T12:11:14+00:00","dateModified":"2026-03-09T09:34:02+00:00","description":"Vous cherchez un mod\u00e8le broderie de coussin pique-aiguilles ? Brodez le joli bracelet pique-\u00e9pingles Turquoise & Rose et ses poids de couture pour un set amusant et utile !","breadcrumb":{"@id":"https:\/\/fabyreilly.com\/fr\/produit\/modele-broderie-coussin-pique-epingles-poids-de-couture-turquoise-rose\/#breadcrumb"},"inLanguage":"fr-FR","potentialAction":[{"@type":"ReadAction","target":["https:\/\/fabyreilly.com\/fr\/produit\/modele-broderie-coussin-pique-epingles-poids-de-couture-turquoise-rose\/"]}]},{"@type":"ImageObject","inLanguage":"fr-FR","@id":"https:\/\/fabyreilly.com\/fr\/produit\/modele-broderie-coussin-pique-epingles-poids-de-couture-turquoise-rose\/#primaryimage","url":"https:\/\/i0.wp.com\/fabyreilly.com\/wp-content\/uploads\/2024\/06\/Teal-Pink-Wrist-Pincushion-01-Faby-Reilly-Designs.jpg?fit=2000%2C2000&ssl=1","contentUrl":"https:\/\/i0.wp.com\/fabyreilly.com\/wp-content\/uploads\/2024\/06\/Teal-Pink-Wrist-Pincushion-01-Faby-Reilly-Designs.jpg?fit=2000%2C2000&ssl=1","width":2000,"height":2000,"caption":"Mod\u00e8les brod\u00e9s du patron Pique-\u00e9pingles et poids Turquoise et Rose"},{"@type":"BreadcrumbList","@id":"https:\/\/fabyreilly.com\/fr\/produit\/modele-broderie-coussin-pique-epingles-poids-de-couture-turquoise-rose\/#breadcrumb","itemListElement":[{"@type":"ListItem","position":1,"name":"Accueil","item":"https:\/\/fabyreilly.com\/fr\/"},{"@type":"ListItem","position":2,"name":"Boutique","item":"https:\/\/fabyreilly.com\/fr\/boutique\/"},{"@type":"ListItem","position":3,"name":"Mod\u00e8le pique-\u00e9pingles et poids Turquoise &amp; Rose"}]},{"@type":"WebSite","@id":"https:\/\/fabyreilly.com\/fr\/#website","url":"https:\/\/fabyreilly.com\/fr\/","name":"Faby Reilly Designs","description":"Brodez avec style et \u00e9l\u00e9gance","publisher":{"@id":"https:\/\/fabyreilly.com\/fr\/#organization"},"alternateName":"FRD","potentialAction":[{"@type":"SearchAction","target":{"@type":"EntryPoint","urlTemplate":"https:\/\/fabyreilly.com\/fr\/?s={search_term_string}"},"query-input":{"@type":"PropertyValueSpecification","valueRequired":true,"valueName":"search_term_string"}}],"inLanguage":"fr-FR"},{"@type":"Organization","@id":"https:\/\/fabyreilly.com\/fr\/#organization","name":"Faby Reilly Designs","alternateName":"FRD","url":"https:\/\/fabyreilly.com\/fr\/","logo":{"@type":"ImageObject","inLanguage":"fr-FR","@id":"https:\/\/fabyreilly.com\/fr\/#\/schema\/logo\/image\/","url":"https:\/\/i0.wp.com\/fabyreilly.com\/wp-content\/uploads\/2026\/04\/FRD-Tag-Logo.png?fit=600%2C250&ssl=1","contentUrl":"https:\/\/i0.wp.com\/fabyreilly.com\/wp-content\/uploads\/2026\/04\/FRD-Tag-Logo.png?fit=600%2C250&ssl=1","width":600,"height":250,"caption":"Faby Reilly Designs"},"image":{"@id":"https:\/\/fabyreilly.com\/fr\/#\/schema\/logo\/image\/"},"sameAs":["https:\/\/www.facebook.com\/FabyReillyDesigns\/","https:\/\/x.com\/FabyReilly","https:\/\/www.instagram.com\/fabyreillydesigns\/","https:\/\/www.pinterest.fr\/fabyreilly\/"]}]}},"jetpack_publicize_connections":[],"jetpack_likes_enabled":true,"jetpack_sharing_enabled":true,"_links":{"self":[{"href":"https:\/\/fabyreilly.com\/fr\/wp-json\/wp\/v2\/product\/164468","targetHints":{"allow":["GET"]}}],"collection":[{"href":"https:\/\/fabyreilly.com\/fr\/wp-json\/wp\/v2\/product"}],"about":[{"href":"https:\/\/fabyreilly.com\/fr\/wp-json\/wp\/v2\/types\/product"}],"replies":[{"embeddable":true,"href":"https:\/\/fabyreilly.com\/fr\/wp-json\/wp\/v2\/comments?post=164468"}],"wp:featuredmedia":[{"embeddable":true,"href":"https:\/\/fabyreilly.com\/fr\/wp-json\/wp\/v2\/media\/164459"}],"wp:attachment":[{"href":"https:\/\/fabyreilly.com\/fr\/wp-json\/wp\/v2\/media?parent=164468"}],"wp:term":[{"taxonomy":"product_brand","embeddable":true,"href":"https:\/\/fabyreilly.com\/fr\/wp-json\/wp\/v2\/product_brand?post=164468"},{"taxonomy":"product_cat","embeddable":true,"href":"https:\/\/fabyreilly.com\/fr\/wp-json\/wp\/v2\/product_cat?post=164468"},{"taxonomy":"product_tag","embeddable":true,"href":"https:\/\/fabyreilly.com\/fr\/wp-json\/wp\/v2\/product_tag?post=164468"}],"curies":[{"name":"wp","href":"https:\/\/api.w.org\/{rel}","templated":true}]}}