{"id":164018,"date":"2024-01-26T09:00:05","date_gmt":"2024-01-26T08:00:05","guid":{"rendered":"https:\/\/fabyreilly.com\/product\/modele-broderie-sal-couverture-de-cahier-marie-annick\/"},"modified":"2026-02-06T16:19:42","modified_gmt":"2026-02-06T15:19:42","slug":"modele-broderie-sal-couverture-de-cahier-marie-annick","status":"publish","type":"product","link":"https:\/\/fabyreilly.com\/fr\/produit\/modele-broderie-sal-couverture-de-cahier-marie-annick\/","title":{"rendered":"Mod\u00e8le couverture de cahier Marie-Annick"},"content":{"rendered":"<p><strong>SAL (stitch-along) BRODERIE MARIE-ANNICK<\/strong><\/p>\n<p><strong>Avec ce SAL<\/strong>, vous recevrez imm\u00e9diatement un <strong><span style=\"color: #b1917c;\">PDF t\u00e9l\u00e9chargeable<\/span><\/strong> avec <strong>toutes les informations n\u00e9cessaires pour se lancer<\/strong>:<\/p>\n<ul>\n<li>la liste d\u00e9taill\u00e9e des <span style=\"color: #b1917c;\"><strong>fournitures n\u00e9cessaires<\/strong><\/span><\/li>\n<li>une <span style=\"color: #b1917c;\"><strong>page planning<\/strong><\/span> avec toutes les dates du SAL<\/li>\n<li>une <span style=\"color: #b1917c;\"><strong>l\u00e9gende<\/strong><\/span> de toutes les couleurs utilis\u00e9es<\/li>\n<li>une page <span style=\"color: #b1917c;\"><strong>astuces<\/strong><\/span> avec des liens vers des articles utiles sur mon blog<\/li>\n<li>un <strong><span style=\"color: #b1917c;\">tri-fils<\/span><\/strong> imprimable<\/li>\n<li>un <span style=\"color: #b1917c;\"><strong>tutoriel des points sp\u00e9ciaux<\/strong><\/span> pour tous les points sp\u00e9ciaux utilis\u00e9s dans le SAL<\/li>\n<\/ul>\n<p><b>CHAQUE PARTIE est ensuite t\u00e9l\u00e9chargeable<\/b> :<\/p>\n<ul>\n<li>un <strong><span style=\"color: #b1917c;\">diagramme<\/span><\/strong> pour chacune des <strong><span style=\"color: #b1917c;\">7 sections<\/span><\/strong> \u00e0 broder<\/li>\n<li>un <span style=\"color: #b1917c;\"><strong>tutoriel des finitions<\/strong><\/span> avec instructions &amp; photos \u00e0 l\u2019appui, pour assembler ce projet de A \u00e0 Z<\/li>\n<\/ul>\n<p><b>FOURNITURES<\/b>:<\/p>\n<ul>\n<li>Lin Cashel de Zweigart en 11,2 fils (28 ct)<\/li>\n<li>Fils moulin\u00e9s DMC<\/li>\n<li>Perles Mill Hill<\/li>\n<li>paillettes (sequins) de 6 mm de diam\u00e8tre<\/li>\n<\/ul>\n<p><strong>CE MODELE CONTIENT<\/strong>:<\/p>\n<ul>\n<li>point de croix<\/li>\n<li>point arri\u00e8re<\/li>\n<li>1 point sp\u00e9cial<\/li>\n<li>perles<\/li>\n<li>sequins (paillettes)<\/li>\n<\/ul>\n<p><strong>LIENS UTILES:<\/strong><\/p>\n<ul>\n<li><strong>Groupe Facebook<\/strong>: si vous \u00eates sur Facebook, n\u2019h\u00e9sitez pas \u00e0 vous joindre au <strong>Groupe des SALs Faby Reilly Designs<\/strong>: <strong><a href=\"https:\/\/www.facebook.com\/groups\/FRDSALS\/\" target=\"_blank\" rel=\"noopener noreferrer\">https:\/\/www.facebook.com\/groups\/FRDSALS\/<\/a><\/strong> o\u00f9 je serai disponible pour r\u00e9pondre \u00e0 vos questions, et o\u00f9 nous pourrons tous et toutes admirer nos travaux respectifs tout au long du SAL!<\/li>\n<\/ul>\n<p>(il n&#8217;est bien entendu pas obligatoire d&#8217;\u00eatre sur Facebook pour participer \u00e0 ce SAL &#8211; Je suis aussi joignable per email ou par le <strong><a href=\"https:\/\/fabyreilly.com\/fr\/info\/contact\/\">Formulaire de Contact<\/a><\/strong>)<\/p>\n<p>Si vous voulez broder ce joli mod\u00e8le et peut-\u00eatre profiter de cette occasion pour apprendre de nouvelles techniques, tout en sachant que vous recevrez de l&#8217;aide \u00e0 chaque \u00e9tape, JOIGNEZ-VOUS \u00c0 NOUS !<\/p>\n<p>Vous avez une question ? N&#8217;h\u00e9sitez pas \u00e0 <strong><a href=\"https:\/\/fabyreilly.com\/fr\/info\/contact\/\">me contacter<\/a><\/strong>!<\/p>\n","protected":false},"excerpt":{"rendered":"<p>Le <span style=\"color: #b1917c;\"><strong>SAL couverture de cahier Marie-Annick<\/strong><\/span> est maintenant enti\u00e8rement d\u00e9voil\u00e9 \u2013 il n\u2019y aura donc plus de nouvelle publication. Cela dit, il n\u2019y a pas de date limite pour le broder. Les nouveaux membres sont donc bien s\u00fbr bienvenus \u00e0 tout moment ! Ce mod\u00e8le est d\u00e9di\u00e9 \u00e0 la m\u00e9moire de <strong><a href=\"https:\/\/fabyreilly.com\/fr\/sals-stitch-along-events\/\" target=\"_blank\" rel=\"noopener\">Marie-Annick<\/a><\/strong>. Pour en savoir plus sur elle, cliquer <strong><a href=\"https:\/\/fabyreilly.com\/fr\/sals-stitch-along-events\/\" target=\"_blank\" rel=\"noopener\">ICI<\/a><\/strong>.<\/p>\n<p>D&#8217;ici \u00e0 la fin de ce SAL, vous aurez brod\u00e9 et assembl\u00e9 une jolie petite <strong>couverture de cahier<\/strong>.<\/p>\n<p>Voir <strong>l&#8217;onglet Description<\/strong> pour plus d&#8217;infos.<\/p>\n<p><strong>NOTE<\/strong> : l&#8217;inscription au SAL se fait en UNE SEULE FOIS &#8211; il n&#8217;y a pas de frais suppl\u00e9mentaires pour les sections du SAL.<\/p>\n<p>Notez aussi que vous aurez besoin d&#8217;une <strong>machine \u00e0 coudre<\/strong> pour les finitions de ce mod\u00e8le en couverture de cahier. Si vous n&#8217;avez pas acc\u00e8s \u00e0 une machine \u00e0 coudre, vous pouvez toujours coudre ce motif sur une couverture support \u00e0 broder (comme le faisait Marie-Annick), ou simplement l&#8217;encadrer.<\/p>\n","protected":false},"featured_media":164618,"comment_status":"open","ping_status":"closed","template":"","meta":{"_coblocks_attr":"","_coblocks_dimensions":"","_coblocks_responsive_height":"","_coblocks_accordion_ie_support":"","_crdt_document":"","jetpack_publicize_message":"","jetpack_publicize_feature_enabled":true,"jetpack_social_post_already_shared":true,"jetpack_social_options":{"image_generator_settings":{"template":"highway","default_image_id":0,"font":"","enabled":false},"version":2},"_wpas_customize_per_network":false},"product_brand":[],"product_cat":[650086191],"product_tag":[650086178],"class_list":{"0":"post-164018","1":"product","2":"type-product","3":"status-publish","4":"has-post-thumbnail","6":"product_cat-sal-fr","7":"product_tag-intermediaire","8":"pa_colour-bleu","9":"pa_colour-jaune","10":"pa_colour-marron","11":"pa_colour-rose","12":"pa_colour-vert","13":"pa_embellishments-paillettes-sequins","14":"pa_embellishments-perles","15":"pa_shape-couvertures-de-cahier","16":"pa_skill-level-intermediaire","17":"pa_special-stitches-perles","18":"pa_special-stitches-point-doeillet-rond","19":"pa_tags-arbres","20":"pa_tags-feuilles","21":"pa_tags-petits-modeles","22":"pa_tags-scintillant","23":"pa_tags-tri-fils","24":"pa_techniques-point-arriere","25":"pa_techniques-points-speciaux","26":"pa_theme-amour","27":"pa_theme-anniversaires","28":"pa_theme-ete","29":"pa_theme-inspiration","30":"pa_theme-printemps","32":"first","33":"instock","34":"downloadable","35":"virtual","36":"purchasable","37":"product-type-simple"},"yoast_head":"<!-- This site is optimized with the Yoast SEO plugin v27.6 - https:\/\/yoast.com\/product\/yoast-seo-wordpress\/ -->\n<title>Mod\u00e8le SAL Marie-Annick en broderie point de croix - Faby Reilly Designs<\/title>\n<meta name=\"description\" content=\"Envie de r\u00e9aliser votre propre couverture de cahier ? Brodez et cousez ce mod\u00e8le pour cr\u00e9er une magnifique couverture au motif arbre de vie, qui s&#039;adaptera au cahier de votre choix ;\" \/>\n<meta name=\"robots\" content=\"index, follow, max-snippet:-1, max-image-preview:large, max-video-preview:-1\" \/>\n<link rel=\"canonical\" href=\"https:\/\/fabyreilly.com\/fr\/produit\/modele-broderie-sal-couverture-de-cahier-marie-annick\/\" \/>\n<meta property=\"og:locale\" content=\"fr_FR\" \/>\n<meta property=\"og:type\" content=\"article\" \/>\n<meta property=\"og:title\" content=\"Mod\u00e8le SAL Marie-Annick en broderie point de croix - Faby Reilly Designs\" \/>\n<meta property=\"og:description\" content=\"Envie de r\u00e9aliser votre propre couverture de cahier ? Brodez et cousez ce mod\u00e8le pour cr\u00e9er une magnifique couverture au motif arbre de vie, qui s&#039;adaptera au cahier de votre choix ;\" \/>\n<meta property=\"og:url\" content=\"https:\/\/fabyreilly.com\/fr\/produit\/modele-broderie-sal-couverture-de-cahier-marie-annick\/\" \/>\n<meta property=\"og:site_name\" content=\"Faby Reilly Designs\" \/>\n<meta property=\"article:publisher\" content=\"https:\/\/www.facebook.com\/FabyReillyDesigns\/\" \/>\n<meta property=\"article:modified_time\" content=\"2026-02-06T15:19:42+00:00\" \/>\n<meta property=\"og:image\" content=\"https:\/\/i0.wp.com\/fabyreilly.com\/wp-content\/uploads\/2024\/01\/MA-Book-Cover-01-Faby-Reilly-Designs.jpg?fit=2000%2C2000&ssl=1\" \/>\n\t<meta property=\"og:image:width\" content=\"2000\" \/>\n\t<meta property=\"og:image:height\" content=\"2000\" \/>\n\t<meta property=\"og:image:type\" content=\"image\/jpeg\" \/>\n<meta name=\"twitter:card\" content=\"summary_large_image\" \/>\n<meta name=\"twitter:site\" content=\"@FabyReilly\" \/>\n<meta name=\"twitter:label1\" content=\"Dur\u00e9e de lecture estim\u00e9e\" \/>\n\t<meta name=\"twitter:data1\" content=\"2 minutes\" \/>\n<script type=\"application\/ld+json\" class=\"yoast-schema-graph\">{\"@context\":\"https:\\\/\\\/schema.org\",\"@graph\":[{\"@type\":\"WebPage\",\"@id\":\"https:\\\/\\\/fabyreilly.com\\\/fr\\\/produit\\\/modele-broderie-sal-couverture-de-cahier-marie-annick\\\/\",\"url\":\"https:\\\/\\\/fabyreilly.com\\\/fr\\\/produit\\\/modele-broderie-sal-couverture-de-cahier-marie-annick\\\/\",\"name\":\"Mod\u00e8le SAL Marie-Annick en broderie point de croix - Faby Reilly Designs\",\"isPartOf\":{\"@id\":\"https:\\\/\\\/fabyreilly.com\\\/fr\\\/#website\"},\"primaryImageOfPage\":{\"@id\":\"https:\\\/\\\/fabyreilly.com\\\/fr\\\/produit\\\/modele-broderie-sal-couverture-de-cahier-marie-annick\\\/#primaryimage\"},\"image\":{\"@id\":\"https:\\\/\\\/fabyreilly.com\\\/fr\\\/produit\\\/modele-broderie-sal-couverture-de-cahier-marie-annick\\\/#primaryimage\"},\"thumbnailUrl\":\"https:\\\/\\\/i0.wp.com\\\/fabyreilly.com\\\/wp-content\\\/uploads\\\/2024\\\/01\\\/MA-Book-Cover-01-Faby-Reilly-Designs.jpg?fit=2000%2C2000&ssl=1\",\"datePublished\":\"2024-01-26T08:00:05+00:00\",\"dateModified\":\"2026-02-06T15:19:42+00:00\",\"description\":\"Envie de r\u00e9aliser votre propre couverture de cahier ? Brodez et cousez ce mod\u00e8le pour cr\u00e9er une magnifique couverture au motif arbre de vie, qui s'adaptera au cahier de votre choix ;\",\"breadcrumb\":{\"@id\":\"https:\\\/\\\/fabyreilly.com\\\/fr\\\/produit\\\/modele-broderie-sal-couverture-de-cahier-marie-annick\\\/#breadcrumb\"},\"inLanguage\":\"fr-FR\",\"potentialAction\":[{\"@type\":\"ReadAction\",\"target\":[\"https:\\\/\\\/fabyreilly.com\\\/fr\\\/produit\\\/modele-broderie-sal-couverture-de-cahier-marie-annick\\\/\"]}]},{\"@type\":\"ImageObject\",\"inLanguage\":\"fr-FR\",\"@id\":\"https:\\\/\\\/fabyreilly.com\\\/fr\\\/produit\\\/modele-broderie-sal-couverture-de-cahier-marie-annick\\\/#primaryimage\",\"url\":\"https:\\\/\\\/i0.wp.com\\\/fabyreilly.com\\\/wp-content\\\/uploads\\\/2024\\\/01\\\/MA-Book-Cover-01-Faby-Reilly-Designs.jpg?fit=2000%2C2000&ssl=1\",\"contentUrl\":\"https:\\\/\\\/i0.wp.com\\\/fabyreilly.com\\\/wp-content\\\/uploads\\\/2024\\\/01\\\/MA-Book-Cover-01-Faby-Reilly-Designs.jpg?fit=2000%2C2000&ssl=1\",\"width\":2000,\"height\":2000},{\"@type\":\"BreadcrumbList\",\"@id\":\"https:\\\/\\\/fabyreilly.com\\\/fr\\\/produit\\\/modele-broderie-sal-couverture-de-cahier-marie-annick\\\/#breadcrumb\",\"itemListElement\":[{\"@type\":\"ListItem\",\"position\":1,\"name\":\"Accueil\",\"item\":\"https:\\\/\\\/fabyreilly.com\\\/fr\\\/\"},{\"@type\":\"ListItem\",\"position\":2,\"name\":\"Boutique\",\"item\":\"https:\\\/\\\/fabyreilly.com\\\/fr\\\/boutique\\\/\"},{\"@type\":\"ListItem\",\"position\":3,\"name\":\"Mod\u00e8le couverture de cahier Marie-Annick\"}]},{\"@type\":\"WebSite\",\"@id\":\"https:\\\/\\\/fabyreilly.com\\\/fr\\\/#website\",\"url\":\"https:\\\/\\\/fabyreilly.com\\\/fr\\\/\",\"name\":\"Faby Reilly Designs\",\"description\":\"Brodez avec style et \u00e9l\u00e9gance\",\"publisher\":{\"@id\":\"https:\\\/\\\/fabyreilly.com\\\/fr\\\/#organization\"},\"alternateName\":\"FRD\",\"potentialAction\":[{\"@type\":\"SearchAction\",\"target\":{\"@type\":\"EntryPoint\",\"urlTemplate\":\"https:\\\/\\\/fabyreilly.com\\\/fr\\\/?s={search_term_string}\"},\"query-input\":{\"@type\":\"PropertyValueSpecification\",\"valueRequired\":true,\"valueName\":\"search_term_string\"}}],\"inLanguage\":\"fr-FR\"},{\"@type\":\"Organization\",\"@id\":\"https:\\\/\\\/fabyreilly.com\\\/fr\\\/#organization\",\"name\":\"Faby Reilly Designs\",\"alternateName\":\"FRD\",\"url\":\"https:\\\/\\\/fabyreilly.com\\\/fr\\\/\",\"logo\":{\"@type\":\"ImageObject\",\"inLanguage\":\"fr-FR\",\"@id\":\"https:\\\/\\\/fabyreilly.com\\\/fr\\\/#\\\/schema\\\/logo\\\/image\\\/\",\"url\":\"https:\\\/\\\/i0.wp.com\\\/fabyreilly.com\\\/wp-content\\\/uploads\\\/2026\\\/04\\\/FRD-Tag-Logo.png?fit=600%2C250&ssl=1\",\"contentUrl\":\"https:\\\/\\\/i0.wp.com\\\/fabyreilly.com\\\/wp-content\\\/uploads\\\/2026\\\/04\\\/FRD-Tag-Logo.png?fit=600%2C250&ssl=1\",\"width\":600,\"height\":250,\"caption\":\"Faby Reilly Designs\"},\"image\":{\"@id\":\"https:\\\/\\\/fabyreilly.com\\\/fr\\\/#\\\/schema\\\/logo\\\/image\\\/\"},\"sameAs\":[\"https:\\\/\\\/www.facebook.com\\\/FabyReillyDesigns\\\/\",\"https:\\\/\\\/x.com\\\/FabyReilly\",\"https:\\\/\\\/www.instagram.com\\\/fabyreillydesigns\\\/\",\"https:\\\/\\\/www.pinterest.fr\\\/fabyreilly\\\/\"]}]}<\/script>\n<!-- \/ Yoast SEO plugin. -->","yoast_head_json":{"title":"Mod\u00e8le SAL Marie-Annick en broderie point de croix - Faby Reilly Designs","description":"Envie de r\u00e9aliser votre propre couverture de cahier ? Brodez et cousez ce mod\u00e8le pour cr\u00e9er une magnifique couverture au motif arbre de vie, qui s'adaptera au cahier de votre choix ;","robots":{"index":"index","follow":"follow","max-snippet":"max-snippet:-1","max-image-preview":"max-image-preview:large","max-video-preview":"max-video-preview:-1"},"canonical":"https:\/\/fabyreilly.com\/fr\/produit\/modele-broderie-sal-couverture-de-cahier-marie-annick\/","og_locale":"fr_FR","og_type":"article","og_title":"Mod\u00e8le SAL Marie-Annick en broderie point de croix - Faby Reilly Designs","og_description":"Envie de r\u00e9aliser votre propre couverture de cahier ? Brodez et cousez ce mod\u00e8le pour cr\u00e9er une magnifique couverture au motif arbre de vie, qui s'adaptera au cahier de votre choix ;","og_url":"https:\/\/fabyreilly.com\/fr\/produit\/modele-broderie-sal-couverture-de-cahier-marie-annick\/","og_site_name":"Faby Reilly Designs","article_publisher":"https:\/\/www.facebook.com\/FabyReillyDesigns\/","article_modified_time":"2026-02-06T15:19:42+00:00","og_image":[{"width":2000,"height":2000,"url":"https:\/\/i0.wp.com\/fabyreilly.com\/wp-content\/uploads\/2024\/01\/MA-Book-Cover-01-Faby-Reilly-Designs.jpg?fit=2000%2C2000&ssl=1","type":"image\/jpeg"}],"twitter_card":"summary_large_image","twitter_site":"@FabyReilly","twitter_misc":{"Dur\u00e9e de lecture estim\u00e9e":"2 minutes"},"schema":{"@context":"https:\/\/schema.org","@graph":[{"@type":"WebPage","@id":"https:\/\/fabyreilly.com\/fr\/produit\/modele-broderie-sal-couverture-de-cahier-marie-annick\/","url":"https:\/\/fabyreilly.com\/fr\/produit\/modele-broderie-sal-couverture-de-cahier-marie-annick\/","name":"Mod\u00e8le SAL Marie-Annick en broderie point de croix - Faby Reilly Designs","isPartOf":{"@id":"https:\/\/fabyreilly.com\/fr\/#website"},"primaryImageOfPage":{"@id":"https:\/\/fabyreilly.com\/fr\/produit\/modele-broderie-sal-couverture-de-cahier-marie-annick\/#primaryimage"},"image":{"@id":"https:\/\/fabyreilly.com\/fr\/produit\/modele-broderie-sal-couverture-de-cahier-marie-annick\/#primaryimage"},"thumbnailUrl":"https:\/\/i0.wp.com\/fabyreilly.com\/wp-content\/uploads\/2024\/01\/MA-Book-Cover-01-Faby-Reilly-Designs.jpg?fit=2000%2C2000&ssl=1","datePublished":"2024-01-26T08:00:05+00:00","dateModified":"2026-02-06T15:19:42+00:00","description":"Envie de r\u00e9aliser votre propre couverture de cahier ? Brodez et cousez ce mod\u00e8le pour cr\u00e9er une magnifique couverture au motif arbre de vie, qui s'adaptera au cahier de votre choix ;","breadcrumb":{"@id":"https:\/\/fabyreilly.com\/fr\/produit\/modele-broderie-sal-couverture-de-cahier-marie-annick\/#breadcrumb"},"inLanguage":"fr-FR","potentialAction":[{"@type":"ReadAction","target":["https:\/\/fabyreilly.com\/fr\/produit\/modele-broderie-sal-couverture-de-cahier-marie-annick\/"]}]},{"@type":"ImageObject","inLanguage":"fr-FR","@id":"https:\/\/fabyreilly.com\/fr\/produit\/modele-broderie-sal-couverture-de-cahier-marie-annick\/#primaryimage","url":"https:\/\/i0.wp.com\/fabyreilly.com\/wp-content\/uploads\/2024\/01\/MA-Book-Cover-01-Faby-Reilly-Designs.jpg?fit=2000%2C2000&ssl=1","contentUrl":"https:\/\/i0.wp.com\/fabyreilly.com\/wp-content\/uploads\/2024\/01\/MA-Book-Cover-01-Faby-Reilly-Designs.jpg?fit=2000%2C2000&ssl=1","width":2000,"height":2000},{"@type":"BreadcrumbList","@id":"https:\/\/fabyreilly.com\/fr\/produit\/modele-broderie-sal-couverture-de-cahier-marie-annick\/#breadcrumb","itemListElement":[{"@type":"ListItem","position":1,"name":"Accueil","item":"https:\/\/fabyreilly.com\/fr\/"},{"@type":"ListItem","position":2,"name":"Boutique","item":"https:\/\/fabyreilly.com\/fr\/boutique\/"},{"@type":"ListItem","position":3,"name":"Mod\u00e8le couverture de cahier Marie-Annick"}]},{"@type":"WebSite","@id":"https:\/\/fabyreilly.com\/fr\/#website","url":"https:\/\/fabyreilly.com\/fr\/","name":"Faby Reilly Designs","description":"Brodez avec style et \u00e9l\u00e9gance","publisher":{"@id":"https:\/\/fabyreilly.com\/fr\/#organization"},"alternateName":"FRD","potentialAction":[{"@type":"SearchAction","target":{"@type":"EntryPoint","urlTemplate":"https:\/\/fabyreilly.com\/fr\/?s={search_term_string}"},"query-input":{"@type":"PropertyValueSpecification","valueRequired":true,"valueName":"search_term_string"}}],"inLanguage":"fr-FR"},{"@type":"Organization","@id":"https:\/\/fabyreilly.com\/fr\/#organization","name":"Faby Reilly Designs","alternateName":"FRD","url":"https:\/\/fabyreilly.com\/fr\/","logo":{"@type":"ImageObject","inLanguage":"fr-FR","@id":"https:\/\/fabyreilly.com\/fr\/#\/schema\/logo\/image\/","url":"https:\/\/i0.wp.com\/fabyreilly.com\/wp-content\/uploads\/2026\/04\/FRD-Tag-Logo.png?fit=600%2C250&ssl=1","contentUrl":"https:\/\/i0.wp.com\/fabyreilly.com\/wp-content\/uploads\/2026\/04\/FRD-Tag-Logo.png?fit=600%2C250&ssl=1","width":600,"height":250,"caption":"Faby Reilly Designs"},"image":{"@id":"https:\/\/fabyreilly.com\/fr\/#\/schema\/logo\/image\/"},"sameAs":["https:\/\/www.facebook.com\/FabyReillyDesigns\/","https:\/\/x.com\/FabyReilly","https:\/\/www.instagram.com\/fabyreillydesigns\/","https:\/\/www.pinterest.fr\/fabyreilly\/"]}]}},"jetpack_publicize_connections":[],"jetpack_likes_enabled":true,"jetpack_sharing_enabled":true,"_links":{"self":[{"href":"https:\/\/fabyreilly.com\/fr\/wp-json\/wp\/v2\/product\/164018","targetHints":{"allow":["GET"]}}],"collection":[{"href":"https:\/\/fabyreilly.com\/fr\/wp-json\/wp\/v2\/product"}],"about":[{"href":"https:\/\/fabyreilly.com\/fr\/wp-json\/wp\/v2\/types\/product"}],"replies":[{"embeddable":true,"href":"https:\/\/fabyreilly.com\/fr\/wp-json\/wp\/v2\/comments?post=164018"}],"wp:featuredmedia":[{"embeddable":true,"href":"https:\/\/fabyreilly.com\/fr\/wp-json\/wp\/v2\/media\/164618"}],"wp:attachment":[{"href":"https:\/\/fabyreilly.com\/fr\/wp-json\/wp\/v2\/media?parent=164018"}],"wp:term":[{"taxonomy":"product_brand","embeddable":true,"href":"https:\/\/fabyreilly.com\/fr\/wp-json\/wp\/v2\/product_brand?post=164018"},{"taxonomy":"product_cat","embeddable":true,"href":"https:\/\/fabyreilly.com\/fr\/wp-json\/wp\/v2\/product_cat?post=164018"},{"taxonomy":"product_tag","embeddable":true,"href":"https:\/\/fabyreilly.com\/fr\/wp-json\/wp\/v2\/product_tag?post=164018"}],"curies":[{"name":"wp","href":"https:\/\/api.w.org\/{rel}","templated":true}]}}