{"id":163629,"date":"2023-11-30T16:13:15","date_gmt":"2023-11-30T15:13:15","guid":{"rendered":"https:\/\/fabyreilly.com\/product\/modele-equipe-de-noel-hardanger\/"},"modified":"2024-07-09T22:45:08","modified_gmt":"2024-07-09T20:45:08","slug":"modele-equipe-de-noel-hardanger","status":"publish","type":"product","link":"https:\/\/fabyreilly.com\/fr\/produit\/modele-equipe-de-noel-hardanger\/","title":{"rendered":"Mod\u00e8le \u00c9quipe de No\u00ebl Hardanger"},"content":{"rendered":"<p><strong>FICHE PDF DE BRODERIE EQUIPE DE NOEL HARDANGER<\/strong><\/p>\n<p>Mod\u00e8le de broderie t\u00e9l\u00e9chargeable de la collection <strong>\u201cQUICK CHALLENGE\u201d<\/strong> de Faby, pour apprendre \u00e0 broder des <span style=\"color: #b1917c;\"><strong>pav\u00e9s<\/strong><\/span>.<\/p>\n<p>Ce mod\u00e8le repr\u00e9sente une joyeuse bande de personnages de No\u00ebl et il est l\u00e9g\u00e8rement rehauss\u00e9 de fils dor\u00e9s et de travail d&#8217;ajourage.<\/p>\n<p><strong>FOURNITURES<\/strong>:<\/p>\n<ul>\n<li>Lin Zweigart 28ct (11,2 fils)<\/li>\n<li>Fils moulin\u00e9s DMC<\/li>\n<li>Rainbow Gallery Petite Treasure Braid<\/li>\n<li>Perles Mill Hill<\/li>\n<\/ul>\n<p><strong>CONTENU<\/strong>:<\/p>\n<ul>\n<li>la liste d\u00e9taill\u00e9e des <span style=\"color: #b1917c;\"><strong>fournitures<\/strong><\/span> n\u00e9cessaires<\/li>\n<li>la <span style=\"color: #b1917c;\"><strong>l\u00e9gende<\/strong><\/span> pour les symboles utilis\u00e9s<\/li>\n<li>un <span style=\"color: #b1917c;\"><strong>tutoriel masterclass d\u00e9taill\u00e9<\/strong><\/span> pour apprendre \u00e0 broder les pav\u00e9s<\/li>\n<li>un <span style=\"color: #b1917c;\"><strong>tri-fils imprimable<\/strong><\/span> pour ce mod\u00e8le<\/li>\n<li>des diagrammes en <span style=\"color: #b1917c;\"><strong>couleur<\/strong><\/span> (vue d\u2019ensemble \/ point de croix seul \/ tous les points)<\/li>\n<li>un diagramme <span style=\"color: #b1917c;\"><strong>hybride<\/strong><\/span> (point de croix noir et blanc avec point arri\u00e8re et points sp\u00e9ciaux en couleur)<\/li>\n<li>un <span style=\"color: #b1917c;\"><strong>tutoriel des finitions<\/strong><\/span> pour encadrer ce projet<\/li>\n<\/ul>\n<p>Pour <span style=\"color: #b1918c;\"><strong>davantage de photos<\/strong><\/span> ou pour voir <span style=\"color: #b1918c;\"><strong>les r\u00e9alisations d&#8217;autres brodeurs\/brodeuses<\/strong><\/span>, voir la <a href=\"https:\/\/www.pinterest.co.uk\/fabyreilly\/quick-challenge-gallery\/\" target=\"_blank\" rel=\"noopener\"><strong>Galerie Quick Challenge<\/strong><\/a>.<\/p>\n<p>Vous avez une question ? N&#8217;h\u00e9sitez pas \u00e0 me <strong><a href=\"https:\/\/fabyreilly.com\/info\/contact\/\">contacter<\/a><\/strong>!<\/p>\n","protected":false},"excerpt":{"rendered":"<p><strong>TYPE<\/strong> : mod\u00e8le PDF t\u00e9l\u00e9chargeable de broderie au point de croix<\/p>\n<p><strong>LANGUES<\/strong>: Anglais (UK) \/ Anglais (US) \/ Fran\u00e7ais<\/p>\n<p><strong>NIVEAU<\/strong>: <span style=\"color: #b1918c;\"><strong>Expert<\/strong><\/span><\/p>\n<p><strong>TAILLE<\/strong>: 40 x 90 points (<span style=\"color: #999999;\">largeur<\/span> x <span style=\"color: #999999;\">longueur<\/span>)<\/p>\n<p><strong>DIMENSION DE LA SURFACE BRODEE<\/strong> <span style=\"color: #999999;\">(sur la toile recommand\u00e9e)<\/span>: 16,5 x 7,5 cm <span style=\"color: #999999;\">(6,5\u2033 x 3\u2033)<\/span><\/p>\n<p>Pour plus de d\u00e9tails, voir l&#8217;onglet <strong>Description<\/strong> ci-dessous.<\/p>\n","protected":false},"featured_media":163628,"comment_status":"open","ping_status":"closed","template":"","meta":{"_coblocks_attr":"","_coblocks_dimensions":"","_coblocks_responsive_height":"","_coblocks_accordion_ie_support":"","_crdt_document":"","jetpack_publicize_message":"","jetpack_publicize_feature_enabled":true,"jetpack_social_post_already_shared":true,"jetpack_social_options":{"image_generator_settings":{"template":"highway","default_image_id":0,"font":"","enabled":false},"version":2},"_wpas_customize_per_network":false},"product_brand":[],"product_cat":[650086188,650086190],"product_tag":[650086195],"class_list":{"0":"post-163629","1":"product","2":"type-product","3":"status-publish","4":"has-post-thumbnail","6":"product_cat-modeles-de-noel","7":"product_cat-quick-challenge-fr","8":"product_tag-expert-fr","9":"pa_collection-collection-papa-noel","10":"pa_collection-quick-challenge-fr","11":"pa_colour-dore","12":"pa_colour-rouge","13":"pa_colour-vert","14":"pa_embellishments-fils-metalliques","15":"pa_embellishments-perles","16":"pa_shape-a-encadrer","17":"pa_skill-level-avance","18":"pa_special-stitches-pave-hardanger","19":"pa_tags-bonhommes-de-neige","20":"pa_tags-festif","21":"pa_tags-papa-noel","22":"pa_tags-petits-modeles","23":"pa_tags-scintillant","24":"pa_tags-tri-fils","25":"pa_techniques-point-arriere","26":"pa_techniques-points-speciaux","27":"pa_theme-noel","29":"first","30":"instock","31":"downloadable","32":"virtual","33":"purchasable","34":"product-type-simple"},"yoast_head":"<!-- This site is optimized with the Yoast SEO plugin v27.5 - https:\/\/yoast.com\/product\/yoast-seo-wordpress\/ -->\n<title>Mod\u00e8le broderie point de croix Equipe de No\u00ebl Hardanger - Faby Reilly Designs<\/title>\n<meta name=\"description\" content=\"Vous cherchez un mod\u00e8le de No\u00ebl \u00e0 la fois mignon et stimulant \u00e0 broder? Lancez-vous dans le Hardanger en brodant cet amusant mod\u00e8le &quot;Equipe de No\u00ebl Hardanger&quot; et ajoutez des blocs Klotster \u00e0 votre point de croix.\" \/>\n<meta name=\"robots\" content=\"index, follow, max-snippet:-1, max-image-preview:large, max-video-preview:-1\" \/>\n<link rel=\"canonical\" href=\"https:\/\/fabyreilly.com\/fr\/produit\/modele-equipe-de-noel-hardanger\/\" \/>\n<meta property=\"og:locale\" content=\"fr_FR\" \/>\n<meta property=\"og:type\" content=\"article\" \/>\n<meta property=\"og:title\" content=\"Mod\u00e8le broderie point de croix Equipe de No\u00ebl Hardanger - Faby Reilly Designs\" \/>\n<meta property=\"og:description\" content=\"Vous cherchez un mod\u00e8le de No\u00ebl \u00e0 la fois mignon et stimulant \u00e0 broder? Lancez-vous dans le Hardanger en brodant cet amusant mod\u00e8le &quot;Equipe de No\u00ebl Hardanger&quot; et ajoutez des blocs Klotster \u00e0 votre point de croix.\" \/>\n<meta property=\"og:url\" content=\"https:\/\/fabyreilly.com\/fr\/produit\/modele-equipe-de-noel-hardanger\/\" \/>\n<meta property=\"og:site_name\" content=\"Faby Reilly Designs\" \/>\n<meta property=\"article:publisher\" content=\"https:\/\/www.facebook.com\/FabyReillyDesigns\/\" \/>\n<meta property=\"article:modified_time\" content=\"2024-07-09T20:45:08+00:00\" \/>\n<meta property=\"og:image\" content=\"https:\/\/fabyreilly.com\/wp-content\/uploads\/2023\/11\/Hardanger-Christmas-Crew-01b-Faby-Reilly-Designs.jpg\" \/>\n\t<meta property=\"og:image:width\" content=\"2000\" \/>\n\t<meta property=\"og:image:height\" content=\"2000\" \/>\n\t<meta property=\"og:image:type\" content=\"image\/jpeg\" \/>\n<meta name=\"twitter:card\" content=\"summary_large_image\" \/>\n<meta name=\"twitter:site\" content=\"@FabyReilly\" \/>\n<meta name=\"twitter:label1\" content=\"Dur\u00e9e de lecture estim\u00e9e\" \/>\n\t<meta name=\"twitter:data1\" content=\"1 minute\" \/>\n<script type=\"application\/ld+json\" class=\"yoast-schema-graph\">{\"@context\":\"https:\\\/\\\/schema.org\",\"@graph\":[{\"@type\":\"WebPage\",\"@id\":\"https:\\\/\\\/fabyreilly.com\\\/fr\\\/produit\\\/modele-equipe-de-noel-hardanger\\\/\",\"url\":\"https:\\\/\\\/fabyreilly.com\\\/fr\\\/produit\\\/modele-equipe-de-noel-hardanger\\\/\",\"name\":\"Mod\u00e8le broderie point de croix Equipe de No\u00ebl Hardanger - Faby Reilly Designs\",\"isPartOf\":{\"@id\":\"https:\\\/\\\/fabyreilly.com\\\/fr\\\/#website\"},\"primaryImageOfPage\":{\"@id\":\"https:\\\/\\\/fabyreilly.com\\\/fr\\\/produit\\\/modele-equipe-de-noel-hardanger\\\/#primaryimage\"},\"image\":{\"@id\":\"https:\\\/\\\/fabyreilly.com\\\/fr\\\/produit\\\/modele-equipe-de-noel-hardanger\\\/#primaryimage\"},\"thumbnailUrl\":\"https:\\\/\\\/i0.wp.com\\\/fabyreilly.com\\\/wp-content\\\/uploads\\\/2023\\\/11\\\/Hardanger-Christmas-Crew-01b-Faby-Reilly-Designs.jpg?fit=2000%2C2000&ssl=1\",\"datePublished\":\"2023-11-30T15:13:15+00:00\",\"dateModified\":\"2024-07-09T20:45:08+00:00\",\"description\":\"Vous cherchez un mod\u00e8le de No\u00ebl \u00e0 la fois mignon et stimulant \u00e0 broder? Lancez-vous dans le Hardanger en brodant cet amusant mod\u00e8le \\\"Equipe de No\u00ebl Hardanger\\\" et ajoutez des blocs Klotster \u00e0 votre point de croix.\",\"breadcrumb\":{\"@id\":\"https:\\\/\\\/fabyreilly.com\\\/fr\\\/produit\\\/modele-equipe-de-noel-hardanger\\\/#breadcrumb\"},\"inLanguage\":\"fr-FR\",\"potentialAction\":[{\"@type\":\"ReadAction\",\"target\":[\"https:\\\/\\\/fabyreilly.com\\\/fr\\\/produit\\\/modele-equipe-de-noel-hardanger\\\/\"]}]},{\"@type\":\"ImageObject\",\"inLanguage\":\"fr-FR\",\"@id\":\"https:\\\/\\\/fabyreilly.com\\\/fr\\\/produit\\\/modele-equipe-de-noel-hardanger\\\/#primaryimage\",\"url\":\"https:\\\/\\\/i0.wp.com\\\/fabyreilly.com\\\/wp-content\\\/uploads\\\/2023\\\/11\\\/Hardanger-Christmas-Crew-01b-Faby-Reilly-Designs.jpg?fit=2000%2C2000&ssl=1\",\"contentUrl\":\"https:\\\/\\\/i0.wp.com\\\/fabyreilly.com\\\/wp-content\\\/uploads\\\/2023\\\/11\\\/Hardanger-Christmas-Crew-01b-Faby-Reilly-Designs.jpg?fit=2000%2C2000&ssl=1\",\"width\":2000,\"height\":2000,\"caption\":\"Hardanger Christmas Crew pattern - framed stitched model - Faby Reilly Designs\"},{\"@type\":\"BreadcrumbList\",\"@id\":\"https:\\\/\\\/fabyreilly.com\\\/fr\\\/produit\\\/modele-equipe-de-noel-hardanger\\\/#breadcrumb\",\"itemListElement\":[{\"@type\":\"ListItem\",\"position\":1,\"name\":\"Accueil\",\"item\":\"https:\\\/\\\/fabyreilly.com\\\/fr\\\/\"},{\"@type\":\"ListItem\",\"position\":2,\"name\":\"Boutique\",\"item\":\"https:\\\/\\\/fabyreilly.com\\\/fr\\\/boutique\\\/\"},{\"@type\":\"ListItem\",\"position\":3,\"name\":\"Mod\u00e8le \u00c9quipe de No\u00ebl Hardanger\"}]},{\"@type\":\"WebSite\",\"@id\":\"https:\\\/\\\/fabyreilly.com\\\/fr\\\/#website\",\"url\":\"https:\\\/\\\/fabyreilly.com\\\/fr\\\/\",\"name\":\"Faby Reilly Designs\",\"description\":\"Brodez avec style et \u00e9l\u00e9gance\",\"publisher\":{\"@id\":\"https:\\\/\\\/fabyreilly.com\\\/fr\\\/#organization\"},\"alternateName\":\"FRD\",\"potentialAction\":[{\"@type\":\"SearchAction\",\"target\":{\"@type\":\"EntryPoint\",\"urlTemplate\":\"https:\\\/\\\/fabyreilly.com\\\/fr\\\/?s={search_term_string}\"},\"query-input\":{\"@type\":\"PropertyValueSpecification\",\"valueRequired\":true,\"valueName\":\"search_term_string\"}}],\"inLanguage\":\"fr-FR\"},{\"@type\":\"Organization\",\"@id\":\"https:\\\/\\\/fabyreilly.com\\\/fr\\\/#organization\",\"name\":\"Faby Reilly Designs\",\"alternateName\":\"FRD\",\"url\":\"https:\\\/\\\/fabyreilly.com\\\/fr\\\/\",\"logo\":{\"@type\":\"ImageObject\",\"inLanguage\":\"fr-FR\",\"@id\":\"https:\\\/\\\/fabyreilly.com\\\/fr\\\/#\\\/schema\\\/logo\\\/image\\\/\",\"url\":\"https:\\\/\\\/i0.wp.com\\\/fabyreilly.com\\\/wp-content\\\/uploads\\\/2026\\\/04\\\/FRD-Tag-Logo.png?fit=600%2C250&ssl=1\",\"contentUrl\":\"https:\\\/\\\/i0.wp.com\\\/fabyreilly.com\\\/wp-content\\\/uploads\\\/2026\\\/04\\\/FRD-Tag-Logo.png?fit=600%2C250&ssl=1\",\"width\":600,\"height\":250,\"caption\":\"Faby Reilly Designs\"},\"image\":{\"@id\":\"https:\\\/\\\/fabyreilly.com\\\/fr\\\/#\\\/schema\\\/logo\\\/image\\\/\"},\"sameAs\":[\"https:\\\/\\\/www.facebook.com\\\/FabyReillyDesigns\\\/\",\"https:\\\/\\\/x.com\\\/FabyReilly\",\"https:\\\/\\\/www.instagram.com\\\/fabyreillydesigns\\\/\",\"https:\\\/\\\/www.pinterest.fr\\\/fabyreilly\\\/\"]}]}<\/script>\n<!-- \/ Yoast SEO plugin. -->","yoast_head_json":{"title":"Mod\u00e8le broderie point de croix Equipe de No\u00ebl Hardanger - Faby Reilly Designs","description":"Vous cherchez un mod\u00e8le de No\u00ebl \u00e0 la fois mignon et stimulant \u00e0 broder? Lancez-vous dans le Hardanger en brodant cet amusant mod\u00e8le \"Equipe de No\u00ebl Hardanger\" et ajoutez des blocs Klotster \u00e0 votre point de croix.","robots":{"index":"index","follow":"follow","max-snippet":"max-snippet:-1","max-image-preview":"max-image-preview:large","max-video-preview":"max-video-preview:-1"},"canonical":"https:\/\/fabyreilly.com\/fr\/produit\/modele-equipe-de-noel-hardanger\/","og_locale":"fr_FR","og_type":"article","og_title":"Mod\u00e8le broderie point de croix Equipe de No\u00ebl Hardanger - Faby Reilly Designs","og_description":"Vous cherchez un mod\u00e8le de No\u00ebl \u00e0 la fois mignon et stimulant \u00e0 broder? Lancez-vous dans le Hardanger en brodant cet amusant mod\u00e8le \"Equipe de No\u00ebl Hardanger\" et ajoutez des blocs Klotster \u00e0 votre point de croix.","og_url":"https:\/\/fabyreilly.com\/fr\/produit\/modele-equipe-de-noel-hardanger\/","og_site_name":"Faby Reilly Designs","article_publisher":"https:\/\/www.facebook.com\/FabyReillyDesigns\/","article_modified_time":"2024-07-09T20:45:08+00:00","og_image":[{"width":2000,"height":2000,"url":"https:\/\/fabyreilly.com\/wp-content\/uploads\/2023\/11\/Hardanger-Christmas-Crew-01b-Faby-Reilly-Designs.jpg","type":"image\/jpeg"}],"twitter_card":"summary_large_image","twitter_site":"@FabyReilly","twitter_misc":{"Dur\u00e9e de lecture estim\u00e9e":"1 minute"},"schema":{"@context":"https:\/\/schema.org","@graph":[{"@type":"WebPage","@id":"https:\/\/fabyreilly.com\/fr\/produit\/modele-equipe-de-noel-hardanger\/","url":"https:\/\/fabyreilly.com\/fr\/produit\/modele-equipe-de-noel-hardanger\/","name":"Mod\u00e8le broderie point de croix Equipe de No\u00ebl Hardanger - Faby Reilly Designs","isPartOf":{"@id":"https:\/\/fabyreilly.com\/fr\/#website"},"primaryImageOfPage":{"@id":"https:\/\/fabyreilly.com\/fr\/produit\/modele-equipe-de-noel-hardanger\/#primaryimage"},"image":{"@id":"https:\/\/fabyreilly.com\/fr\/produit\/modele-equipe-de-noel-hardanger\/#primaryimage"},"thumbnailUrl":"https:\/\/i0.wp.com\/fabyreilly.com\/wp-content\/uploads\/2023\/11\/Hardanger-Christmas-Crew-01b-Faby-Reilly-Designs.jpg?fit=2000%2C2000&ssl=1","datePublished":"2023-11-30T15:13:15+00:00","dateModified":"2024-07-09T20:45:08+00:00","description":"Vous cherchez un mod\u00e8le de No\u00ebl \u00e0 la fois mignon et stimulant \u00e0 broder? Lancez-vous dans le Hardanger en brodant cet amusant mod\u00e8le \"Equipe de No\u00ebl Hardanger\" et ajoutez des blocs Klotster \u00e0 votre point de croix.","breadcrumb":{"@id":"https:\/\/fabyreilly.com\/fr\/produit\/modele-equipe-de-noel-hardanger\/#breadcrumb"},"inLanguage":"fr-FR","potentialAction":[{"@type":"ReadAction","target":["https:\/\/fabyreilly.com\/fr\/produit\/modele-equipe-de-noel-hardanger\/"]}]},{"@type":"ImageObject","inLanguage":"fr-FR","@id":"https:\/\/fabyreilly.com\/fr\/produit\/modele-equipe-de-noel-hardanger\/#primaryimage","url":"https:\/\/i0.wp.com\/fabyreilly.com\/wp-content\/uploads\/2023\/11\/Hardanger-Christmas-Crew-01b-Faby-Reilly-Designs.jpg?fit=2000%2C2000&ssl=1","contentUrl":"https:\/\/i0.wp.com\/fabyreilly.com\/wp-content\/uploads\/2023\/11\/Hardanger-Christmas-Crew-01b-Faby-Reilly-Designs.jpg?fit=2000%2C2000&ssl=1","width":2000,"height":2000,"caption":"Hardanger Christmas Crew pattern - framed stitched model - Faby Reilly Designs"},{"@type":"BreadcrumbList","@id":"https:\/\/fabyreilly.com\/fr\/produit\/modele-equipe-de-noel-hardanger\/#breadcrumb","itemListElement":[{"@type":"ListItem","position":1,"name":"Accueil","item":"https:\/\/fabyreilly.com\/fr\/"},{"@type":"ListItem","position":2,"name":"Boutique","item":"https:\/\/fabyreilly.com\/fr\/boutique\/"},{"@type":"ListItem","position":3,"name":"Mod\u00e8le \u00c9quipe de No\u00ebl Hardanger"}]},{"@type":"WebSite","@id":"https:\/\/fabyreilly.com\/fr\/#website","url":"https:\/\/fabyreilly.com\/fr\/","name":"Faby Reilly Designs","description":"Brodez avec style et \u00e9l\u00e9gance","publisher":{"@id":"https:\/\/fabyreilly.com\/fr\/#organization"},"alternateName":"FRD","potentialAction":[{"@type":"SearchAction","target":{"@type":"EntryPoint","urlTemplate":"https:\/\/fabyreilly.com\/fr\/?s={search_term_string}"},"query-input":{"@type":"PropertyValueSpecification","valueRequired":true,"valueName":"search_term_string"}}],"inLanguage":"fr-FR"},{"@type":"Organization","@id":"https:\/\/fabyreilly.com\/fr\/#organization","name":"Faby Reilly Designs","alternateName":"FRD","url":"https:\/\/fabyreilly.com\/fr\/","logo":{"@type":"ImageObject","inLanguage":"fr-FR","@id":"https:\/\/fabyreilly.com\/fr\/#\/schema\/logo\/image\/","url":"https:\/\/i0.wp.com\/fabyreilly.com\/wp-content\/uploads\/2026\/04\/FRD-Tag-Logo.png?fit=600%2C250&ssl=1","contentUrl":"https:\/\/i0.wp.com\/fabyreilly.com\/wp-content\/uploads\/2026\/04\/FRD-Tag-Logo.png?fit=600%2C250&ssl=1","width":600,"height":250,"caption":"Faby Reilly Designs"},"image":{"@id":"https:\/\/fabyreilly.com\/fr\/#\/schema\/logo\/image\/"},"sameAs":["https:\/\/www.facebook.com\/FabyReillyDesigns\/","https:\/\/x.com\/FabyReilly","https:\/\/www.instagram.com\/fabyreillydesigns\/","https:\/\/www.pinterest.fr\/fabyreilly\/"]}]}},"jetpack_publicize_connections":[],"jetpack_likes_enabled":true,"jetpack_sharing_enabled":true,"_links":{"self":[{"href":"https:\/\/fabyreilly.com\/fr\/wp-json\/wp\/v2\/product\/163629","targetHints":{"allow":["GET"]}}],"collection":[{"href":"https:\/\/fabyreilly.com\/fr\/wp-json\/wp\/v2\/product"}],"about":[{"href":"https:\/\/fabyreilly.com\/fr\/wp-json\/wp\/v2\/types\/product"}],"replies":[{"embeddable":true,"href":"https:\/\/fabyreilly.com\/fr\/wp-json\/wp\/v2\/comments?post=163629"}],"wp:featuredmedia":[{"embeddable":true,"href":"https:\/\/fabyreilly.com\/fr\/wp-json\/wp\/v2\/media\/163628"}],"wp:attachment":[{"href":"https:\/\/fabyreilly.com\/fr\/wp-json\/wp\/v2\/media?parent=163629"}],"wp:term":[{"taxonomy":"product_brand","embeddable":true,"href":"https:\/\/fabyreilly.com\/fr\/wp-json\/wp\/v2\/product_brand?post=163629"},{"taxonomy":"product_cat","embeddable":true,"href":"https:\/\/fabyreilly.com\/fr\/wp-json\/wp\/v2\/product_cat?post=163629"},{"taxonomy":"product_tag","embeddable":true,"href":"https:\/\/fabyreilly.com\/fr\/wp-json\/wp\/v2\/product_tag?post=163629"}],"curies":[{"name":"wp","href":"https:\/\/api.w.org\/{rel}","templated":true}]}}