{"id":163579,"date":"2023-11-16T10:08:04","date_gmt":"2023-11-16T09:08:04","guid":{"rendered":"https:\/\/fabyreilly.com\/product\/mini-modeles-framboise-citron-vert-lot-de-6\/"},"modified":"2023-11-16T18:14:17","modified_gmt":"2023-11-16T17:14:17","slug":"mini-modeles-framboise-citron-vert-lot-de-6","status":"publish","type":"product","link":"https:\/\/fabyreilly.com\/fr\/produit\/mini-modeles-framboise-citron-vert-lot-de-6\/","title":{"rendered":"Mini mod\u00e8les Framboise-Citron vert (lot de 6)"},"content":{"rendered":"<p><strong>FICHE PDF DE BRODERIE MINIS FRAMBOISE-CITRON-VERT<\/strong><\/p>\n<p>Mod\u00e8le de broderie t\u00e9l\u00e9chargeable pour broder un assortiment de 6 mini-mod\u00e8les de No\u00ebl.<\/p>\n<p>Ce mod\u00e8le repr\u00e9sente une vari\u00e9t\u00e9 de boules de No\u00ebl festives et il est joliment rehauss\u00e9 de perles dor\u00e9es<\/p>\n<p><strong>FOURNITURES<\/strong>:<\/p>\n<ul>\n<li>Lin Zweigart 32ct<\/li>\n<li>Fils moulin\u00e9s DMC<\/li>\n<li>Perles Mill Hill<\/li>\n<\/ul>\n<p><strong>CONTENU<\/strong>:<\/p>\n<ul>\n<li>la liste d\u00e9taill\u00e9e des <span style=\"color: #b1917c;\"><strong>fournitures<\/strong><\/span> n\u00e9cessaires<\/li>\n<li>la <span style=\"color: #b1917c;\"><strong>l\u00e9gende<\/strong><\/span> pour les symboles utilis\u00e9s<\/li>\n<li>un <span style=\"color: #b1917c;\"><strong>tutoriel des points sp\u00e9ciaux<\/strong><\/span> (perles)<\/li>\n<li>un <span style=\"color: #b1917c;\"><strong>tri-fils imprimable<\/strong><\/span> pour ce mod\u00e8le<\/li>\n<li>des diagrammes <span style=\"color: #b1917c;\"><strong>en couleur<\/strong><\/span> (point de croix seul \/ tous les points)<\/li>\n<li>des <span style=\"color: #b1917c;\"><strong>diagrammes hybrides<\/strong><\/span> (point de croix noir et blanc avec point arri\u00e8re et points sp\u00e9ciaux en couleur)<\/li>\n<li>un <span style=\"color: #b1917c;\"><strong>tutoriel des finitions<\/strong><\/span> pour encadrer ces projets<\/li>\n<\/ul>\n<p><strong>AUTRE UTILISATION POSSIBLE<\/strong>: Ces petits mod\u00e8les peuvent \u00e9galement \u00eatre ins\u00e9r\u00e9s dans une carte \u00e0 fen\u00eatre pour envoyer des v\u0153ux de No\u00ebl.<\/p>\n<p>Pour <span style=\"color: #b1918c;\"><strong>davantage de photos<\/strong><\/span> ou pour voir <span style=\"color: #b1918c;\"><strong>les r\u00e9alisations d\u2019autres brodeurs\/brodeuses<\/strong><\/span>, voir la <a href=\"https:\/\/www.pinterest.fr\/fabyreilly\/raspberry-lime-gallery\/\" target=\"_blank\" rel=\"noopener\"><strong>Galerie Framboise-Citron vert<\/strong><\/a>.<\/p>\n<p>Vous avez une question ? N&#8217;h\u00e9sitez pas \u00e0 me <strong><a href=\"https:\/\/fabyreilly.com\/info\/contact\/\">contacter<\/a><\/strong>!<\/p>\n","protected":false},"excerpt":{"rendered":"<p><strong>TYPE<\/strong> : mod\u00e8le PDF t\u00e9l\u00e9chargeable de broderie au point de croix<\/p>\n<p><strong>LANGUES<\/strong>: Anglais (UK) \/ Anglais (US) \/ Fran\u00e7ais<\/p>\n<p><strong>NIVEAU<\/strong>: <span style=\"color: #b1918c;\"><strong>D\u00e9butant<\/strong> <strong> <\/strong><\/span> <\/p>\n<p><strong>TAILLE<\/strong>: 45 x 45 points (pour chaque mini mod\u00e8le)<\/p>\n<p><strong>DIMENSIONS DE LA SURFACE BROD\u00c9E<\/strong> <span style=\"color: #999999;\">(sur la toile recommand\u00e9e)<\/span>: 8 x 8 cm <span style=\"color: #999999;\">(3\u2033 x 3\u2033)<\/span><\/p>\n<p>Pour plus de d\u00e9tails, voir l&#8217;onglet <strong>Description<\/strong> ci-dessous.<\/p>\n","protected":false},"featured_media":163631,"comment_status":"open","ping_status":"closed","template":"","meta":{"_coblocks_attr":"","_coblocks_dimensions":"","_coblocks_responsive_height":"","_coblocks_accordion_ie_support":"","_crdt_document":"","jetpack_publicize_message":"","jetpack_publicize_feature_enabled":true,"jetpack_social_post_already_shared":true,"jetpack_social_options":{"image_generator_settings":{"template":"highway","default_image_id":0,"font":"","enabled":false},"version":2},"_wpas_customize_per_network":false},"product_brand":[],"product_cat":[650086188],"product_tag":[650086194],"class_list":{"0":"post-163579","1":"product","2":"type-product","3":"status-publish","4":"has-post-thumbnail","6":"product_cat-modeles-de-noel","7":"product_tag-debutant","8":"pa_collection-collection-framboise-et-citron-vert","9":"pa_colour-dore","10":"pa_colour-rose","11":"pa_colour-vert","12":"pa_embellishments-perles","13":"pa_shape-a-encadrer","14":"pa_shape-cartes","15":"pa_skill-level-debutant","16":"pa_tags-festif","17":"pa_tags-petits-modeles","18":"pa_tags-scintillant","19":"pa_tags-tri-fils","20":"pa_techniques-point-arriere","21":"pa_theme-noel","23":"first","24":"instock","25":"downloadable","26":"virtual","27":"sold-individually","28":"purchasable","29":"product-type-simple"},"yoast_head":"<!-- This site is optimized with the Yoast SEO plugin v27.5 - https:\/\/yoast.com\/product\/yoast-seo-wordpress\/ -->\n<title>Minis mod\u00e8les broderie de No\u00ebl Framboise-Citron vert - Faby Reilly Designs<\/title>\n<meta name=\"description\" content=\"Vous cherchez des mini mod\u00e8les pour broder des v\u0153ux plein de peps pour les f\u00eates de fin d&#039;ann\u00e9e ? Brodez au point de croix ces mini-mod\u00e8les festifs Framboise-Citron vert!\" \/>\n<meta name=\"robots\" content=\"index, follow, max-snippet:-1, max-image-preview:large, max-video-preview:-1\" \/>\n<link rel=\"canonical\" href=\"https:\/\/fabyreilly.com\/fr\/produit\/mini-modeles-framboise-citron-vert-lot-de-6\/\" \/>\n<meta property=\"og:locale\" content=\"fr_FR\" \/>\n<meta property=\"og:type\" content=\"article\" \/>\n<meta property=\"og:title\" content=\"Minis mod\u00e8les broderie de No\u00ebl Framboise-Citron vert - Faby Reilly Designs\" \/>\n<meta property=\"og:description\" content=\"Vous cherchez des mini mod\u00e8les pour broder des v\u0153ux plein de peps pour les f\u00eates de fin d&#039;ann\u00e9e ? Brodez au point de croix ces mini-mod\u00e8les festifs Framboise-Citron vert!\" \/>\n<meta property=\"og:url\" content=\"https:\/\/fabyreilly.com\/fr\/produit\/mini-modeles-framboise-citron-vert-lot-de-6\/\" \/>\n<meta property=\"og:site_name\" content=\"Faby Reilly Designs\" \/>\n<meta property=\"article:publisher\" content=\"https:\/\/www.facebook.com\/FabyReillyDesigns\/\" \/>\n<meta property=\"article:modified_time\" content=\"2023-11-16T17:14:17+00:00\" \/>\n<meta property=\"og:image\" content=\"https:\/\/i0.wp.com\/fabyreilly.com\/wp-content\/uploads\/2023\/11\/Raspberry-Lime-Minis-01-Faby-Reilly-Designs.jpg?fit=2000%2C2000&ssl=1\" \/>\n\t<meta property=\"og:image:width\" content=\"2000\" \/>\n\t<meta property=\"og:image:height\" content=\"2000\" \/>\n\t<meta property=\"og:image:type\" content=\"image\/jpeg\" \/>\n<meta name=\"twitter:card\" content=\"summary_large_image\" \/>\n<meta name=\"twitter:site\" content=\"@FabyReilly\" \/>\n<meta name=\"twitter:label1\" content=\"Dur\u00e9e de lecture estim\u00e9e\" \/>\n\t<meta name=\"twitter:data1\" content=\"1 minute\" \/>\n<script type=\"application\/ld+json\" class=\"yoast-schema-graph\">{\"@context\":\"https:\\\/\\\/schema.org\",\"@graph\":[{\"@type\":\"WebPage\",\"@id\":\"https:\\\/\\\/fabyreilly.com\\\/fr\\\/produit\\\/mini-modeles-framboise-citron-vert-lot-de-6\\\/\",\"url\":\"https:\\\/\\\/fabyreilly.com\\\/fr\\\/produit\\\/mini-modeles-framboise-citron-vert-lot-de-6\\\/\",\"name\":\"Minis mod\u00e8les broderie de No\u00ebl Framboise-Citron vert - Faby Reilly Designs\",\"isPartOf\":{\"@id\":\"https:\\\/\\\/fabyreilly.com\\\/fr\\\/#website\"},\"primaryImageOfPage\":{\"@id\":\"https:\\\/\\\/fabyreilly.com\\\/fr\\\/produit\\\/mini-modeles-framboise-citron-vert-lot-de-6\\\/#primaryimage\"},\"image\":{\"@id\":\"https:\\\/\\\/fabyreilly.com\\\/fr\\\/produit\\\/mini-modeles-framboise-citron-vert-lot-de-6\\\/#primaryimage\"},\"thumbnailUrl\":\"https:\\\/\\\/i0.wp.com\\\/fabyreilly.com\\\/wp-content\\\/uploads\\\/2023\\\/11\\\/Rasberry-Lime-6-Minis-Faby-Reilly-Designs.jpg?fit=2000%2C2000&ssl=1\",\"datePublished\":\"2023-11-16T09:08:04+00:00\",\"dateModified\":\"2023-11-16T17:14:17+00:00\",\"description\":\"Vous cherchez des mini mod\u00e8les pour broder des v\u0153ux plein de peps pour les f\u00eates de fin d'ann\u00e9e ? Brodez au point de croix ces mini-mod\u00e8les festifs Framboise-Citron vert!\",\"breadcrumb\":{\"@id\":\"https:\\\/\\\/fabyreilly.com\\\/fr\\\/produit\\\/mini-modeles-framboise-citron-vert-lot-de-6\\\/#breadcrumb\"},\"inLanguage\":\"fr-FR\",\"potentialAction\":[{\"@type\":\"ReadAction\",\"target\":[\"https:\\\/\\\/fabyreilly.com\\\/fr\\\/produit\\\/mini-modeles-framboise-citron-vert-lot-de-6\\\/\"]}]},{\"@type\":\"ImageObject\",\"inLanguage\":\"fr-FR\",\"@id\":\"https:\\\/\\\/fabyreilly.com\\\/fr\\\/produit\\\/mini-modeles-framboise-citron-vert-lot-de-6\\\/#primaryimage\",\"url\":\"https:\\\/\\\/i0.wp.com\\\/fabyreilly.com\\\/wp-content\\\/uploads\\\/2023\\\/11\\\/Rasberry-Lime-6-Minis-Faby-Reilly-Designs.jpg?fit=2000%2C2000&ssl=1\",\"contentUrl\":\"https:\\\/\\\/i0.wp.com\\\/fabyreilly.com\\\/wp-content\\\/uploads\\\/2023\\\/11\\\/Rasberry-Lime-6-Minis-Faby-Reilly-Designs.jpg?fit=2000%2C2000&ssl=1\",\"width\":2000,\"height\":2000,\"caption\":\"Raspberry and Lime Christmas mini designs - stitched model - Faby Reilly Designs\"},{\"@type\":\"BreadcrumbList\",\"@id\":\"https:\\\/\\\/fabyreilly.com\\\/fr\\\/produit\\\/mini-modeles-framboise-citron-vert-lot-de-6\\\/#breadcrumb\",\"itemListElement\":[{\"@type\":\"ListItem\",\"position\":1,\"name\":\"Accueil\",\"item\":\"https:\\\/\\\/fabyreilly.com\\\/fr\\\/\"},{\"@type\":\"ListItem\",\"position\":2,\"name\":\"Boutique\",\"item\":\"https:\\\/\\\/fabyreilly.com\\\/fr\\\/boutique\\\/\"},{\"@type\":\"ListItem\",\"position\":3,\"name\":\"Mini mod\u00e8les Framboise-Citron vert (lot de 6)\"}]},{\"@type\":\"WebSite\",\"@id\":\"https:\\\/\\\/fabyreilly.com\\\/fr\\\/#website\",\"url\":\"https:\\\/\\\/fabyreilly.com\\\/fr\\\/\",\"name\":\"Faby Reilly Designs\",\"description\":\"Brodez avec style et \u00e9l\u00e9gance\",\"publisher\":{\"@id\":\"https:\\\/\\\/fabyreilly.com\\\/fr\\\/#organization\"},\"alternateName\":\"FRD\",\"potentialAction\":[{\"@type\":\"SearchAction\",\"target\":{\"@type\":\"EntryPoint\",\"urlTemplate\":\"https:\\\/\\\/fabyreilly.com\\\/fr\\\/?s={search_term_string}\"},\"query-input\":{\"@type\":\"PropertyValueSpecification\",\"valueRequired\":true,\"valueName\":\"search_term_string\"}}],\"inLanguage\":\"fr-FR\"},{\"@type\":\"Organization\",\"@id\":\"https:\\\/\\\/fabyreilly.com\\\/fr\\\/#organization\",\"name\":\"Faby Reilly Designs\",\"alternateName\":\"FRD\",\"url\":\"https:\\\/\\\/fabyreilly.com\\\/fr\\\/\",\"logo\":{\"@type\":\"ImageObject\",\"inLanguage\":\"fr-FR\",\"@id\":\"https:\\\/\\\/fabyreilly.com\\\/fr\\\/#\\\/schema\\\/logo\\\/image\\\/\",\"url\":\"https:\\\/\\\/i0.wp.com\\\/fabyreilly.com\\\/wp-content\\\/uploads\\\/2026\\\/04\\\/FRD-Tag-Logo.png?fit=600%2C250&ssl=1\",\"contentUrl\":\"https:\\\/\\\/i0.wp.com\\\/fabyreilly.com\\\/wp-content\\\/uploads\\\/2026\\\/04\\\/FRD-Tag-Logo.png?fit=600%2C250&ssl=1\",\"width\":600,\"height\":250,\"caption\":\"Faby Reilly Designs\"},\"image\":{\"@id\":\"https:\\\/\\\/fabyreilly.com\\\/fr\\\/#\\\/schema\\\/logo\\\/image\\\/\"},\"sameAs\":[\"https:\\\/\\\/www.facebook.com\\\/FabyReillyDesigns\\\/\",\"https:\\\/\\\/x.com\\\/FabyReilly\",\"https:\\\/\\\/www.instagram.com\\\/fabyreillydesigns\\\/\",\"https:\\\/\\\/www.pinterest.fr\\\/fabyreilly\\\/\"]}]}<\/script>\n<!-- \/ Yoast SEO plugin. -->","yoast_head_json":{"title":"Minis mod\u00e8les broderie de No\u00ebl Framboise-Citron vert - Faby Reilly Designs","description":"Vous cherchez des mini mod\u00e8les pour broder des v\u0153ux plein de peps pour les f\u00eates de fin d'ann\u00e9e ? Brodez au point de croix ces mini-mod\u00e8les festifs Framboise-Citron vert!","robots":{"index":"index","follow":"follow","max-snippet":"max-snippet:-1","max-image-preview":"max-image-preview:large","max-video-preview":"max-video-preview:-1"},"canonical":"https:\/\/fabyreilly.com\/fr\/produit\/mini-modeles-framboise-citron-vert-lot-de-6\/","og_locale":"fr_FR","og_type":"article","og_title":"Minis mod\u00e8les broderie de No\u00ebl Framboise-Citron vert - Faby Reilly Designs","og_description":"Vous cherchez des mini mod\u00e8les pour broder des v\u0153ux plein de peps pour les f\u00eates de fin d'ann\u00e9e ? Brodez au point de croix ces mini-mod\u00e8les festifs Framboise-Citron vert!","og_url":"https:\/\/fabyreilly.com\/fr\/produit\/mini-modeles-framboise-citron-vert-lot-de-6\/","og_site_name":"Faby Reilly Designs","article_publisher":"https:\/\/www.facebook.com\/FabyReillyDesigns\/","article_modified_time":"2023-11-16T17:14:17+00:00","og_image":[{"width":2000,"height":2000,"url":"https:\/\/i0.wp.com\/fabyreilly.com\/wp-content\/uploads\/2023\/11\/Raspberry-Lime-Minis-01-Faby-Reilly-Designs.jpg?fit=2000%2C2000&ssl=1","type":"image\/jpeg"}],"twitter_card":"summary_large_image","twitter_site":"@FabyReilly","twitter_misc":{"Dur\u00e9e de lecture estim\u00e9e":"1 minute"},"schema":{"@context":"https:\/\/schema.org","@graph":[{"@type":"WebPage","@id":"https:\/\/fabyreilly.com\/fr\/produit\/mini-modeles-framboise-citron-vert-lot-de-6\/","url":"https:\/\/fabyreilly.com\/fr\/produit\/mini-modeles-framboise-citron-vert-lot-de-6\/","name":"Minis mod\u00e8les broderie de No\u00ebl Framboise-Citron vert - Faby Reilly Designs","isPartOf":{"@id":"https:\/\/fabyreilly.com\/fr\/#website"},"primaryImageOfPage":{"@id":"https:\/\/fabyreilly.com\/fr\/produit\/mini-modeles-framboise-citron-vert-lot-de-6\/#primaryimage"},"image":{"@id":"https:\/\/fabyreilly.com\/fr\/produit\/mini-modeles-framboise-citron-vert-lot-de-6\/#primaryimage"},"thumbnailUrl":"https:\/\/i0.wp.com\/fabyreilly.com\/wp-content\/uploads\/2023\/11\/Rasberry-Lime-6-Minis-Faby-Reilly-Designs.jpg?fit=2000%2C2000&ssl=1","datePublished":"2023-11-16T09:08:04+00:00","dateModified":"2023-11-16T17:14:17+00:00","description":"Vous cherchez des mini mod\u00e8les pour broder des v\u0153ux plein de peps pour les f\u00eates de fin d'ann\u00e9e ? Brodez au point de croix ces mini-mod\u00e8les festifs Framboise-Citron vert!","breadcrumb":{"@id":"https:\/\/fabyreilly.com\/fr\/produit\/mini-modeles-framboise-citron-vert-lot-de-6\/#breadcrumb"},"inLanguage":"fr-FR","potentialAction":[{"@type":"ReadAction","target":["https:\/\/fabyreilly.com\/fr\/produit\/mini-modeles-framboise-citron-vert-lot-de-6\/"]}]},{"@type":"ImageObject","inLanguage":"fr-FR","@id":"https:\/\/fabyreilly.com\/fr\/produit\/mini-modeles-framboise-citron-vert-lot-de-6\/#primaryimage","url":"https:\/\/i0.wp.com\/fabyreilly.com\/wp-content\/uploads\/2023\/11\/Rasberry-Lime-6-Minis-Faby-Reilly-Designs.jpg?fit=2000%2C2000&ssl=1","contentUrl":"https:\/\/i0.wp.com\/fabyreilly.com\/wp-content\/uploads\/2023\/11\/Rasberry-Lime-6-Minis-Faby-Reilly-Designs.jpg?fit=2000%2C2000&ssl=1","width":2000,"height":2000,"caption":"Raspberry and Lime Christmas mini designs - stitched model - Faby Reilly Designs"},{"@type":"BreadcrumbList","@id":"https:\/\/fabyreilly.com\/fr\/produit\/mini-modeles-framboise-citron-vert-lot-de-6\/#breadcrumb","itemListElement":[{"@type":"ListItem","position":1,"name":"Accueil","item":"https:\/\/fabyreilly.com\/fr\/"},{"@type":"ListItem","position":2,"name":"Boutique","item":"https:\/\/fabyreilly.com\/fr\/boutique\/"},{"@type":"ListItem","position":3,"name":"Mini mod\u00e8les Framboise-Citron vert (lot de 6)"}]},{"@type":"WebSite","@id":"https:\/\/fabyreilly.com\/fr\/#website","url":"https:\/\/fabyreilly.com\/fr\/","name":"Faby Reilly Designs","description":"Brodez avec style et \u00e9l\u00e9gance","publisher":{"@id":"https:\/\/fabyreilly.com\/fr\/#organization"},"alternateName":"FRD","potentialAction":[{"@type":"SearchAction","target":{"@type":"EntryPoint","urlTemplate":"https:\/\/fabyreilly.com\/fr\/?s={search_term_string}"},"query-input":{"@type":"PropertyValueSpecification","valueRequired":true,"valueName":"search_term_string"}}],"inLanguage":"fr-FR"},{"@type":"Organization","@id":"https:\/\/fabyreilly.com\/fr\/#organization","name":"Faby Reilly Designs","alternateName":"FRD","url":"https:\/\/fabyreilly.com\/fr\/","logo":{"@type":"ImageObject","inLanguage":"fr-FR","@id":"https:\/\/fabyreilly.com\/fr\/#\/schema\/logo\/image\/","url":"https:\/\/i0.wp.com\/fabyreilly.com\/wp-content\/uploads\/2026\/04\/FRD-Tag-Logo.png?fit=600%2C250&ssl=1","contentUrl":"https:\/\/i0.wp.com\/fabyreilly.com\/wp-content\/uploads\/2026\/04\/FRD-Tag-Logo.png?fit=600%2C250&ssl=1","width":600,"height":250,"caption":"Faby Reilly Designs"},"image":{"@id":"https:\/\/fabyreilly.com\/fr\/#\/schema\/logo\/image\/"},"sameAs":["https:\/\/www.facebook.com\/FabyReillyDesigns\/","https:\/\/x.com\/FabyReilly","https:\/\/www.instagram.com\/fabyreillydesigns\/","https:\/\/www.pinterest.fr\/fabyreilly\/"]}]}},"jetpack_publicize_connections":[],"jetpack_likes_enabled":true,"jetpack_sharing_enabled":true,"_links":{"self":[{"href":"https:\/\/fabyreilly.com\/fr\/wp-json\/wp\/v2\/product\/163579","targetHints":{"allow":["GET"]}}],"collection":[{"href":"https:\/\/fabyreilly.com\/fr\/wp-json\/wp\/v2\/product"}],"about":[{"href":"https:\/\/fabyreilly.com\/fr\/wp-json\/wp\/v2\/types\/product"}],"replies":[{"embeddable":true,"href":"https:\/\/fabyreilly.com\/fr\/wp-json\/wp\/v2\/comments?post=163579"}],"wp:featuredmedia":[{"embeddable":true,"href":"https:\/\/fabyreilly.com\/fr\/wp-json\/wp\/v2\/media\/163631"}],"wp:attachment":[{"href":"https:\/\/fabyreilly.com\/fr\/wp-json\/wp\/v2\/media?parent=163579"}],"wp:term":[{"taxonomy":"product_brand","embeddable":true,"href":"https:\/\/fabyreilly.com\/fr\/wp-json\/wp\/v2\/product_brand?post=163579"},{"taxonomy":"product_cat","embeddable":true,"href":"https:\/\/fabyreilly.com\/fr\/wp-json\/wp\/v2\/product_cat?post=163579"},{"taxonomy":"product_tag","embeddable":true,"href":"https:\/\/fabyreilly.com\/fr\/wp-json\/wp\/v2\/product_tag?post=163579"}],"curies":[{"name":"wp","href":"https:\/\/api.w.org\/{rel}","templated":true}]}}