{"id":162918,"date":"2023-06-05T09:31:53","date_gmt":"2023-06-05T07:31:53","guid":{"rendered":"https:\/\/fabyreilly.com\/?post_type=product&#038;p=162918"},"modified":"2025-02-01T00:00:10","modified_gmt":"2025-01-31T23:00:10","slug":"modele-broderie-coeur-de-paix","status":"publish","type":"product","link":"https:\/\/fabyreilly.com\/fr\/produit\/modele-broderie-coeur-de-paix\/","title":{"rendered":"Mod\u00e8le broderie Coeur de Paix"},"content":{"rendered":"<p><strong>MOD\u00c8LE PDF DE BRODERIE POINT DE CROIX C\u0152UR DE PAIX<\/strong><br \/>Mod\u00e8le de broderie t\u00e9l\u00e9chargeable pour broder un motif d\u00e9licat et apaisant afin de nourrir sa paix int\u00e9rieure ou d\u2019exprimer son souhait de paix dans le monde. Ce mod\u00e8le repr\u00e9sente une jolie colombe blanche tenant dans son bec un rameau d&#8217;olivier en forme de c\u0153ur, sur un symbole de paix en fond, dans de doux tons de rose p\u00e2le et de cr\u00e8me. Il est magnifiquement rehauss\u00e9 d&#8217;un point de Palestrina d\u00e9licieusement complexe. Ce magnifique mod\u00e8le convient \u00e0 merveille pour un cadre circulaire de 20 cm de diam\u00e8tre.<br \/><strong>FOURNITURES<\/strong>: <\/p>\n<ul>\n<li>Lin Zweigart 28ct (11,2 fils)<\/li>\n<li>Fils moulin\u00e9s DMC<\/li>\n<li>DMC Color Variations<\/li>\n<li>Perles Mill Hill<\/li>\n<\/ul>\n<p><strong>CONTENU<\/strong>: <\/p>\n<ul>\n<li>la liste d\u00e9taill\u00e9e des <span style=\"color: #b1917c;\"><strong>fournitures n\u00e9cessaires<\/strong><\/span><\/li>\n<li>la <span style=\"color: #b1917c;\"><strong>l\u00e9gende<\/strong><\/span> pour les symboles utilis\u00e9s<\/li>\n<li>un <strong><span style=\"color: #b1917c;\">tutoriel des points sp\u00e9ciaux<\/span><\/strong> (perles, point de Palestrina, point arri\u00e8re surjet\u00e9)<\/li>\n<li>un <span style=\"color: #b1917c;\"><strong>tri-fils imprimable<\/strong><\/span> pour ce mod\u00e8le<\/li>\n<li>des diagrammes en <span style=\"color: #b1917c;\"><strong>couleur<\/strong><\/span> (point de croix seul \/ tous les points)<\/li>\n<li>un diagramme <span style=\"color: #b1917c;\"><strong>hybride<\/strong><\/span> (point de croix noir et blanc avec point arri\u00e8re et points sp\u00e9ciaux en couleur)<\/li>\n<li>un <span style=\"color: #b1917c;\"><strong>tutoriel des finitions<\/strong><\/span> pour encadrer le projet dans un cadre circulaire<\/li>\n<\/ul>\n<p> Pour <strong><span style=\"color: #b1918c;\">davantage de photos<\/span><\/strong> ou pour voir les <strong><span style=\"color: #b1918c;\">r\u00e9alisations d\u2019autres brodeurs\/brodeuses<\/span><\/strong>, voir la <a href=\"https:\/\/www.pinterest.fr\/fabyreilly\/secret-garden-gallery\/\" target=\"_blank\" rel=\"noopener\"><strong>Galerie Secret Garden<\/strong><\/a> Vous avez une question ? N&#8217;h\u00e9sitez pas \u00e0 <strong><a href=\"https:\/\/fabyreilly.com\/info\/contact\/\">me contacter<\/a><\/strong>!<\/p>\n","protected":false},"excerpt":{"rendered":"<p><strong>TYPE<\/strong> : mod\u00e8le PDF t\u00e9l\u00e9chargeable de broderie au point de croix<br \/><strong>LANGUES<\/strong>: Anglais (UK) \/ Anglais (US) \/ Fran\u00e7ais<br \/><strong>NIVEAU<\/strong>: <strong><span style=\"color: #b1918c;\">Expert<\/span><\/strong><br \/><strong>TAILLE<\/strong>: 70 x 70 points<br \/><strong>DIMENSION DE LA SURFACE BROD\u00c9E<\/strong> <span style=\"color: #999999;\">(sur la toile recommand\u00e9e)<\/span>: 12,5 x 12,5 cm <span style=\"color: #999999;\">(5\u2033 x 5\u2033)<\/span><br \/>Pour plus de d\u00e9tails, voir l\u2019onglet <strong>Description<\/strong> ci-dessous.<\/p>\n","protected":false},"featured_media":163638,"comment_status":"open","ping_status":"closed","template":"","meta":{"_coblocks_attr":"","_coblocks_dimensions":"","_coblocks_responsive_height":"","_coblocks_accordion_ie_support":"","_crdt_document":"","jetpack_post_was_ever_published":false,"jetpack_publicize_message":"","jetpack_publicize_feature_enabled":true,"jetpack_social_post_already_shared":true,"jetpack_social_options":{"image_generator_settings":{"template":"highway","default_image_id":0,"font":"","enabled":false},"version":2},"_wpas_customize_per_network":false},"product_brand":[],"product_cat":[650086518,650086177],"product_tag":[650086195],"class_list":{"0":"post-162918","1":"product","2":"type-product","3":"status-publish","4":"has-post-thumbnail","6":"product_cat-modeles-inspirants","7":"product_cat-modeles-printemps-ete","8":"product_tag-expert-fr","9":"pa_collection-collection-jardin-secret","10":"pa_colour-beige","11":"pa_colour-vert","12":"pa_embellishments-perles","13":"pa_shape-a-encadrer","14":"pa_skill-level-avance","15":"pa_special-stitches-perles","16":"pa_special-stitches-point-arriere-surjete","17":"pa_special-stitches-point-de-palestrina","18":"pa_tags-animaux","19":"pa_tags-coeurs","20":"pa_tags-feuilles","21":"pa_tags-oiseaux","22":"pa_tags-petits-modeles","23":"pa_tags-tri-fils","24":"pa_techniques-point-arriere","25":"pa_techniques-points-speciaux","26":"pa_theme-amour","27":"pa_theme-inspiration","28":"pa_theme-mariages","29":"pa_theme-paix","31":"first","32":"instock","33":"downloadable","34":"virtual","35":"sold-individually","36":"purchasable","37":"product-type-simple"},"yoast_head":"<!-- This site is optimized with the Yoast SEO plugin v27.3 - https:\/\/yoast.com\/product\/yoast-seo-wordpress\/ -->\n<title>Mod\u00e8le broderie point de croix Coeur de Paix - Faby Reilly Designs<\/title>\n<meta name=\"description\" content=\"Envie d&#039;un mod\u00e8le sur le th\u00e8me de la paix ? Brodez le mod\u00e8le apaisant C\u0153ur de Paix pour nourrir votre paix int\u00e9rieure ou pour exprimer votre souhait de paix dans le monde.\" \/>\n<meta name=\"robots\" content=\"index, follow, max-snippet:-1, max-image-preview:large, max-video-preview:-1\" \/>\n<link rel=\"canonical\" href=\"https:\/\/fabyreilly.com\/fr\/produit\/modele-broderie-coeur-de-paix\/\" \/>\n<meta property=\"og:locale\" content=\"fr_FR\" \/>\n<meta property=\"og:type\" content=\"article\" \/>\n<meta property=\"og:title\" content=\"Mod\u00e8le broderie point de croix Coeur de Paix - Faby Reilly Designs\" \/>\n<meta property=\"og:description\" content=\"Envie d&#039;un mod\u00e8le sur le th\u00e8me de la paix ? Brodez le mod\u00e8le apaisant C\u0153ur de Paix pour nourrir votre paix int\u00e9rieure ou pour exprimer votre souhait de paix dans le monde.\" \/>\n<meta property=\"og:url\" content=\"https:\/\/fabyreilly.com\/fr\/produit\/modele-broderie-coeur-de-paix\/\" \/>\n<meta property=\"og:site_name\" content=\"Faby Reilly Designs\" \/>\n<meta property=\"article:publisher\" content=\"https:\/\/www.facebook.com\/FabyReillyDesigns\/\" \/>\n<meta property=\"article:modified_time\" content=\"2025-01-31T23:00:10+00:00\" \/>\n<meta property=\"og:image\" content=\"https:\/\/i0.wp.com\/fabyreilly.com\/wp-content\/uploads\/2023\/06\/Heart-of-Peace-01-Faby-Reilly-Designs.jpg?fit=2000%2C2000&ssl=1\" \/>\n\t<meta property=\"og:image:width\" content=\"2000\" \/>\n\t<meta property=\"og:image:height\" content=\"2000\" \/>\n\t<meta property=\"og:image:type\" content=\"image\/jpeg\" \/>\n<meta name=\"twitter:card\" content=\"summary_large_image\" \/>\n<meta name=\"twitter:site\" content=\"@FabyReilly\" \/>\n<meta name=\"twitter:label1\" content=\"Dur\u00e9e de lecture estim\u00e9e\" \/>\n\t<meta name=\"twitter:data1\" content=\"1 minute\" \/>\n<script type=\"application\/ld+json\" class=\"yoast-schema-graph\">{\"@context\":\"https:\\\/\\\/schema.org\",\"@graph\":[{\"@type\":\"WebPage\",\"@id\":\"https:\\\/\\\/fabyreilly.com\\\/fr\\\/produit\\\/modele-broderie-coeur-de-paix\\\/\",\"url\":\"https:\\\/\\\/fabyreilly.com\\\/fr\\\/produit\\\/modele-broderie-coeur-de-paix\\\/\",\"name\":\"Mod\u00e8le broderie point de croix Coeur de Paix - Faby Reilly Designs\",\"isPartOf\":{\"@id\":\"https:\\\/\\\/fabyreilly.com\\\/fr\\\/#website\"},\"primaryImageOfPage\":{\"@id\":\"https:\\\/\\\/fabyreilly.com\\\/fr\\\/produit\\\/modele-broderie-coeur-de-paix\\\/#primaryimage\"},\"image\":{\"@id\":\"https:\\\/\\\/fabyreilly.com\\\/fr\\\/produit\\\/modele-broderie-coeur-de-paix\\\/#primaryimage\"},\"thumbnailUrl\":\"https:\\\/\\\/i0.wp.com\\\/fabyreilly.com\\\/wp-content\\\/uploads\\\/2023\\\/06\\\/Heart-of-Peace-01-Faby-Reilly-Designs.jpg?fit=2000%2C2000&ssl=1\",\"datePublished\":\"2023-06-05T07:31:53+00:00\",\"dateModified\":\"2025-01-31T23:00:10+00:00\",\"description\":\"Envie d'un mod\u00e8le sur le th\u00e8me de la paix ? Brodez le mod\u00e8le apaisant C\u0153ur de Paix pour nourrir votre paix int\u00e9rieure ou pour exprimer votre souhait de paix dans le monde.\",\"breadcrumb\":{\"@id\":\"https:\\\/\\\/fabyreilly.com\\\/fr\\\/produit\\\/modele-broderie-coeur-de-paix\\\/#breadcrumb\"},\"inLanguage\":\"fr-FR\",\"potentialAction\":[{\"@type\":\"ReadAction\",\"target\":[\"https:\\\/\\\/fabyreilly.com\\\/fr\\\/produit\\\/modele-broderie-coeur-de-paix\\\/\"]}]},{\"@type\":\"ImageObject\",\"inLanguage\":\"fr-FR\",\"@id\":\"https:\\\/\\\/fabyreilly.com\\\/fr\\\/produit\\\/modele-broderie-coeur-de-paix\\\/#primaryimage\",\"url\":\"https:\\\/\\\/i0.wp.com\\\/fabyreilly.com\\\/wp-content\\\/uploads\\\/2023\\\/06\\\/Heart-of-Peace-01-Faby-Reilly-Designs.jpg?fit=2000%2C2000&ssl=1\",\"contentUrl\":\"https:\\\/\\\/i0.wp.com\\\/fabyreilly.com\\\/wp-content\\\/uploads\\\/2023\\\/06\\\/Heart-of-Peace-01-Faby-Reilly-Designs.jpg?fit=2000%2C2000&ssl=1\",\"width\":2000,\"height\":2000,\"caption\":\"Heart of Peace PDF pattern - framed stitched model - Faby Reilly Designs\"},{\"@type\":\"BreadcrumbList\",\"@id\":\"https:\\\/\\\/fabyreilly.com\\\/fr\\\/produit\\\/modele-broderie-coeur-de-paix\\\/#breadcrumb\",\"itemListElement\":[{\"@type\":\"ListItem\",\"position\":1,\"name\":\"Accueil\",\"item\":\"https:\\\/\\\/fabyreilly.com\\\/fr\\\/\"},{\"@type\":\"ListItem\",\"position\":2,\"name\":\"Boutique\",\"item\":\"https:\\\/\\\/fabyreilly.com\\\/fr\\\/boutique\\\/\"},{\"@type\":\"ListItem\",\"position\":3,\"name\":\"Mod\u00e8le broderie Coeur de Paix\"}]},{\"@type\":\"WebSite\",\"@id\":\"https:\\\/\\\/fabyreilly.com\\\/fr\\\/#website\",\"url\":\"https:\\\/\\\/fabyreilly.com\\\/fr\\\/\",\"name\":\"Faby Reilly Designs\",\"description\":\"Brodez avec style et \u00e9l\u00e9gance\",\"publisher\":{\"@id\":\"https:\\\/\\\/fabyreilly.com\\\/fr\\\/#organization\"},\"alternateName\":\"FRD\",\"potentialAction\":[{\"@type\":\"SearchAction\",\"target\":{\"@type\":\"EntryPoint\",\"urlTemplate\":\"https:\\\/\\\/fabyreilly.com\\\/fr\\\/?s={search_term_string}\"},\"query-input\":{\"@type\":\"PropertyValueSpecification\",\"valueRequired\":true,\"valueName\":\"search_term_string\"}}],\"inLanguage\":\"fr-FR\"},{\"@type\":\"Organization\",\"@id\":\"https:\\\/\\\/fabyreilly.com\\\/fr\\\/#organization\",\"name\":\"Faby Reilly Designs\",\"alternateName\":\"FRD\",\"url\":\"https:\\\/\\\/fabyreilly.com\\\/fr\\\/\",\"logo\":{\"@type\":\"ImageObject\",\"inLanguage\":\"fr-FR\",\"@id\":\"https:\\\/\\\/fabyreilly.com\\\/fr\\\/#\\\/schema\\\/logo\\\/image\\\/\",\"url\":\"https:\\\/\\\/i0.wp.com\\\/fabyreilly.com\\\/wp-content\\\/uploads\\\/2026\\\/04\\\/FRD-Tag-Logo.png?fit=600%2C250&ssl=1\",\"contentUrl\":\"https:\\\/\\\/i0.wp.com\\\/fabyreilly.com\\\/wp-content\\\/uploads\\\/2026\\\/04\\\/FRD-Tag-Logo.png?fit=600%2C250&ssl=1\",\"width\":600,\"height\":250,\"caption\":\"Faby Reilly Designs\"},\"image\":{\"@id\":\"https:\\\/\\\/fabyreilly.com\\\/fr\\\/#\\\/schema\\\/logo\\\/image\\\/\"},\"sameAs\":[\"https:\\\/\\\/www.facebook.com\\\/FabyReillyDesigns\\\/\",\"https:\\\/\\\/x.com\\\/FabyReilly\",\"https:\\\/\\\/www.instagram.com\\\/fabyreillydesigns\\\/\",\"https:\\\/\\\/www.pinterest.fr\\\/fabyreilly\\\/\"]}]}<\/script>\n<!-- \/ Yoast SEO plugin. -->","yoast_head_json":{"title":"Mod\u00e8le broderie point de croix Coeur de Paix - Faby Reilly Designs","description":"Envie d'un mod\u00e8le sur le th\u00e8me de la paix ? Brodez le mod\u00e8le apaisant C\u0153ur de Paix pour nourrir votre paix int\u00e9rieure ou pour exprimer votre souhait de paix dans le monde.","robots":{"index":"index","follow":"follow","max-snippet":"max-snippet:-1","max-image-preview":"max-image-preview:large","max-video-preview":"max-video-preview:-1"},"canonical":"https:\/\/fabyreilly.com\/fr\/produit\/modele-broderie-coeur-de-paix\/","og_locale":"fr_FR","og_type":"article","og_title":"Mod\u00e8le broderie point de croix Coeur de Paix - Faby Reilly Designs","og_description":"Envie d'un mod\u00e8le sur le th\u00e8me de la paix ? Brodez le mod\u00e8le apaisant C\u0153ur de Paix pour nourrir votre paix int\u00e9rieure ou pour exprimer votre souhait de paix dans le monde.","og_url":"https:\/\/fabyreilly.com\/fr\/produit\/modele-broderie-coeur-de-paix\/","og_site_name":"Faby Reilly Designs","article_publisher":"https:\/\/www.facebook.com\/FabyReillyDesigns\/","article_modified_time":"2025-01-31T23:00:10+00:00","og_image":[{"width":2000,"height":2000,"url":"https:\/\/i0.wp.com\/fabyreilly.com\/wp-content\/uploads\/2023\/06\/Heart-of-Peace-01-Faby-Reilly-Designs.jpg?fit=2000%2C2000&ssl=1","type":"image\/jpeg"}],"twitter_card":"summary_large_image","twitter_site":"@FabyReilly","twitter_misc":{"Dur\u00e9e de lecture estim\u00e9e":"1 minute"},"schema":{"@context":"https:\/\/schema.org","@graph":[{"@type":"WebPage","@id":"https:\/\/fabyreilly.com\/fr\/produit\/modele-broderie-coeur-de-paix\/","url":"https:\/\/fabyreilly.com\/fr\/produit\/modele-broderie-coeur-de-paix\/","name":"Mod\u00e8le broderie point de croix Coeur de Paix - Faby Reilly Designs","isPartOf":{"@id":"https:\/\/fabyreilly.com\/fr\/#website"},"primaryImageOfPage":{"@id":"https:\/\/fabyreilly.com\/fr\/produit\/modele-broderie-coeur-de-paix\/#primaryimage"},"image":{"@id":"https:\/\/fabyreilly.com\/fr\/produit\/modele-broderie-coeur-de-paix\/#primaryimage"},"thumbnailUrl":"https:\/\/i0.wp.com\/fabyreilly.com\/wp-content\/uploads\/2023\/06\/Heart-of-Peace-01-Faby-Reilly-Designs.jpg?fit=2000%2C2000&ssl=1","datePublished":"2023-06-05T07:31:53+00:00","dateModified":"2025-01-31T23:00:10+00:00","description":"Envie d'un mod\u00e8le sur le th\u00e8me de la paix ? Brodez le mod\u00e8le apaisant C\u0153ur de Paix pour nourrir votre paix int\u00e9rieure ou pour exprimer votre souhait de paix dans le monde.","breadcrumb":{"@id":"https:\/\/fabyreilly.com\/fr\/produit\/modele-broderie-coeur-de-paix\/#breadcrumb"},"inLanguage":"fr-FR","potentialAction":[{"@type":"ReadAction","target":["https:\/\/fabyreilly.com\/fr\/produit\/modele-broderie-coeur-de-paix\/"]}]},{"@type":"ImageObject","inLanguage":"fr-FR","@id":"https:\/\/fabyreilly.com\/fr\/produit\/modele-broderie-coeur-de-paix\/#primaryimage","url":"https:\/\/i0.wp.com\/fabyreilly.com\/wp-content\/uploads\/2023\/06\/Heart-of-Peace-01-Faby-Reilly-Designs.jpg?fit=2000%2C2000&ssl=1","contentUrl":"https:\/\/i0.wp.com\/fabyreilly.com\/wp-content\/uploads\/2023\/06\/Heart-of-Peace-01-Faby-Reilly-Designs.jpg?fit=2000%2C2000&ssl=1","width":2000,"height":2000,"caption":"Heart of Peace PDF pattern - framed stitched model - Faby Reilly Designs"},{"@type":"BreadcrumbList","@id":"https:\/\/fabyreilly.com\/fr\/produit\/modele-broderie-coeur-de-paix\/#breadcrumb","itemListElement":[{"@type":"ListItem","position":1,"name":"Accueil","item":"https:\/\/fabyreilly.com\/fr\/"},{"@type":"ListItem","position":2,"name":"Boutique","item":"https:\/\/fabyreilly.com\/fr\/boutique\/"},{"@type":"ListItem","position":3,"name":"Mod\u00e8le broderie Coeur de Paix"}]},{"@type":"WebSite","@id":"https:\/\/fabyreilly.com\/fr\/#website","url":"https:\/\/fabyreilly.com\/fr\/","name":"Faby Reilly Designs","description":"Brodez avec style et \u00e9l\u00e9gance","publisher":{"@id":"https:\/\/fabyreilly.com\/fr\/#organization"},"alternateName":"FRD","potentialAction":[{"@type":"SearchAction","target":{"@type":"EntryPoint","urlTemplate":"https:\/\/fabyreilly.com\/fr\/?s={search_term_string}"},"query-input":{"@type":"PropertyValueSpecification","valueRequired":true,"valueName":"search_term_string"}}],"inLanguage":"fr-FR"},{"@type":"Organization","@id":"https:\/\/fabyreilly.com\/fr\/#organization","name":"Faby Reilly Designs","alternateName":"FRD","url":"https:\/\/fabyreilly.com\/fr\/","logo":{"@type":"ImageObject","inLanguage":"fr-FR","@id":"https:\/\/fabyreilly.com\/fr\/#\/schema\/logo\/image\/","url":"https:\/\/i0.wp.com\/fabyreilly.com\/wp-content\/uploads\/2026\/04\/FRD-Tag-Logo.png?fit=600%2C250&ssl=1","contentUrl":"https:\/\/i0.wp.com\/fabyreilly.com\/wp-content\/uploads\/2026\/04\/FRD-Tag-Logo.png?fit=600%2C250&ssl=1","width":600,"height":250,"caption":"Faby Reilly Designs"},"image":{"@id":"https:\/\/fabyreilly.com\/fr\/#\/schema\/logo\/image\/"},"sameAs":["https:\/\/www.facebook.com\/FabyReillyDesigns\/","https:\/\/x.com\/FabyReilly","https:\/\/www.instagram.com\/fabyreillydesigns\/","https:\/\/www.pinterest.fr\/fabyreilly\/"]}]}},"jetpack_publicize_connections":[],"jetpack_likes_enabled":true,"jetpack_sharing_enabled":true,"_links":{"self":[{"href":"https:\/\/fabyreilly.com\/fr\/wp-json\/wp\/v2\/product\/162918","targetHints":{"allow":["GET"]}}],"collection":[{"href":"https:\/\/fabyreilly.com\/fr\/wp-json\/wp\/v2\/product"}],"about":[{"href":"https:\/\/fabyreilly.com\/fr\/wp-json\/wp\/v2\/types\/product"}],"replies":[{"embeddable":true,"href":"https:\/\/fabyreilly.com\/fr\/wp-json\/wp\/v2\/comments?post=162918"}],"wp:featuredmedia":[{"embeddable":true,"href":"https:\/\/fabyreilly.com\/fr\/wp-json\/wp\/v2\/media\/163638"}],"wp:attachment":[{"href":"https:\/\/fabyreilly.com\/fr\/wp-json\/wp\/v2\/media?parent=162918"}],"wp:term":[{"taxonomy":"product_brand","embeddable":true,"href":"https:\/\/fabyreilly.com\/fr\/wp-json\/wp\/v2\/product_brand?post=162918"},{"taxonomy":"product_cat","embeddable":true,"href":"https:\/\/fabyreilly.com\/fr\/wp-json\/wp\/v2\/product_cat?post=162918"},{"taxonomy":"product_tag","embeddable":true,"href":"https:\/\/fabyreilly.com\/fr\/wp-json\/wp\/v2\/product_tag?post=162918"}],"curies":[{"name":"wp","href":"https:\/\/api.w.org\/{rel}","templated":true}]}}