{"id":162807,"date":"2023-05-09T12:16:43","date_gmt":"2023-05-09T10:16:43","guid":{"rendered":"https:\/\/fabyreilly.com\/?post_type=product&#038;p=162807"},"modified":"2026-02-06T15:56:03","modified_gmt":"2026-02-06T14:56:03","slug":"modele-broderie-ancre-dans-le-sable","status":"publish","type":"product","link":"https:\/\/fabyreilly.com\/fr\/produit\/modele-broderie-ancre-dans-le-sable\/","title":{"rendered":"Mod\u00e8le broderie Ancr\u00e9 dans le sable"},"content":{"rendered":"<p><strong>MOD\u00c8LE PDF DE BRODERIE POINT DE CROIX ANCR\u00c9 DANS LE SABLE <\/strong><\/p>\n<p>Mod\u00e8le de broderie t\u00e9l\u00e9chargeable de la collection <strong>&#8220;QUICK CHALLENGE&#8221;<\/strong>, pour apprendre \u00e0 broder un <span style=\"color: #b1917c;\"><strong>point de cha\u00eenette<\/strong><\/span>.<\/p>\n<p>Ce motif repr\u00e9sente une ancre imposante solidement \u00e9chou\u00e9e sur le sable parmi des coquillages, revendiqu\u00e9e par une fi\u00e8re mouette. Si on \u00e9coute attentivement, on peut (presque) l&#8217;entendre avertir les autres que ce magnifique perchoir n&#8217;est plus libre. En arri\u00e8re-plan, on aper\u00e7oit un phare lumineux et, plus loin, un petit bateau qui vogue sur l&#8217;oc\u00e9an.<\/p>\n<p>Principalement brod\u00e9 au point de croix, ce mod\u00e8le est rehauss\u00e9 d&#8217;un point de cha\u00eenette \u00e9pais qui apporte une belle texture \u00e0 cette petite sc\u00e8ne. C&#8217;est une belle fa\u00e7on d&#8217;agr\u00e9menter votre broderie et\/ou d&#8217;apprendre une nouvelle technique.<\/p>\n<p><strong>FOURNITURES:<\/strong><\/p>\n<ul>\n<li>Lin Zweigart 28ct (11,2 fils) &#8211; mais peut \u00eatre brod\u00e9 sur d&#8217;autres types de toiles, y compris de l&#8217;A\u00efda<\/li>\n<li>Fils moulin\u00e9s DMC<\/li>\n<\/ul>\n<p><strong>CONTENU:<\/strong><\/p>\n<ul>\n<li>la liste d\u00e9taill\u00e9e des <span style=\"color: #b1917c;\"><strong>fournitures<\/strong><\/span> n\u00e9cessaires<\/li>\n<li>la <span style=\"color: #b1917c;\"><strong>l\u00e9gende<\/strong><\/span> pour les symboles utilis\u00e9s<\/li>\n<li>un <span style=\"color: #b1917c;\"><strong>tutoriel masterclass<\/strong><\/span> d\u00e9taill\u00e9 pour apprendre la technique du point de cha\u00eenette<\/li>\n<li>un <span style=\"color: #b1917c;\"><strong>tri-fils imprimable<\/strong><\/span> pour ce mod\u00e8le<\/li>\n<li>des diagrammes en <span style=\"color: #b1917c;\"><strong>couleur<\/strong><\/span> (vue d\u2019ensemble \/ point de croix seul \/ tous les points)<\/li>\n<li>un diagramme <span style=\"color: #b1917c;\"><strong>hybride<\/strong><\/span> (point de croix noir et blanc avec point arri\u00e8re et points sp\u00e9ciaux en couleur)<\/li>\n<li>un <span style=\"color: #b1917c;\"><strong>tutoriel des finitions<\/strong><\/span> pas-\u00e0-pas pour apprendre \u00e0 encadrer ce projet<\/li>\n<\/ul>\n<p>&nbsp;<\/p>\n<p>Pour <span style=\"color: #b1918c;\"><strong>davantage de photos<\/strong><\/span> ou pour voir <span style=\"color: #b1918c;\"><strong>les r\u00e9alisations d&#8217;autres brodeurs\/brodeuses<\/strong><\/span>, voir la <a href=\"https:\/\/www.pinterest.co.uk\/fabyreilly\/quick-challenge-gallery\/\" target=\"_blank\" rel=\"noopener\"><strong>Galerie Quick Challenge<\/strong><\/a>.<\/p>\n<p>Vous avez des questions sur le mod\u00e8le de point de croix &#8220;Ancr\u00e9 dans le sable&#8221; ? N&#8217;h\u00e9sitez pas \u00e0 me <strong><a href=\"https:\/\/fabyreilly.com\/info\/contact\/\">contacter<\/a><\/strong>!<\/p>\n","protected":false},"excerpt":{"rendered":"<p><strong>TYPE<\/strong> : mod\u00e8le PDF t\u00e9l\u00e9chargeable de broderie au point de croix<\/p>\n<p><strong>LANGUES<\/strong>: Anglais (UK) \/ Anglais (US) \/ Fran\u00e7ais<\/p>\n<p><strong>NIVEAU<\/strong>:<span style=\"color: #b1918c;\"><strong> <\/strong> <strong>Avanc\u00e9<\/strong><\/span> <\/p>\n<p><strong>TAILLE<\/strong>: 40 x 90 points (<span style=\"color: #999999;\">largeur<\/span> x <span style=\"color: #999999;\">longueur<\/span>)<\/p>\n<p><strong>DIMENSION DE LA SURFACE BRODEE<\/strong> <span style=\"color: #999999;\">(sur la toile recommand\u00e9e)<\/span>: 16,5 x 7,5 cm <span style=\"color: #999999;\">(6,5\u2033 x 3\u2033)<\/span><\/p>\n<p>Pour plus de d\u00e9tails, voir l&#8217;onglet <strong>Description<\/strong> ci-dessous.<\/p>\n","protected":false},"featured_media":163646,"comment_status":"open","ping_status":"closed","template":"","meta":{"_coblocks_attr":"","_coblocks_dimensions":"","_coblocks_responsive_height":"","_coblocks_accordion_ie_support":"","_crdt_document":"","jetpack_publicize_message":"","jetpack_publicize_feature_enabled":true,"jetpack_social_post_already_shared":true,"jetpack_social_options":{"image_generator_settings":{"template":"highway","default_image_id":0,"font":"","enabled":false},"version":2},"_wpas_customize_per_network":false},"product_brand":[],"product_cat":[650086190],"product_tag":[650086185],"class_list":{"0":"post-162807","1":"product","2":"type-product","3":"status-publish","4":"has-post-thumbnail","6":"product_cat-quick-challenge-fr","7":"product_tag-avance","8":"pa_collection-quick-challenge-fr","9":"pa_colour-bleu","10":"pa_colour-rouge","11":"pa_shape-a-encadrer","12":"pa_skill-level-avance","13":"pa_special-stitches-point-de-chainette","14":"pa_tags-petits-modeles","15":"pa_tags-plage","16":"pa_tags-tri-fils","17":"pa_tags-voile","18":"pa_techniques-point-arriere","19":"pa_techniques-points-speciaux","20":"pa_theme-fete-des-peres","21":"pa_theme-nautique","23":"first","24":"instock","25":"downloadable","26":"virtual","27":"purchasable","28":"product-type-simple"},"yoast_head":"<!-- This site is optimized with the Yoast SEO plugin v27.5 - https:\/\/yoast.com\/product\/yoast-seo-wordpress\/ -->\n<title>PDF de broderie point de croix &quot;Ancr\u00e9 dans le sable&quot; - Faby Reilly Designs.<\/title>\n<meta name=\"description\" content=\"Vous cherchez un mod\u00e8le de paysage marin ? Brodez le joli mod\u00e8le &quot;Ancr\u00e9 dans le sable&quot; pour allier point de cha\u00eenette et point de croix et obtenir un effet de chaine r\u00e9aliste.\" \/>\n<meta name=\"robots\" content=\"index, follow, max-snippet:-1, max-image-preview:large, max-video-preview:-1\" \/>\n<link rel=\"canonical\" href=\"https:\/\/fabyreilly.com\/fr\/produit\/modele-broderie-ancre-dans-le-sable\/\" \/>\n<meta property=\"og:locale\" content=\"fr_FR\" \/>\n<meta property=\"og:type\" content=\"article\" \/>\n<meta property=\"og:title\" content=\"PDF de broderie point de croix &quot;Ancr\u00e9 dans le sable&quot; - Faby Reilly Designs.\" \/>\n<meta property=\"og:description\" content=\"Vous cherchez un mod\u00e8le de paysage marin ? Brodez le joli mod\u00e8le &quot;Ancr\u00e9 dans le sable&quot; pour allier point de cha\u00eenette et point de croix et obtenir un effet de chaine r\u00e9aliste.\" \/>\n<meta property=\"og:url\" content=\"https:\/\/fabyreilly.com\/fr\/produit\/modele-broderie-ancre-dans-le-sable\/\" \/>\n<meta property=\"og:site_name\" content=\"Faby Reilly Designs\" \/>\n<meta property=\"article:publisher\" content=\"https:\/\/www.facebook.com\/FabyReillyDesigns\/\" \/>\n<meta property=\"article:modified_time\" content=\"2026-02-06T14:56:03+00:00\" \/>\n<meta property=\"og:image\" content=\"https:\/\/fabyreilly.com\/wp-content\/uploads\/2023\/05\/Anchored-in-the-Sand-01-Faby-Reilly-Designs-1024x1024.png\" \/>\n\t<meta property=\"og:image:width\" content=\"1024\" \/>\n\t<meta property=\"og:image:height\" content=\"1024\" \/>\n\t<meta property=\"og:image:type\" content=\"image\/png\" \/>\n<meta name=\"twitter:card\" content=\"summary_large_image\" \/>\n<meta name=\"twitter:site\" content=\"@FabyReilly\" \/>\n<meta name=\"twitter:label1\" content=\"Dur\u00e9e de lecture estim\u00e9e\" \/>\n\t<meta name=\"twitter:data1\" content=\"2 minutes\" \/>\n<script type=\"application\/ld+json\" class=\"yoast-schema-graph\">{\"@context\":\"https:\\\/\\\/schema.org\",\"@graph\":[{\"@type\":\"WebPage\",\"@id\":\"https:\\\/\\\/fabyreilly.com\\\/fr\\\/produit\\\/modele-broderie-ancre-dans-le-sable\\\/\",\"url\":\"https:\\\/\\\/fabyreilly.com\\\/fr\\\/produit\\\/modele-broderie-ancre-dans-le-sable\\\/\",\"name\":\"PDF de broderie point de croix \\\"Ancr\u00e9 dans le sable\\\" - Faby Reilly Designs.\",\"isPartOf\":{\"@id\":\"https:\\\/\\\/fabyreilly.com\\\/fr\\\/#website\"},\"primaryImageOfPage\":{\"@id\":\"https:\\\/\\\/fabyreilly.com\\\/fr\\\/produit\\\/modele-broderie-ancre-dans-le-sable\\\/#primaryimage\"},\"image\":{\"@id\":\"https:\\\/\\\/fabyreilly.com\\\/fr\\\/produit\\\/modele-broderie-ancre-dans-le-sable\\\/#primaryimage\"},\"thumbnailUrl\":\"https:\\\/\\\/i0.wp.com\\\/fabyreilly.com\\\/wp-content\\\/uploads\\\/2023\\\/05\\\/Anchored-in-the-Sand.jpg?fit=2000%2C2000&ssl=1\",\"datePublished\":\"2023-05-09T10:16:43+00:00\",\"dateModified\":\"2026-02-06T14:56:03+00:00\",\"description\":\"Vous cherchez un mod\u00e8le de paysage marin ? Brodez le joli mod\u00e8le \\\"Ancr\u00e9 dans le sable\\\" pour allier point de cha\u00eenette et point de croix et obtenir un effet de chaine r\u00e9aliste.\",\"breadcrumb\":{\"@id\":\"https:\\\/\\\/fabyreilly.com\\\/fr\\\/produit\\\/modele-broderie-ancre-dans-le-sable\\\/#breadcrumb\"},\"inLanguage\":\"fr-FR\",\"potentialAction\":[{\"@type\":\"ReadAction\",\"target\":[\"https:\\\/\\\/fabyreilly.com\\\/fr\\\/produit\\\/modele-broderie-ancre-dans-le-sable\\\/\"]}]},{\"@type\":\"ImageObject\",\"inLanguage\":\"fr-FR\",\"@id\":\"https:\\\/\\\/fabyreilly.com\\\/fr\\\/produit\\\/modele-broderie-ancre-dans-le-sable\\\/#primaryimage\",\"url\":\"https:\\\/\\\/i0.wp.com\\\/fabyreilly.com\\\/wp-content\\\/uploads\\\/2023\\\/05\\\/Anchored-in-the-Sand.jpg?fit=2000%2C2000&ssl=1\",\"contentUrl\":\"https:\\\/\\\/i0.wp.com\\\/fabyreilly.com\\\/wp-content\\\/uploads\\\/2023\\\/05\\\/Anchored-in-the-Sand.jpg?fit=2000%2C2000&ssl=1\",\"width\":2000,\"height\":2000,\"caption\":\"Anchored in the Sand PDF pattern - framed stitched model - Faby Reilly Designs\"},{\"@type\":\"BreadcrumbList\",\"@id\":\"https:\\\/\\\/fabyreilly.com\\\/fr\\\/produit\\\/modele-broderie-ancre-dans-le-sable\\\/#breadcrumb\",\"itemListElement\":[{\"@type\":\"ListItem\",\"position\":1,\"name\":\"Accueil\",\"item\":\"https:\\\/\\\/fabyreilly.com\\\/fr\\\/\"},{\"@type\":\"ListItem\",\"position\":2,\"name\":\"Boutique\",\"item\":\"https:\\\/\\\/fabyreilly.com\\\/fr\\\/boutique\\\/\"},{\"@type\":\"ListItem\",\"position\":3,\"name\":\"Mod\u00e8le broderie Ancr\u00e9 dans le sable\"}]},{\"@type\":\"WebSite\",\"@id\":\"https:\\\/\\\/fabyreilly.com\\\/fr\\\/#website\",\"url\":\"https:\\\/\\\/fabyreilly.com\\\/fr\\\/\",\"name\":\"Faby Reilly Designs\",\"description\":\"Brodez avec style et \u00e9l\u00e9gance\",\"publisher\":{\"@id\":\"https:\\\/\\\/fabyreilly.com\\\/fr\\\/#organization\"},\"alternateName\":\"FRD\",\"potentialAction\":[{\"@type\":\"SearchAction\",\"target\":{\"@type\":\"EntryPoint\",\"urlTemplate\":\"https:\\\/\\\/fabyreilly.com\\\/fr\\\/?s={search_term_string}\"},\"query-input\":{\"@type\":\"PropertyValueSpecification\",\"valueRequired\":true,\"valueName\":\"search_term_string\"}}],\"inLanguage\":\"fr-FR\"},{\"@type\":\"Organization\",\"@id\":\"https:\\\/\\\/fabyreilly.com\\\/fr\\\/#organization\",\"name\":\"Faby Reilly Designs\",\"alternateName\":\"FRD\",\"url\":\"https:\\\/\\\/fabyreilly.com\\\/fr\\\/\",\"logo\":{\"@type\":\"ImageObject\",\"inLanguage\":\"fr-FR\",\"@id\":\"https:\\\/\\\/fabyreilly.com\\\/fr\\\/#\\\/schema\\\/logo\\\/image\\\/\",\"url\":\"https:\\\/\\\/i0.wp.com\\\/fabyreilly.com\\\/wp-content\\\/uploads\\\/2026\\\/04\\\/FRD-Tag-Logo.png?fit=600%2C250&ssl=1\",\"contentUrl\":\"https:\\\/\\\/i0.wp.com\\\/fabyreilly.com\\\/wp-content\\\/uploads\\\/2026\\\/04\\\/FRD-Tag-Logo.png?fit=600%2C250&ssl=1\",\"width\":600,\"height\":250,\"caption\":\"Faby Reilly Designs\"},\"image\":{\"@id\":\"https:\\\/\\\/fabyreilly.com\\\/fr\\\/#\\\/schema\\\/logo\\\/image\\\/\"},\"sameAs\":[\"https:\\\/\\\/www.facebook.com\\\/FabyReillyDesigns\\\/\",\"https:\\\/\\\/x.com\\\/FabyReilly\",\"https:\\\/\\\/www.instagram.com\\\/fabyreillydesigns\\\/\",\"https:\\\/\\\/www.pinterest.fr\\\/fabyreilly\\\/\"]}]}<\/script>\n<!-- \/ Yoast SEO plugin. -->","yoast_head_json":{"title":"PDF de broderie point de croix \"Ancr\u00e9 dans le sable\" - Faby Reilly Designs.","description":"Vous cherchez un mod\u00e8le de paysage marin ? Brodez le joli mod\u00e8le \"Ancr\u00e9 dans le sable\" pour allier point de cha\u00eenette et point de croix et obtenir un effet de chaine r\u00e9aliste.","robots":{"index":"index","follow":"follow","max-snippet":"max-snippet:-1","max-image-preview":"max-image-preview:large","max-video-preview":"max-video-preview:-1"},"canonical":"https:\/\/fabyreilly.com\/fr\/produit\/modele-broderie-ancre-dans-le-sable\/","og_locale":"fr_FR","og_type":"article","og_title":"PDF de broderie point de croix \"Ancr\u00e9 dans le sable\" - Faby Reilly Designs.","og_description":"Vous cherchez un mod\u00e8le de paysage marin ? Brodez le joli mod\u00e8le \"Ancr\u00e9 dans le sable\" pour allier point de cha\u00eenette et point de croix et obtenir un effet de chaine r\u00e9aliste.","og_url":"https:\/\/fabyreilly.com\/fr\/produit\/modele-broderie-ancre-dans-le-sable\/","og_site_name":"Faby Reilly Designs","article_publisher":"https:\/\/www.facebook.com\/FabyReillyDesigns\/","article_modified_time":"2026-02-06T14:56:03+00:00","og_image":[{"width":1024,"height":1024,"url":"https:\/\/fabyreilly.com\/wp-content\/uploads\/2023\/05\/Anchored-in-the-Sand-01-Faby-Reilly-Designs-1024x1024.png","type":"image\/png"}],"twitter_card":"summary_large_image","twitter_site":"@FabyReilly","twitter_misc":{"Dur\u00e9e de lecture estim\u00e9e":"2 minutes"},"schema":{"@context":"https:\/\/schema.org","@graph":[{"@type":"WebPage","@id":"https:\/\/fabyreilly.com\/fr\/produit\/modele-broderie-ancre-dans-le-sable\/","url":"https:\/\/fabyreilly.com\/fr\/produit\/modele-broderie-ancre-dans-le-sable\/","name":"PDF de broderie point de croix \"Ancr\u00e9 dans le sable\" - Faby Reilly Designs.","isPartOf":{"@id":"https:\/\/fabyreilly.com\/fr\/#website"},"primaryImageOfPage":{"@id":"https:\/\/fabyreilly.com\/fr\/produit\/modele-broderie-ancre-dans-le-sable\/#primaryimage"},"image":{"@id":"https:\/\/fabyreilly.com\/fr\/produit\/modele-broderie-ancre-dans-le-sable\/#primaryimage"},"thumbnailUrl":"https:\/\/i0.wp.com\/fabyreilly.com\/wp-content\/uploads\/2023\/05\/Anchored-in-the-Sand.jpg?fit=2000%2C2000&ssl=1","datePublished":"2023-05-09T10:16:43+00:00","dateModified":"2026-02-06T14:56:03+00:00","description":"Vous cherchez un mod\u00e8le de paysage marin ? Brodez le joli mod\u00e8le \"Ancr\u00e9 dans le sable\" pour allier point de cha\u00eenette et point de croix et obtenir un effet de chaine r\u00e9aliste.","breadcrumb":{"@id":"https:\/\/fabyreilly.com\/fr\/produit\/modele-broderie-ancre-dans-le-sable\/#breadcrumb"},"inLanguage":"fr-FR","potentialAction":[{"@type":"ReadAction","target":["https:\/\/fabyreilly.com\/fr\/produit\/modele-broderie-ancre-dans-le-sable\/"]}]},{"@type":"ImageObject","inLanguage":"fr-FR","@id":"https:\/\/fabyreilly.com\/fr\/produit\/modele-broderie-ancre-dans-le-sable\/#primaryimage","url":"https:\/\/i0.wp.com\/fabyreilly.com\/wp-content\/uploads\/2023\/05\/Anchored-in-the-Sand.jpg?fit=2000%2C2000&ssl=1","contentUrl":"https:\/\/i0.wp.com\/fabyreilly.com\/wp-content\/uploads\/2023\/05\/Anchored-in-the-Sand.jpg?fit=2000%2C2000&ssl=1","width":2000,"height":2000,"caption":"Anchored in the Sand PDF pattern - framed stitched model - Faby Reilly Designs"},{"@type":"BreadcrumbList","@id":"https:\/\/fabyreilly.com\/fr\/produit\/modele-broderie-ancre-dans-le-sable\/#breadcrumb","itemListElement":[{"@type":"ListItem","position":1,"name":"Accueil","item":"https:\/\/fabyreilly.com\/fr\/"},{"@type":"ListItem","position":2,"name":"Boutique","item":"https:\/\/fabyreilly.com\/fr\/boutique\/"},{"@type":"ListItem","position":3,"name":"Mod\u00e8le broderie Ancr\u00e9 dans le sable"}]},{"@type":"WebSite","@id":"https:\/\/fabyreilly.com\/fr\/#website","url":"https:\/\/fabyreilly.com\/fr\/","name":"Faby Reilly Designs","description":"Brodez avec style et \u00e9l\u00e9gance","publisher":{"@id":"https:\/\/fabyreilly.com\/fr\/#organization"},"alternateName":"FRD","potentialAction":[{"@type":"SearchAction","target":{"@type":"EntryPoint","urlTemplate":"https:\/\/fabyreilly.com\/fr\/?s={search_term_string}"},"query-input":{"@type":"PropertyValueSpecification","valueRequired":true,"valueName":"search_term_string"}}],"inLanguage":"fr-FR"},{"@type":"Organization","@id":"https:\/\/fabyreilly.com\/fr\/#organization","name":"Faby Reilly Designs","alternateName":"FRD","url":"https:\/\/fabyreilly.com\/fr\/","logo":{"@type":"ImageObject","inLanguage":"fr-FR","@id":"https:\/\/fabyreilly.com\/fr\/#\/schema\/logo\/image\/","url":"https:\/\/i0.wp.com\/fabyreilly.com\/wp-content\/uploads\/2026\/04\/FRD-Tag-Logo.png?fit=600%2C250&ssl=1","contentUrl":"https:\/\/i0.wp.com\/fabyreilly.com\/wp-content\/uploads\/2026\/04\/FRD-Tag-Logo.png?fit=600%2C250&ssl=1","width":600,"height":250,"caption":"Faby Reilly Designs"},"image":{"@id":"https:\/\/fabyreilly.com\/fr\/#\/schema\/logo\/image\/"},"sameAs":["https:\/\/www.facebook.com\/FabyReillyDesigns\/","https:\/\/x.com\/FabyReilly","https:\/\/www.instagram.com\/fabyreillydesigns\/","https:\/\/www.pinterest.fr\/fabyreilly\/"]}]}},"jetpack_publicize_connections":[],"jetpack_likes_enabled":true,"jetpack_sharing_enabled":true,"_links":{"self":[{"href":"https:\/\/fabyreilly.com\/fr\/wp-json\/wp\/v2\/product\/162807","targetHints":{"allow":["GET"]}}],"collection":[{"href":"https:\/\/fabyreilly.com\/fr\/wp-json\/wp\/v2\/product"}],"about":[{"href":"https:\/\/fabyreilly.com\/fr\/wp-json\/wp\/v2\/types\/product"}],"replies":[{"embeddable":true,"href":"https:\/\/fabyreilly.com\/fr\/wp-json\/wp\/v2\/comments?post=162807"}],"wp:featuredmedia":[{"embeddable":true,"href":"https:\/\/fabyreilly.com\/fr\/wp-json\/wp\/v2\/media\/163646"}],"wp:attachment":[{"href":"https:\/\/fabyreilly.com\/fr\/wp-json\/wp\/v2\/media?parent=162807"}],"wp:term":[{"taxonomy":"product_brand","embeddable":true,"href":"https:\/\/fabyreilly.com\/fr\/wp-json\/wp\/v2\/product_brand?post=162807"},{"taxonomy":"product_cat","embeddable":true,"href":"https:\/\/fabyreilly.com\/fr\/wp-json\/wp\/v2\/product_cat?post=162807"},{"taxonomy":"product_tag","embeddable":true,"href":"https:\/\/fabyreilly.com\/fr\/wp-json\/wp\/v2\/product_tag?post=162807"}],"curies":[{"name":"wp","href":"https:\/\/api.w.org\/{rel}","templated":true}]}}