{"id":159748,"date":"2021-05-26T15:29:29","date_gmt":"2021-05-26T13:29:29","guid":{"rendered":"https:\/\/fabyreilly.com\/?post_type=product&#038;p=159748"},"modified":"2025-09-02T00:06:49","modified_gmt":"2025-09-01T22:06:49","slug":"sur-le-sentier-des-papillons","status":"publish","type":"product","link":"https:\/\/fabyreilly.com\/fr\/produit\/sur-le-sentier-des-papillons\/","title":{"rendered":"Sur le Sentier des Papillons"},"content":{"rendered":"<p><strong>LANGUES<\/strong>: anglais \/ fran\u00e7ais<\/p>\n<p><strong>NIVEAU<\/strong>: <span style=\"color: #b1918c;\"><strong><span style=\"color: #b1918c;\">Avanc\u00e9<\/span><\/strong><\/span><\/p>\n<p><strong>TAILLE<\/strong>: 40 x 90 points <span style=\"color: #999999;\">(largeur x<\/span> <span style=\"color: #999999;\">longueur)<\/span><\/p>\n<p><strong>DIMENSION DE LA SURFACE BRODEE<\/strong> <span style=\"color: #999999;\">(sur la toile recommand\u00e9e)<\/span>: 7 x 16 cm <span style=\"color: #999999;\">(3&#8243; x 6&#8243;)<\/span><\/p>\n<p><strong>FOURNITURES<\/strong>:<\/p>\n<ul>\n<li>Lin Zweigart 28ct (11,2 fils)<\/li>\n<li>Fils moulin\u00e9s DMC<\/li>\n<li>Rainbow Gallery Petite Treasure Braid<\/li>\n<\/ul>\n<p><strong>CONTENU<\/strong>:<\/p>\n<ul>\n<li>la liste d\u00e9taill\u00e9e des <span style=\"color: #b1917c;\"><strong>fournitures<\/strong><\/span> n\u00e9cessaires<\/li>\n<li>la <span style=\"color: #b1917c;\"><strong>l\u00e9gende<\/strong><\/span> pour les symboles utilis\u00e9s<\/li>\n<li>un <span style=\"color: #b1917c;\"><strong>tutoriel masterclass<\/strong><\/span> pour le papillon de Rhodes<\/li>\n<li>un <span style=\"color: #b1917c;\"><strong>tri-fils imprimable<\/strong><\/span> pour ce mod\u00e8le<\/li>\n<li>des diagrammes en <span style=\"color: #b1917c;\"><strong>couleur<\/strong><\/span>(vue d\u2019ensemble \/ point de croix seul \/ tous les points)<\/li>\n<li>un diagramme <span style=\"color: #b1917c;\"><strong>hybride<\/strong><\/span> (point de croix noir et blanc avec point arri\u00e8re et points sp\u00e9ciaux en couleur)<\/li>\n<li>un <span style=\"color: #b1917c;\"><strong>tutoriel des finitions<\/strong><\/span> pour encadrer ce projet<\/li>\n<\/ul>\n<p>Pour <span style=\"color: #b1918c;\"><strong>davantage de photos<\/strong><\/span> ou pour voir <span style=\"color: #b1918c;\"><strong>les r\u00e9alisations d&#8217;autres brodeurs\/brodeuses<\/strong><\/span>, voir la <a href=\"https:\/\/www.pinterest.co.uk\/fabyreilly\/quick-challenge-gallery\/\" target=\"_blank\" rel=\"noopener\"><strong>Galerie Quick Challenge<\/strong><\/a>.<\/p>\n<p>Vous avez une question ? N&#8217;h\u00e9sitez pas \u00e0 me <strong><a href=\"https:\/\/fabyreilly.com\/info\/contact\/\">contacter<\/a><\/strong>!<\/p>\n","protected":false},"excerpt":{"rendered":"<p><strong>\u201cQUICK CHALLENGE\u201d<\/strong> \u2022 <strong>Mod\u00e8le PDF<\/strong> pour apprendre \u00e0 broder le <a href=\"https:\/\/fabyreilly.com\/2020\/01\/27\/rhodes-butterfly-stitch\/\" target=\"_blank\" rel=\"noopener\"><b>papillon de Rhodes<\/b><\/a>.<\/p>\n<p>Ce mod\u00e8le repr\u00e9sente une nu\u00e9e de jolis papillons, de toutes formes et tailles.<\/p>\n<p>Rehauss\u00e9 de fil dor\u00e9 et de points sp\u00e9ciaux.<\/p>\n<p>Pour plus de d\u00e9tails, voir l&#8217;onglet <strong>Description<\/strong> ci-dessous.<\/p>\n","protected":false},"featured_media":164929,"comment_status":"open","ping_status":"closed","template":"","meta":{"_coblocks_attr":"","_coblocks_dimensions":"","_coblocks_responsive_height":"","_coblocks_accordion_ie_support":"","_crdt_document":"","jetpack_post_was_ever_published":false,"jetpack_publicize_message":"","jetpack_publicize_feature_enabled":true,"jetpack_social_post_already_shared":true,"jetpack_social_options":{"image_generator_settings":{"template":"highway","default_image_id":0,"font":"","enabled":false},"version":2},"_wpas_customize_per_network":false},"product_brand":[],"product_cat":[650086449,650086190,650086177],"product_tag":[650086185],"class_list":{"0":"post-159748","1":"product","2":"type-product","3":"status-publish","4":"has-post-thumbnail","6":"product_cat-modeles-avec-animaux","7":"product_cat-quick-challenge-fr","8":"product_cat-modeles-printemps-ete","9":"product_tag-avance","10":"pa_collection-collection-papillon","11":"pa_colour-bleu","12":"pa_colour-dore","13":"pa_embellishments-fils-metalliques","14":"pa_shape-a-encadrer","15":"pa_skill-level-avance","16":"pa_special-stitches-papillon-de-rhodes","17":"pa_special-stitches-point-de-noeud-point-colonial","18":"pa_tags-animaux","19":"pa_tags-papillons","20":"pa_tags-petits-modeles","21":"pa_tags-tri-fils","22":"pa_techniques-noeuds","23":"pa_techniques-point-arriere","24":"pa_techniques-points-speciaux","25":"pa_theme-ete","26":"pa_theme-insectes-creatures-animaux","27":"pa_theme-printemps","29":"first","30":"instock","31":"downloadable","32":"virtual","33":"purchasable","34":"product-type-simple"},"yoast_head":"<!-- This site is optimized with the Yoast SEO plugin v27.3 - https:\/\/yoast.com\/product\/yoast-seo-wordpress\/ -->\n<title>Sur le Sentier des Papillons - Faby Reilly Designs<\/title>\n<meta name=\"robots\" content=\"index, follow, max-snippet:-1, max-image-preview:large, max-video-preview:-1\" \/>\n<link rel=\"canonical\" href=\"https:\/\/fabyreilly.com\/fr\/produit\/sur-le-sentier-des-papillons\/\" \/>\n<meta property=\"og:locale\" content=\"fr_FR\" \/>\n<meta property=\"og:type\" content=\"article\" \/>\n<meta property=\"og:title\" content=\"Sur le Sentier des Papillons - Faby Reilly Designs\" \/>\n<meta property=\"og:description\" content=\"\u201cQUICK CHALLENGE\u201d \u2022 Mod\u00e8le PDF pour apprendre \u00e0 broder le papillon de Rhodes. Ce mod\u00e8le repr\u00e9sente une nu\u00e9e de jolis papillons, de toutes formes et tailles. Rehauss\u00e9 de fil dor\u00e9 et de points sp\u00e9ciaux. Pour plus de d\u00e9tails, voir l&#039;onglet Description ci-dessous.\" \/>\n<meta property=\"og:url\" content=\"https:\/\/fabyreilly.com\/fr\/produit\/sur-le-sentier-des-papillons\/\" \/>\n<meta property=\"og:site_name\" content=\"Faby Reilly Designs\" \/>\n<meta property=\"article:publisher\" content=\"https:\/\/www.facebook.com\/FabyReillyDesigns\/\" \/>\n<meta property=\"article:modified_time\" content=\"2025-09-01T22:06:49+00:00\" \/>\n<meta property=\"og:image\" content=\"https:\/\/fabyreilly.com\/wp-content\/uploads\/2021\/05\/Butterfly-Trail-01-Faby-Reilly-Designs-1.jpg\" \/>\n\t<meta property=\"og:image:width\" content=\"2000\" \/>\n\t<meta property=\"og:image:height\" content=\"2000\" \/>\n\t<meta property=\"og:image:type\" content=\"image\/jpeg\" \/>\n<meta name=\"twitter:card\" content=\"summary_large_image\" \/>\n<meta name=\"twitter:site\" content=\"@FabyReilly\" \/>\n<meta name=\"twitter:label1\" content=\"Dur\u00e9e de lecture estim\u00e9e\" \/>\n\t<meta name=\"twitter:data1\" content=\"1 minute\" \/>\n<script type=\"application\/ld+json\" class=\"yoast-schema-graph\">{\"@context\":\"https:\\\/\\\/schema.org\",\"@graph\":[{\"@type\":\"WebPage\",\"@id\":\"https:\\\/\\\/fabyreilly.com\\\/fr\\\/produit\\\/sur-le-sentier-des-papillons\\\/\",\"url\":\"https:\\\/\\\/fabyreilly.com\\\/fr\\\/produit\\\/sur-le-sentier-des-papillons\\\/\",\"name\":\"Sur le Sentier des Papillons - Faby Reilly Designs\",\"isPartOf\":{\"@id\":\"https:\\\/\\\/fabyreilly.com\\\/fr\\\/#website\"},\"primaryImageOfPage\":{\"@id\":\"https:\\\/\\\/fabyreilly.com\\\/fr\\\/produit\\\/sur-le-sentier-des-papillons\\\/#primaryimage\"},\"image\":{\"@id\":\"https:\\\/\\\/fabyreilly.com\\\/fr\\\/produit\\\/sur-le-sentier-des-papillons\\\/#primaryimage\"},\"thumbnailUrl\":\"https:\\\/\\\/i0.wp.com\\\/fabyreilly.com\\\/wp-content\\\/uploads\\\/2021\\\/05\\\/Butterfly-Trail-01-Faby-Reilly-Designs-1.jpg?fit=2000%2C2000&ssl=1\",\"datePublished\":\"2021-05-26T13:29:29+00:00\",\"dateModified\":\"2025-09-01T22:06:49+00:00\",\"breadcrumb\":{\"@id\":\"https:\\\/\\\/fabyreilly.com\\\/fr\\\/produit\\\/sur-le-sentier-des-papillons\\\/#breadcrumb\"},\"inLanguage\":\"fr-FR\",\"potentialAction\":[{\"@type\":\"ReadAction\",\"target\":[\"https:\\\/\\\/fabyreilly.com\\\/fr\\\/produit\\\/sur-le-sentier-des-papillons\\\/\"]}]},{\"@type\":\"ImageObject\",\"inLanguage\":\"fr-FR\",\"@id\":\"https:\\\/\\\/fabyreilly.com\\\/fr\\\/produit\\\/sur-le-sentier-des-papillons\\\/#primaryimage\",\"url\":\"https:\\\/\\\/i0.wp.com\\\/fabyreilly.com\\\/wp-content\\\/uploads\\\/2021\\\/05\\\/Butterfly-Trail-01-Faby-Reilly-Designs-1.jpg?fit=2000%2C2000&ssl=1\",\"contentUrl\":\"https:\\\/\\\/i0.wp.com\\\/fabyreilly.com\\\/wp-content\\\/uploads\\\/2021\\\/05\\\/Butterfly-Trail-01-Faby-Reilly-Designs-1.jpg?fit=2000%2C2000&ssl=1\",\"width\":2000,\"height\":2000},{\"@type\":\"BreadcrumbList\",\"@id\":\"https:\\\/\\\/fabyreilly.com\\\/fr\\\/produit\\\/sur-le-sentier-des-papillons\\\/#breadcrumb\",\"itemListElement\":[{\"@type\":\"ListItem\",\"position\":1,\"name\":\"Accueil\",\"item\":\"https:\\\/\\\/fabyreilly.com\\\/fr\\\/\"},{\"@type\":\"ListItem\",\"position\":2,\"name\":\"Boutique\",\"item\":\"https:\\\/\\\/fabyreilly.com\\\/fr\\\/boutique\\\/\"},{\"@type\":\"ListItem\",\"position\":3,\"name\":\"Sur le Sentier des Papillons\"}]},{\"@type\":\"WebSite\",\"@id\":\"https:\\\/\\\/fabyreilly.com\\\/fr\\\/#website\",\"url\":\"https:\\\/\\\/fabyreilly.com\\\/fr\\\/\",\"name\":\"Faby Reilly Designs\",\"description\":\"Brodez avec style et \u00e9l\u00e9gance\",\"publisher\":{\"@id\":\"https:\\\/\\\/fabyreilly.com\\\/fr\\\/#organization\"},\"alternateName\":\"FRD\",\"potentialAction\":[{\"@type\":\"SearchAction\",\"target\":{\"@type\":\"EntryPoint\",\"urlTemplate\":\"https:\\\/\\\/fabyreilly.com\\\/fr\\\/?s={search_term_string}\"},\"query-input\":{\"@type\":\"PropertyValueSpecification\",\"valueRequired\":true,\"valueName\":\"search_term_string\"}}],\"inLanguage\":\"fr-FR\"},{\"@type\":\"Organization\",\"@id\":\"https:\\\/\\\/fabyreilly.com\\\/fr\\\/#organization\",\"name\":\"Faby Reilly Designs\",\"alternateName\":\"FRD\",\"url\":\"https:\\\/\\\/fabyreilly.com\\\/fr\\\/\",\"logo\":{\"@type\":\"ImageObject\",\"inLanguage\":\"fr-FR\",\"@id\":\"https:\\\/\\\/fabyreilly.com\\\/fr\\\/#\\\/schema\\\/logo\\\/image\\\/\",\"url\":\"https:\\\/\\\/i0.wp.com\\\/fabyreilly.com\\\/wp-content\\\/uploads\\\/2026\\\/04\\\/FRD-Tag-Logo.png?fit=600%2C250&ssl=1\",\"contentUrl\":\"https:\\\/\\\/i0.wp.com\\\/fabyreilly.com\\\/wp-content\\\/uploads\\\/2026\\\/04\\\/FRD-Tag-Logo.png?fit=600%2C250&ssl=1\",\"width\":600,\"height\":250,\"caption\":\"Faby Reilly Designs\"},\"image\":{\"@id\":\"https:\\\/\\\/fabyreilly.com\\\/fr\\\/#\\\/schema\\\/logo\\\/image\\\/\"},\"sameAs\":[\"https:\\\/\\\/www.facebook.com\\\/FabyReillyDesigns\\\/\",\"https:\\\/\\\/x.com\\\/FabyReilly\",\"https:\\\/\\\/www.instagram.com\\\/fabyreillydesigns\\\/\",\"https:\\\/\\\/www.pinterest.fr\\\/fabyreilly\\\/\"]}]}<\/script>\n<!-- \/ Yoast SEO plugin. -->","yoast_head_json":{"title":"Sur le Sentier des Papillons - Faby Reilly Designs","robots":{"index":"index","follow":"follow","max-snippet":"max-snippet:-1","max-image-preview":"max-image-preview:large","max-video-preview":"max-video-preview:-1"},"canonical":"https:\/\/fabyreilly.com\/fr\/produit\/sur-le-sentier-des-papillons\/","og_locale":"fr_FR","og_type":"article","og_title":"Sur le Sentier des Papillons - Faby Reilly Designs","og_description":"\u201cQUICK CHALLENGE\u201d \u2022 Mod\u00e8le PDF pour apprendre \u00e0 broder le papillon de Rhodes. Ce mod\u00e8le repr\u00e9sente une nu\u00e9e de jolis papillons, de toutes formes et tailles. Rehauss\u00e9 de fil dor\u00e9 et de points sp\u00e9ciaux. Pour plus de d\u00e9tails, voir l'onglet Description ci-dessous.","og_url":"https:\/\/fabyreilly.com\/fr\/produit\/sur-le-sentier-des-papillons\/","og_site_name":"Faby Reilly Designs","article_publisher":"https:\/\/www.facebook.com\/FabyReillyDesigns\/","article_modified_time":"2025-09-01T22:06:49+00:00","og_image":[{"width":2000,"height":2000,"url":"https:\/\/fabyreilly.com\/wp-content\/uploads\/2021\/05\/Butterfly-Trail-01-Faby-Reilly-Designs-1.jpg","type":"image\/jpeg"}],"twitter_card":"summary_large_image","twitter_site":"@FabyReilly","twitter_misc":{"Dur\u00e9e de lecture estim\u00e9e":"1 minute"},"schema":{"@context":"https:\/\/schema.org","@graph":[{"@type":"WebPage","@id":"https:\/\/fabyreilly.com\/fr\/produit\/sur-le-sentier-des-papillons\/","url":"https:\/\/fabyreilly.com\/fr\/produit\/sur-le-sentier-des-papillons\/","name":"Sur le Sentier des Papillons - Faby Reilly Designs","isPartOf":{"@id":"https:\/\/fabyreilly.com\/fr\/#website"},"primaryImageOfPage":{"@id":"https:\/\/fabyreilly.com\/fr\/produit\/sur-le-sentier-des-papillons\/#primaryimage"},"image":{"@id":"https:\/\/fabyreilly.com\/fr\/produit\/sur-le-sentier-des-papillons\/#primaryimage"},"thumbnailUrl":"https:\/\/i0.wp.com\/fabyreilly.com\/wp-content\/uploads\/2021\/05\/Butterfly-Trail-01-Faby-Reilly-Designs-1.jpg?fit=2000%2C2000&ssl=1","datePublished":"2021-05-26T13:29:29+00:00","dateModified":"2025-09-01T22:06:49+00:00","breadcrumb":{"@id":"https:\/\/fabyreilly.com\/fr\/produit\/sur-le-sentier-des-papillons\/#breadcrumb"},"inLanguage":"fr-FR","potentialAction":[{"@type":"ReadAction","target":["https:\/\/fabyreilly.com\/fr\/produit\/sur-le-sentier-des-papillons\/"]}]},{"@type":"ImageObject","inLanguage":"fr-FR","@id":"https:\/\/fabyreilly.com\/fr\/produit\/sur-le-sentier-des-papillons\/#primaryimage","url":"https:\/\/i0.wp.com\/fabyreilly.com\/wp-content\/uploads\/2021\/05\/Butterfly-Trail-01-Faby-Reilly-Designs-1.jpg?fit=2000%2C2000&ssl=1","contentUrl":"https:\/\/i0.wp.com\/fabyreilly.com\/wp-content\/uploads\/2021\/05\/Butterfly-Trail-01-Faby-Reilly-Designs-1.jpg?fit=2000%2C2000&ssl=1","width":2000,"height":2000},{"@type":"BreadcrumbList","@id":"https:\/\/fabyreilly.com\/fr\/produit\/sur-le-sentier-des-papillons\/#breadcrumb","itemListElement":[{"@type":"ListItem","position":1,"name":"Accueil","item":"https:\/\/fabyreilly.com\/fr\/"},{"@type":"ListItem","position":2,"name":"Boutique","item":"https:\/\/fabyreilly.com\/fr\/boutique\/"},{"@type":"ListItem","position":3,"name":"Sur le Sentier des Papillons"}]},{"@type":"WebSite","@id":"https:\/\/fabyreilly.com\/fr\/#website","url":"https:\/\/fabyreilly.com\/fr\/","name":"Faby Reilly Designs","description":"Brodez avec style et \u00e9l\u00e9gance","publisher":{"@id":"https:\/\/fabyreilly.com\/fr\/#organization"},"alternateName":"FRD","potentialAction":[{"@type":"SearchAction","target":{"@type":"EntryPoint","urlTemplate":"https:\/\/fabyreilly.com\/fr\/?s={search_term_string}"},"query-input":{"@type":"PropertyValueSpecification","valueRequired":true,"valueName":"search_term_string"}}],"inLanguage":"fr-FR"},{"@type":"Organization","@id":"https:\/\/fabyreilly.com\/fr\/#organization","name":"Faby Reilly Designs","alternateName":"FRD","url":"https:\/\/fabyreilly.com\/fr\/","logo":{"@type":"ImageObject","inLanguage":"fr-FR","@id":"https:\/\/fabyreilly.com\/fr\/#\/schema\/logo\/image\/","url":"https:\/\/i0.wp.com\/fabyreilly.com\/wp-content\/uploads\/2026\/04\/FRD-Tag-Logo.png?fit=600%2C250&ssl=1","contentUrl":"https:\/\/i0.wp.com\/fabyreilly.com\/wp-content\/uploads\/2026\/04\/FRD-Tag-Logo.png?fit=600%2C250&ssl=1","width":600,"height":250,"caption":"Faby Reilly Designs"},"image":{"@id":"https:\/\/fabyreilly.com\/fr\/#\/schema\/logo\/image\/"},"sameAs":["https:\/\/www.facebook.com\/FabyReillyDesigns\/","https:\/\/x.com\/FabyReilly","https:\/\/www.instagram.com\/fabyreillydesigns\/","https:\/\/www.pinterest.fr\/fabyreilly\/"]}]}},"jetpack_publicize_connections":[],"jetpack_likes_enabled":true,"jetpack_sharing_enabled":true,"_links":{"self":[{"href":"https:\/\/fabyreilly.com\/fr\/wp-json\/wp\/v2\/product\/159748","targetHints":{"allow":["GET"]}}],"collection":[{"href":"https:\/\/fabyreilly.com\/fr\/wp-json\/wp\/v2\/product"}],"about":[{"href":"https:\/\/fabyreilly.com\/fr\/wp-json\/wp\/v2\/types\/product"}],"replies":[{"embeddable":true,"href":"https:\/\/fabyreilly.com\/fr\/wp-json\/wp\/v2\/comments?post=159748"}],"wp:featuredmedia":[{"embeddable":true,"href":"https:\/\/fabyreilly.com\/fr\/wp-json\/wp\/v2\/media\/164929"}],"wp:attachment":[{"href":"https:\/\/fabyreilly.com\/fr\/wp-json\/wp\/v2\/media?parent=159748"}],"wp:term":[{"taxonomy":"product_brand","embeddable":true,"href":"https:\/\/fabyreilly.com\/fr\/wp-json\/wp\/v2\/product_brand?post=159748"},{"taxonomy":"product_cat","embeddable":true,"href":"https:\/\/fabyreilly.com\/fr\/wp-json\/wp\/v2\/product_cat?post=159748"},{"taxonomy":"product_tag","embeddable":true,"href":"https:\/\/fabyreilly.com\/fr\/wp-json\/wp\/v2\/product_tag?post=159748"}],"curies":[{"name":"wp","href":"https:\/\/api.w.org\/{rel}","templated":true}]}}