{"id":159307,"date":"2019-01-11T16:38:23","date_gmt":"2019-01-11T15:38:23","guid":{"rendered":"https:\/\/fabyreilly.com\/product\/berlingot-houx-ruban\/"},"modified":"2025-02-28T13:01:48","modified_gmt":"2025-02-28T12:01:48","slug":"berlingot-houx-et-ruban","status":"publish","type":"product","link":"https:\/\/fabyreilly.com\/fr\/produit\/berlingot-houx-et-ruban\/","title":{"rendered":"Mod\u00e8le berlingot Houx et Ruban"},"content":{"rendered":"<p><strong>MOD\u00c8LE DE BRODERIE BERLINGOT HOUX ET RUBAN<\/strong><\/p>\n<p>Mod\u00e8le de broderie t\u00e9l\u00e9chargeable pour broder et finir ce magnifique berlingot festif \u2013 \u00e0 accrocher \u00e0 l\u2019arbre de No\u00ebl, ou \u00e0 exposer sur un arbre \u00e0 ornements.<br \/>\nCe mod\u00e8le repr\u00e9sente des baies et feuilles de houx avec de grands n\u0153uds d\u00e9coratifs en ruban dor\u00e9. Il est magnifiquement rehauss\u00e9 de perles.<br \/>\nUne fois assembl\u00e9, il mesure environ 8 cm de haut.<\/p>\n<p><strong>FOURNITURES<\/strong>:<\/p>\n<ul>\n<li>Lin Zweigart 32ct<\/li>\n<li>Fils moulin\u00e9s DMC<\/li>\n<li>Fils m\u00e9tallis\u00e9s DMC Diamant<\/li>\n<li>Perles Mill Hill<\/li>\n<\/ul>\n<p><strong>CONTENU<\/strong>:<\/p>\n<ul>\n<li>la liste d\u00e9taill\u00e9e des <span style=\"color: #b1917c;\"><strong>fournitures n\u00e9cessaires<\/strong><\/span><\/li>\n<li>la <span style=\"color: #b1917c;\"><strong>l\u00e9gende<\/strong><\/span> pour les symboles utilis\u00e9s<\/li>\n<li>un <span style=\"color: #b1917c;\"><strong>tutoriel des points sp\u00e9ciaux<\/strong><\/span> <span style=\"color: #999999;\">(perles)<\/span><\/li>\n<li>un <span style=\"color: #b1917c;\"><strong>tri-fils imprimable<\/strong><\/span> pour ce mod\u00e8le<\/li>\n<li>des <strong><span style=\"color: #b1917c;\">diagrammes en couleur<\/span><\/strong> <span style=\"color: #999999;\">(vue d\u2019ensemble \/ point de croix seul \/ tous les points)<\/span><\/li>\n<li>un diagramme <strong><span style=\"color: #b1917c;\">hybride<\/span><\/strong> <span style=\"color: #999999;\">(point de croix noir et blanc avec point arri\u00e8re et points sp\u00e9ciaux en couleur)<\/span><\/li>\n<li>un <span style=\"color: #b1917c;\"><strong>tutoriel des finitions<\/strong><\/span> pour assembler ce projet<\/li>\n<\/ul>\n<p>Pour <strong><span style=\"color: #b1918c;\">davantage de photos<\/span><\/strong> ou pour voir <strong><span style=\"color: #b1918c;\">ce que d&#8217;autres ont brod\u00e9<\/span><\/strong>, RDV sur la <a href=\"https:\/\/fr.pinterest.com\/fabyreilly\/christmas-gallery\/\"><strong>Galerie de No\u00ebl<\/strong><\/a>.<\/p>\n<p>Vous avez une question ? N&#8217;h\u00e9sitez pas \u00e0 <strong><a href=\"https:\/\/fabyreilly.com\/info\/contact\/\">me contacter<\/a><\/strong>!<\/p>\n","protected":false},"excerpt":{"rendered":"<p><strong>TYPE<\/strong> : mod\u00e8le PDF t\u00e9l\u00e9chargeable de broderie au point de croix<\/p>\n<p><strong>LANGUES<\/strong>: Fran\u00e7ais \/ Anglais (UK) \/ Anglais (US)<\/p>\n<p><strong>NIVEAU<\/strong>: <span style=\"color: #b1918c;\"><strong>D\u00e9butant<\/strong> <strong> <\/strong><\/span> <\/p>\n<p><strong>TAILLE<\/strong>: 100 x 50 points<\/p>\n<p><strong>DIMENSIONS DE LA SURFACE BROD\u00c9E <\/strong><span style=\"color: #999999;\">(sur la toile recommand\u00e9e)<\/span>: 16 x 08 cm <span style=\"color: #999999;\">(6&#8243; x 3&#8243;)<\/span><\/p>\n<p>Pour plus de d\u00e9tails, voir l&#8217;onglet <strong>Description<\/strong> ci-dessous.<\/p>\n","protected":false},"featured_media":165787,"comment_status":"open","ping_status":"closed","template":"","meta":{"_coblocks_attr":"","_coblocks_dimensions":"","_coblocks_responsive_height":"","_coblocks_accordion_ie_support":"","_crdt_document":"","jetpack_post_was_ever_published":false,"jetpack_publicize_message":"","jetpack_publicize_feature_enabled":true,"jetpack_social_post_already_shared":true,"jetpack_social_options":{"image_generator_settings":{"template":"highway","default_image_id":0,"font":"","enabled":false},"version":2},"_wpas_customize_per_network":false},"product_brand":[],"product_cat":[650086188],"product_tag":[650086194],"class_list":{"0":"post-159307","1":"product","2":"type-product","3":"status-publish","4":"has-post-thumbnail","6":"product_cat-modeles-de-noel","7":"product_tag-debutant","8":"pa_collection-collection-noel","9":"pa_colour-rouge","10":"pa_colour-vert","11":"pa_embellishments-fils-metalliques","12":"pa_embellishments-perles","13":"pa_shape-humbugs-fr","14":"pa_skill-level-debutant","15":"pa_special-stitches-perles","16":"pa_tags-baies","17":"pa_tags-festif","18":"pa_tags-scintillant","19":"pa_techniques-point-arriere","20":"pa_theme-noel","22":"first","23":"instock","24":"downloadable","25":"virtual","26":"sold-individually","27":"purchasable","28":"product-type-simple"},"yoast_head":"<!-- This site is optimized with the Yoast SEO plugin v27.3 - https:\/\/yoast.com\/product\/yoast-seo-wordpress\/ -->\n<title>Mod\u00e8le berlingot Houx et Ruban - Faby Reilly Designs<\/title>\n<meta name=\"description\" content=\"A la recherche d&#039;un patron pour faire une jolie d\u00e9coration de No\u00ebl ? Brodez le mod\u00e8le Houx &amp; Ruban pour r\u00e9aliser un petit tr\u00e9sor d&#039;\u00e9l\u00e9gance \u00e0 suspendre dans le sapin.\" \/>\n<meta name=\"robots\" content=\"index, follow, max-snippet:-1, max-image-preview:large, max-video-preview:-1\" \/>\n<link rel=\"canonical\" href=\"https:\/\/fabyreilly.com\/fr\/produit\/berlingot-houx-et-ruban\/\" \/>\n<meta property=\"og:locale\" content=\"fr_FR\" \/>\n<meta property=\"og:type\" content=\"article\" \/>\n<meta property=\"og:title\" content=\"Mod\u00e8le berlingot Houx et Ruban - Faby Reilly Designs\" \/>\n<meta property=\"og:description\" content=\"A la recherche d&#039;un patron pour faire une jolie d\u00e9coration de No\u00ebl ? Brodez le mod\u00e8le Houx &amp; Ruban pour r\u00e9aliser un petit tr\u00e9sor d&#039;\u00e9l\u00e9gance \u00e0 suspendre dans le sapin.\" \/>\n<meta property=\"og:url\" content=\"https:\/\/fabyreilly.com\/fr\/produit\/berlingot-houx-et-ruban\/\" \/>\n<meta property=\"og:site_name\" content=\"Faby Reilly Designs\" \/>\n<meta property=\"article:publisher\" content=\"https:\/\/www.facebook.com\/FabyReillyDesigns\/\" \/>\n<meta property=\"article:modified_time\" content=\"2025-02-28T12:01:48+00:00\" \/>\n<meta property=\"og:image\" content=\"https:\/\/i0.wp.com\/fabyreilly.com\/wp-content\/uploads\/2019\/01\/Holly-Ribbon-Humbug-01-Faby-Reilly-Designs.jpg?fit=2000%2C2000&ssl=1\" \/>\n\t<meta property=\"og:image:width\" content=\"2000\" \/>\n\t<meta property=\"og:image:height\" content=\"2000\" \/>\n\t<meta property=\"og:image:type\" content=\"image\/jpeg\" \/>\n<meta name=\"twitter:card\" content=\"summary_large_image\" \/>\n<meta name=\"twitter:site\" content=\"@FabyReilly\" \/>\n<meta name=\"twitter:label1\" content=\"Dur\u00e9e de lecture estim\u00e9e\" \/>\n\t<meta name=\"twitter:data1\" content=\"1 minute\" \/>\n<script type=\"application\/ld+json\" class=\"yoast-schema-graph\">{\"@context\":\"https:\\\/\\\/schema.org\",\"@graph\":[{\"@type\":\"WebPage\",\"@id\":\"https:\\\/\\\/fabyreilly.com\\\/fr\\\/produit\\\/berlingot-houx-et-ruban\\\/\",\"url\":\"https:\\\/\\\/fabyreilly.com\\\/fr\\\/produit\\\/berlingot-houx-et-ruban\\\/\",\"name\":\"Mod\u00e8le berlingot Houx et Ruban - Faby Reilly Designs\",\"isPartOf\":{\"@id\":\"https:\\\/\\\/fabyreilly.com\\\/fr\\\/#website\"},\"primaryImageOfPage\":{\"@id\":\"https:\\\/\\\/fabyreilly.com\\\/fr\\\/produit\\\/berlingot-houx-et-ruban\\\/#primaryimage\"},\"image\":{\"@id\":\"https:\\\/\\\/fabyreilly.com\\\/fr\\\/produit\\\/berlingot-houx-et-ruban\\\/#primaryimage\"},\"thumbnailUrl\":\"https:\\\/\\\/i0.wp.com\\\/fabyreilly.com\\\/wp-content\\\/uploads\\\/2019\\\/01\\\/Holly-Ribbon-Humbug-01-Faby-Reilly-Designs.jpg?fit=2000%2C2000&ssl=1\",\"datePublished\":\"2019-01-11T15:38:23+00:00\",\"dateModified\":\"2025-02-28T12:01:48+00:00\",\"description\":\"A la recherche d'un patron pour faire une jolie d\u00e9coration de No\u00ebl ? Brodez le mod\u00e8le Houx & Ruban pour r\u00e9aliser un petit tr\u00e9sor d'\u00e9l\u00e9gance \u00e0 suspendre dans le sapin.\",\"breadcrumb\":{\"@id\":\"https:\\\/\\\/fabyreilly.com\\\/fr\\\/produit\\\/berlingot-houx-et-ruban\\\/#breadcrumb\"},\"inLanguage\":\"fr-FR\",\"potentialAction\":[{\"@type\":\"ReadAction\",\"target\":[\"https:\\\/\\\/fabyreilly.com\\\/fr\\\/produit\\\/berlingot-houx-et-ruban\\\/\"]}]},{\"@type\":\"ImageObject\",\"inLanguage\":\"fr-FR\",\"@id\":\"https:\\\/\\\/fabyreilly.com\\\/fr\\\/produit\\\/berlingot-houx-et-ruban\\\/#primaryimage\",\"url\":\"https:\\\/\\\/i0.wp.com\\\/fabyreilly.com\\\/wp-content\\\/uploads\\\/2019\\\/01\\\/Holly-Ribbon-Humbug-01-Faby-Reilly-Designs.jpg?fit=2000%2C2000&ssl=1\",\"contentUrl\":\"https:\\\/\\\/i0.wp.com\\\/fabyreilly.com\\\/wp-content\\\/uploads\\\/2019\\\/01\\\/Holly-Ribbon-Humbug-01-Faby-Reilly-Designs.jpg?fit=2000%2C2000&ssl=1\",\"width\":2000,\"height\":2000},{\"@type\":\"BreadcrumbList\",\"@id\":\"https:\\\/\\\/fabyreilly.com\\\/fr\\\/produit\\\/berlingot-houx-et-ruban\\\/#breadcrumb\",\"itemListElement\":[{\"@type\":\"ListItem\",\"position\":1,\"name\":\"Accueil\",\"item\":\"https:\\\/\\\/fabyreilly.com\\\/fr\\\/\"},{\"@type\":\"ListItem\",\"position\":2,\"name\":\"Boutique\",\"item\":\"https:\\\/\\\/fabyreilly.com\\\/fr\\\/boutique\\\/\"},{\"@type\":\"ListItem\",\"position\":3,\"name\":\"Mod\u00e8le berlingot Houx et Ruban\"}]},{\"@type\":\"WebSite\",\"@id\":\"https:\\\/\\\/fabyreilly.com\\\/fr\\\/#website\",\"url\":\"https:\\\/\\\/fabyreilly.com\\\/fr\\\/\",\"name\":\"Faby Reilly Designs\",\"description\":\"Brodez avec style et \u00e9l\u00e9gance\",\"publisher\":{\"@id\":\"https:\\\/\\\/fabyreilly.com\\\/fr\\\/#organization\"},\"alternateName\":\"FRD\",\"potentialAction\":[{\"@type\":\"SearchAction\",\"target\":{\"@type\":\"EntryPoint\",\"urlTemplate\":\"https:\\\/\\\/fabyreilly.com\\\/fr\\\/?s={search_term_string}\"},\"query-input\":{\"@type\":\"PropertyValueSpecification\",\"valueRequired\":true,\"valueName\":\"search_term_string\"}}],\"inLanguage\":\"fr-FR\"},{\"@type\":\"Organization\",\"@id\":\"https:\\\/\\\/fabyreilly.com\\\/fr\\\/#organization\",\"name\":\"Faby Reilly Designs\",\"alternateName\":\"FRD\",\"url\":\"https:\\\/\\\/fabyreilly.com\\\/fr\\\/\",\"logo\":{\"@type\":\"ImageObject\",\"inLanguage\":\"fr-FR\",\"@id\":\"https:\\\/\\\/fabyreilly.com\\\/fr\\\/#\\\/schema\\\/logo\\\/image\\\/\",\"url\":\"https:\\\/\\\/i0.wp.com\\\/fabyreilly.com\\\/wp-content\\\/uploads\\\/2026\\\/04\\\/FRD-Tag-Logo.png?fit=600%2C250&ssl=1\",\"contentUrl\":\"https:\\\/\\\/i0.wp.com\\\/fabyreilly.com\\\/wp-content\\\/uploads\\\/2026\\\/04\\\/FRD-Tag-Logo.png?fit=600%2C250&ssl=1\",\"width\":600,\"height\":250,\"caption\":\"Faby Reilly Designs\"},\"image\":{\"@id\":\"https:\\\/\\\/fabyreilly.com\\\/fr\\\/#\\\/schema\\\/logo\\\/image\\\/\"},\"sameAs\":[\"https:\\\/\\\/www.facebook.com\\\/FabyReillyDesigns\\\/\",\"https:\\\/\\\/x.com\\\/FabyReilly\",\"https:\\\/\\\/www.instagram.com\\\/fabyreillydesigns\\\/\",\"https:\\\/\\\/www.pinterest.fr\\\/fabyreilly\\\/\"]}]}<\/script>\n<!-- \/ Yoast SEO plugin. -->","yoast_head_json":{"title":"Mod\u00e8le berlingot Houx et Ruban - Faby Reilly Designs","description":"A la recherche d'un patron pour faire une jolie d\u00e9coration de No\u00ebl ? Brodez le mod\u00e8le Houx & Ruban pour r\u00e9aliser un petit tr\u00e9sor d'\u00e9l\u00e9gance \u00e0 suspendre dans le sapin.","robots":{"index":"index","follow":"follow","max-snippet":"max-snippet:-1","max-image-preview":"max-image-preview:large","max-video-preview":"max-video-preview:-1"},"canonical":"https:\/\/fabyreilly.com\/fr\/produit\/berlingot-houx-et-ruban\/","og_locale":"fr_FR","og_type":"article","og_title":"Mod\u00e8le berlingot Houx et Ruban - Faby Reilly Designs","og_description":"A la recherche d'un patron pour faire une jolie d\u00e9coration de No\u00ebl ? Brodez le mod\u00e8le Houx & Ruban pour r\u00e9aliser un petit tr\u00e9sor d'\u00e9l\u00e9gance \u00e0 suspendre dans le sapin.","og_url":"https:\/\/fabyreilly.com\/fr\/produit\/berlingot-houx-et-ruban\/","og_site_name":"Faby Reilly Designs","article_publisher":"https:\/\/www.facebook.com\/FabyReillyDesigns\/","article_modified_time":"2025-02-28T12:01:48+00:00","og_image":[{"width":2000,"height":2000,"url":"https:\/\/i0.wp.com\/fabyreilly.com\/wp-content\/uploads\/2019\/01\/Holly-Ribbon-Humbug-01-Faby-Reilly-Designs.jpg?fit=2000%2C2000&ssl=1","type":"image\/jpeg"}],"twitter_card":"summary_large_image","twitter_site":"@FabyReilly","twitter_misc":{"Dur\u00e9e de lecture estim\u00e9e":"1 minute"},"schema":{"@context":"https:\/\/schema.org","@graph":[{"@type":"WebPage","@id":"https:\/\/fabyreilly.com\/fr\/produit\/berlingot-houx-et-ruban\/","url":"https:\/\/fabyreilly.com\/fr\/produit\/berlingot-houx-et-ruban\/","name":"Mod\u00e8le berlingot Houx et Ruban - Faby Reilly Designs","isPartOf":{"@id":"https:\/\/fabyreilly.com\/fr\/#website"},"primaryImageOfPage":{"@id":"https:\/\/fabyreilly.com\/fr\/produit\/berlingot-houx-et-ruban\/#primaryimage"},"image":{"@id":"https:\/\/fabyreilly.com\/fr\/produit\/berlingot-houx-et-ruban\/#primaryimage"},"thumbnailUrl":"https:\/\/i0.wp.com\/fabyreilly.com\/wp-content\/uploads\/2019\/01\/Holly-Ribbon-Humbug-01-Faby-Reilly-Designs.jpg?fit=2000%2C2000&ssl=1","datePublished":"2019-01-11T15:38:23+00:00","dateModified":"2025-02-28T12:01:48+00:00","description":"A la recherche d'un patron pour faire une jolie d\u00e9coration de No\u00ebl ? Brodez le mod\u00e8le Houx & Ruban pour r\u00e9aliser un petit tr\u00e9sor d'\u00e9l\u00e9gance \u00e0 suspendre dans le sapin.","breadcrumb":{"@id":"https:\/\/fabyreilly.com\/fr\/produit\/berlingot-houx-et-ruban\/#breadcrumb"},"inLanguage":"fr-FR","potentialAction":[{"@type":"ReadAction","target":["https:\/\/fabyreilly.com\/fr\/produit\/berlingot-houx-et-ruban\/"]}]},{"@type":"ImageObject","inLanguage":"fr-FR","@id":"https:\/\/fabyreilly.com\/fr\/produit\/berlingot-houx-et-ruban\/#primaryimage","url":"https:\/\/i0.wp.com\/fabyreilly.com\/wp-content\/uploads\/2019\/01\/Holly-Ribbon-Humbug-01-Faby-Reilly-Designs.jpg?fit=2000%2C2000&ssl=1","contentUrl":"https:\/\/i0.wp.com\/fabyreilly.com\/wp-content\/uploads\/2019\/01\/Holly-Ribbon-Humbug-01-Faby-Reilly-Designs.jpg?fit=2000%2C2000&ssl=1","width":2000,"height":2000},{"@type":"BreadcrumbList","@id":"https:\/\/fabyreilly.com\/fr\/produit\/berlingot-houx-et-ruban\/#breadcrumb","itemListElement":[{"@type":"ListItem","position":1,"name":"Accueil","item":"https:\/\/fabyreilly.com\/fr\/"},{"@type":"ListItem","position":2,"name":"Boutique","item":"https:\/\/fabyreilly.com\/fr\/boutique\/"},{"@type":"ListItem","position":3,"name":"Mod\u00e8le berlingot Houx et Ruban"}]},{"@type":"WebSite","@id":"https:\/\/fabyreilly.com\/fr\/#website","url":"https:\/\/fabyreilly.com\/fr\/","name":"Faby Reilly Designs","description":"Brodez avec style et \u00e9l\u00e9gance","publisher":{"@id":"https:\/\/fabyreilly.com\/fr\/#organization"},"alternateName":"FRD","potentialAction":[{"@type":"SearchAction","target":{"@type":"EntryPoint","urlTemplate":"https:\/\/fabyreilly.com\/fr\/?s={search_term_string}"},"query-input":{"@type":"PropertyValueSpecification","valueRequired":true,"valueName":"search_term_string"}}],"inLanguage":"fr-FR"},{"@type":"Organization","@id":"https:\/\/fabyreilly.com\/fr\/#organization","name":"Faby Reilly Designs","alternateName":"FRD","url":"https:\/\/fabyreilly.com\/fr\/","logo":{"@type":"ImageObject","inLanguage":"fr-FR","@id":"https:\/\/fabyreilly.com\/fr\/#\/schema\/logo\/image\/","url":"https:\/\/i0.wp.com\/fabyreilly.com\/wp-content\/uploads\/2026\/04\/FRD-Tag-Logo.png?fit=600%2C250&ssl=1","contentUrl":"https:\/\/i0.wp.com\/fabyreilly.com\/wp-content\/uploads\/2026\/04\/FRD-Tag-Logo.png?fit=600%2C250&ssl=1","width":600,"height":250,"caption":"Faby Reilly Designs"},"image":{"@id":"https:\/\/fabyreilly.com\/fr\/#\/schema\/logo\/image\/"},"sameAs":["https:\/\/www.facebook.com\/FabyReillyDesigns\/","https:\/\/x.com\/FabyReilly","https:\/\/www.instagram.com\/fabyreillydesigns\/","https:\/\/www.pinterest.fr\/fabyreilly\/"]}]}},"jetpack_publicize_connections":[],"jetpack_likes_enabled":true,"jetpack_sharing_enabled":true,"_links":{"self":[{"href":"https:\/\/fabyreilly.com\/fr\/wp-json\/wp\/v2\/product\/159307","targetHints":{"allow":["GET"]}}],"collection":[{"href":"https:\/\/fabyreilly.com\/fr\/wp-json\/wp\/v2\/product"}],"about":[{"href":"https:\/\/fabyreilly.com\/fr\/wp-json\/wp\/v2\/types\/product"}],"replies":[{"embeddable":true,"href":"https:\/\/fabyreilly.com\/fr\/wp-json\/wp\/v2\/comments?post=159307"}],"wp:featuredmedia":[{"embeddable":true,"href":"https:\/\/fabyreilly.com\/fr\/wp-json\/wp\/v2\/media\/165787"}],"wp:attachment":[{"href":"https:\/\/fabyreilly.com\/fr\/wp-json\/wp\/v2\/media?parent=159307"}],"wp:term":[{"taxonomy":"product_brand","embeddable":true,"href":"https:\/\/fabyreilly.com\/fr\/wp-json\/wp\/v2\/product_brand?post=159307"},{"taxonomy":"product_cat","embeddable":true,"href":"https:\/\/fabyreilly.com\/fr\/wp-json\/wp\/v2\/product_cat?post=159307"},{"taxonomy":"product_tag","embeddable":true,"href":"https:\/\/fabyreilly.com\/fr\/wp-json\/wp\/v2\/product_tag?post=159307"}],"curies":[{"name":"wp","href":"https:\/\/api.w.org\/{rel}","templated":true}]}}