{"id":159164,"date":"2019-01-17T16:08:08","date_gmt":"2019-01-17T15:08:08","guid":{"rendered":"https:\/\/fabyreilly.com\/product\/biscornu-eglantine\/"},"modified":"2026-02-06T16:13:47","modified_gmt":"2026-02-06T15:13:47","slug":"biscornu-eglantine","status":"publish","type":"product","link":"https:\/\/fabyreilly.com\/fr\/produit\/biscornu-eglantine\/","title":{"rendered":"Mod\u00e8le biscornu Eglantine"},"content":{"rendered":"<p><strong>MOD\u00c8LE DE BRODERIE PDF BISCORNU \u00c9GLANTINE<\/strong><\/p>\n<p>Mod\u00e8le de broderie t\u00e9l\u00e9chargeable pour r\u00e9aliser un biscornu romantique et \u00e9l\u00e9gant.<\/p>\n<p>Ce motif repr\u00e9sente des roses sauvages avec leurs fruits. Il est joliment rehauss\u00e9 de perles et d&#8217;une d\u00e9licate bordure d\u00e9corative.<\/p>\n<p>Une fois assembl\u00e9, il mesure environ 10 cm de large et 4 cm de haut (soit 4 x 1 1\/2 pouces).<\/p>\n<p><strong>FOURNITURES<\/strong>:<\/p>\n<ul>\n<li>Lin Zweigart 32ct<\/li>\n<li>Fils moulin\u00e9s DMC<\/li>\n<li>Rainbow Gallery Petite Treasure Braid<\/li>\n<li>Perles Mill Hill<\/li>\n<\/ul>\n<p><strong>CONTENU<\/strong>:<\/p>\n<ul>\n<li>la liste d\u00e9taill\u00e9e des <span style=\"color: #b1917c;\"><strong>fournitures n\u00e9cessaires<\/strong><\/span><\/li>\n<li>la <span style=\"color: #b1917c;\"><strong>l\u00e9gende<\/strong><\/span> pour les symboles utilis\u00e9s<\/li>\n<li>un <span style=\"color: #b1917c;\"><strong>tutoriel des points sp\u00e9ciaux<\/strong><\/span> <span style=\"color: #999999;\">(perles)<\/span><\/li>\n<li>un <span style=\"color: #b1917c;\"><strong>tri-fils imprimable<\/strong><\/span> pour ce mod\u00e8le<\/li>\n<li>des diagrammes <strong><span style=\"color: #b1917c;\">en couleur<\/span><\/strong> <span style=\"color: #999999;\">(point de croix seul \/ tous les points)<\/span><\/li>\n<li>un diagramme <strong><span style=\"color: #b1917c;\">hybride<\/span><\/strong> <span style=\"color: #999999;\">(point de croix noir et blanc avec point arri\u00e8re et points sp\u00e9ciaux en couleur)<\/span><\/li>\n<li>un <span style=\"color: #b1917c;\"><strong>tutoriel des finitions<\/strong><\/span> pour assembler ce projet<\/li>\n<\/ul>\n<p><strong>ACCESSOIRES<\/strong>:<\/p>\n<ul>\n<li><strong><span style=\"color: #b1917c;\">Bouton<\/span><\/strong> <span style=\"color: #b1917c;\"><strong>rose rouge<\/strong><\/span>: disponible chez Manucr\u00e9a.fr (<a href=\"https:\/\/www.manucrea.fr\/Handmade-polymer-clay-button-Rosebud-bbaaaaHoa.asp\"><strong>clic clic pour y aller<\/strong><\/a>)<\/li>\n<li><strong><span style=\"color: #b1917c;\">Bouton<\/span> <span style=\"color: #b1917c;\">rose rose<\/span><\/strong>: disponible chez Manucr\u00e9a.fr (<a href=\"https:\/\/www.manucrea.fr\/Handmade-polymere-clay-button-Rosebud-bbaaaaHna.asp\"><strong>clic clic pour y aller<\/strong><\/a>)<\/li>\n<\/ul>\n<p>Pour voir <span style=\"color: #b1918c;\"><strong>plus de photos<\/strong><\/span> ou d\u00e9couvrir les <span style=\"color: #b1918c;\"><strong>r\u00e9alisations d&#8217;autres brodeurs\u2022euses<\/strong><\/span>, rendez-vous sur la<a href=\"https:\/\/fr.pinterest.com\/fabyreilly\/wild-rose-gallery\/\" target=\"_blank\" rel=\"noopener\"><strong> galerie \u00c9glantine<\/strong><\/a>.<\/p>\n<p>Vous avez une question ? N&#8217;h\u00e9sitez pas \u00e0 <strong><a href=\"https:\/\/fabyreilly.com\/fr\/info\/contact\/\">me contacter<\/a><\/strong>!<\/p>\n","protected":false},"excerpt":{"rendered":"<p><strong>TYPE<\/strong> : mod\u00e8le PDF t\u00e9l\u00e9chargeable de broderie au point de croix<\/p>\n<p><strong>LANGUES<\/strong>: Fran\u00e7ais \/ Anglais (UK) \/ Anglais (US)<\/p>\n<p><strong>NIVEAU<\/strong>: <span style=\"color: #b1918c;\"><strong>D\u00e9butant<\/strong> <strong> <\/strong><\/span> <\/p>\n<p><strong>TAILLE<\/strong>: 70 x 70 points <span style=\"color: #999999;\">(pour chaque face du biscornu)<\/span><\/p>\n<p><strong>TAILLE DE LA SURFACE BROD\u00c9E<\/strong> <span style=\"color: #999999;\">(sur la toile recommand\u00e9e)<\/span> : 11 x 11 cm <span style=\"color: #999999;\">(pour chaque face du biscornu)<\/span><\/p>\n<p>Pour plus de d\u00e9tails, voir l&#8217;onglet <strong>Description<\/strong> ci-dessous.<\/p>\n","protected":false},"featured_media":166667,"comment_status":"open","ping_status":"closed","template":"","meta":{"_coblocks_attr":"","_coblocks_dimensions":"","_coblocks_responsive_height":"","_coblocks_accordion_ie_support":"","_crdt_document":"","jetpack_publicize_message":"","jetpack_publicize_feature_enabled":true,"jetpack_social_post_already_shared":true,"jetpack_social_options":{"image_generator_settings":{"template":"highway","default_image_id":0,"font":"","enabled":false},"version":2},"_wpas_customize_per_network":false},"product_brand":[],"product_cat":[650086177],"product_tag":[650086194],"class_list":{"0":"post-159164","1":"product","2":"type-product","3":"status-publish","4":"has-post-thumbnail","6":"product_cat-modeles-printemps-ete","7":"product_tag-debutant","8":"pa_collection-collection-eglantine","9":"pa_colour-rose","10":"pa_colour-rouge","11":"pa_embellishments-fils-metalliques","12":"pa_embellishments-perles","13":"pa_shape-a-encadrer","14":"pa_shape-accessoires-de-broderie","15":"pa_shape-biscornus-fr","16":"pa_shape-coussins-pique-aiguilles","17":"pa_skill-level-debutant","18":"pa_special-stitches-perles","19":"pa_tags-couronnes","20":"pa_tags-feuilles","21":"pa_tags-fleurs","22":"pa_tags-petits-modeles","23":"pa_tags-tri-fils","24":"pa_techniques-point-arriere","25":"pa_theme-ete","26":"pa_theme-printemps","28":"first","29":"instock","30":"downloadable","31":"virtual","32":"sold-individually","33":"purchasable","34":"product-type-simple"},"yoast_head":"<!-- This site is optimized with the Yoast SEO plugin v27.4 - https:\/\/yoast.com\/product\/yoast-seo-wordpress\/ -->\n<title>Mod\u00e8le de broderie biscornu Eglantine - Faby Reilly Designs<\/title>\n<meta name=\"description\" content=\"Vous recherchez un mod\u00e8le simple mais raffin\u00e9 ? Brodez le ravissant mod\u00e8le biscornu \u00c9glantine pour r\u00e9aliser cet ravissant coussin biscornu pique-\u00e9pingles biscornu tr\u00e8s romantique.\" \/>\n<meta name=\"robots\" content=\"index, follow, max-snippet:-1, max-image-preview:large, max-video-preview:-1\" \/>\n<link rel=\"canonical\" href=\"https:\/\/fabyreilly.com\/fr\/produit\/biscornu-eglantine\/\" \/>\n<meta property=\"og:locale\" content=\"fr_FR\" \/>\n<meta property=\"og:type\" content=\"article\" \/>\n<meta property=\"og:title\" content=\"Mod\u00e8le de broderie biscornu Eglantine - Faby Reilly Designs\" \/>\n<meta property=\"og:description\" content=\"Vous recherchez un mod\u00e8le simple mais raffin\u00e9 ? Brodez le ravissant mod\u00e8le biscornu \u00c9glantine pour r\u00e9aliser cet ravissant coussin biscornu pique-\u00e9pingles biscornu tr\u00e8s romantique.\" \/>\n<meta property=\"og:url\" content=\"https:\/\/fabyreilly.com\/fr\/produit\/biscornu-eglantine\/\" \/>\n<meta property=\"og:site_name\" content=\"Faby Reilly Designs\" \/>\n<meta property=\"article:publisher\" content=\"https:\/\/www.facebook.com\/FabyReillyDesigns\/\" \/>\n<meta property=\"article:modified_time\" content=\"2026-02-06T15:13:47+00:00\" \/>\n<meta property=\"og:image\" content=\"https:\/\/i0.wp.com\/fabyreilly.com\/wp-content\/uploads\/2019\/01\/Wild-Rose-Biscornu-01A-Faby-Reilly-Designs.jpg?fit=2000%2C2000&ssl=1\" \/>\n\t<meta property=\"og:image:width\" content=\"2000\" \/>\n\t<meta property=\"og:image:height\" content=\"2000\" \/>\n\t<meta property=\"og:image:type\" content=\"image\/jpeg\" \/>\n<meta name=\"twitter:card\" content=\"summary_large_image\" \/>\n<meta name=\"twitter:site\" content=\"@FabyReilly\" \/>\n<meta name=\"twitter:label1\" content=\"Dur\u00e9e de lecture estim\u00e9e\" \/>\n\t<meta name=\"twitter:data1\" content=\"1 minute\" \/>\n<script type=\"application\/ld+json\" class=\"yoast-schema-graph\">{\"@context\":\"https:\\\/\\\/schema.org\",\"@graph\":[{\"@type\":\"WebPage\",\"@id\":\"https:\\\/\\\/fabyreilly.com\\\/fr\\\/produit\\\/biscornu-eglantine\\\/\",\"url\":\"https:\\\/\\\/fabyreilly.com\\\/fr\\\/produit\\\/biscornu-eglantine\\\/\",\"name\":\"Mod\u00e8le de broderie biscornu Eglantine - Faby Reilly Designs\",\"isPartOf\":{\"@id\":\"https:\\\/\\\/fabyreilly.com\\\/fr\\\/#website\"},\"primaryImageOfPage\":{\"@id\":\"https:\\\/\\\/fabyreilly.com\\\/fr\\\/produit\\\/biscornu-eglantine\\\/#primaryimage\"},\"image\":{\"@id\":\"https:\\\/\\\/fabyreilly.com\\\/fr\\\/produit\\\/biscornu-eglantine\\\/#primaryimage\"},\"thumbnailUrl\":\"https:\\\/\\\/i0.wp.com\\\/fabyreilly.com\\\/wp-content\\\/uploads\\\/2019\\\/01\\\/Wild-Rose-Biscornu-01A-Faby-Reilly-Designs.jpg?fit=2000%2C2000&ssl=1\",\"datePublished\":\"2019-01-17T15:08:08+00:00\",\"dateModified\":\"2026-02-06T15:13:47+00:00\",\"description\":\"Vous recherchez un mod\u00e8le simple mais raffin\u00e9 ? Brodez le ravissant mod\u00e8le biscornu \u00c9glantine pour r\u00e9aliser cet ravissant coussin biscornu pique-\u00e9pingles biscornu tr\u00e8s romantique.\",\"breadcrumb\":{\"@id\":\"https:\\\/\\\/fabyreilly.com\\\/fr\\\/produit\\\/biscornu-eglantine\\\/#breadcrumb\"},\"inLanguage\":\"fr-FR\",\"potentialAction\":[{\"@type\":\"ReadAction\",\"target\":[\"https:\\\/\\\/fabyreilly.com\\\/fr\\\/produit\\\/biscornu-eglantine\\\/\"]}]},{\"@type\":\"ImageObject\",\"inLanguage\":\"fr-FR\",\"@id\":\"https:\\\/\\\/fabyreilly.com\\\/fr\\\/produit\\\/biscornu-eglantine\\\/#primaryimage\",\"url\":\"https:\\\/\\\/i0.wp.com\\\/fabyreilly.com\\\/wp-content\\\/uploads\\\/2019\\\/01\\\/Wild-Rose-Biscornu-01A-Faby-Reilly-Designs.jpg?fit=2000%2C2000&ssl=1\",\"contentUrl\":\"https:\\\/\\\/i0.wp.com\\\/fabyreilly.com\\\/wp-content\\\/uploads\\\/2019\\\/01\\\/Wild-Rose-Biscornu-01A-Faby-Reilly-Designs.jpg?fit=2000%2C2000&ssl=1\",\"width\":2000,\"height\":2000,\"caption\":\"Wild Rose Biscornu stitched model - Faby Reilly Designs\"},{\"@type\":\"BreadcrumbList\",\"@id\":\"https:\\\/\\\/fabyreilly.com\\\/fr\\\/produit\\\/biscornu-eglantine\\\/#breadcrumb\",\"itemListElement\":[{\"@type\":\"ListItem\",\"position\":1,\"name\":\"Accueil\",\"item\":\"https:\\\/\\\/fabyreilly.com\\\/fr\\\/\"},{\"@type\":\"ListItem\",\"position\":2,\"name\":\"Boutique\",\"item\":\"https:\\\/\\\/fabyreilly.com\\\/fr\\\/boutique\\\/\"},{\"@type\":\"ListItem\",\"position\":3,\"name\":\"Mod\u00e8le biscornu Eglantine\"}]},{\"@type\":\"WebSite\",\"@id\":\"https:\\\/\\\/fabyreilly.com\\\/fr\\\/#website\",\"url\":\"https:\\\/\\\/fabyreilly.com\\\/fr\\\/\",\"name\":\"Faby Reilly Designs\",\"description\":\"Brodez avec style et \u00e9l\u00e9gance\",\"publisher\":{\"@id\":\"https:\\\/\\\/fabyreilly.com\\\/fr\\\/#organization\"},\"alternateName\":\"FRD\",\"potentialAction\":[{\"@type\":\"SearchAction\",\"target\":{\"@type\":\"EntryPoint\",\"urlTemplate\":\"https:\\\/\\\/fabyreilly.com\\\/fr\\\/?s={search_term_string}\"},\"query-input\":{\"@type\":\"PropertyValueSpecification\",\"valueRequired\":true,\"valueName\":\"search_term_string\"}}],\"inLanguage\":\"fr-FR\"},{\"@type\":\"Organization\",\"@id\":\"https:\\\/\\\/fabyreilly.com\\\/fr\\\/#organization\",\"name\":\"Faby Reilly Designs\",\"alternateName\":\"FRD\",\"url\":\"https:\\\/\\\/fabyreilly.com\\\/fr\\\/\",\"logo\":{\"@type\":\"ImageObject\",\"inLanguage\":\"fr-FR\",\"@id\":\"https:\\\/\\\/fabyreilly.com\\\/fr\\\/#\\\/schema\\\/logo\\\/image\\\/\",\"url\":\"https:\\\/\\\/i0.wp.com\\\/fabyreilly.com\\\/wp-content\\\/uploads\\\/2026\\\/04\\\/FRD-Tag-Logo.png?fit=600%2C250&ssl=1\",\"contentUrl\":\"https:\\\/\\\/i0.wp.com\\\/fabyreilly.com\\\/wp-content\\\/uploads\\\/2026\\\/04\\\/FRD-Tag-Logo.png?fit=600%2C250&ssl=1\",\"width\":600,\"height\":250,\"caption\":\"Faby Reilly Designs\"},\"image\":{\"@id\":\"https:\\\/\\\/fabyreilly.com\\\/fr\\\/#\\\/schema\\\/logo\\\/image\\\/\"},\"sameAs\":[\"https:\\\/\\\/www.facebook.com\\\/FabyReillyDesigns\\\/\",\"https:\\\/\\\/x.com\\\/FabyReilly\",\"https:\\\/\\\/www.instagram.com\\\/fabyreillydesigns\\\/\",\"https:\\\/\\\/www.pinterest.fr\\\/fabyreilly\\\/\"]}]}<\/script>\n<!-- \/ Yoast SEO plugin. -->","yoast_head_json":{"title":"Mod\u00e8le de broderie biscornu Eglantine - Faby Reilly Designs","description":"Vous recherchez un mod\u00e8le simple mais raffin\u00e9 ? Brodez le ravissant mod\u00e8le biscornu \u00c9glantine pour r\u00e9aliser cet ravissant coussin biscornu pique-\u00e9pingles biscornu tr\u00e8s romantique.","robots":{"index":"index","follow":"follow","max-snippet":"max-snippet:-1","max-image-preview":"max-image-preview:large","max-video-preview":"max-video-preview:-1"},"canonical":"https:\/\/fabyreilly.com\/fr\/produit\/biscornu-eglantine\/","og_locale":"fr_FR","og_type":"article","og_title":"Mod\u00e8le de broderie biscornu Eglantine - Faby Reilly Designs","og_description":"Vous recherchez un mod\u00e8le simple mais raffin\u00e9 ? Brodez le ravissant mod\u00e8le biscornu \u00c9glantine pour r\u00e9aliser cet ravissant coussin biscornu pique-\u00e9pingles biscornu tr\u00e8s romantique.","og_url":"https:\/\/fabyreilly.com\/fr\/produit\/biscornu-eglantine\/","og_site_name":"Faby Reilly Designs","article_publisher":"https:\/\/www.facebook.com\/FabyReillyDesigns\/","article_modified_time":"2026-02-06T15:13:47+00:00","og_image":[{"width":2000,"height":2000,"url":"https:\/\/i0.wp.com\/fabyreilly.com\/wp-content\/uploads\/2019\/01\/Wild-Rose-Biscornu-01A-Faby-Reilly-Designs.jpg?fit=2000%2C2000&ssl=1","type":"image\/jpeg"}],"twitter_card":"summary_large_image","twitter_site":"@FabyReilly","twitter_misc":{"Dur\u00e9e de lecture estim\u00e9e":"1 minute"},"schema":{"@context":"https:\/\/schema.org","@graph":[{"@type":"WebPage","@id":"https:\/\/fabyreilly.com\/fr\/produit\/biscornu-eglantine\/","url":"https:\/\/fabyreilly.com\/fr\/produit\/biscornu-eglantine\/","name":"Mod\u00e8le de broderie biscornu Eglantine - Faby Reilly Designs","isPartOf":{"@id":"https:\/\/fabyreilly.com\/fr\/#website"},"primaryImageOfPage":{"@id":"https:\/\/fabyreilly.com\/fr\/produit\/biscornu-eglantine\/#primaryimage"},"image":{"@id":"https:\/\/fabyreilly.com\/fr\/produit\/biscornu-eglantine\/#primaryimage"},"thumbnailUrl":"https:\/\/i0.wp.com\/fabyreilly.com\/wp-content\/uploads\/2019\/01\/Wild-Rose-Biscornu-01A-Faby-Reilly-Designs.jpg?fit=2000%2C2000&ssl=1","datePublished":"2019-01-17T15:08:08+00:00","dateModified":"2026-02-06T15:13:47+00:00","description":"Vous recherchez un mod\u00e8le simple mais raffin\u00e9 ? Brodez le ravissant mod\u00e8le biscornu \u00c9glantine pour r\u00e9aliser cet ravissant coussin biscornu pique-\u00e9pingles biscornu tr\u00e8s romantique.","breadcrumb":{"@id":"https:\/\/fabyreilly.com\/fr\/produit\/biscornu-eglantine\/#breadcrumb"},"inLanguage":"fr-FR","potentialAction":[{"@type":"ReadAction","target":["https:\/\/fabyreilly.com\/fr\/produit\/biscornu-eglantine\/"]}]},{"@type":"ImageObject","inLanguage":"fr-FR","@id":"https:\/\/fabyreilly.com\/fr\/produit\/biscornu-eglantine\/#primaryimage","url":"https:\/\/i0.wp.com\/fabyreilly.com\/wp-content\/uploads\/2019\/01\/Wild-Rose-Biscornu-01A-Faby-Reilly-Designs.jpg?fit=2000%2C2000&ssl=1","contentUrl":"https:\/\/i0.wp.com\/fabyreilly.com\/wp-content\/uploads\/2019\/01\/Wild-Rose-Biscornu-01A-Faby-Reilly-Designs.jpg?fit=2000%2C2000&ssl=1","width":2000,"height":2000,"caption":"Wild Rose Biscornu stitched model - Faby Reilly Designs"},{"@type":"BreadcrumbList","@id":"https:\/\/fabyreilly.com\/fr\/produit\/biscornu-eglantine\/#breadcrumb","itemListElement":[{"@type":"ListItem","position":1,"name":"Accueil","item":"https:\/\/fabyreilly.com\/fr\/"},{"@type":"ListItem","position":2,"name":"Boutique","item":"https:\/\/fabyreilly.com\/fr\/boutique\/"},{"@type":"ListItem","position":3,"name":"Mod\u00e8le biscornu Eglantine"}]},{"@type":"WebSite","@id":"https:\/\/fabyreilly.com\/fr\/#website","url":"https:\/\/fabyreilly.com\/fr\/","name":"Faby Reilly Designs","description":"Brodez avec style et \u00e9l\u00e9gance","publisher":{"@id":"https:\/\/fabyreilly.com\/fr\/#organization"},"alternateName":"FRD","potentialAction":[{"@type":"SearchAction","target":{"@type":"EntryPoint","urlTemplate":"https:\/\/fabyreilly.com\/fr\/?s={search_term_string}"},"query-input":{"@type":"PropertyValueSpecification","valueRequired":true,"valueName":"search_term_string"}}],"inLanguage":"fr-FR"},{"@type":"Organization","@id":"https:\/\/fabyreilly.com\/fr\/#organization","name":"Faby Reilly Designs","alternateName":"FRD","url":"https:\/\/fabyreilly.com\/fr\/","logo":{"@type":"ImageObject","inLanguage":"fr-FR","@id":"https:\/\/fabyreilly.com\/fr\/#\/schema\/logo\/image\/","url":"https:\/\/i0.wp.com\/fabyreilly.com\/wp-content\/uploads\/2026\/04\/FRD-Tag-Logo.png?fit=600%2C250&ssl=1","contentUrl":"https:\/\/i0.wp.com\/fabyreilly.com\/wp-content\/uploads\/2026\/04\/FRD-Tag-Logo.png?fit=600%2C250&ssl=1","width":600,"height":250,"caption":"Faby Reilly Designs"},"image":{"@id":"https:\/\/fabyreilly.com\/fr\/#\/schema\/logo\/image\/"},"sameAs":["https:\/\/www.facebook.com\/FabyReillyDesigns\/","https:\/\/x.com\/FabyReilly","https:\/\/www.instagram.com\/fabyreillydesigns\/","https:\/\/www.pinterest.fr\/fabyreilly\/"]}]}},"jetpack_publicize_connections":[],"jetpack_likes_enabled":true,"jetpack_sharing_enabled":true,"_links":{"self":[{"href":"https:\/\/fabyreilly.com\/fr\/wp-json\/wp\/v2\/product\/159164","targetHints":{"allow":["GET"]}}],"collection":[{"href":"https:\/\/fabyreilly.com\/fr\/wp-json\/wp\/v2\/product"}],"about":[{"href":"https:\/\/fabyreilly.com\/fr\/wp-json\/wp\/v2\/types\/product"}],"replies":[{"embeddable":true,"href":"https:\/\/fabyreilly.com\/fr\/wp-json\/wp\/v2\/comments?post=159164"}],"wp:featuredmedia":[{"embeddable":true,"href":"https:\/\/fabyreilly.com\/fr\/wp-json\/wp\/v2\/media\/166667"}],"wp:attachment":[{"href":"https:\/\/fabyreilly.com\/fr\/wp-json\/wp\/v2\/media?parent=159164"}],"wp:term":[{"taxonomy":"product_brand","embeddable":true,"href":"https:\/\/fabyreilly.com\/fr\/wp-json\/wp\/v2\/product_brand?post=159164"},{"taxonomy":"product_cat","embeddable":true,"href":"https:\/\/fabyreilly.com\/fr\/wp-json\/wp\/v2\/product_cat?post=159164"},{"taxonomy":"product_tag","embeddable":true,"href":"https:\/\/fabyreilly.com\/fr\/wp-json\/wp\/v2\/product_tag?post=159164"}],"curies":[{"name":"wp","href":"https:\/\/api.w.org\/{rel}","templated":true}]}}