{"id":159162,"date":"2019-01-17T16:14:08","date_gmt":"2019-01-17T15:14:08","guid":{"rendered":"https:\/\/fabyreilly.com\/product\/panier-eglantine\/"},"modified":"2024-07-06T19:11:26","modified_gmt":"2024-07-06T17:11:26","slug":"panier-eglantine","status":"publish","type":"product","link":"https:\/\/fabyreilly.com\/fr\/produit\/panier-eglantine\/","title":{"rendered":"Panier \u00c9glantine"},"content":{"rendered":"<p><strong>FORMAT<\/strong>: mod\u00e8le PDF en <strong><span style=\"color: #b1917c;\">T\u00c9L\u00c9CHARGEMENT<\/span><\/strong> (disponible en fran\u00e7ais et en anglais)<\/p>\n<p><strong>TAILLE<\/strong>: 140 x 140 points (pour chaque face du mod\u00e8le)<\/p>\n<p><strong>DIMENSIONS DE LA SURFACE BROD\u00c9E<\/strong> <span style=\"color: #999999;\">(sur la toile recommand\u00e9e)<\/span>: 13 x 13 cm x 5 cm <span style=\"color: #999999;\">(5&#8243; x 5&#8243; x 2&#8243;)<\/span><\/p>\n<p><strong>FOURNITURES<\/strong>:<\/p>\n<ul>\n<li>Lin Zweigart 32ct<\/li>\n<li>Fils moulin\u00e9s DMC<\/li>\n<li>Fils m\u00e9tallis\u00e9s DMC Diamant<\/li>\n<li>Perles Mill Hill<\/li>\n<\/ul>\n<p><strong>CONTENU<\/strong>:<\/p>\n<ul>\n<li>la <span style=\"color: #b1917c;\"><strong>l\u00e9gende<\/strong><\/span> &amp; les <span style=\"color: #b1917c;\"><strong>diagrammes<\/strong><\/span><\/li>\n<li>un <span style=\"color: #b1917c;\"><strong>tutoriel des points sp\u00e9ciaux<\/strong><\/span> (perles)<\/li>\n<li>un <span style=\"color: #b1917c;\"><strong>tutoriel des finitions<\/strong><\/span> pour assembler ce projet<\/li>\n<\/ul>\n<p>Vous avez une question ? N&#8217;h\u00e9sitez pas \u00e0 <a href=\"https:\/\/fabyreilly.com\/info\/contact\/\">me contacter<\/a>!<\/p>\n","protected":false},"excerpt":{"rendered":"<p>Mod\u00e8le PDF pour broder cet \u00e9l\u00e9gant petit panier &#8211; parfait pour ranger les autres \u00e9l\u00e9ments de la collection \u00c9glantine! Ce mod\u00e8le repr\u00e9sente des \u00e9glantines en fleurs et en fruits, agr\u00e9ment\u00e9es d&#8217;une petite brodure d\u00e9corative et de perles.<\/p>\n","protected":false},"featured_media":154828,"comment_status":"open","ping_status":"closed","template":"","meta":{"_coblocks_attr":"","_coblocks_dimensions":"","_coblocks_responsive_height":"","_coblocks_accordion_ie_support":"","_crdt_document":"","jetpack_publicize_message":"","jetpack_publicize_feature_enabled":true,"jetpack_social_post_already_shared":true,"jetpack_social_options":{"image_generator_settings":{"template":"highway","default_image_id":0,"font":"","enabled":false},"version":2},"_wpas_customize_per_network":false},"product_brand":[],"product_cat":[650086457,650086177],"product_tag":[650086178],"class_list":{"0":"post-159162","1":"product","2":"type-product","3":"status-publish","4":"has-post-thumbnail","6":"product_cat-foire-aux-promos","7":"product_cat-modeles-printemps-ete","8":"product_tag-intermediaire","9":"pa_collection-collection-eglantine","10":"pa_colour-rose","11":"pa_colour-rouge","12":"pa_colour-vert","13":"pa_embellishments-fils-metalliques","14":"pa_embellishments-perles","15":"pa_shape-paniers","16":"pa_skill-level-intermediaire","17":"pa_special-stitches-perles","18":"pa_tags-fleurs","19":"pa_techniques-point-arriere","20":"pa_theme-art-de-la-table","21":"pa_theme-ete","22":"pa_theme-printemps","24":"first","25":"instock","26":"sale","27":"downloadable","28":"virtual","29":"sold-individually","30":"purchasable","31":"product-type-simple"},"yoast_head":"<!-- This site is optimized with the Yoast SEO plugin v27.4 - https:\/\/yoast.com\/product\/yoast-seo-wordpress\/ -->\n<title>Panier \u00c9glantine - Faby Reilly Designs<\/title>\n<meta name=\"robots\" content=\"index, follow, max-snippet:-1, max-image-preview:large, max-video-preview:-1\" \/>\n<link rel=\"canonical\" href=\"https:\/\/fabyreilly.com\/fr\/produit\/panier-eglantine\/\" \/>\n<meta property=\"og:locale\" content=\"fr_FR\" \/>\n<meta property=\"og:type\" content=\"article\" \/>\n<meta property=\"og:title\" content=\"Panier \u00c9glantine - Faby Reilly Designs\" \/>\n<meta property=\"og:description\" content=\"Mod\u00e8le PDF pour broder cet \u00e9l\u00e9gant petit panier - parfait pour ranger les autres \u00e9l\u00e9ments de la collection \u00c9glantine! Ce mod\u00e8le repr\u00e9sente des \u00e9glantines en fleurs et en fruits, agr\u00e9ment\u00e9es d&#039;une petite brodure d\u00e9corative et de perles.\" \/>\n<meta property=\"og:url\" content=\"https:\/\/fabyreilly.com\/fr\/produit\/panier-eglantine\/\" \/>\n<meta property=\"og:site_name\" content=\"Faby Reilly Designs\" \/>\n<meta property=\"article:publisher\" content=\"https:\/\/www.facebook.com\/FabyReillyDesigns\/\" \/>\n<meta property=\"article:modified_time\" content=\"2024-07-06T17:11:26+00:00\" \/>\n<meta property=\"og:image\" content=\"https:\/\/i0.wp.com\/fabyreilly.com\/wp-content\/uploads\/2016\/03\/wdr210-bskt-pfi02.jpg?fit=800%2C800&ssl=1\" \/>\n\t<meta property=\"og:image:width\" content=\"800\" \/>\n\t<meta property=\"og:image:height\" content=\"800\" \/>\n\t<meta property=\"og:image:type\" content=\"image\/jpeg\" \/>\n<meta name=\"twitter:card\" content=\"summary_large_image\" \/>\n<meta name=\"twitter:site\" content=\"@FabyReilly\" \/>\n<script type=\"application\/ld+json\" class=\"yoast-schema-graph\">{\"@context\":\"https:\\\/\\\/schema.org\",\"@graph\":[{\"@type\":\"WebPage\",\"@id\":\"https:\\\/\\\/fabyreilly.com\\\/fr\\\/produit\\\/panier-eglantine\\\/\",\"url\":\"https:\\\/\\\/fabyreilly.com\\\/fr\\\/produit\\\/panier-eglantine\\\/\",\"name\":\"Panier \u00c9glantine - Faby Reilly Designs\",\"isPartOf\":{\"@id\":\"https:\\\/\\\/fabyreilly.com\\\/fr\\\/#website\"},\"primaryImageOfPage\":{\"@id\":\"https:\\\/\\\/fabyreilly.com\\\/fr\\\/produit\\\/panier-eglantine\\\/#primaryimage\"},\"image\":{\"@id\":\"https:\\\/\\\/fabyreilly.com\\\/fr\\\/produit\\\/panier-eglantine\\\/#primaryimage\"},\"thumbnailUrl\":\"https:\\\/\\\/i0.wp.com\\\/fabyreilly.com\\\/wp-content\\\/uploads\\\/2016\\\/03\\\/wdr210-bskt-pfi02.jpg?fit=800%2C800&ssl=1\",\"datePublished\":\"2019-01-17T15:14:08+00:00\",\"dateModified\":\"2024-07-06T17:11:26+00:00\",\"breadcrumb\":{\"@id\":\"https:\\\/\\\/fabyreilly.com\\\/fr\\\/produit\\\/panier-eglantine\\\/#breadcrumb\"},\"inLanguage\":\"fr-FR\",\"potentialAction\":[{\"@type\":\"ReadAction\",\"target\":[\"https:\\\/\\\/fabyreilly.com\\\/fr\\\/produit\\\/panier-eglantine\\\/\"]}]},{\"@type\":\"ImageObject\",\"inLanguage\":\"fr-FR\",\"@id\":\"https:\\\/\\\/fabyreilly.com\\\/fr\\\/produit\\\/panier-eglantine\\\/#primaryimage\",\"url\":\"https:\\\/\\\/i0.wp.com\\\/fabyreilly.com\\\/wp-content\\\/uploads\\\/2016\\\/03\\\/wdr210-bskt-pfi02.jpg?fit=800%2C800&ssl=1\",\"contentUrl\":\"https:\\\/\\\/i0.wp.com\\\/fabyreilly.com\\\/wp-content\\\/uploads\\\/2016\\\/03\\\/wdr210-bskt-pfi02.jpg?fit=800%2C800&ssl=1\",\"width\":800,\"height\":800,\"caption\":\"Wild Rose Basket (desk tidy)\"},{\"@type\":\"BreadcrumbList\",\"@id\":\"https:\\\/\\\/fabyreilly.com\\\/fr\\\/produit\\\/panier-eglantine\\\/#breadcrumb\",\"itemListElement\":[{\"@type\":\"ListItem\",\"position\":1,\"name\":\"Accueil\",\"item\":\"https:\\\/\\\/fabyreilly.com\\\/fr\\\/\"},{\"@type\":\"ListItem\",\"position\":2,\"name\":\"Boutique\",\"item\":\"https:\\\/\\\/fabyreilly.com\\\/fr\\\/boutique\\\/\"},{\"@type\":\"ListItem\",\"position\":3,\"name\":\"Panier \u00c9glantine\"}]},{\"@type\":\"WebSite\",\"@id\":\"https:\\\/\\\/fabyreilly.com\\\/fr\\\/#website\",\"url\":\"https:\\\/\\\/fabyreilly.com\\\/fr\\\/\",\"name\":\"Faby Reilly Designs\",\"description\":\"Brodez avec style et \u00e9l\u00e9gance\",\"publisher\":{\"@id\":\"https:\\\/\\\/fabyreilly.com\\\/fr\\\/#organization\"},\"alternateName\":\"FRD\",\"potentialAction\":[{\"@type\":\"SearchAction\",\"target\":{\"@type\":\"EntryPoint\",\"urlTemplate\":\"https:\\\/\\\/fabyreilly.com\\\/fr\\\/?s={search_term_string}\"},\"query-input\":{\"@type\":\"PropertyValueSpecification\",\"valueRequired\":true,\"valueName\":\"search_term_string\"}}],\"inLanguage\":\"fr-FR\"},{\"@type\":\"Organization\",\"@id\":\"https:\\\/\\\/fabyreilly.com\\\/fr\\\/#organization\",\"name\":\"Faby Reilly Designs\",\"alternateName\":\"FRD\",\"url\":\"https:\\\/\\\/fabyreilly.com\\\/fr\\\/\",\"logo\":{\"@type\":\"ImageObject\",\"inLanguage\":\"fr-FR\",\"@id\":\"https:\\\/\\\/fabyreilly.com\\\/fr\\\/#\\\/schema\\\/logo\\\/image\\\/\",\"url\":\"https:\\\/\\\/i0.wp.com\\\/fabyreilly.com\\\/wp-content\\\/uploads\\\/2026\\\/04\\\/FRD-Tag-Logo.png?fit=600%2C250&ssl=1\",\"contentUrl\":\"https:\\\/\\\/i0.wp.com\\\/fabyreilly.com\\\/wp-content\\\/uploads\\\/2026\\\/04\\\/FRD-Tag-Logo.png?fit=600%2C250&ssl=1\",\"width\":600,\"height\":250,\"caption\":\"Faby Reilly Designs\"},\"image\":{\"@id\":\"https:\\\/\\\/fabyreilly.com\\\/fr\\\/#\\\/schema\\\/logo\\\/image\\\/\"},\"sameAs\":[\"https:\\\/\\\/www.facebook.com\\\/FabyReillyDesigns\\\/\",\"https:\\\/\\\/x.com\\\/FabyReilly\",\"https:\\\/\\\/www.instagram.com\\\/fabyreillydesigns\\\/\",\"https:\\\/\\\/www.pinterest.fr\\\/fabyreilly\\\/\"]}]}<\/script>\n<!-- \/ Yoast SEO plugin. -->","yoast_head_json":{"title":"Panier \u00c9glantine - Faby Reilly Designs","robots":{"index":"index","follow":"follow","max-snippet":"max-snippet:-1","max-image-preview":"max-image-preview:large","max-video-preview":"max-video-preview:-1"},"canonical":"https:\/\/fabyreilly.com\/fr\/produit\/panier-eglantine\/","og_locale":"fr_FR","og_type":"article","og_title":"Panier \u00c9glantine - Faby Reilly Designs","og_description":"Mod\u00e8le PDF pour broder cet \u00e9l\u00e9gant petit panier - parfait pour ranger les autres \u00e9l\u00e9ments de la collection \u00c9glantine! Ce mod\u00e8le repr\u00e9sente des \u00e9glantines en fleurs et en fruits, agr\u00e9ment\u00e9es d'une petite brodure d\u00e9corative et de perles.","og_url":"https:\/\/fabyreilly.com\/fr\/produit\/panier-eglantine\/","og_site_name":"Faby Reilly Designs","article_publisher":"https:\/\/www.facebook.com\/FabyReillyDesigns\/","article_modified_time":"2024-07-06T17:11:26+00:00","og_image":[{"width":800,"height":800,"url":"https:\/\/i0.wp.com\/fabyreilly.com\/wp-content\/uploads\/2016\/03\/wdr210-bskt-pfi02.jpg?fit=800%2C800&ssl=1","type":"image\/jpeg"}],"twitter_card":"summary_large_image","twitter_site":"@FabyReilly","schema":{"@context":"https:\/\/schema.org","@graph":[{"@type":"WebPage","@id":"https:\/\/fabyreilly.com\/fr\/produit\/panier-eglantine\/","url":"https:\/\/fabyreilly.com\/fr\/produit\/panier-eglantine\/","name":"Panier \u00c9glantine - Faby Reilly Designs","isPartOf":{"@id":"https:\/\/fabyreilly.com\/fr\/#website"},"primaryImageOfPage":{"@id":"https:\/\/fabyreilly.com\/fr\/produit\/panier-eglantine\/#primaryimage"},"image":{"@id":"https:\/\/fabyreilly.com\/fr\/produit\/panier-eglantine\/#primaryimage"},"thumbnailUrl":"https:\/\/i0.wp.com\/fabyreilly.com\/wp-content\/uploads\/2016\/03\/wdr210-bskt-pfi02.jpg?fit=800%2C800&ssl=1","datePublished":"2019-01-17T15:14:08+00:00","dateModified":"2024-07-06T17:11:26+00:00","breadcrumb":{"@id":"https:\/\/fabyreilly.com\/fr\/produit\/panier-eglantine\/#breadcrumb"},"inLanguage":"fr-FR","potentialAction":[{"@type":"ReadAction","target":["https:\/\/fabyreilly.com\/fr\/produit\/panier-eglantine\/"]}]},{"@type":"ImageObject","inLanguage":"fr-FR","@id":"https:\/\/fabyreilly.com\/fr\/produit\/panier-eglantine\/#primaryimage","url":"https:\/\/i0.wp.com\/fabyreilly.com\/wp-content\/uploads\/2016\/03\/wdr210-bskt-pfi02.jpg?fit=800%2C800&ssl=1","contentUrl":"https:\/\/i0.wp.com\/fabyreilly.com\/wp-content\/uploads\/2016\/03\/wdr210-bskt-pfi02.jpg?fit=800%2C800&ssl=1","width":800,"height":800,"caption":"Wild Rose Basket (desk tidy)"},{"@type":"BreadcrumbList","@id":"https:\/\/fabyreilly.com\/fr\/produit\/panier-eglantine\/#breadcrumb","itemListElement":[{"@type":"ListItem","position":1,"name":"Accueil","item":"https:\/\/fabyreilly.com\/fr\/"},{"@type":"ListItem","position":2,"name":"Boutique","item":"https:\/\/fabyreilly.com\/fr\/boutique\/"},{"@type":"ListItem","position":3,"name":"Panier \u00c9glantine"}]},{"@type":"WebSite","@id":"https:\/\/fabyreilly.com\/fr\/#website","url":"https:\/\/fabyreilly.com\/fr\/","name":"Faby Reilly Designs","description":"Brodez avec style et \u00e9l\u00e9gance","publisher":{"@id":"https:\/\/fabyreilly.com\/fr\/#organization"},"alternateName":"FRD","potentialAction":[{"@type":"SearchAction","target":{"@type":"EntryPoint","urlTemplate":"https:\/\/fabyreilly.com\/fr\/?s={search_term_string}"},"query-input":{"@type":"PropertyValueSpecification","valueRequired":true,"valueName":"search_term_string"}}],"inLanguage":"fr-FR"},{"@type":"Organization","@id":"https:\/\/fabyreilly.com\/fr\/#organization","name":"Faby Reilly Designs","alternateName":"FRD","url":"https:\/\/fabyreilly.com\/fr\/","logo":{"@type":"ImageObject","inLanguage":"fr-FR","@id":"https:\/\/fabyreilly.com\/fr\/#\/schema\/logo\/image\/","url":"https:\/\/i0.wp.com\/fabyreilly.com\/wp-content\/uploads\/2026\/04\/FRD-Tag-Logo.png?fit=600%2C250&ssl=1","contentUrl":"https:\/\/i0.wp.com\/fabyreilly.com\/wp-content\/uploads\/2026\/04\/FRD-Tag-Logo.png?fit=600%2C250&ssl=1","width":600,"height":250,"caption":"Faby Reilly Designs"},"image":{"@id":"https:\/\/fabyreilly.com\/fr\/#\/schema\/logo\/image\/"},"sameAs":["https:\/\/www.facebook.com\/FabyReillyDesigns\/","https:\/\/x.com\/FabyReilly","https:\/\/www.instagram.com\/fabyreillydesigns\/","https:\/\/www.pinterest.fr\/fabyreilly\/"]}]}},"jetpack_publicize_connections":[],"jetpack_likes_enabled":true,"jetpack_sharing_enabled":true,"_links":{"self":[{"href":"https:\/\/fabyreilly.com\/fr\/wp-json\/wp\/v2\/product\/159162","targetHints":{"allow":["GET"]}}],"collection":[{"href":"https:\/\/fabyreilly.com\/fr\/wp-json\/wp\/v2\/product"}],"about":[{"href":"https:\/\/fabyreilly.com\/fr\/wp-json\/wp\/v2\/types\/product"}],"replies":[{"embeddable":true,"href":"https:\/\/fabyreilly.com\/fr\/wp-json\/wp\/v2\/comments?post=159162"}],"wp:featuredmedia":[{"embeddable":true,"href":"https:\/\/fabyreilly.com\/fr\/wp-json\/wp\/v2\/media\/154828"}],"wp:attachment":[{"href":"https:\/\/fabyreilly.com\/fr\/wp-json\/wp\/v2\/media?parent=159162"}],"wp:term":[{"taxonomy":"product_brand","embeddable":true,"href":"https:\/\/fabyreilly.com\/fr\/wp-json\/wp\/v2\/product_brand?post=159162"},{"taxonomy":"product_cat","embeddable":true,"href":"https:\/\/fabyreilly.com\/fr\/wp-json\/wp\/v2\/product_cat?post=159162"},{"taxonomy":"product_tag","embeddable":true,"href":"https:\/\/fabyreilly.com\/fr\/wp-json\/wp\/v2\/product_tag?post=159162"}],"curies":[{"name":"wp","href":"https:\/\/api.w.org\/{rel}","templated":true}]}}