{"id":159141,"date":"2021-01-01T13:01:56","date_gmt":"2021-01-01T12:01:56","guid":{"rendered":"https:\/\/fabyreilly.com\/product\/livret-a-aiguilles-perce-neige\/"},"modified":"2024-06-27T13:24:14","modified_gmt":"2024-06-27T11:24:14","slug":"livret-a-aiguilles-perce-neige","status":"publish","type":"product","link":"https:\/\/fabyreilly.com\/fr\/produit\/livret-a-aiguilles-perce-neige\/","title":{"rendered":"Livret \u00e0 aiguilles Perce-Neige"},"content":{"rendered":"<p><strong>LANGUES<\/strong>: anglais \/ fran\u00e7ais<\/p>\n<p><strong>NIVEAU<\/strong>: <span style=\"color: #b1918c;\"><strong>Interm\u00e9diaire<\/strong><\/span><\/p>\n<p><strong>TAILLE<\/strong>: 85 x 50 points (pour la couverture ext\u00e9rieure) et 40 x 50 points (pour chaque section int\u00e9rieure)<\/p>\n<p><strong>DIMENSIONS DE LA SURFACE BROD\u00c9E<\/strong> <span style=\"color: #999999;\">(sur la toile recommand\u00e9e)<\/span>: 13.5 x 8 cm <span style=\"color: #999999;\">(5.5&#8243; x 3&#8243;)<\/span> and 6.5 x 8 cm <span style=\"color: #999999;\">(2.5&#8243; x 3&#8243;)<\/span><\/p>\n<p><strong>FOURNITURES<\/strong>:<\/p>\n<ul>\n<li>Lin Zweigart 32ct<\/li>\n<li>Fils moulin\u00e9s DMC<\/li>\n<li>Fils m\u00e9tallis\u00e9s DMC Diamant<\/li>\n<li>Perles Mill Hill<\/li>\n<\/ul>\n<p><strong>CONTENU<\/strong>:<\/p>\n<ul>\n<li>la liste d\u00e9taill\u00e9e des <span style=\"color: #b1917c;\"><strong>fournitures<\/strong><\/span> n\u00e9cessaires<\/li>\n<li>la <span style=\"color: #b1917c;\"><strong>l\u00e9gende<\/strong><\/span> pour les symboles utilis\u00e9s<\/li>\n<li>un <span style=\"color: #b1917c;\"><strong>tutoriel des points sp\u00e9ciaux<\/strong><\/span> (perles, point d&#8217;\u0153illet en \u00e9ventail, point d&#8217;\u0153illet rond avec paillette, point de riz)<\/li>\n<li>un <span style=\"color: #b1917c;\"><strong>tri-fils imprimable<\/strong><\/span><\/li>\n<li>des diagrammes <span style=\"color: #b1917c;\"><strong>en couleur<\/strong><\/span> (point de croix seul \/ tous les points)<\/li>\n<li>un diagramme <span style=\"color: #b1917c;\"><strong>hybride<\/strong><\/span> (point de croix noir et blanc avec point arri\u00e8re et points sp\u00e9ciaux en couleur)<\/li>\n<li>un <span style=\"color: #b1917c;\"><strong>tutoriel des finitions<\/strong><\/span> pour assembler chaque mod\u00e8le<\/li>\n<\/ul>\n<p>&nbsp;<\/p>\n<p>Pour <span style=\"color: #b1918c;\"><strong>davantage de photos<\/strong><\/span> ou pour voir <span style=\"color: #b1918c;\"><strong>les r\u00e9alisations d&#8217;autres brodeurs\/brodeuses<\/strong><\/span>, voir la <a href=\"https:\/\/www.pinterest.co.uk\/fabyreilly\/snowdrop-gallery\/\" target=\"_blank\" rel=\"noopener\"><strong>Galerie Perce-Neige<\/strong><\/a><\/p>\n<p>Vous avez une question ? N&#8217;h\u00e9sitez pas \u00e0 me <strong><a href=\"https:\/\/fabyreilly.com\/info\/contact\/\">contacter<\/a><\/strong>!<\/p>\n","protected":false},"excerpt":{"rendered":"<p>Mod\u00e8le PDF pour broder un livret \u00e0 aiguilles compos\u00e9 de d\u00e9licats perce-neiges, et rehauss\u00e9 de points sp\u00e9ciaux, fil argent\u00e9, perles blanches, et sequins nacr\u00e9s.<\/p>\n","protected":false},"featured_media":165497,"comment_status":"open","ping_status":"closed","template":"","meta":{"_coblocks_attr":"","_coblocks_dimensions":"","_coblocks_responsive_height":"","_coblocks_accordion_ie_support":"","_crdt_document":"","jetpack_post_was_ever_published":false,"jetpack_publicize_message":"","jetpack_publicize_feature_enabled":true,"jetpack_social_post_already_shared":true,"jetpack_social_options":{"image_generator_settings":{"template":"highway","default_image_id":0,"font":"","enabled":false},"version":2},"_wpas_customize_per_network":false},"product_brand":[],"product_cat":[650086186],"product_tag":[650086178],"class_list":{"0":"post-159141","1":"product","2":"type-product","3":"status-publish","4":"has-post-thumbnail","6":"product_cat-modeles-automne-hiver","7":"product_tag-intermediaire","8":"pa_collection-collection-perce-neige","9":"pa_colour-blanc","10":"pa_colour-vert","11":"pa_embellishments-fils-metalliques","12":"pa_embellishments-paillettes-sequins","13":"pa_embellishments-perles","14":"pa_shape-accessoires-de-broderie","15":"pa_shape-livrets-a-aiguilles","16":"pa_skill-level-intermediaire","17":"pa_special-stitches-perles","18":"pa_special-stitches-point-doeillet-rond","19":"pa_special-stitches-point-de-riz","20":"pa_tags-fleurs","21":"pa_tags-neige","22":"pa_tags-petits-modeles","23":"pa_tags-scintillant","24":"pa_techniques-point-arriere","25":"pa_techniques-points-speciaux","26":"pa_theme-hiver","28":"first","29":"instock","30":"downloadable","31":"virtual","32":"sold-individually","33":"purchasable","34":"product-type-simple"},"yoast_head":"<!-- This site is optimized with the Yoast SEO plugin v27.3 - https:\/\/yoast.com\/product\/yoast-seo-wordpress\/ -->\n<title>Livret \u00e0 aiguilles Perce-Neige - Faby Reilly Designs<\/title>\n<meta name=\"robots\" content=\"index, follow, max-snippet:-1, max-image-preview:large, max-video-preview:-1\" \/>\n<link rel=\"canonical\" href=\"https:\/\/fabyreilly.com\/fr\/produit\/livret-a-aiguilles-perce-neige\/\" \/>\n<meta property=\"og:locale\" content=\"fr_FR\" \/>\n<meta property=\"og:type\" content=\"article\" \/>\n<meta property=\"og:title\" content=\"Livret \u00e0 aiguilles Perce-Neige - Faby Reilly Designs\" \/>\n<meta property=\"og:description\" content=\"Mod\u00e8le PDF pour broder un livret \u00e0 aiguilles compos\u00e9 de d\u00e9licats perce-neiges, et rehauss\u00e9 de points sp\u00e9ciaux, fil argent\u00e9, perles blanches, et sequins nacr\u00e9s.\" \/>\n<meta property=\"og:url\" content=\"https:\/\/fabyreilly.com\/fr\/produit\/livret-a-aiguilles-perce-neige\/\" \/>\n<meta property=\"og:site_name\" content=\"Faby Reilly Designs\" \/>\n<meta property=\"article:publisher\" content=\"https:\/\/www.facebook.com\/FabyReillyDesigns\/\" \/>\n<meta property=\"article:modified_time\" content=\"2024-06-27T11:24:14+00:00\" \/>\n<meta property=\"og:image\" content=\"https:\/\/i0.wp.com\/fabyreilly.com\/wp-content\/uploads\/2019\/01\/Snowdrop-Needlebook-FRD-01.jpg?fit=1000%2C1000&ssl=1\" \/>\n\t<meta property=\"og:image:width\" content=\"1000\" \/>\n\t<meta property=\"og:image:height\" content=\"1000\" \/>\n\t<meta property=\"og:image:type\" content=\"image\/jpeg\" \/>\n<meta name=\"twitter:card\" content=\"summary_large_image\" \/>\n<meta name=\"twitter:site\" content=\"@FabyReilly\" \/>\n<meta name=\"twitter:label1\" content=\"Dur\u00e9e de lecture estim\u00e9e\" \/>\n\t<meta name=\"twitter:data1\" content=\"1 minute\" \/>\n<script type=\"application\/ld+json\" class=\"yoast-schema-graph\">{\"@context\":\"https:\\\/\\\/schema.org\",\"@graph\":[{\"@type\":\"WebPage\",\"@id\":\"https:\\\/\\\/fabyreilly.com\\\/fr\\\/produit\\\/livret-a-aiguilles-perce-neige\\\/\",\"url\":\"https:\\\/\\\/fabyreilly.com\\\/fr\\\/produit\\\/livret-a-aiguilles-perce-neige\\\/\",\"name\":\"Livret \u00e0 aiguilles Perce-Neige - Faby Reilly Designs\",\"isPartOf\":{\"@id\":\"https:\\\/\\\/fabyreilly.com\\\/fr\\\/#website\"},\"primaryImageOfPage\":{\"@id\":\"https:\\\/\\\/fabyreilly.com\\\/fr\\\/produit\\\/livret-a-aiguilles-perce-neige\\\/#primaryimage\"},\"image\":{\"@id\":\"https:\\\/\\\/fabyreilly.com\\\/fr\\\/produit\\\/livret-a-aiguilles-perce-neige\\\/#primaryimage\"},\"thumbnailUrl\":\"https:\\\/\\\/i0.wp.com\\\/fabyreilly.com\\\/wp-content\\\/uploads\\\/2021\\\/01\\\/Snowdrop-Needlebook-01A-Faby-Reilly-Designs.jpg?fit=2000%2C2000&ssl=1\",\"datePublished\":\"2021-01-01T12:01:56+00:00\",\"dateModified\":\"2024-06-27T11:24:14+00:00\",\"breadcrumb\":{\"@id\":\"https:\\\/\\\/fabyreilly.com\\\/fr\\\/produit\\\/livret-a-aiguilles-perce-neige\\\/#breadcrumb\"},\"inLanguage\":\"fr-FR\",\"potentialAction\":[{\"@type\":\"ReadAction\",\"target\":[\"https:\\\/\\\/fabyreilly.com\\\/fr\\\/produit\\\/livret-a-aiguilles-perce-neige\\\/\"]}]},{\"@type\":\"ImageObject\",\"inLanguage\":\"fr-FR\",\"@id\":\"https:\\\/\\\/fabyreilly.com\\\/fr\\\/produit\\\/livret-a-aiguilles-perce-neige\\\/#primaryimage\",\"url\":\"https:\\\/\\\/i0.wp.com\\\/fabyreilly.com\\\/wp-content\\\/uploads\\\/2021\\\/01\\\/Snowdrop-Needlebook-01A-Faby-Reilly-Designs.jpg?fit=2000%2C2000&ssl=1\",\"contentUrl\":\"https:\\\/\\\/i0.wp.com\\\/fabyreilly.com\\\/wp-content\\\/uploads\\\/2021\\\/01\\\/Snowdrop-Needlebook-01A-Faby-Reilly-Designs.jpg?fit=2000%2C2000&ssl=1\",\"width\":2000,\"height\":2000,\"caption\":\"Stitched model for the Snowdrop needlebook pattern by Faby Reilly Designs\"},{\"@type\":\"BreadcrumbList\",\"@id\":\"https:\\\/\\\/fabyreilly.com\\\/fr\\\/produit\\\/livret-a-aiguilles-perce-neige\\\/#breadcrumb\",\"itemListElement\":[{\"@type\":\"ListItem\",\"position\":1,\"name\":\"Accueil\",\"item\":\"https:\\\/\\\/fabyreilly.com\\\/fr\\\/\"},{\"@type\":\"ListItem\",\"position\":2,\"name\":\"Boutique\",\"item\":\"https:\\\/\\\/fabyreilly.com\\\/fr\\\/boutique\\\/\"},{\"@type\":\"ListItem\",\"position\":3,\"name\":\"Livret \u00e0 aiguilles Perce-Neige\"}]},{\"@type\":\"WebSite\",\"@id\":\"https:\\\/\\\/fabyreilly.com\\\/fr\\\/#website\",\"url\":\"https:\\\/\\\/fabyreilly.com\\\/fr\\\/\",\"name\":\"Faby Reilly Designs\",\"description\":\"Brodez avec style et \u00e9l\u00e9gance\",\"publisher\":{\"@id\":\"https:\\\/\\\/fabyreilly.com\\\/fr\\\/#organization\"},\"alternateName\":\"FRD\",\"potentialAction\":[{\"@type\":\"SearchAction\",\"target\":{\"@type\":\"EntryPoint\",\"urlTemplate\":\"https:\\\/\\\/fabyreilly.com\\\/fr\\\/?s={search_term_string}\"},\"query-input\":{\"@type\":\"PropertyValueSpecification\",\"valueRequired\":true,\"valueName\":\"search_term_string\"}}],\"inLanguage\":\"fr-FR\"},{\"@type\":\"Organization\",\"@id\":\"https:\\\/\\\/fabyreilly.com\\\/fr\\\/#organization\",\"name\":\"Faby Reilly Designs\",\"alternateName\":\"FRD\",\"url\":\"https:\\\/\\\/fabyreilly.com\\\/fr\\\/\",\"logo\":{\"@type\":\"ImageObject\",\"inLanguage\":\"fr-FR\",\"@id\":\"https:\\\/\\\/fabyreilly.com\\\/fr\\\/#\\\/schema\\\/logo\\\/image\\\/\",\"url\":\"https:\\\/\\\/i0.wp.com\\\/fabyreilly.com\\\/wp-content\\\/uploads\\\/2026\\\/04\\\/FRD-Tag-Logo.png?fit=600%2C250&ssl=1\",\"contentUrl\":\"https:\\\/\\\/i0.wp.com\\\/fabyreilly.com\\\/wp-content\\\/uploads\\\/2026\\\/04\\\/FRD-Tag-Logo.png?fit=600%2C250&ssl=1\",\"width\":600,\"height\":250,\"caption\":\"Faby Reilly Designs\"},\"image\":{\"@id\":\"https:\\\/\\\/fabyreilly.com\\\/fr\\\/#\\\/schema\\\/logo\\\/image\\\/\"},\"sameAs\":[\"https:\\\/\\\/www.facebook.com\\\/FabyReillyDesigns\\\/\",\"https:\\\/\\\/x.com\\\/FabyReilly\",\"https:\\\/\\\/www.instagram.com\\\/fabyreillydesigns\\\/\",\"https:\\\/\\\/www.pinterest.fr\\\/fabyreilly\\\/\"]}]}<\/script>\n<!-- \/ Yoast SEO plugin. -->","yoast_head_json":{"title":"Livret \u00e0 aiguilles Perce-Neige - Faby Reilly Designs","robots":{"index":"index","follow":"follow","max-snippet":"max-snippet:-1","max-image-preview":"max-image-preview:large","max-video-preview":"max-video-preview:-1"},"canonical":"https:\/\/fabyreilly.com\/fr\/produit\/livret-a-aiguilles-perce-neige\/","og_locale":"fr_FR","og_type":"article","og_title":"Livret \u00e0 aiguilles Perce-Neige - Faby Reilly Designs","og_description":"Mod\u00e8le PDF pour broder un livret \u00e0 aiguilles compos\u00e9 de d\u00e9licats perce-neiges, et rehauss\u00e9 de points sp\u00e9ciaux, fil argent\u00e9, perles blanches, et sequins nacr\u00e9s.","og_url":"https:\/\/fabyreilly.com\/fr\/produit\/livret-a-aiguilles-perce-neige\/","og_site_name":"Faby Reilly Designs","article_publisher":"https:\/\/www.facebook.com\/FabyReillyDesigns\/","article_modified_time":"2024-06-27T11:24:14+00:00","og_image":[{"width":1000,"height":1000,"url":"https:\/\/i0.wp.com\/fabyreilly.com\/wp-content\/uploads\/2019\/01\/Snowdrop-Needlebook-FRD-01.jpg?fit=1000%2C1000&ssl=1","type":"image\/jpeg"}],"twitter_card":"summary_large_image","twitter_site":"@FabyReilly","twitter_misc":{"Dur\u00e9e de lecture estim\u00e9e":"1 minute"},"schema":{"@context":"https:\/\/schema.org","@graph":[{"@type":"WebPage","@id":"https:\/\/fabyreilly.com\/fr\/produit\/livret-a-aiguilles-perce-neige\/","url":"https:\/\/fabyreilly.com\/fr\/produit\/livret-a-aiguilles-perce-neige\/","name":"Livret \u00e0 aiguilles Perce-Neige - Faby Reilly Designs","isPartOf":{"@id":"https:\/\/fabyreilly.com\/fr\/#website"},"primaryImageOfPage":{"@id":"https:\/\/fabyreilly.com\/fr\/produit\/livret-a-aiguilles-perce-neige\/#primaryimage"},"image":{"@id":"https:\/\/fabyreilly.com\/fr\/produit\/livret-a-aiguilles-perce-neige\/#primaryimage"},"thumbnailUrl":"https:\/\/i0.wp.com\/fabyreilly.com\/wp-content\/uploads\/2021\/01\/Snowdrop-Needlebook-01A-Faby-Reilly-Designs.jpg?fit=2000%2C2000&ssl=1","datePublished":"2021-01-01T12:01:56+00:00","dateModified":"2024-06-27T11:24:14+00:00","breadcrumb":{"@id":"https:\/\/fabyreilly.com\/fr\/produit\/livret-a-aiguilles-perce-neige\/#breadcrumb"},"inLanguage":"fr-FR","potentialAction":[{"@type":"ReadAction","target":["https:\/\/fabyreilly.com\/fr\/produit\/livret-a-aiguilles-perce-neige\/"]}]},{"@type":"ImageObject","inLanguage":"fr-FR","@id":"https:\/\/fabyreilly.com\/fr\/produit\/livret-a-aiguilles-perce-neige\/#primaryimage","url":"https:\/\/i0.wp.com\/fabyreilly.com\/wp-content\/uploads\/2021\/01\/Snowdrop-Needlebook-01A-Faby-Reilly-Designs.jpg?fit=2000%2C2000&ssl=1","contentUrl":"https:\/\/i0.wp.com\/fabyreilly.com\/wp-content\/uploads\/2021\/01\/Snowdrop-Needlebook-01A-Faby-Reilly-Designs.jpg?fit=2000%2C2000&ssl=1","width":2000,"height":2000,"caption":"Stitched model for the Snowdrop needlebook pattern by Faby Reilly Designs"},{"@type":"BreadcrumbList","@id":"https:\/\/fabyreilly.com\/fr\/produit\/livret-a-aiguilles-perce-neige\/#breadcrumb","itemListElement":[{"@type":"ListItem","position":1,"name":"Accueil","item":"https:\/\/fabyreilly.com\/fr\/"},{"@type":"ListItem","position":2,"name":"Boutique","item":"https:\/\/fabyreilly.com\/fr\/boutique\/"},{"@type":"ListItem","position":3,"name":"Livret \u00e0 aiguilles Perce-Neige"}]},{"@type":"WebSite","@id":"https:\/\/fabyreilly.com\/fr\/#website","url":"https:\/\/fabyreilly.com\/fr\/","name":"Faby Reilly Designs","description":"Brodez avec style et \u00e9l\u00e9gance","publisher":{"@id":"https:\/\/fabyreilly.com\/fr\/#organization"},"alternateName":"FRD","potentialAction":[{"@type":"SearchAction","target":{"@type":"EntryPoint","urlTemplate":"https:\/\/fabyreilly.com\/fr\/?s={search_term_string}"},"query-input":{"@type":"PropertyValueSpecification","valueRequired":true,"valueName":"search_term_string"}}],"inLanguage":"fr-FR"},{"@type":"Organization","@id":"https:\/\/fabyreilly.com\/fr\/#organization","name":"Faby Reilly Designs","alternateName":"FRD","url":"https:\/\/fabyreilly.com\/fr\/","logo":{"@type":"ImageObject","inLanguage":"fr-FR","@id":"https:\/\/fabyreilly.com\/fr\/#\/schema\/logo\/image\/","url":"https:\/\/i0.wp.com\/fabyreilly.com\/wp-content\/uploads\/2026\/04\/FRD-Tag-Logo.png?fit=600%2C250&ssl=1","contentUrl":"https:\/\/i0.wp.com\/fabyreilly.com\/wp-content\/uploads\/2026\/04\/FRD-Tag-Logo.png?fit=600%2C250&ssl=1","width":600,"height":250,"caption":"Faby Reilly Designs"},"image":{"@id":"https:\/\/fabyreilly.com\/fr\/#\/schema\/logo\/image\/"},"sameAs":["https:\/\/www.facebook.com\/FabyReillyDesigns\/","https:\/\/x.com\/FabyReilly","https:\/\/www.instagram.com\/fabyreillydesigns\/","https:\/\/www.pinterest.fr\/fabyreilly\/"]}]}},"jetpack_publicize_connections":[],"jetpack_likes_enabled":true,"jetpack_sharing_enabled":true,"_links":{"self":[{"href":"https:\/\/fabyreilly.com\/fr\/wp-json\/wp\/v2\/product\/159141","targetHints":{"allow":["GET"]}}],"collection":[{"href":"https:\/\/fabyreilly.com\/fr\/wp-json\/wp\/v2\/product"}],"about":[{"href":"https:\/\/fabyreilly.com\/fr\/wp-json\/wp\/v2\/types\/product"}],"replies":[{"embeddable":true,"href":"https:\/\/fabyreilly.com\/fr\/wp-json\/wp\/v2\/comments?post=159141"}],"wp:featuredmedia":[{"embeddable":true,"href":"https:\/\/fabyreilly.com\/fr\/wp-json\/wp\/v2\/media\/165497"}],"wp:attachment":[{"href":"https:\/\/fabyreilly.com\/fr\/wp-json\/wp\/v2\/media?parent=159141"}],"wp:term":[{"taxonomy":"product_brand","embeddable":true,"href":"https:\/\/fabyreilly.com\/fr\/wp-json\/wp\/v2\/product_brand?post=159141"},{"taxonomy":"product_cat","embeddable":true,"href":"https:\/\/fabyreilly.com\/fr\/wp-json\/wp\/v2\/product_cat?post=159141"},{"taxonomy":"product_tag","embeddable":true,"href":"https:\/\/fabyreilly.com\/fr\/wp-json\/wp\/v2\/product_tag?post=159141"}],"curies":[{"name":"wp","href":"https:\/\/api.w.org\/{rel}","templated":true}]}}