{"id":159062,"date":"2019-08-14T14:49:02","date_gmt":"2019-08-14T12:49:02","guid":{"rendered":"https:\/\/fabyreilly.com\/product\/mandala-reves-dete\/"},"modified":"2024-05-26T15:37:28","modified_gmt":"2024-05-26T13:37:28","slug":"mandala-reves-d-ete","status":"publish","type":"product","link":"https:\/\/fabyreilly.com\/fr\/produit\/mandala-reves-d-ete\/","title":{"rendered":"Mod\u00e8le broderie Mandala R\u00eave d&#8217;\u00c9t\u00e9"},"content":{"rendered":"<p><strong>FORMAT<\/strong>: mod\u00e8le PDF en <strong><span style=\"color: #b1917c;\">T\u00c9L\u00c9CHARGEMENT<\/span><\/strong> (disponible en fran\u00e7ais et en anglais)<\/p>\n<p><strong>TAILLE<\/strong>: 96 x 96 points<\/p>\n<p><strong>DIMENSIONS DE LA SURFACE BROD\u00c9E<\/strong> <span style=\"color: #999999;\">(sur la toile recommand\u00e9e)<\/span>: 15 x 15 cm <span style=\"color: #999999;\">(6&#8243; x 6&#8243;)<\/span><\/p>\n<p><strong>FOURNITURES<\/strong>:<\/p>\n<ul>\n<li>Lin Zweigart 32ct<\/li>\n<li>Fils moulin\u00e9s DMC<\/li>\n<li>Rainbow Gallery Petite Treasure Braid<\/li>\n<li>Perles Mill Hill<\/li>\n<\/ul>\n<p><strong>CONTENU<\/strong>:<\/p>\n<ul>\n<li>la liste d\u00e9taill\u00e9e des <span style=\"color: #b1917c;\"><strong>fournitures<\/strong><\/span> n\u00e9cessaires<\/li>\n<li>la <span style=\"color: #b1917c;\"><strong>l\u00e9gende<\/strong><\/span> &amp; les <span style=\"color: #b1917c;\"><strong>diagrammes<\/strong><\/span><\/li>\n<li>un <span style=\"color: #b1917c;\"><strong>tutoriel des points sp\u00e9ciaux<\/strong><\/span> (perles, point d\u2019\u0153illet rond avec paillette)<\/li>\n<li>un <span style=\"color: #b1917c;\"><strong>tutoriel des finitions<\/strong><\/span> pour monter ce mod\u00e8le sur un tambour \u00e0 broder<\/li>\n<li>+ EN CADEAU : <span style=\"color: #b1917c;\"><strong>pages BONUS exclusives<\/strong><\/span> (dans les deux langues) avec tri-fils imprimable pour ce mod\u00e8le et des versions suppl\u00e9mentaires du diagramme (point de croix uniquement + noir &amp; blanc)<\/li>\n<\/ul>\n<p><strong>AUTRES ID\u00c9ES DE FINITIONS<\/strong>: pourquoi ne pas coudre ce disque brod\u00e9 sur le c\u00f4t\u00e9 d&#8217;un sac, avec une fermeture \u00e0 glissi\u00e8re sur le haut, pour en faire un sac de plage avec une poche ronde \u00e0 la fois jolie et utile?<\/p>\n<p>Vous avez une question ? N&#8217;h\u00e9sitez pas \u00e0 me <strong><a href=\"https:\/\/fabyreilly.com\/info\/contact\/\">contacter<\/a><\/strong>!<\/p>\n","protected":false},"excerpt":{"rendered":"<p>Mod\u00e8le pour broder ce mod\u00e8le estival aux couleurs de bonbons acidul\u00e9s. A pr\u00e9senter sur un tambour \u00e0 broder. Alternative couture: pourquoi ne pas le coudre sur le c\u00f4t\u00e9 d&#8217;un sac, avec une fermeture \u00e0 glissi\u00e8re sur le haut, pour en faire un sac de plage avec une poche ronde \u00e0 la fois jolie et utile?<br \/>\nCe mod\u00e8le est compos\u00e9 de claquettes et d&#8217;accessoires d&#8217;\u00e9t\u00e9 (glaces, ballons, et tranches de past\u00e8que) &#8211; il est rehauss\u00e9 de points sp\u00e9ciaux, de perles, de sequins nacr\u00e9s et de fils m\u00e9talliques.<\/p>\n<p>Ce mod\u00e8le mesure 15 cm de large pour un tabour de 18 cm.<\/p>\n","protected":false},"featured_media":166268,"comment_status":"open","ping_status":"closed","template":"","meta":{"_coblocks_attr":"","_coblocks_dimensions":"","_coblocks_responsive_height":"","_coblocks_accordion_ie_support":"","_crdt_document":"","jetpack_publicize_message":"","jetpack_publicize_feature_enabled":true,"jetpack_social_post_already_shared":true,"jetpack_social_options":{"image_generator_settings":{"template":"highway","default_image_id":0,"font":"","enabled":false},"version":2},"_wpas_customize_per_network":false},"product_brand":[],"product_cat":[650086177],"product_tag":[650086178],"class_list":{"0":"post-159062","1":"product","2":"type-product","3":"status-publish","4":"has-post-thumbnail","6":"product_cat-modeles-printemps-ete","7":"product_tag-intermediaire","8":"pa_collection-collection-mandala","9":"pa_colour-beige","10":"pa_colour-bleu-canard","11":"pa_colour-jaune","12":"pa_colour-rose","13":"pa_embellishments-fils-metalliques","14":"pa_embellishments-paillettes-sequins","15":"pa_embellishments-perles","16":"pa_shape-a-encadrer","17":"pa_shape-tambours","18":"pa_skill-level-intermediaire","19":"pa_special-stitches-perles","20":"pa_special-stitches-point-doeillet-rond","21":"pa_tags-fleurs","22":"pa_tags-plage","23":"pa_tags-sucreries","24":"pa_tags-tri-fils","25":"pa_techniques-point-arriere","26":"pa_techniques-points-speciaux","27":"pa_theme-ete","29":"first","30":"instock","31":"downloadable","32":"virtual","33":"purchasable","34":"product-type-simple"},"yoast_head":"<!-- This site is optimized with the Yoast SEO plugin v27.4 - https:\/\/yoast.com\/product\/yoast-seo-wordpress\/ -->\n<title>Mod\u00e8le broderie Mandala R\u00eave d&#039;\u00c9t\u00e9 - Faby Reilly Designs<\/title>\n<meta name=\"robots\" content=\"index, follow, max-snippet:-1, max-image-preview:large, max-video-preview:-1\" \/>\n<link rel=\"canonical\" href=\"https:\/\/fabyreilly.com\/fr\/produit\/mandala-reves-d-ete\/\" \/>\n<meta property=\"og:locale\" content=\"fr_FR\" \/>\n<meta property=\"og:type\" content=\"article\" \/>\n<meta property=\"og:title\" content=\"Mod\u00e8le broderie Mandala R\u00eave d&#039;\u00c9t\u00e9 - Faby Reilly Designs\" \/>\n<meta property=\"og:description\" content=\"Mod\u00e8le pour broder ce mod\u00e8le estival aux couleurs de bonbons acidul\u00e9s. A pr\u00e9senter sur un tambour \u00e0 broder. Alternative couture: pourquoi ne pas le coudre sur le c\u00f4t\u00e9 d&#039;un sac, avec une fermeture \u00e0 glissi\u00e8re sur le haut, pour en faire un sac de plage avec une poche ronde \u00e0 la fois jolie et utile? Ce mod\u00e8le est compos\u00e9 de claquettes et d&#039;accessoires d&#039;\u00e9t\u00e9 (glaces, ballons, et tranches de past\u00e8que) - il est rehauss\u00e9 de points sp\u00e9ciaux, de perles, de sequins nacr\u00e9s et de fils m\u00e9talliques. Ce mod\u00e8le mesure 15 cm de large pour un tabour de 18 cm.\" \/>\n<meta property=\"og:url\" content=\"https:\/\/fabyreilly.com\/fr\/produit\/mandala-reves-d-ete\/\" \/>\n<meta property=\"og:site_name\" content=\"Faby Reilly Designs\" \/>\n<meta property=\"article:publisher\" content=\"https:\/\/www.facebook.com\/FabyReillyDesigns\/\" \/>\n<meta property=\"article:modified_time\" content=\"2024-05-26T13:37:28+00:00\" \/>\n<meta property=\"og:image\" content=\"https:\/\/i0.wp.com\/fabyreilly.com\/wp-content\/uploads\/2019\/08\/Summer-Dreams-Mandala-FRD-01-min.jpg?fit=1500%2C1500&ssl=1\" \/>\n\t<meta property=\"og:image:width\" content=\"1500\" \/>\n\t<meta property=\"og:image:height\" content=\"1500\" \/>\n\t<meta property=\"og:image:type\" content=\"image\/jpeg\" \/>\n<meta name=\"twitter:card\" content=\"summary_large_image\" \/>\n<meta name=\"twitter:site\" content=\"@FabyReilly\" \/>\n<meta name=\"twitter:label1\" content=\"Dur\u00e9e de lecture estim\u00e9e\" \/>\n\t<meta name=\"twitter:data1\" content=\"1 minute\" \/>\n<script type=\"application\/ld+json\" class=\"yoast-schema-graph\">{\"@context\":\"https:\\\/\\\/schema.org\",\"@graph\":[{\"@type\":\"WebPage\",\"@id\":\"https:\\\/\\\/fabyreilly.com\\\/fr\\\/produit\\\/mandala-reves-d-ete\\\/\",\"url\":\"https:\\\/\\\/fabyreilly.com\\\/fr\\\/produit\\\/mandala-reves-d-ete\\\/\",\"name\":\"Mod\u00e8le broderie Mandala R\u00eave d'\u00c9t\u00e9 - Faby Reilly Designs\",\"isPartOf\":{\"@id\":\"https:\\\/\\\/fabyreilly.com\\\/fr\\\/#website\"},\"primaryImageOfPage\":{\"@id\":\"https:\\\/\\\/fabyreilly.com\\\/fr\\\/produit\\\/mandala-reves-d-ete\\\/#primaryimage\"},\"image\":{\"@id\":\"https:\\\/\\\/fabyreilly.com\\\/fr\\\/produit\\\/mandala-reves-d-ete\\\/#primaryimage\"},\"thumbnailUrl\":\"https:\\\/\\\/i0.wp.com\\\/fabyreilly.com\\\/wp-content\\\/uploads\\\/2019\\\/08\\\/Summer-Dreams-Mandala-01-Faby-Reilly-Designs.jpg?fit=2000%2C2000&ssl=1\",\"datePublished\":\"2019-08-14T12:49:02+00:00\",\"dateModified\":\"2024-05-26T13:37:28+00:00\",\"breadcrumb\":{\"@id\":\"https:\\\/\\\/fabyreilly.com\\\/fr\\\/produit\\\/mandala-reves-d-ete\\\/#breadcrumb\"},\"inLanguage\":\"fr-FR\",\"potentialAction\":[{\"@type\":\"ReadAction\",\"target\":[\"https:\\\/\\\/fabyreilly.com\\\/fr\\\/produit\\\/mandala-reves-d-ete\\\/\"]}]},{\"@type\":\"ImageObject\",\"inLanguage\":\"fr-FR\",\"@id\":\"https:\\\/\\\/fabyreilly.com\\\/fr\\\/produit\\\/mandala-reves-d-ete\\\/#primaryimage\",\"url\":\"https:\\\/\\\/i0.wp.com\\\/fabyreilly.com\\\/wp-content\\\/uploads\\\/2019\\\/08\\\/Summer-Dreams-Mandala-01-Faby-Reilly-Designs.jpg?fit=2000%2C2000&ssl=1\",\"contentUrl\":\"https:\\\/\\\/i0.wp.com\\\/fabyreilly.com\\\/wp-content\\\/uploads\\\/2019\\\/08\\\/Summer-Dreams-Mandala-01-Faby-Reilly-Designs.jpg?fit=2000%2C2000&ssl=1\",\"width\":2000,\"height\":2000,\"caption\":\"Summer Dreams Mandala - Faby Reilly Designs\"},{\"@type\":\"BreadcrumbList\",\"@id\":\"https:\\\/\\\/fabyreilly.com\\\/fr\\\/produit\\\/mandala-reves-d-ete\\\/#breadcrumb\",\"itemListElement\":[{\"@type\":\"ListItem\",\"position\":1,\"name\":\"Accueil\",\"item\":\"https:\\\/\\\/fabyreilly.com\\\/fr\\\/\"},{\"@type\":\"ListItem\",\"position\":2,\"name\":\"Boutique\",\"item\":\"https:\\\/\\\/fabyreilly.com\\\/fr\\\/boutique\\\/\"},{\"@type\":\"ListItem\",\"position\":3,\"name\":\"Mod\u00e8le broderie Mandala R\u00eave d&#8217;\u00c9t\u00e9\"}]},{\"@type\":\"WebSite\",\"@id\":\"https:\\\/\\\/fabyreilly.com\\\/fr\\\/#website\",\"url\":\"https:\\\/\\\/fabyreilly.com\\\/fr\\\/\",\"name\":\"Faby Reilly Designs\",\"description\":\"Brodez avec style et \u00e9l\u00e9gance\",\"publisher\":{\"@id\":\"https:\\\/\\\/fabyreilly.com\\\/fr\\\/#organization\"},\"alternateName\":\"FRD\",\"potentialAction\":[{\"@type\":\"SearchAction\",\"target\":{\"@type\":\"EntryPoint\",\"urlTemplate\":\"https:\\\/\\\/fabyreilly.com\\\/fr\\\/?s={search_term_string}\"},\"query-input\":{\"@type\":\"PropertyValueSpecification\",\"valueRequired\":true,\"valueName\":\"search_term_string\"}}],\"inLanguage\":\"fr-FR\"},{\"@type\":\"Organization\",\"@id\":\"https:\\\/\\\/fabyreilly.com\\\/fr\\\/#organization\",\"name\":\"Faby Reilly Designs\",\"alternateName\":\"FRD\",\"url\":\"https:\\\/\\\/fabyreilly.com\\\/fr\\\/\",\"logo\":{\"@type\":\"ImageObject\",\"inLanguage\":\"fr-FR\",\"@id\":\"https:\\\/\\\/fabyreilly.com\\\/fr\\\/#\\\/schema\\\/logo\\\/image\\\/\",\"url\":\"https:\\\/\\\/i0.wp.com\\\/fabyreilly.com\\\/wp-content\\\/uploads\\\/2026\\\/04\\\/FRD-Tag-Logo.png?fit=600%2C250&ssl=1\",\"contentUrl\":\"https:\\\/\\\/i0.wp.com\\\/fabyreilly.com\\\/wp-content\\\/uploads\\\/2026\\\/04\\\/FRD-Tag-Logo.png?fit=600%2C250&ssl=1\",\"width\":600,\"height\":250,\"caption\":\"Faby Reilly Designs\"},\"image\":{\"@id\":\"https:\\\/\\\/fabyreilly.com\\\/fr\\\/#\\\/schema\\\/logo\\\/image\\\/\"},\"sameAs\":[\"https:\\\/\\\/www.facebook.com\\\/FabyReillyDesigns\\\/\",\"https:\\\/\\\/x.com\\\/FabyReilly\",\"https:\\\/\\\/www.instagram.com\\\/fabyreillydesigns\\\/\",\"https:\\\/\\\/www.pinterest.fr\\\/fabyreilly\\\/\"]}]}<\/script>\n<!-- \/ Yoast SEO plugin. -->","yoast_head_json":{"title":"Mod\u00e8le broderie Mandala R\u00eave d'\u00c9t\u00e9 - Faby Reilly Designs","robots":{"index":"index","follow":"follow","max-snippet":"max-snippet:-1","max-image-preview":"max-image-preview:large","max-video-preview":"max-video-preview:-1"},"canonical":"https:\/\/fabyreilly.com\/fr\/produit\/mandala-reves-d-ete\/","og_locale":"fr_FR","og_type":"article","og_title":"Mod\u00e8le broderie Mandala R\u00eave d'\u00c9t\u00e9 - Faby Reilly Designs","og_description":"Mod\u00e8le pour broder ce mod\u00e8le estival aux couleurs de bonbons acidul\u00e9s. A pr\u00e9senter sur un tambour \u00e0 broder. Alternative couture: pourquoi ne pas le coudre sur le c\u00f4t\u00e9 d'un sac, avec une fermeture \u00e0 glissi\u00e8re sur le haut, pour en faire un sac de plage avec une poche ronde \u00e0 la fois jolie et utile? Ce mod\u00e8le est compos\u00e9 de claquettes et d'accessoires d'\u00e9t\u00e9 (glaces, ballons, et tranches de past\u00e8que) - il est rehauss\u00e9 de points sp\u00e9ciaux, de perles, de sequins nacr\u00e9s et de fils m\u00e9talliques. Ce mod\u00e8le mesure 15 cm de large pour un tabour de 18 cm.","og_url":"https:\/\/fabyreilly.com\/fr\/produit\/mandala-reves-d-ete\/","og_site_name":"Faby Reilly Designs","article_publisher":"https:\/\/www.facebook.com\/FabyReillyDesigns\/","article_modified_time":"2024-05-26T13:37:28+00:00","og_image":[{"width":1500,"height":1500,"url":"https:\/\/i0.wp.com\/fabyreilly.com\/wp-content\/uploads\/2019\/08\/Summer-Dreams-Mandala-FRD-01-min.jpg?fit=1500%2C1500&ssl=1","type":"image\/jpeg"}],"twitter_card":"summary_large_image","twitter_site":"@FabyReilly","twitter_misc":{"Dur\u00e9e de lecture estim\u00e9e":"1 minute"},"schema":{"@context":"https:\/\/schema.org","@graph":[{"@type":"WebPage","@id":"https:\/\/fabyreilly.com\/fr\/produit\/mandala-reves-d-ete\/","url":"https:\/\/fabyreilly.com\/fr\/produit\/mandala-reves-d-ete\/","name":"Mod\u00e8le broderie Mandala R\u00eave d'\u00c9t\u00e9 - Faby Reilly Designs","isPartOf":{"@id":"https:\/\/fabyreilly.com\/fr\/#website"},"primaryImageOfPage":{"@id":"https:\/\/fabyreilly.com\/fr\/produit\/mandala-reves-d-ete\/#primaryimage"},"image":{"@id":"https:\/\/fabyreilly.com\/fr\/produit\/mandala-reves-d-ete\/#primaryimage"},"thumbnailUrl":"https:\/\/i0.wp.com\/fabyreilly.com\/wp-content\/uploads\/2019\/08\/Summer-Dreams-Mandala-01-Faby-Reilly-Designs.jpg?fit=2000%2C2000&ssl=1","datePublished":"2019-08-14T12:49:02+00:00","dateModified":"2024-05-26T13:37:28+00:00","breadcrumb":{"@id":"https:\/\/fabyreilly.com\/fr\/produit\/mandala-reves-d-ete\/#breadcrumb"},"inLanguage":"fr-FR","potentialAction":[{"@type":"ReadAction","target":["https:\/\/fabyreilly.com\/fr\/produit\/mandala-reves-d-ete\/"]}]},{"@type":"ImageObject","inLanguage":"fr-FR","@id":"https:\/\/fabyreilly.com\/fr\/produit\/mandala-reves-d-ete\/#primaryimage","url":"https:\/\/i0.wp.com\/fabyreilly.com\/wp-content\/uploads\/2019\/08\/Summer-Dreams-Mandala-01-Faby-Reilly-Designs.jpg?fit=2000%2C2000&ssl=1","contentUrl":"https:\/\/i0.wp.com\/fabyreilly.com\/wp-content\/uploads\/2019\/08\/Summer-Dreams-Mandala-01-Faby-Reilly-Designs.jpg?fit=2000%2C2000&ssl=1","width":2000,"height":2000,"caption":"Summer Dreams Mandala - Faby Reilly Designs"},{"@type":"BreadcrumbList","@id":"https:\/\/fabyreilly.com\/fr\/produit\/mandala-reves-d-ete\/#breadcrumb","itemListElement":[{"@type":"ListItem","position":1,"name":"Accueil","item":"https:\/\/fabyreilly.com\/fr\/"},{"@type":"ListItem","position":2,"name":"Boutique","item":"https:\/\/fabyreilly.com\/fr\/boutique\/"},{"@type":"ListItem","position":3,"name":"Mod\u00e8le broderie Mandala R\u00eave d&#8217;\u00c9t\u00e9"}]},{"@type":"WebSite","@id":"https:\/\/fabyreilly.com\/fr\/#website","url":"https:\/\/fabyreilly.com\/fr\/","name":"Faby Reilly Designs","description":"Brodez avec style et \u00e9l\u00e9gance","publisher":{"@id":"https:\/\/fabyreilly.com\/fr\/#organization"},"alternateName":"FRD","potentialAction":[{"@type":"SearchAction","target":{"@type":"EntryPoint","urlTemplate":"https:\/\/fabyreilly.com\/fr\/?s={search_term_string}"},"query-input":{"@type":"PropertyValueSpecification","valueRequired":true,"valueName":"search_term_string"}}],"inLanguage":"fr-FR"},{"@type":"Organization","@id":"https:\/\/fabyreilly.com\/fr\/#organization","name":"Faby Reilly Designs","alternateName":"FRD","url":"https:\/\/fabyreilly.com\/fr\/","logo":{"@type":"ImageObject","inLanguage":"fr-FR","@id":"https:\/\/fabyreilly.com\/fr\/#\/schema\/logo\/image\/","url":"https:\/\/i0.wp.com\/fabyreilly.com\/wp-content\/uploads\/2026\/04\/FRD-Tag-Logo.png?fit=600%2C250&ssl=1","contentUrl":"https:\/\/i0.wp.com\/fabyreilly.com\/wp-content\/uploads\/2026\/04\/FRD-Tag-Logo.png?fit=600%2C250&ssl=1","width":600,"height":250,"caption":"Faby Reilly Designs"},"image":{"@id":"https:\/\/fabyreilly.com\/fr\/#\/schema\/logo\/image\/"},"sameAs":["https:\/\/www.facebook.com\/FabyReillyDesigns\/","https:\/\/x.com\/FabyReilly","https:\/\/www.instagram.com\/fabyreillydesigns\/","https:\/\/www.pinterest.fr\/fabyreilly\/"]}]}},"jetpack_publicize_connections":[],"jetpack_likes_enabled":true,"jetpack_sharing_enabled":true,"_links":{"self":[{"href":"https:\/\/fabyreilly.com\/fr\/wp-json\/wp\/v2\/product\/159062","targetHints":{"allow":["GET"]}}],"collection":[{"href":"https:\/\/fabyreilly.com\/fr\/wp-json\/wp\/v2\/product"}],"about":[{"href":"https:\/\/fabyreilly.com\/fr\/wp-json\/wp\/v2\/types\/product"}],"replies":[{"embeddable":true,"href":"https:\/\/fabyreilly.com\/fr\/wp-json\/wp\/v2\/comments?post=159062"}],"wp:featuredmedia":[{"embeddable":true,"href":"https:\/\/fabyreilly.com\/fr\/wp-json\/wp\/v2\/media\/166268"}],"wp:attachment":[{"href":"https:\/\/fabyreilly.com\/fr\/wp-json\/wp\/v2\/media?parent=159062"}],"wp:term":[{"taxonomy":"product_brand","embeddable":true,"href":"https:\/\/fabyreilly.com\/fr\/wp-json\/wp\/v2\/product_brand?post=159062"},{"taxonomy":"product_cat","embeddable":true,"href":"https:\/\/fabyreilly.com\/fr\/wp-json\/wp\/v2\/product_cat?post=159062"},{"taxonomy":"product_tag","embeddable":true,"href":"https:\/\/fabyreilly.com\/fr\/wp-json\/wp\/v2\/product_tag?post=159062"}],"curies":[{"name":"wp","href":"https:\/\/api.w.org\/{rel}","templated":true}]}}