{"id":159057,"date":"2019-12-09T13:20:51","date_gmt":"2019-12-09T12:20:51","guid":{"rendered":"https:\/\/fabyreilly.com\/product\/boite-zoe\/"},"modified":"2026-02-06T16:33:12","modified_gmt":"2026-02-06T15:33:12","slug":"zoe-box","status":"publish","type":"product","link":"https:\/\/fabyreilly.com\/fr\/produit\/zoe-box\/","title":{"rendered":"Bo\u00eete Zo\u00e9"},"content":{"rendered":"<p><strong>FORMAT<\/strong>: mod\u00e8le PDF en <strong><span style=\"color: #b1917c;\">T\u00c9L\u00c9CHARGEMENT<\/span><\/strong> (disponible en fran\u00e7ais et en anglais)<\/p>\n<p><strong>TAILLE<\/strong>: 216 x 324 points (en plusieurs parties: 200 x 140 points, 216 x 44 points, 108 x 54 points, 100 x 50 points et 2 lots de 26 x 26 points)<\/p>\n<p><strong>DIMENSIONS DE LA SURFACE BROD\u00c9E<\/strong> <span style=\"color: #999999;\">(sur la toile recommand\u00e9e)<\/span>: 34 x 51 cm <span style=\"color: #999999;\">(13.5&#8243; x 20&#8243;)<\/span><\/p>\n<p><strong>FOURNITURES<\/strong>:<\/p>\n<ul>\n<li>Lin Zweigart 32ct<\/li>\n<li>Fils moulin\u00e9s DMC<\/li>\n<li>Rainbow Gallery Petite Treasure Braid<\/li>\n<li>Perles Mill Hill<\/li>\n<\/ul>\n<p><strong>CONTENU<\/strong>:<\/p>\n<ul>\n<li>la liste d\u00e9taill\u00e9e des <span style=\"color: #b1917c;\"><strong>fournitures n\u00e9cessaires<\/strong><\/span><\/li>\n<li>la <span style=\"color: #b1917c;\"><strong>l\u00e9gende<\/strong><\/span> pour les symboles utilis\u00e9s<\/li>\n<li>un <span style=\"color: #b1917c;\"><strong>tutoriel des points sp\u00e9ciaux<\/strong><\/span> (perles, point de n\u0153ud, point de riz, point d\u2019\u0153illet rond avec paillette, point d\u2019araign\u00e9e, point de croix allong\u00e9 avec piq\u00fbre)<\/li>\n<li>les <span style=\"color: #b1917c;\"><strong>diagrammes <\/strong><\/span>en couleur<\/li>\n<li>un <span style=\"color: #b1917c;\"><strong>tutoriel des finitions<\/strong><\/span> pour assembler ce projet<\/li>\n<li>+ EN CADEAU: <span style=\"color: #b1917c;\"><strong>pages BONUS exclusives<\/strong><\/span> (dans les 2 langues) avec le <span style=\"color: #b1917c;\"><strong>tri-fils \u00e0 imprimer<\/strong><\/span> et des <span style=\"color: #b1917c;\"><strong>versions suppl\u00e9mentaires du diagramme<\/strong><\/span> (point de croix uniquement + noir &amp; blanc avec tous les points)<\/li>\n<\/ul>\n<p>&nbsp;<\/p>\n<p>Pour <span style=\"color: #b1918c;\"><strong>davantage de photos<\/strong><\/span> ou pour voir <span style=\"color: #b1918c;\"><strong>les r\u00e9alisations d\u2019autres brodeurs\/brodeuses<\/strong><\/span>, voir la <strong><a href=\"https:\/\/www.pinterest.co.uk\/fabyreilly\/zoe-gallery\/\" target=\"_blank\" rel=\"noopener\">Galerie Zo\u00e9<\/a><\/strong>.<\/p>\n<p>Vous avez une question ? N&#8217;h\u00e9sitez pas \u00e0 <strong><a href=\"https:\/\/fabyreilly.com\/fr\/info\/contact\/\">me contacter<\/a><\/strong>!<\/p>\n","protected":false},"excerpt":{"rendered":"<p>Mod\u00e8le PDF pour broder et r\u00e9aliser cette magnifique bo\u00eete.<br \/>\nCe mod\u00e8le repr\u00e9sente un arbre de vie qui grandit au fil des quatre saisons, avec une adorable petite cr\u00e9ature symbolisant chaque saison sur chacun des c\u00f4t\u00e9s. Il est rehauss\u00e9 de points sp\u00e9ciaux ainsi que de perles, sequins et fil argent\u00e9. Une petite bo\u00eete pr\u00e9cieuse, cousue \u00e0 l&#8217;int\u00e9rieur comme \u00e0 l&#8217;ext\u00e9rieur.<br \/>\nUne fois assembl\u00e9e, elle mesure environ 10 cm de large et 14 cm de haut. <span style=\"color: #999999;\">(environ 4 po x 5,5 po)<\/span><\/p>\n","protected":false},"featured_media":164752,"comment_status":"open","ping_status":"closed","template":"","meta":{"_coblocks_attr":"","_coblocks_dimensions":"","_coblocks_responsive_height":"","_coblocks_accordion_ie_support":"","_crdt_document":"","jetpack_post_was_ever_published":false,"jetpack_publicize_message":"","jetpack_publicize_feature_enabled":true,"jetpack_social_post_already_shared":true,"jetpack_social_options":{"image_generator_settings":{"template":"highway","default_image_id":0,"font":"","enabled":false},"version":2},"_wpas_customize_per_network":false},"product_brand":[],"product_cat":[650086186,650086449,650086177],"product_tag":[650086185],"class_list":{"0":"post-159057","1":"product","2":"type-product","3":"status-publish","4":"has-post-thumbnail","6":"product_cat-modeles-automne-hiver","7":"product_cat-modeles-avec-animaux","8":"product_cat-modeles-printemps-ete","9":"product_tag-avance","10":"pa_collection-collection-zoe","11":"pa_colour-orange-fr","12":"pa_colour-rose","13":"pa_colour-vert","14":"pa_embellishments-fils-metalliques","15":"pa_embellishments-paillettes-sequins","16":"pa_embellishments-perles","17":"pa_shape-boites","18":"pa_skill-level-avance","19":"pa_special-stitches-perles","20":"pa_special-stitches-point-daraignee-surjete","21":"pa_special-stitches-point-doeillet-rond","22":"pa_special-stitches-point-daraignee","23":"pa_special-stitches-point-de-croix-allonge-avec-piqure","24":"pa_special-stitches-point-de-noeud-point-colonial","25":"pa_special-stitches-point-de-riz","26":"pa_tags-arbres","27":"pa_tags-ecureuils","28":"pa_tags-coccinelles","29":"pa_tags-feuilles","30":"pa_tags-fleurs","31":"pa_tags-grands-modeles","32":"pa_tags-oiseaux","33":"pa_tags-papillons","34":"pa_tags-tri-fils","35":"pa_techniques-point-arriere","36":"pa_techniques-point-arriere-en-6-brins","37":"pa_techniques-points-speciaux","38":"pa_theme-automne","39":"pa_theme-ete","40":"pa_theme-hiver","41":"pa_theme-insectes-creatures-animaux","42":"pa_theme-printemps","44":"first","45":"instock","46":"downloadable","47":"virtual","48":"sold-individually","49":"purchasable","50":"product-type-simple"},"yoast_head":"<!-- This site is optimized with the Yoast SEO plugin v27.3 - https:\/\/yoast.com\/product\/yoast-seo-wordpress\/ -->\n<title>Bo\u00eete Zo\u00e9 - Faby Reilly Designs<\/title>\n<meta name=\"robots\" content=\"index, follow, max-snippet:-1, max-image-preview:large, max-video-preview:-1\" \/>\n<link rel=\"canonical\" href=\"https:\/\/fabyreilly.com\/fr\/produit\/zoe-box\/\" \/>\n<meta property=\"og:locale\" content=\"fr_FR\" \/>\n<meta property=\"og:type\" content=\"article\" \/>\n<meta property=\"og:title\" content=\"Bo\u00eete Zo\u00e9 - Faby Reilly Designs\" \/>\n<meta property=\"og:description\" content=\"Mod\u00e8le PDF pour broder et r\u00e9aliser cette magnifique bo\u00eete. Ce mod\u00e8le repr\u00e9sente un arbre de vie qui grandit au fil des quatre saisons, avec une adorable petite cr\u00e9ature symbolisant chaque saison sur chacun des c\u00f4t\u00e9s. Il est rehauss\u00e9 de points sp\u00e9ciaux ainsi que de perles, sequins et fil argent\u00e9. Une petite bo\u00eete pr\u00e9cieuse, cousue \u00e0 l&#039;int\u00e9rieur comme \u00e0 l&#039;ext\u00e9rieur. Une fois assembl\u00e9e, elle mesure environ 10 cm de large et 14 cm de haut. (environ 4 po x 5,5 po)\" \/>\n<meta property=\"og:url\" content=\"https:\/\/fabyreilly.com\/fr\/produit\/zoe-box\/\" \/>\n<meta property=\"og:site_name\" content=\"Faby Reilly Designs\" \/>\n<meta property=\"article:publisher\" content=\"https:\/\/www.facebook.com\/FabyReillyDesigns\/\" \/>\n<meta property=\"article:modified_time\" content=\"2026-02-06T15:33:12+00:00\" \/>\n<meta property=\"og:image\" content=\"https:\/\/i0.wp.com\/fabyreilly.com\/wp-content\/uploads\/2019\/12\/Zoe-Box-01-Faby-Reilly-Designs.jpg?fit=2000%2C2000&ssl=1\" \/>\n\t<meta property=\"og:image:width\" content=\"2000\" \/>\n\t<meta property=\"og:image:height\" content=\"2000\" \/>\n\t<meta property=\"og:image:type\" content=\"image\/jpeg\" \/>\n<meta name=\"twitter:card\" content=\"summary_large_image\" \/>\n<meta name=\"twitter:site\" content=\"@FabyReilly\" \/>\n<meta name=\"twitter:label1\" content=\"Dur\u00e9e de lecture estim\u00e9e\" \/>\n\t<meta name=\"twitter:data1\" content=\"1 minute\" \/>\n<script type=\"application\/ld+json\" class=\"yoast-schema-graph\">{\"@context\":\"https:\\\/\\\/schema.org\",\"@graph\":[{\"@type\":\"WebPage\",\"@id\":\"https:\\\/\\\/fabyreilly.com\\\/fr\\\/produit\\\/zoe-box\\\/\",\"url\":\"https:\\\/\\\/fabyreilly.com\\\/fr\\\/produit\\\/zoe-box\\\/\",\"name\":\"Bo\u00eete Zo\u00e9 - Faby Reilly Designs\",\"isPartOf\":{\"@id\":\"https:\\\/\\\/fabyreilly.com\\\/fr\\\/#website\"},\"primaryImageOfPage\":{\"@id\":\"https:\\\/\\\/fabyreilly.com\\\/fr\\\/produit\\\/zoe-box\\\/#primaryimage\"},\"image\":{\"@id\":\"https:\\\/\\\/fabyreilly.com\\\/fr\\\/produit\\\/zoe-box\\\/#primaryimage\"},\"thumbnailUrl\":\"https:\\\/\\\/i0.wp.com\\\/fabyreilly.com\\\/wp-content\\\/uploads\\\/2019\\\/12\\\/Zoe-Box-01-Faby-Reilly-Designs.jpg?fit=2000%2C2000&ssl=1\",\"datePublished\":\"2019-12-09T12:20:51+00:00\",\"dateModified\":\"2026-02-06T15:33:12+00:00\",\"breadcrumb\":{\"@id\":\"https:\\\/\\\/fabyreilly.com\\\/fr\\\/produit\\\/zoe-box\\\/#breadcrumb\"},\"inLanguage\":\"fr-FR\",\"potentialAction\":[{\"@type\":\"ReadAction\",\"target\":[\"https:\\\/\\\/fabyreilly.com\\\/fr\\\/produit\\\/zoe-box\\\/\"]}]},{\"@type\":\"ImageObject\",\"inLanguage\":\"fr-FR\",\"@id\":\"https:\\\/\\\/fabyreilly.com\\\/fr\\\/produit\\\/zoe-box\\\/#primaryimage\",\"url\":\"https:\\\/\\\/i0.wp.com\\\/fabyreilly.com\\\/wp-content\\\/uploads\\\/2019\\\/12\\\/Zoe-Box-01-Faby-Reilly-Designs.jpg?fit=2000%2C2000&ssl=1\",\"contentUrl\":\"https:\\\/\\\/i0.wp.com\\\/fabyreilly.com\\\/wp-content\\\/uploads\\\/2019\\\/12\\\/Zoe-Box-01-Faby-Reilly-Designs.jpg?fit=2000%2C2000&ssl=1\",\"width\":2000,\"height\":2000,\"caption\":\"Mod\u00e8le brod\u00e9 de la Bo\u00eete Zo\u00e9 de Faby Reilly Designs\"},{\"@type\":\"BreadcrumbList\",\"@id\":\"https:\\\/\\\/fabyreilly.com\\\/fr\\\/produit\\\/zoe-box\\\/#breadcrumb\",\"itemListElement\":[{\"@type\":\"ListItem\",\"position\":1,\"name\":\"Accueil\",\"item\":\"https:\\\/\\\/fabyreilly.com\\\/fr\\\/\"},{\"@type\":\"ListItem\",\"position\":2,\"name\":\"Boutique\",\"item\":\"https:\\\/\\\/fabyreilly.com\\\/fr\\\/boutique\\\/\"},{\"@type\":\"ListItem\",\"position\":3,\"name\":\"Bo\u00eete Zo\u00e9\"}]},{\"@type\":\"WebSite\",\"@id\":\"https:\\\/\\\/fabyreilly.com\\\/fr\\\/#website\",\"url\":\"https:\\\/\\\/fabyreilly.com\\\/fr\\\/\",\"name\":\"Faby Reilly Designs\",\"description\":\"Brodez avec style et \u00e9l\u00e9gance\",\"publisher\":{\"@id\":\"https:\\\/\\\/fabyreilly.com\\\/fr\\\/#organization\"},\"alternateName\":\"FRD\",\"potentialAction\":[{\"@type\":\"SearchAction\",\"target\":{\"@type\":\"EntryPoint\",\"urlTemplate\":\"https:\\\/\\\/fabyreilly.com\\\/fr\\\/?s={search_term_string}\"},\"query-input\":{\"@type\":\"PropertyValueSpecification\",\"valueRequired\":true,\"valueName\":\"search_term_string\"}}],\"inLanguage\":\"fr-FR\"},{\"@type\":\"Organization\",\"@id\":\"https:\\\/\\\/fabyreilly.com\\\/fr\\\/#organization\",\"name\":\"Faby Reilly Designs\",\"alternateName\":\"FRD\",\"url\":\"https:\\\/\\\/fabyreilly.com\\\/fr\\\/\",\"logo\":{\"@type\":\"ImageObject\",\"inLanguage\":\"fr-FR\",\"@id\":\"https:\\\/\\\/fabyreilly.com\\\/fr\\\/#\\\/schema\\\/logo\\\/image\\\/\",\"url\":\"https:\\\/\\\/i0.wp.com\\\/fabyreilly.com\\\/wp-content\\\/uploads\\\/2026\\\/04\\\/FRD-Tag-Logo.png?fit=600%2C250&ssl=1\",\"contentUrl\":\"https:\\\/\\\/i0.wp.com\\\/fabyreilly.com\\\/wp-content\\\/uploads\\\/2026\\\/04\\\/FRD-Tag-Logo.png?fit=600%2C250&ssl=1\",\"width\":600,\"height\":250,\"caption\":\"Faby Reilly Designs\"},\"image\":{\"@id\":\"https:\\\/\\\/fabyreilly.com\\\/fr\\\/#\\\/schema\\\/logo\\\/image\\\/\"},\"sameAs\":[\"https:\\\/\\\/www.facebook.com\\\/FabyReillyDesigns\\\/\",\"https:\\\/\\\/x.com\\\/FabyReilly\",\"https:\\\/\\\/www.instagram.com\\\/fabyreillydesigns\\\/\",\"https:\\\/\\\/www.pinterest.fr\\\/fabyreilly\\\/\"]}]}<\/script>\n<!-- \/ Yoast SEO plugin. -->","yoast_head_json":{"title":"Bo\u00eete Zo\u00e9 - Faby Reilly Designs","robots":{"index":"index","follow":"follow","max-snippet":"max-snippet:-1","max-image-preview":"max-image-preview:large","max-video-preview":"max-video-preview:-1"},"canonical":"https:\/\/fabyreilly.com\/fr\/produit\/zoe-box\/","og_locale":"fr_FR","og_type":"article","og_title":"Bo\u00eete Zo\u00e9 - Faby Reilly Designs","og_description":"Mod\u00e8le PDF pour broder et r\u00e9aliser cette magnifique bo\u00eete. Ce mod\u00e8le repr\u00e9sente un arbre de vie qui grandit au fil des quatre saisons, avec une adorable petite cr\u00e9ature symbolisant chaque saison sur chacun des c\u00f4t\u00e9s. Il est rehauss\u00e9 de points sp\u00e9ciaux ainsi que de perles, sequins et fil argent\u00e9. Une petite bo\u00eete pr\u00e9cieuse, cousue \u00e0 l'int\u00e9rieur comme \u00e0 l'ext\u00e9rieur. Une fois assembl\u00e9e, elle mesure environ 10 cm de large et 14 cm de haut. (environ 4 po x 5,5 po)","og_url":"https:\/\/fabyreilly.com\/fr\/produit\/zoe-box\/","og_site_name":"Faby Reilly Designs","article_publisher":"https:\/\/www.facebook.com\/FabyReillyDesigns\/","article_modified_time":"2026-02-06T15:33:12+00:00","og_image":[{"width":2000,"height":2000,"url":"https:\/\/i0.wp.com\/fabyreilly.com\/wp-content\/uploads\/2019\/12\/Zoe-Box-01-Faby-Reilly-Designs.jpg?fit=2000%2C2000&ssl=1","type":"image\/jpeg"}],"twitter_card":"summary_large_image","twitter_site":"@FabyReilly","twitter_misc":{"Dur\u00e9e de lecture estim\u00e9e":"1 minute"},"schema":{"@context":"https:\/\/schema.org","@graph":[{"@type":"WebPage","@id":"https:\/\/fabyreilly.com\/fr\/produit\/zoe-box\/","url":"https:\/\/fabyreilly.com\/fr\/produit\/zoe-box\/","name":"Bo\u00eete Zo\u00e9 - Faby Reilly Designs","isPartOf":{"@id":"https:\/\/fabyreilly.com\/fr\/#website"},"primaryImageOfPage":{"@id":"https:\/\/fabyreilly.com\/fr\/produit\/zoe-box\/#primaryimage"},"image":{"@id":"https:\/\/fabyreilly.com\/fr\/produit\/zoe-box\/#primaryimage"},"thumbnailUrl":"https:\/\/i0.wp.com\/fabyreilly.com\/wp-content\/uploads\/2019\/12\/Zoe-Box-01-Faby-Reilly-Designs.jpg?fit=2000%2C2000&ssl=1","datePublished":"2019-12-09T12:20:51+00:00","dateModified":"2026-02-06T15:33:12+00:00","breadcrumb":{"@id":"https:\/\/fabyreilly.com\/fr\/produit\/zoe-box\/#breadcrumb"},"inLanguage":"fr-FR","potentialAction":[{"@type":"ReadAction","target":["https:\/\/fabyreilly.com\/fr\/produit\/zoe-box\/"]}]},{"@type":"ImageObject","inLanguage":"fr-FR","@id":"https:\/\/fabyreilly.com\/fr\/produit\/zoe-box\/#primaryimage","url":"https:\/\/i0.wp.com\/fabyreilly.com\/wp-content\/uploads\/2019\/12\/Zoe-Box-01-Faby-Reilly-Designs.jpg?fit=2000%2C2000&ssl=1","contentUrl":"https:\/\/i0.wp.com\/fabyreilly.com\/wp-content\/uploads\/2019\/12\/Zoe-Box-01-Faby-Reilly-Designs.jpg?fit=2000%2C2000&ssl=1","width":2000,"height":2000,"caption":"Mod\u00e8le brod\u00e9 de la Bo\u00eete Zo\u00e9 de Faby Reilly Designs"},{"@type":"BreadcrumbList","@id":"https:\/\/fabyreilly.com\/fr\/produit\/zoe-box\/#breadcrumb","itemListElement":[{"@type":"ListItem","position":1,"name":"Accueil","item":"https:\/\/fabyreilly.com\/fr\/"},{"@type":"ListItem","position":2,"name":"Boutique","item":"https:\/\/fabyreilly.com\/fr\/boutique\/"},{"@type":"ListItem","position":3,"name":"Bo\u00eete Zo\u00e9"}]},{"@type":"WebSite","@id":"https:\/\/fabyreilly.com\/fr\/#website","url":"https:\/\/fabyreilly.com\/fr\/","name":"Faby Reilly Designs","description":"Brodez avec style et \u00e9l\u00e9gance","publisher":{"@id":"https:\/\/fabyreilly.com\/fr\/#organization"},"alternateName":"FRD","potentialAction":[{"@type":"SearchAction","target":{"@type":"EntryPoint","urlTemplate":"https:\/\/fabyreilly.com\/fr\/?s={search_term_string}"},"query-input":{"@type":"PropertyValueSpecification","valueRequired":true,"valueName":"search_term_string"}}],"inLanguage":"fr-FR"},{"@type":"Organization","@id":"https:\/\/fabyreilly.com\/fr\/#organization","name":"Faby Reilly Designs","alternateName":"FRD","url":"https:\/\/fabyreilly.com\/fr\/","logo":{"@type":"ImageObject","inLanguage":"fr-FR","@id":"https:\/\/fabyreilly.com\/fr\/#\/schema\/logo\/image\/","url":"https:\/\/i0.wp.com\/fabyreilly.com\/wp-content\/uploads\/2026\/04\/FRD-Tag-Logo.png?fit=600%2C250&ssl=1","contentUrl":"https:\/\/i0.wp.com\/fabyreilly.com\/wp-content\/uploads\/2026\/04\/FRD-Tag-Logo.png?fit=600%2C250&ssl=1","width":600,"height":250,"caption":"Faby Reilly Designs"},"image":{"@id":"https:\/\/fabyreilly.com\/fr\/#\/schema\/logo\/image\/"},"sameAs":["https:\/\/www.facebook.com\/FabyReillyDesigns\/","https:\/\/x.com\/FabyReilly","https:\/\/www.instagram.com\/fabyreillydesigns\/","https:\/\/www.pinterest.fr\/fabyreilly\/"]}]}},"jetpack_publicize_connections":[],"jetpack_likes_enabled":true,"jetpack_sharing_enabled":true,"_links":{"self":[{"href":"https:\/\/fabyreilly.com\/fr\/wp-json\/wp\/v2\/product\/159057","targetHints":{"allow":["GET"]}}],"collection":[{"href":"https:\/\/fabyreilly.com\/fr\/wp-json\/wp\/v2\/product"}],"about":[{"href":"https:\/\/fabyreilly.com\/fr\/wp-json\/wp\/v2\/types\/product"}],"replies":[{"embeddable":true,"href":"https:\/\/fabyreilly.com\/fr\/wp-json\/wp\/v2\/comments?post=159057"}],"wp:featuredmedia":[{"embeddable":true,"href":"https:\/\/fabyreilly.com\/fr\/wp-json\/wp\/v2\/media\/164752"}],"wp:attachment":[{"href":"https:\/\/fabyreilly.com\/fr\/wp-json\/wp\/v2\/media?parent=159057"}],"wp:term":[{"taxonomy":"product_brand","embeddable":true,"href":"https:\/\/fabyreilly.com\/fr\/wp-json\/wp\/v2\/product_brand?post=159057"},{"taxonomy":"product_cat","embeddable":true,"href":"https:\/\/fabyreilly.com\/fr\/wp-json\/wp\/v2\/product_cat?post=159057"},{"taxonomy":"product_tag","embeddable":true,"href":"https:\/\/fabyreilly.com\/fr\/wp-json\/wp\/v2\/product_tag?post=159057"}],"curies":[{"name":"wp","href":"https:\/\/api.w.org\/{rel}","templated":true}]}}