{"id":158371,"date":"2020-09-02T12:53:08","date_gmt":"2020-09-02T10:53:08","guid":{"rendered":"https:\/\/fabyreilly.com\/product\/bottes-et-parapluies\/"},"modified":"2024-06-16T18:19:44","modified_gmt":"2024-06-16T16:19:44","slug":"bottes-et-parapluies","status":"publish","type":"product","link":"https:\/\/fabyreilly.com\/fr\/produit\/bottes-et-parapluies\/","title":{"rendered":"Bottes et Parapluies"},"content":{"rendered":"<p><strong>FORMAT<\/strong>: mod\u00e8le PDF en <strong><span style=\"color: #b1917c;\">T\u00c9L\u00c9CHARGEMENT<\/span><\/strong> (disponible en fran\u00e7ais et en anglais)<\/p>\n<p><strong>NIVEAU<\/strong>: <span style=\"color: #b1918c;\"><strong><span style=\"color: #b1918c;\">Avanc\u00e9<\/span><\/strong><\/span> <\/p>\n<p><strong>TAILLE<\/strong>: 90 x 40 points<\/p>\n<p><strong>DIMENSIONS DE LA SURFACE BROD\u00c9E<\/strong> <span style=\"color: #999999;\">(sur la toile recommand\u00e9e)<\/span>: 16 x 7 cm <span style=\"color: #999999;\">(6&#8243; x 3&#8243;)<\/span><\/p>\n<p><strong>FOURNITURES<\/strong>:<\/p>\n<ul>\n<li>Lin Zweigart 28ct (11,2 fils)<\/li>\n<li>Fils moulin\u00e9s DMC<\/li>\n<li>Perles Mill Hill<\/li>\n<\/ul>\n<p><strong>CONTENU<\/strong>: (8 pages)<\/p>\n<ul>\n<li>la liste d\u00e9taill\u00e9e des <span style=\"color: #b1917c;\"><strong>fournitures<\/strong><\/span> n\u00e9cessaires<\/li>\n<li>la <span style=\"color: #b1917c;\"><strong>l\u00e9gende<\/strong><\/span> pour les symboles utilis\u00e9s<\/li>\n<li>un <span style=\"color: #b1917c;\"><strong>tutoriel masterclass<\/strong><\/span> pour le point d&#8217;araign\u00e9e<\/li>\n<li>un <span style=\"color: #b1917c;\"><strong>tri-fils imprimable<\/strong><\/span> pour ce mod\u00e8le<\/li>\n<li>des diagrammes en <span style=\"color: #b1917c;\"><strong>couleur<\/strong><\/span>(vue d\u2019ensemble \/ point de croix seul \/ tous les points)<\/li>\n<li>un diagramme <span style=\"color: #b1917c;\"><strong>hybride<\/strong><\/span> (point de croix noir et blanc avec point arri\u00e8re et points sp\u00e9ciaux en couleur)<\/li>\n<\/ul>\n<p>Pour <span style=\"color: #b1918c;\"><strong>davantage de photos<\/strong><\/span> ou pour voir <span style=\"color: #b1918c;\"><strong>les r\u00e9alisations d&#8217;autres brodeurs\/brodeuses<\/strong><\/span>, voir la <a href=\"https:\/\/www.pinterest.co.uk\/fabyreilly\/quick-challenge-gallery\/\" target=\"_blank\" rel=\"noopener noreferrer\"><strong>Galerie Quick Challenge<\/strong><\/a>.<\/p>\n<p>Vous avez une question ? N&#8217;h\u00e9sitez pas \u00e0 me <strong><a href=\"https:\/\/fabyreilly.com\/info\/contact\/\">contacter<\/a><\/strong>!<\/p>\n","protected":false},"excerpt":{"rendered":"<p><strong>\u201cQUICK CHALLENGE\u201d<\/strong> \u2022 <strong>Mod\u00e8le PDF<\/strong> pour apprendre \u00e0 broder le <a href=\"https:\/\/fabyreilly.com\/2019\/12\/15\/spiderweb-stitch\/\" target=\"_blank\" rel=\"noopener noreferrer\"><strong>point d&#8217;araign\u00e9e<\/strong><\/a>.<\/p>\n<p>Ce mod\u00e8le pr\u00e9sente des bottes servant de pots \u00e0 de jolie roses ainsi qu&#8217;une grenouille coquine s&#8217;abritant sous un parapluie des plus color\u00e9s, par un jour de pluie printani\u00e8re.<\/p>\n<p>Il est d\u00e9licatement rehauss\u00e9 de perles et de points sp\u00e9ciaux.<\/p>\n<p>Pour plus de d\u00e9tails, voir l&#8217;onglet <strong>Description<\/strong> ci-dessous.<\/p>\n","protected":false},"featured_media":167165,"comment_status":"open","ping_status":"closed","template":"","meta":{"_coblocks_attr":"","_coblocks_dimensions":"","_coblocks_responsive_height":"","_coblocks_accordion_ie_support":"","_crdt_document":"","jetpack_post_was_ever_published":false,"jetpack_publicize_message":"","jetpack_publicize_feature_enabled":true,"jetpack_social_post_already_shared":true,"jetpack_social_options":{"image_generator_settings":{"template":"highway","default_image_id":0,"font":"","enabled":false},"version":2},"_wpas_customize_per_network":false},"product_brand":[],"product_cat":[650086449,650086190,650086177],"product_tag":[650086185],"class_list":{"0":"post-158371","1":"product","2":"type-product","3":"status-publish","4":"has-post-thumbnail","6":"product_cat-modeles-avec-animaux","7":"product_cat-quick-challenge-fr","8":"product_cat-modeles-printemps-ete","9":"product_tag-avance","10":"pa_collection-quick-challenge-fr","11":"pa_colour-bleu","12":"pa_colour-jaune","13":"pa_colour-rose","14":"pa_colour-vert","15":"pa_embellishments-perles","16":"pa_shape-a-encadrer","17":"pa_shape-cartes","18":"pa_skill-level-avance","19":"pa_special-stitches-point-daraignee","20":"pa_special-stitches-points-fractionnels","21":"pa_tags-animaux","22":"pa_tags-fleurs","23":"pa_tags-grenouilles","24":"pa_tags-petits-modeles","25":"pa_tags-tri-fils","26":"pa_techniques-point-arriere","27":"pa_techniques-points-speciaux","28":"pa_theme-printemps","30":"first","31":"instock","32":"downloadable","33":"virtual","34":"sold-individually","35":"purchasable","36":"product-type-simple"},"yoast_head":"<!-- This site is optimized with the Yoast SEO plugin v27.3 - https:\/\/yoast.com\/product\/yoast-seo-wordpress\/ -->\n<title>Bottes et Parapluies - Faby Reilly Designs<\/title>\n<meta name=\"robots\" content=\"index, follow, max-snippet:-1, max-image-preview:large, max-video-preview:-1\" \/>\n<link rel=\"canonical\" href=\"https:\/\/fabyreilly.com\/fr\/produit\/bottes-et-parapluies\/\" \/>\n<meta property=\"og:locale\" content=\"fr_FR\" \/>\n<meta property=\"og:type\" content=\"article\" \/>\n<meta property=\"og:title\" content=\"Bottes et Parapluies - Faby Reilly Designs\" \/>\n<meta property=\"og:description\" content=\"\u201cQUICK CHALLENGE\u201d \u2022 Mod\u00e8le PDF pour apprendre \u00e0 broder le point d&#039;araign\u00e9e. Ce mod\u00e8le pr\u00e9sente des bottes servant de pots \u00e0 de jolie roses ainsi qu&#039;une grenouille coquine s&#039;abritant sous un parapluie des plus color\u00e9s, par un jour de pluie printani\u00e8re. Il est d\u00e9licatement rehauss\u00e9 de perles et de points sp\u00e9ciaux. Pour plus de d\u00e9tails, voir l&#039;onglet Description ci-dessous.\" \/>\n<meta property=\"og:url\" content=\"https:\/\/fabyreilly.com\/fr\/produit\/bottes-et-parapluies\/\" \/>\n<meta property=\"og:site_name\" content=\"Faby Reilly Designs\" \/>\n<meta property=\"article:publisher\" content=\"https:\/\/www.facebook.com\/FabyReillyDesigns\/\" \/>\n<meta property=\"article:modified_time\" content=\"2024-06-16T16:19:44+00:00\" \/>\n<meta property=\"og:image\" content=\"https:\/\/i0.wp.com\/fabyreilly.com\/wp-content\/uploads\/2020\/09\/Brollies-and-Wellies-Product-Photo-01-Faby-Reilly-Designs-1.jpg?fit=2000%2C2000&ssl=1\" \/>\n\t<meta property=\"og:image:width\" content=\"2000\" \/>\n\t<meta property=\"og:image:height\" content=\"2000\" \/>\n\t<meta property=\"og:image:type\" content=\"image\/jpeg\" \/>\n<meta name=\"twitter:card\" content=\"summary_large_image\" \/>\n<meta name=\"twitter:site\" content=\"@FabyReilly\" \/>\n<meta name=\"twitter:label1\" content=\"Dur\u00e9e de lecture estim\u00e9e\" \/>\n\t<meta name=\"twitter:data1\" content=\"1 minute\" \/>\n<script type=\"application\/ld+json\" class=\"yoast-schema-graph\">{\"@context\":\"https:\\\/\\\/schema.org\",\"@graph\":[{\"@type\":\"WebPage\",\"@id\":\"https:\\\/\\\/fabyreilly.com\\\/fr\\\/produit\\\/bottes-et-parapluies\\\/\",\"url\":\"https:\\\/\\\/fabyreilly.com\\\/fr\\\/produit\\\/bottes-et-parapluies\\\/\",\"name\":\"Bottes et Parapluies - Faby Reilly Designs\",\"isPartOf\":{\"@id\":\"https:\\\/\\\/fabyreilly.com\\\/fr\\\/#website\"},\"primaryImageOfPage\":{\"@id\":\"https:\\\/\\\/fabyreilly.com\\\/fr\\\/produit\\\/bottes-et-parapluies\\\/#primaryimage\"},\"image\":{\"@id\":\"https:\\\/\\\/fabyreilly.com\\\/fr\\\/produit\\\/bottes-et-parapluies\\\/#primaryimage\"},\"thumbnailUrl\":\"https:\\\/\\\/i0.wp.com\\\/fabyreilly.com\\\/wp-content\\\/uploads\\\/2020\\\/09\\\/Brollies-and-Wellies-01A-Faby-Reilly-Designs.jpg?fit=2000%2C2000&ssl=1\",\"datePublished\":\"2020-09-02T10:53:08+00:00\",\"dateModified\":\"2024-06-16T16:19:44+00:00\",\"breadcrumb\":{\"@id\":\"https:\\\/\\\/fabyreilly.com\\\/fr\\\/produit\\\/bottes-et-parapluies\\\/#breadcrumb\"},\"inLanguage\":\"fr-FR\",\"potentialAction\":[{\"@type\":\"ReadAction\",\"target\":[\"https:\\\/\\\/fabyreilly.com\\\/fr\\\/produit\\\/bottes-et-parapluies\\\/\"]}]},{\"@type\":\"ImageObject\",\"inLanguage\":\"fr-FR\",\"@id\":\"https:\\\/\\\/fabyreilly.com\\\/fr\\\/produit\\\/bottes-et-parapluies\\\/#primaryimage\",\"url\":\"https:\\\/\\\/i0.wp.com\\\/fabyreilly.com\\\/wp-content\\\/uploads\\\/2020\\\/09\\\/Brollies-and-Wellies-01A-Faby-Reilly-Designs.jpg?fit=2000%2C2000&ssl=1\",\"contentUrl\":\"https:\\\/\\\/i0.wp.com\\\/fabyreilly.com\\\/wp-content\\\/uploads\\\/2020\\\/09\\\/Brollies-and-Wellies-01A-Faby-Reilly-Designs.jpg?fit=2000%2C2000&ssl=1\",\"width\":2000,\"height\":2000,\"caption\":\"Brollies and Wellies Product - Faby Reilly Designs\"},{\"@type\":\"BreadcrumbList\",\"@id\":\"https:\\\/\\\/fabyreilly.com\\\/fr\\\/produit\\\/bottes-et-parapluies\\\/#breadcrumb\",\"itemListElement\":[{\"@type\":\"ListItem\",\"position\":1,\"name\":\"Accueil\",\"item\":\"https:\\\/\\\/fabyreilly.com\\\/fr\\\/\"},{\"@type\":\"ListItem\",\"position\":2,\"name\":\"Boutique\",\"item\":\"https:\\\/\\\/fabyreilly.com\\\/fr\\\/boutique\\\/\"},{\"@type\":\"ListItem\",\"position\":3,\"name\":\"Bottes et Parapluies\"}]},{\"@type\":\"WebSite\",\"@id\":\"https:\\\/\\\/fabyreilly.com\\\/fr\\\/#website\",\"url\":\"https:\\\/\\\/fabyreilly.com\\\/fr\\\/\",\"name\":\"Faby Reilly Designs\",\"description\":\"Brodez avec style et \u00e9l\u00e9gance\",\"publisher\":{\"@id\":\"https:\\\/\\\/fabyreilly.com\\\/fr\\\/#organization\"},\"alternateName\":\"FRD\",\"potentialAction\":[{\"@type\":\"SearchAction\",\"target\":{\"@type\":\"EntryPoint\",\"urlTemplate\":\"https:\\\/\\\/fabyreilly.com\\\/fr\\\/?s={search_term_string}\"},\"query-input\":{\"@type\":\"PropertyValueSpecification\",\"valueRequired\":true,\"valueName\":\"search_term_string\"}}],\"inLanguage\":\"fr-FR\"},{\"@type\":\"Organization\",\"@id\":\"https:\\\/\\\/fabyreilly.com\\\/fr\\\/#organization\",\"name\":\"Faby Reilly Designs\",\"alternateName\":\"FRD\",\"url\":\"https:\\\/\\\/fabyreilly.com\\\/fr\\\/\",\"logo\":{\"@type\":\"ImageObject\",\"inLanguage\":\"fr-FR\",\"@id\":\"https:\\\/\\\/fabyreilly.com\\\/fr\\\/#\\\/schema\\\/logo\\\/image\\\/\",\"url\":\"https:\\\/\\\/i0.wp.com\\\/fabyreilly.com\\\/wp-content\\\/uploads\\\/2026\\\/04\\\/FRD-Tag-Logo.png?fit=600%2C250&ssl=1\",\"contentUrl\":\"https:\\\/\\\/i0.wp.com\\\/fabyreilly.com\\\/wp-content\\\/uploads\\\/2026\\\/04\\\/FRD-Tag-Logo.png?fit=600%2C250&ssl=1\",\"width\":600,\"height\":250,\"caption\":\"Faby Reilly Designs\"},\"image\":{\"@id\":\"https:\\\/\\\/fabyreilly.com\\\/fr\\\/#\\\/schema\\\/logo\\\/image\\\/\"},\"sameAs\":[\"https:\\\/\\\/www.facebook.com\\\/FabyReillyDesigns\\\/\",\"https:\\\/\\\/x.com\\\/FabyReilly\",\"https:\\\/\\\/www.instagram.com\\\/fabyreillydesigns\\\/\",\"https:\\\/\\\/www.pinterest.fr\\\/fabyreilly\\\/\"]}]}<\/script>\n<!-- \/ Yoast SEO plugin. -->","yoast_head_json":{"title":"Bottes et Parapluies - Faby Reilly Designs","robots":{"index":"index","follow":"follow","max-snippet":"max-snippet:-1","max-image-preview":"max-image-preview:large","max-video-preview":"max-video-preview:-1"},"canonical":"https:\/\/fabyreilly.com\/fr\/produit\/bottes-et-parapluies\/","og_locale":"fr_FR","og_type":"article","og_title":"Bottes et Parapluies - Faby Reilly Designs","og_description":"\u201cQUICK CHALLENGE\u201d \u2022 Mod\u00e8le PDF pour apprendre \u00e0 broder le point d'araign\u00e9e. Ce mod\u00e8le pr\u00e9sente des bottes servant de pots \u00e0 de jolie roses ainsi qu'une grenouille coquine s'abritant sous un parapluie des plus color\u00e9s, par un jour de pluie printani\u00e8re. Il est d\u00e9licatement rehauss\u00e9 de perles et de points sp\u00e9ciaux. Pour plus de d\u00e9tails, voir l'onglet Description ci-dessous.","og_url":"https:\/\/fabyreilly.com\/fr\/produit\/bottes-et-parapluies\/","og_site_name":"Faby Reilly Designs","article_publisher":"https:\/\/www.facebook.com\/FabyReillyDesigns\/","article_modified_time":"2024-06-16T16:19:44+00:00","og_image":[{"width":2000,"height":2000,"url":"https:\/\/i0.wp.com\/fabyreilly.com\/wp-content\/uploads\/2020\/09\/Brollies-and-Wellies-Product-Photo-01-Faby-Reilly-Designs-1.jpg?fit=2000%2C2000&ssl=1","type":"image\/jpeg"}],"twitter_card":"summary_large_image","twitter_site":"@FabyReilly","twitter_misc":{"Dur\u00e9e de lecture estim\u00e9e":"1 minute"},"schema":{"@context":"https:\/\/schema.org","@graph":[{"@type":"WebPage","@id":"https:\/\/fabyreilly.com\/fr\/produit\/bottes-et-parapluies\/","url":"https:\/\/fabyreilly.com\/fr\/produit\/bottes-et-parapluies\/","name":"Bottes et Parapluies - Faby Reilly Designs","isPartOf":{"@id":"https:\/\/fabyreilly.com\/fr\/#website"},"primaryImageOfPage":{"@id":"https:\/\/fabyreilly.com\/fr\/produit\/bottes-et-parapluies\/#primaryimage"},"image":{"@id":"https:\/\/fabyreilly.com\/fr\/produit\/bottes-et-parapluies\/#primaryimage"},"thumbnailUrl":"https:\/\/i0.wp.com\/fabyreilly.com\/wp-content\/uploads\/2020\/09\/Brollies-and-Wellies-01A-Faby-Reilly-Designs.jpg?fit=2000%2C2000&ssl=1","datePublished":"2020-09-02T10:53:08+00:00","dateModified":"2024-06-16T16:19:44+00:00","breadcrumb":{"@id":"https:\/\/fabyreilly.com\/fr\/produit\/bottes-et-parapluies\/#breadcrumb"},"inLanguage":"fr-FR","potentialAction":[{"@type":"ReadAction","target":["https:\/\/fabyreilly.com\/fr\/produit\/bottes-et-parapluies\/"]}]},{"@type":"ImageObject","inLanguage":"fr-FR","@id":"https:\/\/fabyreilly.com\/fr\/produit\/bottes-et-parapluies\/#primaryimage","url":"https:\/\/i0.wp.com\/fabyreilly.com\/wp-content\/uploads\/2020\/09\/Brollies-and-Wellies-01A-Faby-Reilly-Designs.jpg?fit=2000%2C2000&ssl=1","contentUrl":"https:\/\/i0.wp.com\/fabyreilly.com\/wp-content\/uploads\/2020\/09\/Brollies-and-Wellies-01A-Faby-Reilly-Designs.jpg?fit=2000%2C2000&ssl=1","width":2000,"height":2000,"caption":"Brollies and Wellies Product - Faby Reilly Designs"},{"@type":"BreadcrumbList","@id":"https:\/\/fabyreilly.com\/fr\/produit\/bottes-et-parapluies\/#breadcrumb","itemListElement":[{"@type":"ListItem","position":1,"name":"Accueil","item":"https:\/\/fabyreilly.com\/fr\/"},{"@type":"ListItem","position":2,"name":"Boutique","item":"https:\/\/fabyreilly.com\/fr\/boutique\/"},{"@type":"ListItem","position":3,"name":"Bottes et Parapluies"}]},{"@type":"WebSite","@id":"https:\/\/fabyreilly.com\/fr\/#website","url":"https:\/\/fabyreilly.com\/fr\/","name":"Faby Reilly Designs","description":"Brodez avec style et \u00e9l\u00e9gance","publisher":{"@id":"https:\/\/fabyreilly.com\/fr\/#organization"},"alternateName":"FRD","potentialAction":[{"@type":"SearchAction","target":{"@type":"EntryPoint","urlTemplate":"https:\/\/fabyreilly.com\/fr\/?s={search_term_string}"},"query-input":{"@type":"PropertyValueSpecification","valueRequired":true,"valueName":"search_term_string"}}],"inLanguage":"fr-FR"},{"@type":"Organization","@id":"https:\/\/fabyreilly.com\/fr\/#organization","name":"Faby Reilly Designs","alternateName":"FRD","url":"https:\/\/fabyreilly.com\/fr\/","logo":{"@type":"ImageObject","inLanguage":"fr-FR","@id":"https:\/\/fabyreilly.com\/fr\/#\/schema\/logo\/image\/","url":"https:\/\/i0.wp.com\/fabyreilly.com\/wp-content\/uploads\/2026\/04\/FRD-Tag-Logo.png?fit=600%2C250&ssl=1","contentUrl":"https:\/\/i0.wp.com\/fabyreilly.com\/wp-content\/uploads\/2026\/04\/FRD-Tag-Logo.png?fit=600%2C250&ssl=1","width":600,"height":250,"caption":"Faby Reilly Designs"},"image":{"@id":"https:\/\/fabyreilly.com\/fr\/#\/schema\/logo\/image\/"},"sameAs":["https:\/\/www.facebook.com\/FabyReillyDesigns\/","https:\/\/x.com\/FabyReilly","https:\/\/www.instagram.com\/fabyreillydesigns\/","https:\/\/www.pinterest.fr\/fabyreilly\/"]}]}},"jetpack_publicize_connections":[],"jetpack_likes_enabled":true,"jetpack_sharing_enabled":true,"_links":{"self":[{"href":"https:\/\/fabyreilly.com\/fr\/wp-json\/wp\/v2\/product\/158371","targetHints":{"allow":["GET"]}}],"collection":[{"href":"https:\/\/fabyreilly.com\/fr\/wp-json\/wp\/v2\/product"}],"about":[{"href":"https:\/\/fabyreilly.com\/fr\/wp-json\/wp\/v2\/types\/product"}],"replies":[{"embeddable":true,"href":"https:\/\/fabyreilly.com\/fr\/wp-json\/wp\/v2\/comments?post=158371"}],"wp:featuredmedia":[{"embeddable":true,"href":"https:\/\/fabyreilly.com\/fr\/wp-json\/wp\/v2\/media\/167165"}],"wp:attachment":[{"href":"https:\/\/fabyreilly.com\/fr\/wp-json\/wp\/v2\/media?parent=158371"}],"wp:term":[{"taxonomy":"product_brand","embeddable":true,"href":"https:\/\/fabyreilly.com\/fr\/wp-json\/wp\/v2\/product_brand?post=158371"},{"taxonomy":"product_cat","embeddable":true,"href":"https:\/\/fabyreilly.com\/fr\/wp-json\/wp\/v2\/product_cat?post=158371"},{"taxonomy":"product_tag","embeddable":true,"href":"https:\/\/fabyreilly.com\/fr\/wp-json\/wp\/v2\/product_tag?post=158371"}],"curies":[{"name":"wp","href":"https:\/\/api.w.org\/{rel}","templated":true}]}}