{"id":158361,"date":"2020-11-02T16:37:51","date_gmt":"2020-11-02T15:37:51","guid":{"rendered":"https:\/\/fabyreilly.com\/product\/biscornu-let-it-snow\/"},"modified":"2026-02-06T14:32:12","modified_gmt":"2026-02-06T13:32:12","slug":"biscornu-let-it-snow","status":"publish","type":"product","link":"https:\/\/fabyreilly.com\/fr\/produit\/biscornu-let-it-snow\/","title":{"rendered":"Biscornu Let it Snow"},"content":{"rendered":"<p><strong>LANGUES<\/strong>: anglais \/ fran\u00e7ais<\/p>\n<p><strong>NIVEAU<\/strong>: <span style=\"color: #b1918c;\"><strong>Interm\u00e9diaire<\/strong><\/span> <\/p>\n<p><strong>TAILLE<\/strong>: 70 x 70 points (pour chaque face du biscornu)<\/p>\n<p><strong>DIMENSIONS DE LA SURFACE BROD\u00c9E<\/strong> <span style=\"color: #999999;\">(sur la toile recommand\u00e9e)<\/span>: 11 x 11 cm <span style=\"color: #999999;\">(4.5&#8243; x 4.5&#8243;)<\/span><\/p>\n<p><strong>FOURNITURES<\/strong>:<\/p>\n<ul>\n<li>Lin Zweigart 32ct<\/li>\n<li>Fils moulin\u00e9s DMC<\/li>\n<li>Rainbow Gallery Petite Treasure Braid<\/li>\n<li>Perles Mill Hill<\/li>\n<\/ul>\n<p><strong>CONTENU<\/strong>:<\/p>\n<ul>\n<li>la liste d\u00e9taill\u00e9e des <span style=\"color: #b1917c;\"><strong>fournitures<\/strong><\/span> n\u00e9cessaires<\/li>\n<li>la <span style=\"color: #b1917c;\"><strong>l\u00e9gende<\/strong><\/span> pour les symboles utilis\u00e9s<\/li>\n<li>un <span style=\"color: #b1917c;\"><strong>tutoriel des points sp\u00e9ciaux<\/strong><\/span> (perles, point d&#8217;\u0153illet rond)<\/li>\n<li>un <span style=\"color: #b1917c;\"><strong>tri-fils imprimable<\/strong><\/span> pour ce mod\u00e8le<\/li>\n<li>des diagrammes <span style=\"color: #b1917c;\"><strong>en couleur<\/strong><\/span> (point de croix seul \/ tous les points)<\/li>\n<li>un diagramme <span style=\"color: #b1917c;\"><strong>hybride<\/strong><\/span> (point de croix noir et blanc avec point arri\u00e8re et points sp\u00e9ciaux en couleur)<\/li>\n<li>un <span style=\"color: #b1917c;\"><strong>tutoriel des finitions<\/strong><\/span> pour assembler ce projet<\/li>\n<\/ul>\n<p>&nbsp;<\/p>\n<p>Pour <span style=\"color: #b1918c;\"><strong>davantage de photos<\/strong><\/span> ou pour voir <span style=\"color: #b1918c;\"><strong>les r\u00e9alisations d&#8217;autres brodeurs\/brodeuses<\/strong><\/span>, voir la <a href=\"https:\/\/www.pinterest.co.uk\/fabyreilly\/let-it-snow-gallery\/\" target=\"_blank\" rel=\"noopener noreferrer\"><strong>Galerie Let it Snow<\/strong><\/a>.<\/p>\n<p>Vous avez une question ? N&#8217;h\u00e9sitez pas \u00e0 me <strong><a href=\"https:\/\/fabyreilly.com\/info\/contact\/\">contacter<\/a><\/strong>!<\/p>\n","protected":false},"excerpt":{"rendered":"<p><strong>Fiche PDF<\/strong> en <strong><span style=\"color: #b1917c;\">TELECHARGEMENT<\/span><\/strong><\/p>\n<p>Brodez un fabuleux biscornu scintillant pour assortir \u00e0 votre d\u00e9co Let it Snow, cet hiver.<\/p>\n<p>Ce mod\u00e8le repr\u00e9sente de superbes flocons dentel\u00e9s, et il est rehauss\u00e9 de fils argent\u00e9s, de perles et de paillettes.<\/p>\n<p>Une fois assembl\u00e9, il mesure environ 10 cm de large pour 4 cm de haut.<\/p>\n<p>Pour plus de d\u00e9tails, voir l&#8217;onglet <strong>Description<\/strong> ci-dessous.<\/p>\n","protected":false},"featured_media":165163,"comment_status":"open","ping_status":"closed","template":"","meta":{"_coblocks_attr":"","_coblocks_dimensions":"","_coblocks_responsive_height":"","_coblocks_accordion_ie_support":"","_crdt_document":"","jetpack_post_was_ever_published":false,"jetpack_publicize_message":"","jetpack_publicize_feature_enabled":true,"jetpack_social_post_already_shared":true,"jetpack_social_options":{"image_generator_settings":{"template":"highway","default_image_id":0,"font":"","enabled":false},"version":2},"_wpas_customize_per_network":false},"product_brand":[],"product_cat":[650086186,650086188],"product_tag":[650086178],"class_list":{"0":"post-158361","1":"product","2":"type-product","3":"status-publish","4":"has-post-thumbnail","6":"product_cat-modeles-automne-hiver","7":"product_cat-modeles-de-noel","8":"product_tag-intermediaire","9":"pa_collection-collection-let-it-snow","10":"pa_colour-bleu","11":"pa_embellishments-fils-metalliques","12":"pa_embellishments-paillettes-sequins","13":"pa_embellishments-perles","14":"pa_shape-biscornus-fr","15":"pa_skill-level-intermediaire","16":"pa_special-stitches-perles","17":"pa_special-stitches-point-doeillet-rond","18":"pa_tags-festif","19":"pa_tags-flocons-de-neige","20":"pa_tags-neige","21":"pa_tags-petits-modeles","22":"pa_tags-scintillant","23":"pa_tags-tri-fils","24":"pa_techniques-point-arriere","25":"pa_techniques-points-speciaux","26":"pa_theme-hiver","27":"pa_theme-noel","29":"first","30":"instock","31":"downloadable","32":"virtual","33":"sold-individually","34":"purchasable","35":"product-type-simple"},"yoast_head":"<!-- This site is optimized with the Yoast SEO plugin v27.3 - https:\/\/yoast.com\/product\/yoast-seo-wordpress\/ -->\n<title>Biscornu Let it Snow - Faby Reilly Designs<\/title>\n<meta name=\"robots\" content=\"index, follow, max-snippet:-1, max-image-preview:large, max-video-preview:-1\" \/>\n<link rel=\"canonical\" href=\"https:\/\/fabyreilly.com\/fr\/produit\/biscornu-let-it-snow\/\" \/>\n<meta property=\"og:locale\" content=\"fr_FR\" \/>\n<meta property=\"og:type\" content=\"article\" \/>\n<meta property=\"og:title\" content=\"Biscornu Let it Snow - Faby Reilly Designs\" \/>\n<meta property=\"og:description\" content=\"Fiche PDF en TELECHARGEMENT Brodez un fabuleux biscornu scintillant pour assortir \u00e0 votre d\u00e9co Let it Snow, cet hiver. Ce mod\u00e8le repr\u00e9sente de superbes flocons dentel\u00e9s, et il est rehauss\u00e9 de fils argent\u00e9s, de perles et de paillettes. Une fois assembl\u00e9, il mesure environ 10 cm de large pour 4 cm de haut. Pour plus de d\u00e9tails, voir l&#039;onglet Description ci-dessous.\" \/>\n<meta property=\"og:url\" content=\"https:\/\/fabyreilly.com\/fr\/produit\/biscornu-let-it-snow\/\" \/>\n<meta property=\"og:site_name\" content=\"Faby Reilly Designs\" \/>\n<meta property=\"article:publisher\" content=\"https:\/\/www.facebook.com\/FabyReillyDesigns\/\" \/>\n<meta property=\"article:modified_time\" content=\"2026-02-06T13:32:12+00:00\" \/>\n<meta property=\"og:image\" content=\"https:\/\/fabyreilly.com\/wp-content\/uploads\/2020\/11\/Let-It-Snow-Biscornu-01A-Faby-Reilly-Designs.jpg\" \/>\n\t<meta property=\"og:image:width\" content=\"2000\" \/>\n\t<meta property=\"og:image:height\" content=\"2000\" \/>\n\t<meta property=\"og:image:type\" content=\"image\/jpeg\" \/>\n<meta name=\"twitter:card\" content=\"summary_large_image\" \/>\n<meta name=\"twitter:site\" content=\"@FabyReilly\" \/>\n<meta name=\"twitter:label1\" content=\"Dur\u00e9e de lecture estim\u00e9e\" \/>\n\t<meta name=\"twitter:data1\" content=\"1 minute\" \/>\n<script type=\"application\/ld+json\" class=\"yoast-schema-graph\">{\"@context\":\"https:\\\/\\\/schema.org\",\"@graph\":[{\"@type\":\"WebPage\",\"@id\":\"https:\\\/\\\/fabyreilly.com\\\/fr\\\/produit\\\/biscornu-let-it-snow\\\/\",\"url\":\"https:\\\/\\\/fabyreilly.com\\\/fr\\\/produit\\\/biscornu-let-it-snow\\\/\",\"name\":\"Biscornu Let it Snow - Faby Reilly Designs\",\"isPartOf\":{\"@id\":\"https:\\\/\\\/fabyreilly.com\\\/fr\\\/#website\"},\"primaryImageOfPage\":{\"@id\":\"https:\\\/\\\/fabyreilly.com\\\/fr\\\/produit\\\/biscornu-let-it-snow\\\/#primaryimage\"},\"image\":{\"@id\":\"https:\\\/\\\/fabyreilly.com\\\/fr\\\/produit\\\/biscornu-let-it-snow\\\/#primaryimage\"},\"thumbnailUrl\":\"https:\\\/\\\/i0.wp.com\\\/fabyreilly.com\\\/wp-content\\\/uploads\\\/2020\\\/11\\\/Let-It-Snow-Biscornu-01A-Faby-Reilly-Designs.jpg?fit=2000%2C2000&ssl=1\",\"datePublished\":\"2020-11-02T15:37:51+00:00\",\"dateModified\":\"2026-02-06T13:32:12+00:00\",\"breadcrumb\":{\"@id\":\"https:\\\/\\\/fabyreilly.com\\\/fr\\\/produit\\\/biscornu-let-it-snow\\\/#breadcrumb\"},\"inLanguage\":\"fr-FR\",\"potentialAction\":[{\"@type\":\"ReadAction\",\"target\":[\"https:\\\/\\\/fabyreilly.com\\\/fr\\\/produit\\\/biscornu-let-it-snow\\\/\"]}]},{\"@type\":\"ImageObject\",\"inLanguage\":\"fr-FR\",\"@id\":\"https:\\\/\\\/fabyreilly.com\\\/fr\\\/produit\\\/biscornu-let-it-snow\\\/#primaryimage\",\"url\":\"https:\\\/\\\/i0.wp.com\\\/fabyreilly.com\\\/wp-content\\\/uploads\\\/2020\\\/11\\\/Let-It-Snow-Biscornu-01A-Faby-Reilly-Designs.jpg?fit=2000%2C2000&ssl=1\",\"contentUrl\":\"https:\\\/\\\/i0.wp.com\\\/fabyreilly.com\\\/wp-content\\\/uploads\\\/2020\\\/11\\\/Let-It-Snow-Biscornu-01A-Faby-Reilly-Designs.jpg?fit=2000%2C2000&ssl=1\",\"width\":2000,\"height\":2000,\"caption\":\"Let It Snow Biscornu - Faby Reilly Designs\"},{\"@type\":\"BreadcrumbList\",\"@id\":\"https:\\\/\\\/fabyreilly.com\\\/fr\\\/produit\\\/biscornu-let-it-snow\\\/#breadcrumb\",\"itemListElement\":[{\"@type\":\"ListItem\",\"position\":1,\"name\":\"Accueil\",\"item\":\"https:\\\/\\\/fabyreilly.com\\\/fr\\\/\"},{\"@type\":\"ListItem\",\"position\":2,\"name\":\"Boutique\",\"item\":\"https:\\\/\\\/fabyreilly.com\\\/fr\\\/boutique\\\/\"},{\"@type\":\"ListItem\",\"position\":3,\"name\":\"Biscornu Let it Snow\"}]},{\"@type\":\"WebSite\",\"@id\":\"https:\\\/\\\/fabyreilly.com\\\/fr\\\/#website\",\"url\":\"https:\\\/\\\/fabyreilly.com\\\/fr\\\/\",\"name\":\"Faby Reilly Designs\",\"description\":\"Brodez avec style et \u00e9l\u00e9gance\",\"publisher\":{\"@id\":\"https:\\\/\\\/fabyreilly.com\\\/fr\\\/#organization\"},\"alternateName\":\"FRD\",\"potentialAction\":[{\"@type\":\"SearchAction\",\"target\":{\"@type\":\"EntryPoint\",\"urlTemplate\":\"https:\\\/\\\/fabyreilly.com\\\/fr\\\/?s={search_term_string}\"},\"query-input\":{\"@type\":\"PropertyValueSpecification\",\"valueRequired\":true,\"valueName\":\"search_term_string\"}}],\"inLanguage\":\"fr-FR\"},{\"@type\":\"Organization\",\"@id\":\"https:\\\/\\\/fabyreilly.com\\\/fr\\\/#organization\",\"name\":\"Faby Reilly Designs\",\"alternateName\":\"FRD\",\"url\":\"https:\\\/\\\/fabyreilly.com\\\/fr\\\/\",\"logo\":{\"@type\":\"ImageObject\",\"inLanguage\":\"fr-FR\",\"@id\":\"https:\\\/\\\/fabyreilly.com\\\/fr\\\/#\\\/schema\\\/logo\\\/image\\\/\",\"url\":\"https:\\\/\\\/i0.wp.com\\\/fabyreilly.com\\\/wp-content\\\/uploads\\\/2026\\\/04\\\/FRD-Tag-Logo.png?fit=600%2C250&ssl=1\",\"contentUrl\":\"https:\\\/\\\/i0.wp.com\\\/fabyreilly.com\\\/wp-content\\\/uploads\\\/2026\\\/04\\\/FRD-Tag-Logo.png?fit=600%2C250&ssl=1\",\"width\":600,\"height\":250,\"caption\":\"Faby Reilly Designs\"},\"image\":{\"@id\":\"https:\\\/\\\/fabyreilly.com\\\/fr\\\/#\\\/schema\\\/logo\\\/image\\\/\"},\"sameAs\":[\"https:\\\/\\\/www.facebook.com\\\/FabyReillyDesigns\\\/\",\"https:\\\/\\\/x.com\\\/FabyReilly\",\"https:\\\/\\\/www.instagram.com\\\/fabyreillydesigns\\\/\",\"https:\\\/\\\/www.pinterest.fr\\\/fabyreilly\\\/\"]}]}<\/script>\n<!-- \/ Yoast SEO plugin. -->","yoast_head_json":{"title":"Biscornu Let it Snow - Faby Reilly Designs","robots":{"index":"index","follow":"follow","max-snippet":"max-snippet:-1","max-image-preview":"max-image-preview:large","max-video-preview":"max-video-preview:-1"},"canonical":"https:\/\/fabyreilly.com\/fr\/produit\/biscornu-let-it-snow\/","og_locale":"fr_FR","og_type":"article","og_title":"Biscornu Let it Snow - Faby Reilly Designs","og_description":"Fiche PDF en TELECHARGEMENT Brodez un fabuleux biscornu scintillant pour assortir \u00e0 votre d\u00e9co Let it Snow, cet hiver. Ce mod\u00e8le repr\u00e9sente de superbes flocons dentel\u00e9s, et il est rehauss\u00e9 de fils argent\u00e9s, de perles et de paillettes. Une fois assembl\u00e9, il mesure environ 10 cm de large pour 4 cm de haut. Pour plus de d\u00e9tails, voir l'onglet Description ci-dessous.","og_url":"https:\/\/fabyreilly.com\/fr\/produit\/biscornu-let-it-snow\/","og_site_name":"Faby Reilly Designs","article_publisher":"https:\/\/www.facebook.com\/FabyReillyDesigns\/","article_modified_time":"2026-02-06T13:32:12+00:00","og_image":[{"width":2000,"height":2000,"url":"https:\/\/fabyreilly.com\/wp-content\/uploads\/2020\/11\/Let-It-Snow-Biscornu-01A-Faby-Reilly-Designs.jpg","type":"image\/jpeg"}],"twitter_card":"summary_large_image","twitter_site":"@FabyReilly","twitter_misc":{"Dur\u00e9e de lecture estim\u00e9e":"1 minute"},"schema":{"@context":"https:\/\/schema.org","@graph":[{"@type":"WebPage","@id":"https:\/\/fabyreilly.com\/fr\/produit\/biscornu-let-it-snow\/","url":"https:\/\/fabyreilly.com\/fr\/produit\/biscornu-let-it-snow\/","name":"Biscornu Let it Snow - Faby Reilly Designs","isPartOf":{"@id":"https:\/\/fabyreilly.com\/fr\/#website"},"primaryImageOfPage":{"@id":"https:\/\/fabyreilly.com\/fr\/produit\/biscornu-let-it-snow\/#primaryimage"},"image":{"@id":"https:\/\/fabyreilly.com\/fr\/produit\/biscornu-let-it-snow\/#primaryimage"},"thumbnailUrl":"https:\/\/i0.wp.com\/fabyreilly.com\/wp-content\/uploads\/2020\/11\/Let-It-Snow-Biscornu-01A-Faby-Reilly-Designs.jpg?fit=2000%2C2000&ssl=1","datePublished":"2020-11-02T15:37:51+00:00","dateModified":"2026-02-06T13:32:12+00:00","breadcrumb":{"@id":"https:\/\/fabyreilly.com\/fr\/produit\/biscornu-let-it-snow\/#breadcrumb"},"inLanguage":"fr-FR","potentialAction":[{"@type":"ReadAction","target":["https:\/\/fabyreilly.com\/fr\/produit\/biscornu-let-it-snow\/"]}]},{"@type":"ImageObject","inLanguage":"fr-FR","@id":"https:\/\/fabyreilly.com\/fr\/produit\/biscornu-let-it-snow\/#primaryimage","url":"https:\/\/i0.wp.com\/fabyreilly.com\/wp-content\/uploads\/2020\/11\/Let-It-Snow-Biscornu-01A-Faby-Reilly-Designs.jpg?fit=2000%2C2000&ssl=1","contentUrl":"https:\/\/i0.wp.com\/fabyreilly.com\/wp-content\/uploads\/2020\/11\/Let-It-Snow-Biscornu-01A-Faby-Reilly-Designs.jpg?fit=2000%2C2000&ssl=1","width":2000,"height":2000,"caption":"Let It Snow Biscornu - Faby Reilly Designs"},{"@type":"BreadcrumbList","@id":"https:\/\/fabyreilly.com\/fr\/produit\/biscornu-let-it-snow\/#breadcrumb","itemListElement":[{"@type":"ListItem","position":1,"name":"Accueil","item":"https:\/\/fabyreilly.com\/fr\/"},{"@type":"ListItem","position":2,"name":"Boutique","item":"https:\/\/fabyreilly.com\/fr\/boutique\/"},{"@type":"ListItem","position":3,"name":"Biscornu Let it Snow"}]},{"@type":"WebSite","@id":"https:\/\/fabyreilly.com\/fr\/#website","url":"https:\/\/fabyreilly.com\/fr\/","name":"Faby Reilly Designs","description":"Brodez avec style et \u00e9l\u00e9gance","publisher":{"@id":"https:\/\/fabyreilly.com\/fr\/#organization"},"alternateName":"FRD","potentialAction":[{"@type":"SearchAction","target":{"@type":"EntryPoint","urlTemplate":"https:\/\/fabyreilly.com\/fr\/?s={search_term_string}"},"query-input":{"@type":"PropertyValueSpecification","valueRequired":true,"valueName":"search_term_string"}}],"inLanguage":"fr-FR"},{"@type":"Organization","@id":"https:\/\/fabyreilly.com\/fr\/#organization","name":"Faby Reilly Designs","alternateName":"FRD","url":"https:\/\/fabyreilly.com\/fr\/","logo":{"@type":"ImageObject","inLanguage":"fr-FR","@id":"https:\/\/fabyreilly.com\/fr\/#\/schema\/logo\/image\/","url":"https:\/\/i0.wp.com\/fabyreilly.com\/wp-content\/uploads\/2026\/04\/FRD-Tag-Logo.png?fit=600%2C250&ssl=1","contentUrl":"https:\/\/i0.wp.com\/fabyreilly.com\/wp-content\/uploads\/2026\/04\/FRD-Tag-Logo.png?fit=600%2C250&ssl=1","width":600,"height":250,"caption":"Faby Reilly Designs"},"image":{"@id":"https:\/\/fabyreilly.com\/fr\/#\/schema\/logo\/image\/"},"sameAs":["https:\/\/www.facebook.com\/FabyReillyDesigns\/","https:\/\/x.com\/FabyReilly","https:\/\/www.instagram.com\/fabyreillydesigns\/","https:\/\/www.pinterest.fr\/fabyreilly\/"]}]}},"jetpack_publicize_connections":[],"jetpack_likes_enabled":true,"jetpack_sharing_enabled":true,"_links":{"self":[{"href":"https:\/\/fabyreilly.com\/fr\/wp-json\/wp\/v2\/product\/158361","targetHints":{"allow":["GET"]}}],"collection":[{"href":"https:\/\/fabyreilly.com\/fr\/wp-json\/wp\/v2\/product"}],"about":[{"href":"https:\/\/fabyreilly.com\/fr\/wp-json\/wp\/v2\/types\/product"}],"replies":[{"embeddable":true,"href":"https:\/\/fabyreilly.com\/fr\/wp-json\/wp\/v2\/comments?post=158361"}],"wp:featuredmedia":[{"embeddable":true,"href":"https:\/\/fabyreilly.com\/fr\/wp-json\/wp\/v2\/media\/165163"}],"wp:attachment":[{"href":"https:\/\/fabyreilly.com\/fr\/wp-json\/wp\/v2\/media?parent=158361"}],"wp:term":[{"taxonomy":"product_brand","embeddable":true,"href":"https:\/\/fabyreilly.com\/fr\/wp-json\/wp\/v2\/product_brand?post=158361"},{"taxonomy":"product_cat","embeddable":true,"href":"https:\/\/fabyreilly.com\/fr\/wp-json\/wp\/v2\/product_cat?post=158361"},{"taxonomy":"product_tag","embeddable":true,"href":"https:\/\/fabyreilly.com\/fr\/wp-json\/wp\/v2\/product_tag?post=158361"}],"curies":[{"name":"wp","href":"https:\/\/api.w.org\/{rel}","templated":true}]}}