{"id":158417,"date":"2019-11-28T14:20:14","date_gmt":"2019-11-28T13:20:14","guid":{"rendered":"https:\/\/fabyreilly.com\/tutoriels\/"},"modified":"2026-04-05T20:03:38","modified_gmt":"2026-04-05T18:03:38","slug":"tutoriels","status":"publish","type":"page","link":"https:\/\/fabyreilly.com\/fr\/tutoriels\/","title":{"rendered":"Tutoriels"},"content":{"rendered":"\n<p class=\"wp-block-paragraph\">Envie d&#8217;essayer une nouvelle technique ? Voici une multitude de tutoriels de broderie sp\u00e9cialement con\u00e7us pour vous.<\/p>\n\n<p class=\"wp-block-paragraph\">Cliquez sur les boutons ci-dessous pour d\u00e9couvrir de nouvelles techniques et vous y exercer, avant de vous lancer dans de jolis mod\u00e8les pour mettre vos nouvelles comp\u00e9tences \u00e0 l&#8217;\u00e9preuve :<\/p>\n\n<div class=\"wp-block-media-text is-stacked-on-mobile\" style=\"grid-template-columns:30% auto\"><figure class=\"wp-block-media-text__media\"><a href=\"https:\/\/fabyreilly.com\/fr\/tutoriels\/points-speciaux\/\"><img data-recalc-dims=\"1\" loading=\"lazy\" decoding=\"async\" width=\"675\" height=\"675\" src=\"https:\/\/i0.wp.com\/fabyreilly.com\/wp-content\/uploads\/2026\/04\/Special-stitches-Faby-Reilly-Designs.jpg?resize=675%2C675&#038;ssl=1\" alt=\"Spiderweb stitch\" class=\"wp-image-167985 size-full\" srcset=\"https:\/\/i0.wp.com\/fabyreilly.com\/wp-content\/uploads\/2026\/04\/Special-stitches-Faby-Reilly-Designs.jpg?w=675&amp;ssl=1 675w, https:\/\/i0.wp.com\/fabyreilly.com\/wp-content\/uploads\/2026\/04\/Special-stitches-Faby-Reilly-Designs.jpg?resize=500%2C500&amp;ssl=1 500w, https:\/\/i0.wp.com\/fabyreilly.com\/wp-content\/uploads\/2026\/04\/Special-stitches-Faby-Reilly-Designs.jpg?resize=150%2C150&amp;ssl=1 150w, https:\/\/i0.wp.com\/fabyreilly.com\/wp-content\/uploads\/2026\/04\/Special-stitches-Faby-Reilly-Designs.jpg?resize=324%2C324&amp;ssl=1 324w, https:\/\/i0.wp.com\/fabyreilly.com\/wp-content\/uploads\/2026\/04\/Special-stitches-Faby-Reilly-Designs.jpg?resize=416%2C416&amp;ssl=1 416w, https:\/\/i0.wp.com\/fabyreilly.com\/wp-content\/uploads\/2026\/04\/Special-stitches-Faby-Reilly-Designs.jpg?resize=100%2C100&amp;ssl=1 100w\" sizes=\"auto, (max-width: 675px) 100vw, 675px\" \/><\/a><\/figure><div class=\"wp-block-media-text__content\">\n<div class=\"wp-block-buttons is-layout-flex wp-block-buttons-is-layout-flex\">\n<div class=\"wp-block-button is-style-circular\"><a class=\"wp-block-button__link has-white-color has-text-color has-background has-link-color wp-element-button\" href=\"https:\/\/fabyreilly.com\/fr\/tutoriels\/points-speciaux\/\" style=\"background-color:#cc6699\">Points Sp\u00e9ciaux<\/a><\/div>\n<\/div>\n<\/div><\/div>\n\n<div class=\"wp-block-media-text is-stacked-on-mobile\" style=\"grid-template-columns:30% auto\"><figure class=\"wp-block-media-text__media\"><a href=\"https:\/\/fabyreilly.com\/fr\/tutoriels\/finitions\/\"><img data-recalc-dims=\"1\" loading=\"lazy\" decoding=\"async\" width=\"675\" height=\"675\" src=\"https:\/\/i0.wp.com\/fabyreilly.com\/wp-content\/uploads\/2026\/04\/Finishing-tutorials-Faby-Reilly-Designs.jpg?resize=675%2C675&#038;ssl=1\" alt=\"Finishing Tutorials\" class=\"wp-image-167988 size-full\" srcset=\"https:\/\/i0.wp.com\/fabyreilly.com\/wp-content\/uploads\/2026\/04\/Finishing-tutorials-Faby-Reilly-Designs.jpg?w=675&amp;ssl=1 675w, https:\/\/i0.wp.com\/fabyreilly.com\/wp-content\/uploads\/2026\/04\/Finishing-tutorials-Faby-Reilly-Designs.jpg?resize=500%2C500&amp;ssl=1 500w, https:\/\/i0.wp.com\/fabyreilly.com\/wp-content\/uploads\/2026\/04\/Finishing-tutorials-Faby-Reilly-Designs.jpg?resize=150%2C150&amp;ssl=1 150w, https:\/\/i0.wp.com\/fabyreilly.com\/wp-content\/uploads\/2026\/04\/Finishing-tutorials-Faby-Reilly-Designs.jpg?resize=324%2C324&amp;ssl=1 324w, https:\/\/i0.wp.com\/fabyreilly.com\/wp-content\/uploads\/2026\/04\/Finishing-tutorials-Faby-Reilly-Designs.jpg?resize=416%2C416&amp;ssl=1 416w, https:\/\/i0.wp.com\/fabyreilly.com\/wp-content\/uploads\/2026\/04\/Finishing-tutorials-Faby-Reilly-Designs.jpg?resize=100%2C100&amp;ssl=1 100w\" sizes=\"auto, (max-width: 675px) 100vw, 675px\" \/><\/a><\/figure><div class=\"wp-block-media-text__content\">\n<div class=\"wp-block-buttons is-layout-flex wp-block-buttons-is-layout-flex\">\n<div class=\"wp-block-button is-style-circular\"><a class=\"wp-block-button__link has-white-color has-text-color has-background has-link-color wp-element-button\" href=\"https:\/\/fabyreilly.com\/fr\/tutoriels\/finitions\/\" style=\"background-color:#cc6699\">Finitions<\/a><\/div>\n<\/div>\n<\/div><\/div>\n\n<div class=\"wp-block-media-text is-stacked-on-mobile\" style=\"grid-template-columns:30% auto\"><figure class=\"wp-block-media-text__media\"><a href=\"https:\/\/fabyreilly.com\/fr\/tutoriels\/astuces\/\"><img data-recalc-dims=\"1\" loading=\"lazy\" decoding=\"async\" width=\"675\" height=\"675\" src=\"https:\/\/i0.wp.com\/fabyreilly.com\/wp-content\/uploads\/2026\/04\/Tips-Faby-Reilly-Designs.jpg?resize=675%2C675&#038;ssl=1\" alt=\"Tips\" class=\"wp-image-167989 size-full\" srcset=\"https:\/\/i0.wp.com\/fabyreilly.com\/wp-content\/uploads\/2026\/04\/Tips-Faby-Reilly-Designs.jpg?w=675&amp;ssl=1 675w, https:\/\/i0.wp.com\/fabyreilly.com\/wp-content\/uploads\/2026\/04\/Tips-Faby-Reilly-Designs.jpg?resize=500%2C500&amp;ssl=1 500w, https:\/\/i0.wp.com\/fabyreilly.com\/wp-content\/uploads\/2026\/04\/Tips-Faby-Reilly-Designs.jpg?resize=150%2C150&amp;ssl=1 150w, https:\/\/i0.wp.com\/fabyreilly.com\/wp-content\/uploads\/2026\/04\/Tips-Faby-Reilly-Designs.jpg?resize=324%2C324&amp;ssl=1 324w, https:\/\/i0.wp.com\/fabyreilly.com\/wp-content\/uploads\/2026\/04\/Tips-Faby-Reilly-Designs.jpg?resize=416%2C416&amp;ssl=1 416w, https:\/\/i0.wp.com\/fabyreilly.com\/wp-content\/uploads\/2026\/04\/Tips-Faby-Reilly-Designs.jpg?resize=100%2C100&amp;ssl=1 100w\" sizes=\"auto, (max-width: 675px) 100vw, 675px\" \/><\/a><\/figure><div class=\"wp-block-media-text__content\">\n<div class=\"wp-block-buttons is-layout-flex wp-block-buttons-is-layout-flex\">\n<div class=\"wp-block-button is-style-circular\"><a class=\"wp-block-button__link has-white-color has-text-color has-background has-link-color wp-element-button\" href=\"https:\/\/fabyreilly.com\/fr\/tutoriels\/astuces\/\" style=\"background-color:#cc6699\">Trucs &amp; Astuces<\/a><\/div>\n<\/div>\n<\/div><\/div>\n\n<p class=\"wp-block-paragraph\"><\/p>\n","protected":false},"excerpt":{"rendered":"<p>Envie d&#8217;essayer une nouvelle technique ? Voici une multitude de tutoriels de broderie sp\u00e9cialement con\u00e7us pour vous. Cliquez sur les boutons ci-dessous pour d\u00e9couvrir de nouvelles techniques et vous y exercer, avant de vous lancer dans de jolis mod\u00e8les pour mettre vos nouvelles comp\u00e9tences \u00e0 l&#8217;\u00e9preuve :<\/p>\n","protected":false},"author":76380979,"featured_media":0,"parent":0,"menu_order":25,"comment_status":"closed","ping_status":"closed","template":"","meta":{"_coblocks_attr":"","_coblocks_dimensions":"","_coblocks_responsive_height":"","_coblocks_accordion_ie_support":"","_crdt_document":"","footnotes":"","big_sky_generated":false},"class_list":["post-158417","page","type-page","status-publish","hentry"],"yoast_head":"<!-- This site is optimized with the Yoast SEO plugin v27.6 - https:\/\/yoast.com\/product\/yoast-seo-wordpress\/ -->\n<title>Tutoriels de broderie par Faby Reilly Designs<\/title>\n<meta name=\"description\" content=\"Envie d&#039;essayer une nouvelle technique ? \u00c9largissez votre domaine de comp\u00e9tences gr\u00e2ce \u00e0 cette multitude de tutoriels de broderie con\u00e7us sp\u00e9cialement pour vous.\" \/>\n<meta name=\"robots\" content=\"index, follow, max-snippet:-1, max-image-preview:large, max-video-preview:-1\" \/>\n<link rel=\"canonical\" href=\"https:\/\/fabyreilly.com\/fr\/tutoriels\/\" \/>\n<meta property=\"og:locale\" content=\"fr_FR\" \/>\n<meta property=\"og:type\" content=\"article\" \/>\n<meta property=\"og:title\" content=\"Tutoriels de broderie par Faby Reilly Designs\" \/>\n<meta property=\"og:description\" content=\"Envie d&#039;essayer une nouvelle technique ? \u00c9largissez votre domaine de comp\u00e9tences gr\u00e2ce \u00e0 cette multitude de tutoriels de broderie con\u00e7us sp\u00e9cialement pour vous.\" \/>\n<meta property=\"og:url\" content=\"https:\/\/fabyreilly.com\/fr\/tutoriels\/\" \/>\n<meta property=\"og:site_name\" content=\"Faby Reilly Designs\" \/>\n<meta property=\"article:publisher\" content=\"https:\/\/www.facebook.com\/FabyReillyDesigns\/\" \/>\n<meta property=\"article:modified_time\" content=\"2026-04-05T18:03:38+00:00\" \/>\n<meta property=\"og:image\" content=\"https:\/\/fabyreilly.com\/wp-content\/uploads\/2026\/04\/Special-stitches-Faby-Reilly-Designs.jpg\" \/>\n<meta name=\"twitter:card\" content=\"summary_large_image\" \/>\n<meta name=\"twitter:site\" content=\"@FabyReilly\" \/>\n<script type=\"application\/ld+json\" class=\"yoast-schema-graph\">{\"@context\":\"https:\\\/\\\/schema.org\",\"@graph\":[{\"@type\":\"WebPage\",\"@id\":\"https:\\\/\\\/fabyreilly.com\\\/fr\\\/tutoriels\\\/\",\"url\":\"https:\\\/\\\/fabyreilly.com\\\/fr\\\/tutoriels\\\/\",\"name\":\"Tutoriels de broderie par Faby Reilly Designs\",\"isPartOf\":{\"@id\":\"https:\\\/\\\/fabyreilly.com\\\/fr\\\/#website\"},\"primaryImageOfPage\":{\"@id\":\"https:\\\/\\\/fabyreilly.com\\\/fr\\\/tutoriels\\\/#primaryimage\"},\"image\":{\"@id\":\"https:\\\/\\\/fabyreilly.com\\\/fr\\\/tutoriels\\\/#primaryimage\"},\"thumbnailUrl\":\"https:\\\/\\\/fabyreilly.com\\\/wp-content\\\/uploads\\\/2026\\\/04\\\/Special-stitches-Faby-Reilly-Designs.jpg\",\"datePublished\":\"2019-11-28T13:20:14+00:00\",\"dateModified\":\"2026-04-05T18:03:38+00:00\",\"description\":\"Envie d'essayer une nouvelle technique ? \u00c9largissez votre domaine de comp\u00e9tences gr\u00e2ce \u00e0 cette multitude de tutoriels de broderie con\u00e7us sp\u00e9cialement pour vous.\",\"breadcrumb\":{\"@id\":\"https:\\\/\\\/fabyreilly.com\\\/fr\\\/tutoriels\\\/#breadcrumb\"},\"inLanguage\":\"fr-FR\",\"potentialAction\":[{\"@type\":\"ReadAction\",\"target\":[\"https:\\\/\\\/fabyreilly.com\\\/fr\\\/tutoriels\\\/\"]}]},{\"@type\":\"ImageObject\",\"inLanguage\":\"fr-FR\",\"@id\":\"https:\\\/\\\/fabyreilly.com\\\/fr\\\/tutoriels\\\/#primaryimage\",\"url\":\"https:\\\/\\\/fabyreilly.com\\\/wp-content\\\/uploads\\\/2026\\\/04\\\/Special-stitches-Faby-Reilly-Designs.jpg\",\"contentUrl\":\"https:\\\/\\\/fabyreilly.com\\\/wp-content\\\/uploads\\\/2026\\\/04\\\/Special-stitches-Faby-Reilly-Designs.jpg\"},{\"@type\":\"BreadcrumbList\",\"@id\":\"https:\\\/\\\/fabyreilly.com\\\/fr\\\/tutoriels\\\/#breadcrumb\",\"itemListElement\":[{\"@type\":\"ListItem\",\"position\":1,\"name\":\"Accueil\",\"item\":\"https:\\\/\\\/fabyreilly.com\\\/fr\\\/\"},{\"@type\":\"ListItem\",\"position\":2,\"name\":\"Tutoriels\"}]},{\"@type\":\"WebSite\",\"@id\":\"https:\\\/\\\/fabyreilly.com\\\/fr\\\/#website\",\"url\":\"https:\\\/\\\/fabyreilly.com\\\/fr\\\/\",\"name\":\"Faby Reilly Designs\",\"description\":\"Brodez avec style et \u00e9l\u00e9gance\",\"publisher\":{\"@id\":\"https:\\\/\\\/fabyreilly.com\\\/fr\\\/#organization\"},\"alternateName\":\"FRD\",\"potentialAction\":[{\"@type\":\"SearchAction\",\"target\":{\"@type\":\"EntryPoint\",\"urlTemplate\":\"https:\\\/\\\/fabyreilly.com\\\/fr\\\/?s={search_term_string}\"},\"query-input\":{\"@type\":\"PropertyValueSpecification\",\"valueRequired\":true,\"valueName\":\"search_term_string\"}}],\"inLanguage\":\"fr-FR\"},{\"@type\":\"Organization\",\"@id\":\"https:\\\/\\\/fabyreilly.com\\\/fr\\\/#organization\",\"name\":\"Faby Reilly Designs\",\"alternateName\":\"FRD\",\"url\":\"https:\\\/\\\/fabyreilly.com\\\/fr\\\/\",\"logo\":{\"@type\":\"ImageObject\",\"inLanguage\":\"fr-FR\",\"@id\":\"https:\\\/\\\/fabyreilly.com\\\/fr\\\/#\\\/schema\\\/logo\\\/image\\\/\",\"url\":\"https:\\\/\\\/i0.wp.com\\\/fabyreilly.com\\\/wp-content\\\/uploads\\\/2026\\\/04\\\/FRD-Tag-Logo.png?fit=600%2C250&ssl=1\",\"contentUrl\":\"https:\\\/\\\/i0.wp.com\\\/fabyreilly.com\\\/wp-content\\\/uploads\\\/2026\\\/04\\\/FRD-Tag-Logo.png?fit=600%2C250&ssl=1\",\"width\":600,\"height\":250,\"caption\":\"Faby Reilly Designs\"},\"image\":{\"@id\":\"https:\\\/\\\/fabyreilly.com\\\/fr\\\/#\\\/schema\\\/logo\\\/image\\\/\"},\"sameAs\":[\"https:\\\/\\\/www.facebook.com\\\/FabyReillyDesigns\\\/\",\"https:\\\/\\\/x.com\\\/FabyReilly\",\"https:\\\/\\\/www.instagram.com\\\/fabyreillydesigns\\\/\",\"https:\\\/\\\/www.pinterest.fr\\\/fabyreilly\\\/\"]}]}<\/script>\n<!-- \/ Yoast SEO plugin. -->","yoast_head_json":{"title":"Tutoriels de broderie par Faby Reilly Designs","description":"Envie d'essayer une nouvelle technique ? \u00c9largissez votre domaine de comp\u00e9tences gr\u00e2ce \u00e0 cette multitude de tutoriels de broderie con\u00e7us sp\u00e9cialement pour vous.","robots":{"index":"index","follow":"follow","max-snippet":"max-snippet:-1","max-image-preview":"max-image-preview:large","max-video-preview":"max-video-preview:-1"},"canonical":"https:\/\/fabyreilly.com\/fr\/tutoriels\/","og_locale":"fr_FR","og_type":"article","og_title":"Tutoriels de broderie par Faby Reilly Designs","og_description":"Envie d'essayer une nouvelle technique ? \u00c9largissez votre domaine de comp\u00e9tences gr\u00e2ce \u00e0 cette multitude de tutoriels de broderie con\u00e7us sp\u00e9cialement pour vous.","og_url":"https:\/\/fabyreilly.com\/fr\/tutoriels\/","og_site_name":"Faby Reilly Designs","article_publisher":"https:\/\/www.facebook.com\/FabyReillyDesigns\/","article_modified_time":"2026-04-05T18:03:38+00:00","og_image":[{"url":"https:\/\/fabyreilly.com\/wp-content\/uploads\/2026\/04\/Special-stitches-Faby-Reilly-Designs.jpg","type":"","width":"","height":""}],"twitter_card":"summary_large_image","twitter_site":"@FabyReilly","schema":{"@context":"https:\/\/schema.org","@graph":[{"@type":"WebPage","@id":"https:\/\/fabyreilly.com\/fr\/tutoriels\/","url":"https:\/\/fabyreilly.com\/fr\/tutoriels\/","name":"Tutoriels de broderie par Faby Reilly Designs","isPartOf":{"@id":"https:\/\/fabyreilly.com\/fr\/#website"},"primaryImageOfPage":{"@id":"https:\/\/fabyreilly.com\/fr\/tutoriels\/#primaryimage"},"image":{"@id":"https:\/\/fabyreilly.com\/fr\/tutoriels\/#primaryimage"},"thumbnailUrl":"https:\/\/fabyreilly.com\/wp-content\/uploads\/2026\/04\/Special-stitches-Faby-Reilly-Designs.jpg","datePublished":"2019-11-28T13:20:14+00:00","dateModified":"2026-04-05T18:03:38+00:00","description":"Envie d'essayer une nouvelle technique ? \u00c9largissez votre domaine de comp\u00e9tences gr\u00e2ce \u00e0 cette multitude de tutoriels de broderie con\u00e7us sp\u00e9cialement pour vous.","breadcrumb":{"@id":"https:\/\/fabyreilly.com\/fr\/tutoriels\/#breadcrumb"},"inLanguage":"fr-FR","potentialAction":[{"@type":"ReadAction","target":["https:\/\/fabyreilly.com\/fr\/tutoriels\/"]}]},{"@type":"ImageObject","inLanguage":"fr-FR","@id":"https:\/\/fabyreilly.com\/fr\/tutoriels\/#primaryimage","url":"https:\/\/fabyreilly.com\/wp-content\/uploads\/2026\/04\/Special-stitches-Faby-Reilly-Designs.jpg","contentUrl":"https:\/\/fabyreilly.com\/wp-content\/uploads\/2026\/04\/Special-stitches-Faby-Reilly-Designs.jpg"},{"@type":"BreadcrumbList","@id":"https:\/\/fabyreilly.com\/fr\/tutoriels\/#breadcrumb","itemListElement":[{"@type":"ListItem","position":1,"name":"Accueil","item":"https:\/\/fabyreilly.com\/fr\/"},{"@type":"ListItem","position":2,"name":"Tutoriels"}]},{"@type":"WebSite","@id":"https:\/\/fabyreilly.com\/fr\/#website","url":"https:\/\/fabyreilly.com\/fr\/","name":"Faby Reilly Designs","description":"Brodez avec style et \u00e9l\u00e9gance","publisher":{"@id":"https:\/\/fabyreilly.com\/fr\/#organization"},"alternateName":"FRD","potentialAction":[{"@type":"SearchAction","target":{"@type":"EntryPoint","urlTemplate":"https:\/\/fabyreilly.com\/fr\/?s={search_term_string}"},"query-input":{"@type":"PropertyValueSpecification","valueRequired":true,"valueName":"search_term_string"}}],"inLanguage":"fr-FR"},{"@type":"Organization","@id":"https:\/\/fabyreilly.com\/fr\/#organization","name":"Faby Reilly Designs","alternateName":"FRD","url":"https:\/\/fabyreilly.com\/fr\/","logo":{"@type":"ImageObject","inLanguage":"fr-FR","@id":"https:\/\/fabyreilly.com\/fr\/#\/schema\/logo\/image\/","url":"https:\/\/i0.wp.com\/fabyreilly.com\/wp-content\/uploads\/2026\/04\/FRD-Tag-Logo.png?fit=600%2C250&ssl=1","contentUrl":"https:\/\/i0.wp.com\/fabyreilly.com\/wp-content\/uploads\/2026\/04\/FRD-Tag-Logo.png?fit=600%2C250&ssl=1","width":600,"height":250,"caption":"Faby Reilly Designs"},"image":{"@id":"https:\/\/fabyreilly.com\/fr\/#\/schema\/logo\/image\/"},"sameAs":["https:\/\/www.facebook.com\/FabyReillyDesigns\/","https:\/\/x.com\/FabyReilly","https:\/\/www.instagram.com\/fabyreillydesigns\/","https:\/\/www.pinterest.fr\/fabyreilly\/"]}]}},"jetpack_likes_enabled":true,"jetpack_sharing_enabled":true,"jetpack_shortlink":"https:\/\/wp.me\/P5qeSl-Fd7","_links":{"self":[{"href":"https:\/\/fabyreilly.com\/fr\/wp-json\/wp\/v2\/pages\/158417","targetHints":{"allow":["GET"]}}],"collection":[{"href":"https:\/\/fabyreilly.com\/fr\/wp-json\/wp\/v2\/pages"}],"about":[{"href":"https:\/\/fabyreilly.com\/fr\/wp-json\/wp\/v2\/types\/page"}],"author":[{"embeddable":true,"href":"https:\/\/fabyreilly.com\/fr\/wp-json\/wp\/v2\/users\/76380979"}],"replies":[{"embeddable":true,"href":"https:\/\/fabyreilly.com\/fr\/wp-json\/wp\/v2\/comments?post=158417"}],"version-history":[{"count":15,"href":"https:\/\/fabyreilly.com\/fr\/wp-json\/wp\/v2\/pages\/158417\/revisions"}],"predecessor-version":[{"id":168883,"href":"https:\/\/fabyreilly.com\/fr\/wp-json\/wp\/v2\/pages\/158417\/revisions\/168883"}],"wp:attachment":[{"href":"https:\/\/fabyreilly.com\/fr\/wp-json\/wp\/v2\/media?parent=158417"}],"curies":[{"name":"wp","href":"https:\/\/api.w.org\/{rel}","templated":true}]}}