{"id":158027,"date":"2018-09-24T21:34:27","date_gmt":"2018-09-24T19:34:27","guid":{"rendered":"https:\/\/fabyreilly.com\/politique-de-confidentialite\/"},"modified":"2021-04-21T21:34:13","modified_gmt":"2021-04-21T20:34:13","slug":"politique-de-confidentialite","status":"publish","type":"page","link":"https:\/\/fabyreilly.com\/fr\/politique-de-confidentialite\/","title":{"rendered":"Politique de Confidentialit\u00e9"},"content":{"rendered":"<p>Cette politique de confidentialit\u00e9 d\u00e9crit comment et quand je recueille, utilise et partage des informations lorsque vous achetez un article chez moi, contactez-moi ou utilisez mes services.<\/p>\n<p>Cette politique de confidentialit\u00e9 ne s\u2019applique pas aux pratiques de tiers que je ne poss\u00e8de ni ne contr\u00f4le.<\/p>\n<p>Informations que je recueille<\/p>\n<p>Pour remplir votre commande, vous devez me fournir certaines informations (que vous avez autoris\u00e9es au moment de l\u2019achat), telles que votre nom, adresse e-mail, adresse postale, informations de paiement, et les d\u00e9tails du produit que vous commandez. Vous pouvez \u00e9galement choisir de me fournir des informations personnelles suppl\u00e9mentaires (pour un mod\u00e8le personnalis\u00e9, par exemple), si vous me contactez directement.<\/p>\n<p>Pourquoi j\u2019ai besoin de vos informations et comment je les utilise<\/p>\n<p>Je me fie \u00e0 un certain nombre de bases juridiques pour recueillir, utiliser et partager vos informations, notamment:<br \/>\n&#8211; au besoin pour fournir mes services, par exemple lorsque j\u2019utilise vos informations pour remplir votre commande, r\u00e9gler des diff\u00e9rends ou fournir un soutien \u00e0 la client\u00e8le;<br \/>\n&#8211; lorsque vous avez donn\u00e9 votre consentement affirmatif, que vous pouvez r\u00e9voquer \u00e0 tout moment, par exemple en vous inscrivant \u00e0 ma liste de diffusion;<br \/>\n&#8211; si n\u00e9cessaire pour se conformer \u00e0 une obligation l\u00e9gale ou \u00e0 une ordonnance du tribunal ou dans le cadre d\u2019une r\u00e9clamation l\u00e9gale, comme la conservation d\u2019informations sur vos achats si la loi fiscale l\u2019exige; et<br \/>\n&#8211; si n\u00e9cessaire aux fins de mes int\u00e9r\u00eats l\u00e9gitimes, si ces int\u00e9r\u00eats l\u00e9gitimes ne sont pas remplac\u00e9s par vos droits ou int\u00e9r\u00eats, tels que la fourniture et l\u2019am\u00e9lioration de mes services. J\u2019utilise vos informations pour fournir les services que vous avez demand\u00e9s et dans mon int\u00e9r\u00eat l\u00e9gitime pour am\u00e9liorer mes services.<\/p>\n<p>Partage et divulgation de l\u2019information<\/p>\n<p>Les informations sur mes clients sont importantes pour mon entreprise. Je partage vos renseignements personnels pour des raisons tr\u00e8s limit\u00e9es et dans des circonstances limit\u00e9es, comme suit:<br \/>\n&#8211; Fournisseurs de services. J\u2019engage certains tiers de confiance pour remplir des fonctions et fournir des services \u00e0 ma boutique, comme les entreprises de livraison. Je vais partager vos renseignements personnels avec ces tiers, mais seulement dans la mesure n\u00e9cessaire pour ex\u00e9cuter ces services.<br \/>\n&#8211; Transferts d\u2019entreprises. Si je vends ou fusionne mon entreprise, je ne peux divulguer vos renseignements dans le cadre de cette transaction, que dans la mesure permise par la loi.<br \/>\n&#8211; Le respect des lois. Je peux recueillir, utiliser, conserver et partager vos renseignements si je crois de bonne foi qu\u2019il est raisonnablement n\u00e9cessaire de : a) r\u00e9pondre aux proc\u00e9dures judiciaires ou aux demandes du gouvernement; b) faire respecter mes accords, mes modalit\u00e9s et mes politiques; c) pr\u00e9venir, enqu\u00eater et s\u2019attaquer \u00e0 la fraude et \u00e0 d\u2019autres activit\u00e9s ill\u00e9gales, \u00e0 la s\u00e9curit\u00e9 ou \u00e0 des probl\u00e8mes techniques; ou d) prot\u00e9ger les droits, les biens et la s\u00e9curit\u00e9 de mes clients ou d\u2019autres personnes.<\/p>\n<p>Conservation des donn\u00e9es<\/p>\n<p>Je ne conserve vos renseignements personnels que le plus longtemps possible pour vous fournir mes services et comme je l\u2019ai d\u00e9crit dans ma politique de confidentialit\u00e9. Toutefois, je pourrais \u00e9galement \u00eatre tenu de conserver ces renseignements pour me conformer \u00e0 mes obligations l\u00e9gales et r\u00e9glementaires, pour r\u00e9gler les diff\u00e9rends et pour faire respecter mes ententes. Je garde g\u00e9n\u00e9ralement vos donn\u00e9es pour la p\u00e9riode suivante: 6 ans.<\/p>\n<p>Transferts de renseignements personnels en dehors de l\u2019UE<\/p>\n<p>Je peux stocker et traiter vos informations par le biais de services d\u2019h\u00e9bergement tiers aux \u00c9tats-Unis et dans d\u2019autres juridictions. Par cons\u00e9quent, je peux transf\u00e9rer vos renseignements personnels \u00e0 une administration qui a des lois diff\u00e9rentes sur la protection des donn\u00e9es et la surveillance gouvernementale que votre juridiction. Si je suis r\u00e9put\u00e9 transf\u00e9rer des informations vous concernant en dehors de l\u2019UE, je m\u2019appuie sur Privacy Shield comme base juridique pour le transfert, car HubSpot et Dropbox sont certifi\u00e9s Privacy Shield.<\/p>\n<p>Vos droits<\/p>\n<p>Si vous r\u00e9sidez dans certains territoires, y compris l\u2019UE, vous avez un certain nombre de droits en ce qui concerne vos renseignements personnels. Bien que certains de ces droits s\u2019appliquent g\u00e9n\u00e9ralement, certains droits ne s\u2019appliquent que dans certains cas limit\u00e9s. Je d\u00e9cris ces droits ci-dessous :<br \/>\n&#8211; Acc\u00e8s. Vous avez peut-\u00eatre le droit d\u2019acc\u00e9der et de recevoir une copie des renseignements personnels que je d\u00e9tenez \u00e0 votre sujet en me contactant \u00e0 l\u2019aide des coordonn\u00e9es ci-dessous.<br \/>\n&#8211; Modifier, restreindre, supprimer. Vous pouvez \u00e9galement avoir le droit de modifier, de restreindre mon utilisation ou de supprimer vos renseignements personnels. En l\u2019absence de circonstances exceptionnelles (comme lorsque je suis tenu de stocker des donn\u00e9es pour des raisons juridiques), je vais g\u00e9n\u00e9ralement supprimer vos renseignements personnels sur demande.<br \/>\n&#8211; Objet. Vous pouvez vous opposer \u00e0 (i) mon traitement de certaines de vos informations en fonction de mes int\u00e9r\u00eats l\u00e9gitimes et (ii) recevoir des messages marketing de ma part apr\u00e8s avoir fourni votre consentement expr\u00e8s pour les recevoir. Dans de tels cas, je supprimerais vos renseignements personnels \u00e0 moins d\u2019avoir des motifs imp\u00e9rieux et l\u00e9gitimes de continuer \u00e0 utiliser ces renseignements ou s\u2019ils sont n\u00e9cessaires pour des raisons juridiques.<br \/>\n&#8211; Se plaindre. Si vous r\u00e9sidez dans l\u2019UE et souhaitez soulever des pr\u00e9occupations au sujet de mon utilisation de vos informations (et sans pr\u00e9judice \u00e0 d\u2019autres droits que vous pourriez avoir), vous avez le droit de le faire avec votre autorit\u00e9 locale de protection des donn\u00e9es.<\/p>\n<p>Comment me contacter<\/p>\n<p>Aux fins de la l\u00e9gislation de l\u2019UE sur la protection des donn\u00e9es, moi, Faby Reilly, je suis le contr\u00f4leur des donn\u00e9es de vos informations personnelles. Si vous avez des questions ou des pr\u00e9occupations, vous pouvez me contacter \u00e0 contact@fabyreilly.com. Alternativement, vous pouvez m\u2019envoyer un mail \u00e0: Faby Reilly, 160 Chorley New Road, Bolton BL1 4PE<\/p>\n","protected":false},"excerpt":{"rendered":"<p>Cette politique de confidentialit\u00e9 d\u00e9crit comment et quand je recueille, utilise et partage des informations lorsque vous achetez un article chez moi, contactez-moi ou utilisez mes services. Cette politique de confidentialit\u00e9 ne s\u2019applique pas aux pratiques de tiers que je ne poss\u00e8de ni ne contr\u00f4le. Informations que je recueille Pour remplir votre commande, vous devez [&hellip;]<\/p>\n","protected":false},"author":76380979,"featured_media":0,"parent":0,"menu_order":230,"comment_status":"closed","ping_status":"closed","template":"","meta":{"_coblocks_attr":"","_coblocks_dimensions":"","_coblocks_responsive_height":"","_coblocks_accordion_ie_support":"","_crdt_document":"","jetpack_post_was_ever_published":false,"footnotes":"","big_sky_generated":false},"class_list":["post-158027","page","type-page","status-publish","hentry"],"yoast_head":"<!-- This site is optimized with the Yoast SEO plugin v27.3 - https:\/\/yoast.com\/product\/yoast-seo-wordpress\/ -->\n<title>Politique de Confidentialit\u00e9 - Faby Reilly Designs<\/title>\n<meta name=\"robots\" content=\"index, follow, max-snippet:-1, max-image-preview:large, max-video-preview:-1\" \/>\n<link rel=\"canonical\" href=\"https:\/\/fabyreilly.com\/fr\/politique-de-confidentialite\/\" \/>\n<meta property=\"og:locale\" content=\"fr_FR\" \/>\n<meta property=\"og:type\" content=\"article\" \/>\n<meta property=\"og:title\" content=\"Politique de Confidentialit\u00e9 - Faby Reilly Designs\" \/>\n<meta property=\"og:description\" content=\"Cette politique de confidentialit\u00e9 d\u00e9crit comment et quand je recueille, utilise et partage des informations lorsque vous achetez un article chez moi, contactez-moi ou utilisez mes services. Cette politique de confidentialit\u00e9 ne s\u2019applique pas aux pratiques de tiers que je ne poss\u00e8de ni ne contr\u00f4le. Informations que je recueille Pour remplir votre commande, vous devez [&hellip;]\" \/>\n<meta property=\"og:url\" content=\"https:\/\/fabyreilly.com\/fr\/politique-de-confidentialite\/\" \/>\n<meta property=\"og:site_name\" content=\"Faby Reilly Designs\" \/>\n<meta property=\"article:publisher\" content=\"https:\/\/www.facebook.com\/FabyReillyDesigns\/\" \/>\n<meta property=\"article:modified_time\" content=\"2021-04-21T20:34:13+00:00\" \/>\n<meta property=\"og:image\" content=\"https:\/\/i0.wp.com\/fabyreilly.com\/wp-content\/uploads\/2020\/05\/privacy-policy-Header-Faby-Reilly-Designs.png?fit=1200%2C675&ssl=1\" \/>\n\t<meta property=\"og:image:width\" content=\"1200\" \/>\n\t<meta property=\"og:image:height\" content=\"675\" \/>\n\t<meta property=\"og:image:type\" content=\"image\/png\" \/>\n<meta name=\"twitter:card\" content=\"summary_large_image\" \/>\n<meta name=\"twitter:site\" content=\"@FabyReilly\" \/>\n<meta name=\"twitter:label1\" content=\"Dur\u00e9e de lecture estim\u00e9e\" \/>\n\t<meta name=\"twitter:data1\" content=\"5 minutes\" \/>\n<script type=\"application\/ld+json\" class=\"yoast-schema-graph\">{\"@context\":\"https:\\\/\\\/schema.org\",\"@graph\":[{\"@type\":\"WebPage\",\"@id\":\"https:\\\/\\\/fabyreilly.com\\\/fr\\\/politique-de-confidentialite\\\/\",\"url\":\"https:\\\/\\\/fabyreilly.com\\\/fr\\\/politique-de-confidentialite\\\/\",\"name\":\"Politique de Confidentialit\u00e9 - Faby Reilly Designs\",\"isPartOf\":{\"@id\":\"https:\\\/\\\/fabyreilly.com\\\/fr\\\/#website\"},\"datePublished\":\"2018-09-24T19:34:27+00:00\",\"dateModified\":\"2021-04-21T20:34:13+00:00\",\"breadcrumb\":{\"@id\":\"https:\\\/\\\/fabyreilly.com\\\/fr\\\/politique-de-confidentialite\\\/#breadcrumb\"},\"inLanguage\":\"fr-FR\",\"potentialAction\":[{\"@type\":\"ReadAction\",\"target\":[\"https:\\\/\\\/fabyreilly.com\\\/fr\\\/politique-de-confidentialite\\\/\"]}]},{\"@type\":\"BreadcrumbList\",\"@id\":\"https:\\\/\\\/fabyreilly.com\\\/fr\\\/politique-de-confidentialite\\\/#breadcrumb\",\"itemListElement\":[{\"@type\":\"ListItem\",\"position\":1,\"name\":\"Accueil\",\"item\":\"https:\\\/\\\/fabyreilly.com\\\/fr\\\/\"},{\"@type\":\"ListItem\",\"position\":2,\"name\":\"Politique de Confidentialit\u00e9\"}]},{\"@type\":\"WebSite\",\"@id\":\"https:\\\/\\\/fabyreilly.com\\\/fr\\\/#website\",\"url\":\"https:\\\/\\\/fabyreilly.com\\\/fr\\\/\",\"name\":\"Faby Reilly Designs\",\"description\":\"Brodez avec style et \u00e9l\u00e9gance\",\"publisher\":{\"@id\":\"https:\\\/\\\/fabyreilly.com\\\/fr\\\/#organization\"},\"alternateName\":\"FRD\",\"potentialAction\":[{\"@type\":\"SearchAction\",\"target\":{\"@type\":\"EntryPoint\",\"urlTemplate\":\"https:\\\/\\\/fabyreilly.com\\\/fr\\\/?s={search_term_string}\"},\"query-input\":{\"@type\":\"PropertyValueSpecification\",\"valueRequired\":true,\"valueName\":\"search_term_string\"}}],\"inLanguage\":\"fr-FR\"},{\"@type\":\"Organization\",\"@id\":\"https:\\\/\\\/fabyreilly.com\\\/fr\\\/#organization\",\"name\":\"Faby Reilly Designs\",\"alternateName\":\"FRD\",\"url\":\"https:\\\/\\\/fabyreilly.com\\\/fr\\\/\",\"logo\":{\"@type\":\"ImageObject\",\"inLanguage\":\"fr-FR\",\"@id\":\"https:\\\/\\\/fabyreilly.com\\\/fr\\\/#\\\/schema\\\/logo\\\/image\\\/\",\"url\":\"https:\\\/\\\/i0.wp.com\\\/fabyreilly.com\\\/wp-content\\\/uploads\\\/2026\\\/04\\\/FRD-Tag-Logo.png?fit=600%2C250&ssl=1\",\"contentUrl\":\"https:\\\/\\\/i0.wp.com\\\/fabyreilly.com\\\/wp-content\\\/uploads\\\/2026\\\/04\\\/FRD-Tag-Logo.png?fit=600%2C250&ssl=1\",\"width\":600,\"height\":250,\"caption\":\"Faby Reilly Designs\"},\"image\":{\"@id\":\"https:\\\/\\\/fabyreilly.com\\\/fr\\\/#\\\/schema\\\/logo\\\/image\\\/\"},\"sameAs\":[\"https:\\\/\\\/www.facebook.com\\\/FabyReillyDesigns\\\/\",\"https:\\\/\\\/x.com\\\/FabyReilly\",\"https:\\\/\\\/www.instagram.com\\\/fabyreillydesigns\\\/\",\"https:\\\/\\\/www.pinterest.fr\\\/fabyreilly\\\/\"]}]}<\/script>\n<!-- \/ Yoast SEO plugin. -->","yoast_head_json":{"title":"Politique de Confidentialit\u00e9 - Faby Reilly Designs","robots":{"index":"index","follow":"follow","max-snippet":"max-snippet:-1","max-image-preview":"max-image-preview:large","max-video-preview":"max-video-preview:-1"},"canonical":"https:\/\/fabyreilly.com\/fr\/politique-de-confidentialite\/","og_locale":"fr_FR","og_type":"article","og_title":"Politique de Confidentialit\u00e9 - Faby Reilly Designs","og_description":"Cette politique de confidentialit\u00e9 d\u00e9crit comment et quand je recueille, utilise et partage des informations lorsque vous achetez un article chez moi, contactez-moi ou utilisez mes services. Cette politique de confidentialit\u00e9 ne s\u2019applique pas aux pratiques de tiers que je ne poss\u00e8de ni ne contr\u00f4le. Informations que je recueille Pour remplir votre commande, vous devez [&hellip;]","og_url":"https:\/\/fabyreilly.com\/fr\/politique-de-confidentialite\/","og_site_name":"Faby Reilly Designs","article_publisher":"https:\/\/www.facebook.com\/FabyReillyDesigns\/","article_modified_time":"2021-04-21T20:34:13+00:00","og_image":[{"width":1200,"height":675,"url":"https:\/\/i0.wp.com\/fabyreilly.com\/wp-content\/uploads\/2020\/05\/privacy-policy-Header-Faby-Reilly-Designs.png?fit=1200%2C675&ssl=1","type":"image\/png"}],"twitter_card":"summary_large_image","twitter_site":"@FabyReilly","twitter_misc":{"Dur\u00e9e de lecture estim\u00e9e":"5 minutes"},"schema":{"@context":"https:\/\/schema.org","@graph":[{"@type":"WebPage","@id":"https:\/\/fabyreilly.com\/fr\/politique-de-confidentialite\/","url":"https:\/\/fabyreilly.com\/fr\/politique-de-confidentialite\/","name":"Politique de Confidentialit\u00e9 - Faby Reilly Designs","isPartOf":{"@id":"https:\/\/fabyreilly.com\/fr\/#website"},"datePublished":"2018-09-24T19:34:27+00:00","dateModified":"2021-04-21T20:34:13+00:00","breadcrumb":{"@id":"https:\/\/fabyreilly.com\/fr\/politique-de-confidentialite\/#breadcrumb"},"inLanguage":"fr-FR","potentialAction":[{"@type":"ReadAction","target":["https:\/\/fabyreilly.com\/fr\/politique-de-confidentialite\/"]}]},{"@type":"BreadcrumbList","@id":"https:\/\/fabyreilly.com\/fr\/politique-de-confidentialite\/#breadcrumb","itemListElement":[{"@type":"ListItem","position":1,"name":"Accueil","item":"https:\/\/fabyreilly.com\/fr\/"},{"@type":"ListItem","position":2,"name":"Politique de Confidentialit\u00e9"}]},{"@type":"WebSite","@id":"https:\/\/fabyreilly.com\/fr\/#website","url":"https:\/\/fabyreilly.com\/fr\/","name":"Faby Reilly Designs","description":"Brodez avec style et \u00e9l\u00e9gance","publisher":{"@id":"https:\/\/fabyreilly.com\/fr\/#organization"},"alternateName":"FRD","potentialAction":[{"@type":"SearchAction","target":{"@type":"EntryPoint","urlTemplate":"https:\/\/fabyreilly.com\/fr\/?s={search_term_string}"},"query-input":{"@type":"PropertyValueSpecification","valueRequired":true,"valueName":"search_term_string"}}],"inLanguage":"fr-FR"},{"@type":"Organization","@id":"https:\/\/fabyreilly.com\/fr\/#organization","name":"Faby Reilly Designs","alternateName":"FRD","url":"https:\/\/fabyreilly.com\/fr\/","logo":{"@type":"ImageObject","inLanguage":"fr-FR","@id":"https:\/\/fabyreilly.com\/fr\/#\/schema\/logo\/image\/","url":"https:\/\/i0.wp.com\/fabyreilly.com\/wp-content\/uploads\/2026\/04\/FRD-Tag-Logo.png?fit=600%2C250&ssl=1","contentUrl":"https:\/\/i0.wp.com\/fabyreilly.com\/wp-content\/uploads\/2026\/04\/FRD-Tag-Logo.png?fit=600%2C250&ssl=1","width":600,"height":250,"caption":"Faby Reilly Designs"},"image":{"@id":"https:\/\/fabyreilly.com\/fr\/#\/schema\/logo\/image\/"},"sameAs":["https:\/\/www.facebook.com\/FabyReillyDesigns\/","https:\/\/x.com\/FabyReilly","https:\/\/www.instagram.com\/fabyreillydesigns\/","https:\/\/www.pinterest.fr\/fabyreilly\/"]}]}},"jetpack_likes_enabled":true,"jetpack_sharing_enabled":true,"jetpack_shortlink":"https:\/\/wp.me\/P5qeSl-F6P","_links":{"self":[{"href":"https:\/\/fabyreilly.com\/fr\/wp-json\/wp\/v2\/pages\/158027","targetHints":{"allow":["GET"]}}],"collection":[{"href":"https:\/\/fabyreilly.com\/fr\/wp-json\/wp\/v2\/pages"}],"about":[{"href":"https:\/\/fabyreilly.com\/fr\/wp-json\/wp\/v2\/types\/page"}],"author":[{"embeddable":true,"href":"https:\/\/fabyreilly.com\/fr\/wp-json\/wp\/v2\/users\/76380979"}],"replies":[{"embeddable":true,"href":"https:\/\/fabyreilly.com\/fr\/wp-json\/wp\/v2\/comments?post=158027"}],"version-history":[{"count":1,"href":"https:\/\/fabyreilly.com\/fr\/wp-json\/wp\/v2\/pages\/158027\/revisions"}],"predecessor-version":[{"id":158028,"href":"https:\/\/fabyreilly.com\/fr\/wp-json\/wp\/v2\/pages\/158027\/revisions\/158028"}],"wp:attachment":[{"href":"https:\/\/fabyreilly.com\/fr\/wp-json\/wp\/v2\/media?parent=158027"}],"curies":[{"name":"wp","href":"https:\/\/api.w.org\/{rel}","templated":true}]}}