{"id":157927,"date":"2014-12-12T15:51:50","date_gmt":"2014-12-12T14:51:50","guid":{"rendered":"https:\/\/fabyreilly.com\/termes-et-conditions\/"},"modified":"2024-07-22T16:58:39","modified_gmt":"2024-07-22T14:58:39","slug":"termes-et-conditions","status":"publish","type":"page","link":"https:\/\/fabyreilly.com\/fr\/termes-et-conditions\/","title":{"rendered":"Termes et Conditions"},"content":{"rendered":"<p><strong>Note concernant les t\u00e9l\u00e9chargements num\u00e9riques<\/strong>: en raison de leur nature*, les articles de ce type <span style=\"color: #ff0000;\"><strong>ne sont pas remboursable<\/strong><\/span>. Cela dit, si vous avez le moindre probl\u00e8me avec votre commande, n&#8217;h\u00e9sitez pas \u00e0 me contacter pour r\u00e9soudre cela.<\/p>\n<p>(*ils ne peuvent pas \u00eatre renvoy\u00e9s non-ouverts, avec l&#8217;assurance qu&#8217;aucune copie n&#8217;a \u00e9t\u00e9 conserv\u00e9e)<\/p>\n<hr>\n<p>L\u2019utilisation de ce mod\u00e8le est strictement limit\u00e9e \u00e0 votre <strong>usage personnel<\/strong>. Toute copie (<strong>m\u00eame \u00e0 titre gratuit<\/strong>) sans mon autorisation expresse est strictement interdite et susceptible de poursuites judiciaires.<\/p>\n<p><strong><span style=\"color: #008000;\"><span style=\"text-decoration: underline;\">Vous pouvez<\/span>:<\/span><\/strong><\/p>\n<ul>\n<li>Imprimer des copies des mod\u00e8les achet\u00e9es pour un <strong>usage personnel<\/strong>.<\/li>\n<li>Broder vous-m\u00eame ce mod\u00e8le autant de fois que vous le souhaitez, tant que ces r\u00e9alisations ne sont pas destin\u00e9es \u00e0 la vente.<\/li>\n<li>Publier des photos de vos r\u00e9alisations sur votre blog ou les r\u00e9seaux sociaux, sans oublier de citer les r\u00e9f\u00e9rences du mod\u00e8le (nom &amp; cr\u00e9ateur).<\/li>\n<\/ul>\n<p><strong><span style=\"color: #ff0000;\"><span style=\"text-decoration: underline;\">Vous ne pouvez pas<\/span>:<\/span><\/strong><\/p>\n<ul>\n<li>Modifier mes mod\u00e8les en vue de vous en approprier les droits.<\/li>\n<li>Imprimer ou reproduire mes mod\u00e8les dans un but de redistribution gratuite ou payante.<\/li>\n<li>Publier les photos de mes mod\u00e8les sans en citer la source.<\/li>\n<li>Envoyer des copies de mes mod\u00e8les par email.<\/li>\n<li>T\u00e9l\u00e9charger mes mod\u00e8les sur un site internet, quel qu\u2019il soit.<\/li>\n<li>Produire des kits \u00e0 partir de mes mod\u00e8les sans mon accord pr\u00e9alable.<\/li>\n<\/ul>\n<p>En cas de doute, si vous souhaitez me demander une autorisation particuli\u00e8re ou si vous remarquez une quelconque infraction aux droits d\u2019auteur sur mes mod\u00e8les, n\u2019h\u00e9sitez pas \u00e0 me <a title=\"Contact\" href=\"http:\/\/fabyreilly.com\/home\/contact\/\" target=\"_blank\" rel=\"noopener noreferrer\">contacter<\/a>.<\/p>\n<p>Merci pour votre aide &amp; votre compr\u00e9hension.<\/p>\n<p>Si vous souhaitez laisser un avis apr\u00e8s votre achat, vous pouvez le faire \u00e0 tout moment en cliquant sur l&#8217;onglet Avis sur la page produit du ou des mod\u00e8les que vous avez achet\u00e9s. Pour vous faciliter les choses, vous pouvez choisir de recevoir un rappel de soumettre un avis quelques jours apr\u00e8s votre achat. Pour ce faire, veillez \u00e0 cocher la case de rappel \u00e0 la page de paiement, avant de valider votre panier \ud83d\ude0a <\/p>\n<p>Bonne broderie!<\/p>\n\n<figure class=\"wp-block-image size-large is-resized\"><img data-recalc-dims=\"1\" loading=\"lazy\" decoding=\"async\" src=\"https:\/\/i0.wp.com\/fabyreilly.com\/wp-content\/uploads\/2019\/03\/Faby.jpg?resize=81%2C40&#038;ssl=1\" alt=\"Faby xx\" class=\"wp-image-134658\" style=\"width:81px;height:40px\" width=\"81\" height=\"40\" srcset=\"https:\/\/i0.wp.com\/fabyreilly.com\/wp-content\/uploads\/2019\/03\/Faby.jpg?w=322&amp;ssl=1 322w, https:\/\/i0.wp.com\/fabyreilly.com\/wp-content\/uploads\/2019\/03\/Faby.jpg?resize=150%2C75&amp;ssl=1 150w\" sizes=\"auto, (max-width: 81px) 100vw, 81px\" \/><\/figure>\n","protected":false},"excerpt":{"rendered":"<p>Note concernant les t\u00e9l\u00e9chargements num\u00e9riques: en raison de leur nature*, les articles de ce type ne sont pas remboursable. Cela dit, si vous avez le moindre probl\u00e8me avec votre commande, n&#8217;h\u00e9sitez pas \u00e0 me contacter pour r\u00e9soudre cela. (*ils ne peuvent pas \u00eatre renvoy\u00e9s non-ouverts, avec l&#8217;assurance qu&#8217;aucune copie n&#8217;a \u00e9t\u00e9 conserv\u00e9e) L\u2019utilisation de ce [&hellip;]<\/p>\n","protected":false},"author":76380979,"featured_media":0,"parent":0,"menu_order":220,"comment_status":"closed","ping_status":"closed","template":"","meta":{"_coblocks_attr":"","_coblocks_dimensions":"","_coblocks_responsive_height":"","_coblocks_accordion_ie_support":"","_crdt_document":"","jetpack_post_was_ever_published":false,"footnotes":"","big_sky_generated":false},"class_list":["post-157927","page","type-page","status-publish","hentry"],"yoast_head":"<!-- This site is optimized with the Yoast SEO plugin v27.3 - https:\/\/yoast.com\/product\/yoast-seo-wordpress\/ -->\n<title>Termes et Conditions - Faby Reilly Designs<\/title>\n<meta name=\"robots\" content=\"index, follow, max-snippet:-1, max-image-preview:large, max-video-preview:-1\" \/>\n<link rel=\"canonical\" href=\"https:\/\/fabyreilly.com\/fr\/termes-et-conditions\/\" \/>\n<meta property=\"og:locale\" content=\"fr_FR\" \/>\n<meta property=\"og:type\" content=\"article\" \/>\n<meta property=\"og:title\" content=\"Termes et Conditions - Faby Reilly Designs\" \/>\n<meta property=\"og:description\" content=\"Note concernant les t\u00e9l\u00e9chargements num\u00e9riques: en raison de leur nature*, les articles de ce type ne sont pas remboursable. Cela dit, si vous avez le moindre probl\u00e8me avec votre commande, n&#8217;h\u00e9sitez pas \u00e0 me contacter pour r\u00e9soudre cela. (*ils ne peuvent pas \u00eatre renvoy\u00e9s non-ouverts, avec l&#8217;assurance qu&#8217;aucune copie n&#8217;a \u00e9t\u00e9 conserv\u00e9e) L\u2019utilisation de ce [&hellip;]\" \/>\n<meta property=\"og:url\" content=\"https:\/\/fabyreilly.com\/fr\/termes-et-conditions\/\" \/>\n<meta property=\"og:site_name\" content=\"Faby Reilly Designs\" \/>\n<meta property=\"article:publisher\" content=\"https:\/\/www.facebook.com\/FabyReillyDesigns\/\" \/>\n<meta property=\"article:modified_time\" content=\"2024-07-22T14:58:39+00:00\" \/>\n<meta property=\"og:image\" content=\"https:\/\/i0.wp.com\/fabyreilly.com\/wp-content\/uploads\/2020\/05\/terms-and-conditions-Header-Faby-Reilly-Designs-min.png?fit=1200%2C675&ssl=1\" \/>\n\t<meta property=\"og:image:width\" content=\"1200\" \/>\n\t<meta property=\"og:image:height\" content=\"675\" \/>\n\t<meta property=\"og:image:type\" content=\"image\/png\" \/>\n<meta name=\"twitter:card\" content=\"summary_large_image\" \/>\n<meta name=\"twitter:site\" content=\"@FabyReilly\" \/>\n<meta name=\"twitter:label1\" content=\"Dur\u00e9e de lecture estim\u00e9e\" \/>\n\t<meta name=\"twitter:data1\" content=\"2 minutes\" \/>\n<script type=\"application\/ld+json\" class=\"yoast-schema-graph\">{\"@context\":\"https:\\\/\\\/schema.org\",\"@graph\":[{\"@type\":\"WebPage\",\"@id\":\"https:\\\/\\\/fabyreilly.com\\\/fr\\\/termes-et-conditions\\\/\",\"url\":\"https:\\\/\\\/fabyreilly.com\\\/fr\\\/termes-et-conditions\\\/\",\"name\":\"Termes et Conditions - Faby Reilly Designs\",\"isPartOf\":{\"@id\":\"https:\\\/\\\/fabyreilly.com\\\/fr\\\/#website\"},\"primaryImageOfPage\":{\"@id\":\"https:\\\/\\\/fabyreilly.com\\\/fr\\\/termes-et-conditions\\\/#primaryimage\"},\"image\":{\"@id\":\"https:\\\/\\\/fabyreilly.com\\\/fr\\\/termes-et-conditions\\\/#primaryimage\"},\"thumbnailUrl\":\"https:\\\/\\\/fabyreilly.com\\\/wp-content\\\/uploads\\\/2019\\\/03\\\/Faby.jpg\",\"datePublished\":\"2014-12-12T14:51:50+00:00\",\"dateModified\":\"2024-07-22T14:58:39+00:00\",\"breadcrumb\":{\"@id\":\"https:\\\/\\\/fabyreilly.com\\\/fr\\\/termes-et-conditions\\\/#breadcrumb\"},\"inLanguage\":\"fr-FR\",\"potentialAction\":[{\"@type\":\"ReadAction\",\"target\":[\"https:\\\/\\\/fabyreilly.com\\\/fr\\\/termes-et-conditions\\\/\"]}]},{\"@type\":\"ImageObject\",\"inLanguage\":\"fr-FR\",\"@id\":\"https:\\\/\\\/fabyreilly.com\\\/fr\\\/termes-et-conditions\\\/#primaryimage\",\"url\":\"https:\\\/\\\/fabyreilly.com\\\/wp-content\\\/uploads\\\/2019\\\/03\\\/Faby.jpg\",\"contentUrl\":\"https:\\\/\\\/fabyreilly.com\\\/wp-content\\\/uploads\\\/2019\\\/03\\\/Faby.jpg\"},{\"@type\":\"BreadcrumbList\",\"@id\":\"https:\\\/\\\/fabyreilly.com\\\/fr\\\/termes-et-conditions\\\/#breadcrumb\",\"itemListElement\":[{\"@type\":\"ListItem\",\"position\":1,\"name\":\"Accueil\",\"item\":\"https:\\\/\\\/fabyreilly.com\\\/fr\\\/\"},{\"@type\":\"ListItem\",\"position\":2,\"name\":\"Termes et Conditions\"}]},{\"@type\":\"WebSite\",\"@id\":\"https:\\\/\\\/fabyreilly.com\\\/fr\\\/#website\",\"url\":\"https:\\\/\\\/fabyreilly.com\\\/fr\\\/\",\"name\":\"Faby Reilly Designs\",\"description\":\"Brodez avec style et \u00e9l\u00e9gance\",\"publisher\":{\"@id\":\"https:\\\/\\\/fabyreilly.com\\\/fr\\\/#organization\"},\"alternateName\":\"FRD\",\"potentialAction\":[{\"@type\":\"SearchAction\",\"target\":{\"@type\":\"EntryPoint\",\"urlTemplate\":\"https:\\\/\\\/fabyreilly.com\\\/fr\\\/?s={search_term_string}\"},\"query-input\":{\"@type\":\"PropertyValueSpecification\",\"valueRequired\":true,\"valueName\":\"search_term_string\"}}],\"inLanguage\":\"fr-FR\"},{\"@type\":\"Organization\",\"@id\":\"https:\\\/\\\/fabyreilly.com\\\/fr\\\/#organization\",\"name\":\"Faby Reilly Designs\",\"alternateName\":\"FRD\",\"url\":\"https:\\\/\\\/fabyreilly.com\\\/fr\\\/\",\"logo\":{\"@type\":\"ImageObject\",\"inLanguage\":\"fr-FR\",\"@id\":\"https:\\\/\\\/fabyreilly.com\\\/fr\\\/#\\\/schema\\\/logo\\\/image\\\/\",\"url\":\"https:\\\/\\\/i0.wp.com\\\/fabyreilly.com\\\/wp-content\\\/uploads\\\/2026\\\/04\\\/FRD-Tag-Logo.png?fit=600%2C250&ssl=1\",\"contentUrl\":\"https:\\\/\\\/i0.wp.com\\\/fabyreilly.com\\\/wp-content\\\/uploads\\\/2026\\\/04\\\/FRD-Tag-Logo.png?fit=600%2C250&ssl=1\",\"width\":600,\"height\":250,\"caption\":\"Faby Reilly Designs\"},\"image\":{\"@id\":\"https:\\\/\\\/fabyreilly.com\\\/fr\\\/#\\\/schema\\\/logo\\\/image\\\/\"},\"sameAs\":[\"https:\\\/\\\/www.facebook.com\\\/FabyReillyDesigns\\\/\",\"https:\\\/\\\/x.com\\\/FabyReilly\",\"https:\\\/\\\/www.instagram.com\\\/fabyreillydesigns\\\/\",\"https:\\\/\\\/www.pinterest.fr\\\/fabyreilly\\\/\"]}]}<\/script>\n<!-- \/ Yoast SEO plugin. -->","yoast_head_json":{"title":"Termes et Conditions - Faby Reilly Designs","robots":{"index":"index","follow":"follow","max-snippet":"max-snippet:-1","max-image-preview":"max-image-preview:large","max-video-preview":"max-video-preview:-1"},"canonical":"https:\/\/fabyreilly.com\/fr\/termes-et-conditions\/","og_locale":"fr_FR","og_type":"article","og_title":"Termes et Conditions - Faby Reilly Designs","og_description":"Note concernant les t\u00e9l\u00e9chargements num\u00e9riques: en raison de leur nature*, les articles de ce type ne sont pas remboursable. Cela dit, si vous avez le moindre probl\u00e8me avec votre commande, n&#8217;h\u00e9sitez pas \u00e0 me contacter pour r\u00e9soudre cela. (*ils ne peuvent pas \u00eatre renvoy\u00e9s non-ouverts, avec l&#8217;assurance qu&#8217;aucune copie n&#8217;a \u00e9t\u00e9 conserv\u00e9e) L\u2019utilisation de ce [&hellip;]","og_url":"https:\/\/fabyreilly.com\/fr\/termes-et-conditions\/","og_site_name":"Faby Reilly Designs","article_publisher":"https:\/\/www.facebook.com\/FabyReillyDesigns\/","article_modified_time":"2024-07-22T14:58:39+00:00","og_image":[{"width":1200,"height":675,"url":"https:\/\/i0.wp.com\/fabyreilly.com\/wp-content\/uploads\/2020\/05\/terms-and-conditions-Header-Faby-Reilly-Designs-min.png?fit=1200%2C675&ssl=1","type":"image\/png"}],"twitter_card":"summary_large_image","twitter_site":"@FabyReilly","twitter_misc":{"Dur\u00e9e de lecture estim\u00e9e":"2 minutes"},"schema":{"@context":"https:\/\/schema.org","@graph":[{"@type":"WebPage","@id":"https:\/\/fabyreilly.com\/fr\/termes-et-conditions\/","url":"https:\/\/fabyreilly.com\/fr\/termes-et-conditions\/","name":"Termes et Conditions - Faby Reilly Designs","isPartOf":{"@id":"https:\/\/fabyreilly.com\/fr\/#website"},"primaryImageOfPage":{"@id":"https:\/\/fabyreilly.com\/fr\/termes-et-conditions\/#primaryimage"},"image":{"@id":"https:\/\/fabyreilly.com\/fr\/termes-et-conditions\/#primaryimage"},"thumbnailUrl":"https:\/\/fabyreilly.com\/wp-content\/uploads\/2019\/03\/Faby.jpg","datePublished":"2014-12-12T14:51:50+00:00","dateModified":"2024-07-22T14:58:39+00:00","breadcrumb":{"@id":"https:\/\/fabyreilly.com\/fr\/termes-et-conditions\/#breadcrumb"},"inLanguage":"fr-FR","potentialAction":[{"@type":"ReadAction","target":["https:\/\/fabyreilly.com\/fr\/termes-et-conditions\/"]}]},{"@type":"ImageObject","inLanguage":"fr-FR","@id":"https:\/\/fabyreilly.com\/fr\/termes-et-conditions\/#primaryimage","url":"https:\/\/fabyreilly.com\/wp-content\/uploads\/2019\/03\/Faby.jpg","contentUrl":"https:\/\/fabyreilly.com\/wp-content\/uploads\/2019\/03\/Faby.jpg"},{"@type":"BreadcrumbList","@id":"https:\/\/fabyreilly.com\/fr\/termes-et-conditions\/#breadcrumb","itemListElement":[{"@type":"ListItem","position":1,"name":"Accueil","item":"https:\/\/fabyreilly.com\/fr\/"},{"@type":"ListItem","position":2,"name":"Termes et Conditions"}]},{"@type":"WebSite","@id":"https:\/\/fabyreilly.com\/fr\/#website","url":"https:\/\/fabyreilly.com\/fr\/","name":"Faby Reilly Designs","description":"Brodez avec style et \u00e9l\u00e9gance","publisher":{"@id":"https:\/\/fabyreilly.com\/fr\/#organization"},"alternateName":"FRD","potentialAction":[{"@type":"SearchAction","target":{"@type":"EntryPoint","urlTemplate":"https:\/\/fabyreilly.com\/fr\/?s={search_term_string}"},"query-input":{"@type":"PropertyValueSpecification","valueRequired":true,"valueName":"search_term_string"}}],"inLanguage":"fr-FR"},{"@type":"Organization","@id":"https:\/\/fabyreilly.com\/fr\/#organization","name":"Faby Reilly Designs","alternateName":"FRD","url":"https:\/\/fabyreilly.com\/fr\/","logo":{"@type":"ImageObject","inLanguage":"fr-FR","@id":"https:\/\/fabyreilly.com\/fr\/#\/schema\/logo\/image\/","url":"https:\/\/i0.wp.com\/fabyreilly.com\/wp-content\/uploads\/2026\/04\/FRD-Tag-Logo.png?fit=600%2C250&ssl=1","contentUrl":"https:\/\/i0.wp.com\/fabyreilly.com\/wp-content\/uploads\/2026\/04\/FRD-Tag-Logo.png?fit=600%2C250&ssl=1","width":600,"height":250,"caption":"Faby Reilly Designs"},"image":{"@id":"https:\/\/fabyreilly.com\/fr\/#\/schema\/logo\/image\/"},"sameAs":["https:\/\/www.facebook.com\/FabyReillyDesigns\/","https:\/\/x.com\/FabyReilly","https:\/\/www.instagram.com\/fabyreillydesigns\/","https:\/\/www.pinterest.fr\/fabyreilly\/"]}]}},"jetpack_likes_enabled":true,"jetpack_sharing_enabled":true,"jetpack_shortlink":"https:\/\/wp.me\/P5qeSl-F5d","_links":{"self":[{"href":"https:\/\/fabyreilly.com\/fr\/wp-json\/wp\/v2\/pages\/157927","targetHints":{"allow":["GET"]}}],"collection":[{"href":"https:\/\/fabyreilly.com\/fr\/wp-json\/wp\/v2\/pages"}],"about":[{"href":"https:\/\/fabyreilly.com\/fr\/wp-json\/wp\/v2\/types\/page"}],"author":[{"embeddable":true,"href":"https:\/\/fabyreilly.com\/fr\/wp-json\/wp\/v2\/users\/76380979"}],"replies":[{"embeddable":true,"href":"https:\/\/fabyreilly.com\/fr\/wp-json\/wp\/v2\/comments?post=157927"}],"version-history":[{"count":28,"href":"https:\/\/fabyreilly.com\/fr\/wp-json\/wp\/v2\/pages\/157927\/revisions"}],"predecessor-version":[{"id":164771,"href":"https:\/\/fabyreilly.com\/fr\/wp-json\/wp\/v2\/pages\/157927\/revisions\/164771"}],"wp:attachment":[{"href":"https:\/\/fabyreilly.com\/fr\/wp-json\/wp\/v2\/media?parent=157927"}],"curies":[{"name":"wp","href":"https:\/\/api.w.org\/{rel}","templated":true}]}}